{"id":384155,"date":"2025-12-11T10:11:33","date_gmt":"2025-12-11T10:11:33","guid":{"rendered":"https:\/\/dev.codekraft.it\/rotary-2024\/products\/uncategorized\/desmontadora-de-neumaticos-hp440q-22g\/"},"modified":"2025-12-11T10:11:33","modified_gmt":"2025-12-11T10:11:33","slug":"desmontadora-de-neumaticos-hp440q-22g","status":"publish","type":"product","link":"https:\/\/dev.codekraft.it\/rotary-2024\/es\/productos\/servicio-de-llantas-es\/desmontadoras-es\/desmontadora-de-neumaticos-hp440q-22g\/","title":{"rendered":"Desmontadora de neum\u00e1ticos HP440Q.22G"},"content":{"rendered":"","protected":false},"excerpt":{"rendered":"<p>\u00d9til de montaje y palanca, autom\u00e1tica, motor el\u00e9ctrico con 2 velocidades (max. 14 r\/min), turismo, di\u00e1metro de llanta 10 &#8211; 24\u2033, ancho m\u00e1ximo de llanta 330 mm | Gris (RAL 7016)<\/p>\n","protected":false},"featured_media":355503,"template":"","meta":[],"product_brand":[],"product_cat":[1033424],"product_tag":[1034169,1035654],"product_approvals":[],"product_application":[],"class_list":{"0":"post-384155","1":"product","2":"type-product","3":"status-publish","4":"has-post-thumbnail","6":"product_cat-desmontadoras-es","7":"product_tag-passenger-cars-es","8":"product_tag-motorbikes-es","10":"first","11":"instock","12":"shipping-taxable","13":"product-type-simple"},"approvals":[],"application":[],"brb_media_brochure":"","brb_media_drawing":"","brb_media_manuals":[{"id":384145,"url":"https:\/\/dev.codekraft.it\/rotary-2024\/wp-content\/uploads\/brb_media\/00536850_tyre-changer-rothp440-ravg5440-spaga1440-im-7300-m060-00_vsg_rev00-de-2023-09.pdf","title":"tyre changer rothp440 ravg5440 spaga1440 im 7300 m060 00 vsg rev00 de 2023 09","mpn":"","thumbnail":"https:\/\/dev.codekraft.it\/rotary-2024\/wp-content\/uploads\/brb_media\/00536850_tyre-changer-rothp440-ravg5440-spaga1440-im-7300-m060-00_vsg_rev00-de-2023-09-pdf-106x150.png","description":""},{"id":384146,"url":"https:\/\/dev.codekraft.it\/rotary-2024\/wp-content\/uploads\/brb_media\/00536851_tyre-changer-rothp440-ravg5440-spaga1440-im-7300-m060-00_vsg_rev00-en-2023-09.pdf","title":"tyre changer rothp440 ravg5440 spaga1440 im 7300 m060 00 vsg rev00 en 2023 09","mpn":"","thumbnail":"https:\/\/dev.codekraft.it\/rotary-2024\/wp-content\/uploads\/brb_media\/00536851_tyre-changer-rothp440-ravg5440-spaga1440-im-7300-m060-00_vsg_rev00-en-2023-09-pdf-106x150.png","description":""},{"id":384147,"url":"https:\/\/dev.codekraft.it\/rotary-2024\/wp-content\/uploads\/brb_media\/00536852_tyre-changer-rothp440-ravg5440-spaga1440-im-7300-m060-00_vsg_rev00-fr-2023-09.pdf","title":"tyre changer rothp440 ravg5440 spaga1440 im 7300 m060 00 vsg rev00 fr 2023 09","mpn":"","thumbnail":"https:\/\/dev.codekraft.it\/rotary-2024\/wp-content\/uploads\/brb_media\/00536852_tyre-changer-rothp440-ravg5440-spaga1440-im-7300-m060-00_vsg_rev00-fr-2023-09-pdf-106x150.png","description":""},{"id":384148,"url":"https:\/\/dev.codekraft.it\/rotary-2024\/wp-content\/uploads\/brb_media\/00536853_tyre-changer-rothp440-ravg5440-spaga1440-im-7300-m060-00_vsg_rev00-it-2023-09.pdf","title":"tyre changer rothp440 ravg5440 spaga1440 im 7300 m060 00 vsg rev00 it 2023 09","mpn":"","thumbnail":"https:\/\/dev.codekraft.it\/rotary-2024\/wp-content\/uploads\/brb_media\/00536853_tyre-changer-rothp440-ravg5440-spaga1440-im-7300-m060-00_vsg_rev00-it-2023-09-pdf-106x150.png","description":""},{"id":384149,"url":"https:\/\/dev.codekraft.it\/rotary-2024\/wp-content\/uploads\/brb_media\/00536854_tyre-changer-rothp440-ravg5440-spaga1440-im-7300-m060-00_vsg_rev00-es-2023-09.pdf","title":"tyre changer rothp440 ravg5440 spaga1440 im 7300 m060 00 vsg rev00 es 2023 09","mpn":"","thumbnail":"https:\/\/dev.codekraft.it\/rotary-2024\/wp-content\/uploads\/brb_media\/00536854_tyre-changer-rothp440-ravg5440-spaga1440-im-7300-m060-00_vsg_rev00-es-2023-09-pdf-106x150.png","description":""},{"id":384150,"url":"https:\/\/dev.codekraft.it\/rotary-2024\/wp-content\/uploads\/brb_media\/00536855_tyre-changer-rothp440-ravg5440-spaga1440-im-7300-m060-00_vsg_rev00-pl-2023-09.pdf","title":"tyre changer rothp440 ravg5440 spaga1440 im 7300 m060 00 vsg rev00 pl 2023 09","mpn":"","thumbnail":"https:\/\/dev.codekraft.it\/rotary-2024\/wp-content\/uploads\/brb_media\/00536855_tyre-changer-rothp440-ravg5440-spaga1440-im-7300-m060-00_vsg_rev00-pl-2023-09-pdf-106x150.png","description":""}],"brb_media_safety_datasheets":"","brb_media_spare_parts":[],"_cdmm_p_id":"502975","_company":"Elektron","_gtin":"5063084201737","accessories":[{"id":381458,"mpn":"G800A11","name":"Protecci\u00f3n de pl\u00e1stico para pala destalonadora","description":"1 pieza","thumbnail":"https:\/\/dev.codekraft.it\/rotary-2024\/wp-content\/uploads\/brb_media\/00506714_g800a11-01-150x150.png","url":"https:\/\/dev.codekraft.it\/rotary-2024\/es\/productos\/accesorios-servicio-de-llantas-es\/accesorios-desmontadoras-es\/proteccion-de-plastico-para-pala-destalonadora\/"},{"id":381997,"mpn":"G800A11K","name":"Protecci\u00f3n de pl\u00e1stico para pala destalonadora","description":"5 piezas","thumbnail":"https:\/\/dev.codekraft.it\/rotary-2024\/wp-content\/uploads\/brb_media\/00506714_g800a11-01-150x150.png","url":"https:\/\/dev.codekraft.it\/rotary-2024\/es\/productos\/accesorios-servicio-de-llantas-es\/accesorios-desmontadoras-es\/proteccion-de-plastico-para-pala-destalonadora-2\/"},{"id":380429,"mpn":"G800A131","name":"Mordazas de sujeci\u00f3n Protecci\u00f3n de pl\u00e1stico","description":"","thumbnail":"https:\/\/dev.codekraft.it\/rotary-2024\/wp-content\/uploads\/brb_media\/00437954_08-g800a5-150x150.jpg","url":"https:\/\/dev.codekraft.it\/rotary-2024\/es\/productos\/accesorios-servicio-de-llantas-es\/accesorios-desmontadoras-es\/mordazas-de-sujecion-proteccion-de-plastico\/"},{"id":383859,"mpn":"G800A98K","name":"Protecci\u00f3n de pl\u00e1stico para mordazas de sujeci\u00f3n 20 &#8211; 22\u2033","description":"Protecciones para llantas de aleaci\u00f3n | 10 juegos \/ 40 piezas","thumbnail":"https:\/\/dev.codekraft.it\/rotary-2024\/wp-content\/uploads\/brb_media\/00539671_tyre-changers-g800a98-mi-150x150.png","url":"https:\/\/dev.codekraft.it\/rotary-2024\/es\/productos\/accesorios-servicio-de-llantas-es\/accesorios-desmontadoras-es\/proteccion-de-plastico-para-mordazas-de-sujecion-20-22%e2%80%b3-2\/"},{"id":380435,"mpn":"G800A132K","name":"Protecci\u00f3n de pl\u00e1stico para cabezal de montaje","description":"Protecciones \u00fatil para llantas de aleaci\u00f3n | 1 juego","thumbnail":"https:\/\/dev.codekraft.it\/rotary-2024\/wp-content\/uploads\/brb_media\/00437955_10-g800a8-150x150.jpg","url":"https:\/\/dev.codekraft.it\/rotary-2024\/es\/productos\/accesorios-servicio-de-llantas-es\/accesorios-desmontadoras-es\/proteccion-de-plastico-para-cabezal-de-montaje\/"},{"id":383308,"mpn":"G1000A13K","name":"Protecciones palanca levanta talones para palanca | 1 juego \/ 50 piezas","description":"","thumbnail":"https:\/\/dev.codekraft.it\/rotary-2024\/wp-content\/uploads\/brb_media\/00506686_g1000a13k-150x150.png","url":"https:\/\/dev.codekraft.it\/rotary-2024\/es\/productos\/accesorios-servicio-de-llantas-es\/accesorios-desmontadoras-es\/protecciones-palanca-levanta-talones-para-palanca-1-juego-50-piezas\/"},{"id":383902,"mpn":"G84A13","name":"Mordaza bloquea tal\u00f3n","description":"","thumbnail":"https:\/\/dev.codekraft.it\/rotary-2024\/wp-content\/uploads\/brb_media\/00506659_g84a13-150x150.png","url":"https:\/\/dev.codekraft.it\/rotary-2024\/es\/productos\/accesorios-servicio-de-llantas-es\/accesorios-desmontadoras-es\/mordaza-bloquea-talon\/"},{"id":383835,"mpn":"G800A114","name":"Extensi\u00f3n para prensor ruedas RFT","description":"","thumbnail":"https:\/\/dev.codekraft.it\/rotary-2024\/wp-content\/uploads\/brb_media\/00506622_g800a114-150x150.png","url":"https:\/\/dev.codekraft.it\/rotary-2024\/es\/productos\/accesorios-servicio-de-llantas-es\/accesorios-desmontadoras-es\/extension-para-prensor-ruedas-rft\/"},{"id":384901,"mpn":"G800A136","name":"Mordazas de sujeci\u00f3n para motocicleta","description":"","thumbnail":"https:\/\/dev.codekraft.it\/rotary-2024\/wp-content\/uploads\/brb_media\/00506658_g84a5-150x150.png","url":"https:\/\/dev.codekraft.it\/rotary-2024\/es\/productos\/accesorios-servicio-de-llantas-es\/accesorios-desmontadoras-es\/mordazas-de-sujecion-para-motocicleta\/"}],"components":[],"related":[],"page_logo_src":"https:\/\/dev.codekraft.it\/rotary-2024\/wp-content\/uploads\/brb_media\/00550486_tyre-changer-karacterevo-di-02.png","lang":"es","translations":{"es":384155,"en":384144,"de":384152,"fr":384153,"it":384154,"ru":384156},"pll_sync_post":[],"_links":{"self":[{"href":"https:\/\/dev.codekraft.it\/rotary-2024\/wp-json\/wp\/v2\/product\/384155","targetHints":{"allow":["GET"]}}],"collection":[{"href":"https:\/\/dev.codekraft.it\/rotary-2024\/wp-json\/wp\/v2\/product"}],"about":[{"href":"https:\/\/dev.codekraft.it\/rotary-2024\/wp-json\/wp\/v2\/types\/product"}],"wp:featuredmedia":[{"embeddable":true,"href":"https:\/\/dev.codekraft.it\/rotary-2024\/wp-json\/wp\/v2\/media\/355503"}],"wp:attachment":[{"href":"https:\/\/dev.codekraft.it\/rotary-2024\/wp-json\/wp\/v2\/media?parent=384155"}],"wp:term":[{"taxonomy":"product_brand","embeddable":true,"href":"https:\/\/dev.codekraft.it\/rotary-2024\/wp-json\/wp\/v2\/product_brand?post=384155"},{"taxonomy":"product_cat","embeddable":true,"href":"https:\/\/dev.codekraft.it\/rotary-2024\/wp-json\/wp\/v2\/product_cat?post=384155"},{"taxonomy":"product_tag","embeddable":true,"href":"https:\/\/dev.codekraft.it\/rotary-2024\/wp-json\/wp\/v2\/product_tag?post=384155"},{"taxonomy":"product_approvals","embeddable":true,"href":"https:\/\/dev.codekraft.it\/rotary-2024\/wp-json\/wp\/v2\/product_approvals?post=384155"},{"taxonomy":"product_application","embeddable":true,"href":"https:\/\/dev.codekraft.it\/rotary-2024\/wp-json\/wp\/v2\/product_application?post=384155"}],"curies":[{"name":"wp","href":"https:\/\/api.w.org\/{rel}","templated":true}]}}