{"id":384153,"date":"2025-12-11T10:10:58","date_gmt":"2025-12-11T10:10:58","guid":{"rendered":"https:\/\/dev.codekraft.it\/rotary-2024\/products\/uncategorized\/demonte-pneu-hp440q-22g\/"},"modified":"2025-12-11T10:10:58","modified_gmt":"2025-12-11T10:10:58","slug":"demonte-pneu-hp440q-22g","status":"publish","type":"product","link":"https:\/\/dev.codekraft.it\/rotary-2024\/fr\/produits\/service-de-pneus-fr\/demonte-pneus-fr\/demonte-pneu-hp440q-22g\/","title":{"rendered":"D\u00e9monte-pneu HP440Q.22G"},"content":{"rendered":"","protected":false},"excerpt":{"rendered":"<p>T\u00eate de montage et levier, automatique, moteur \u00e9lectrique avec 2 vitesses (max. 14 tr\/min), voiture de tourisme, diam\u00e8tre de jante 10 &#8211; 24\u2033, largeur de jante max. 330 mm | Gris (RAL 7016)<\/p>\n","protected":false},"featured_media":355503,"template":"","meta":[],"product_cat":[1033384],"product_tag":[1035648,1034163],"product_approvals":[],"product_application":[],"class_list":{"0":"post-384153","1":"product","2":"type-product","3":"status-publish","4":"has-post-thumbnail","6":"product_cat-demonte-pneus-fr","7":"product_tag-motorbikes-fr","8":"product_tag-passenger-cars-fr","10":"first","11":"instock","12":"shipping-taxable","13":"product-type-simple"},"approvals":[],"application":[],"brb_media_brochure":"","brb_media_drawing":"","brb_media_manuals":[{"id":384145,"url":"https:\/\/dev.codekraft.it\/rotary-2024\/wp-content\/uploads\/brb_media\/00536850_tyre-changer-rothp440-ravg5440-spaga1440-im-7300-m060-00_vsg_rev00-de-2023-09.pdf","title":"tyre changer rothp440 ravg5440 spaga1440 im 7300 m060 00 vsg rev00 de 2023 09","thumbnail":"https:\/\/dev.codekraft.it\/rotary-2024\/wp-content\/uploads\/brb_media\/00536850_tyre-changer-rothp440-ravg5440-spaga1440-im-7300-m060-00_vsg_rev00-de-2023-09-pdf-106x150.png","description":""},{"id":384146,"url":"https:\/\/dev.codekraft.it\/rotary-2024\/wp-content\/uploads\/brb_media\/00536851_tyre-changer-rothp440-ravg5440-spaga1440-im-7300-m060-00_vsg_rev00-en-2023-09.pdf","title":"tyre changer rothp440 ravg5440 spaga1440 im 7300 m060 00 vsg rev00 en 2023 09","thumbnail":"https:\/\/dev.codekraft.it\/rotary-2024\/wp-content\/uploads\/brb_media\/00536851_tyre-changer-rothp440-ravg5440-spaga1440-im-7300-m060-00_vsg_rev00-en-2023-09-pdf-106x150.png","description":""},{"id":384147,"url":"https:\/\/dev.codekraft.it\/rotary-2024\/wp-content\/uploads\/brb_media\/00536852_tyre-changer-rothp440-ravg5440-spaga1440-im-7300-m060-00_vsg_rev00-fr-2023-09.pdf","title":"tyre changer rothp440 ravg5440 spaga1440 im 7300 m060 00 vsg rev00 fr 2023 09","thumbnail":"https:\/\/dev.codekraft.it\/rotary-2024\/wp-content\/uploads\/brb_media\/00536852_tyre-changer-rothp440-ravg5440-spaga1440-im-7300-m060-00_vsg_rev00-fr-2023-09-pdf-106x150.png","description":""},{"id":384148,"url":"https:\/\/dev.codekraft.it\/rotary-2024\/wp-content\/uploads\/brb_media\/00536853_tyre-changer-rothp440-ravg5440-spaga1440-im-7300-m060-00_vsg_rev00-it-2023-09.pdf","title":"tyre changer rothp440 ravg5440 spaga1440 im 7300 m060 00 vsg rev00 it 2023 09","thumbnail":"https:\/\/dev.codekraft.it\/rotary-2024\/wp-content\/uploads\/brb_media\/00536853_tyre-changer-rothp440-ravg5440-spaga1440-im-7300-m060-00_vsg_rev00-it-2023-09-pdf-106x150.png","description":""},{"id":384149,"url":"https:\/\/dev.codekraft.it\/rotary-2024\/wp-content\/uploads\/brb_media\/00536854_tyre-changer-rothp440-ravg5440-spaga1440-im-7300-m060-00_vsg_rev00-es-2023-09.pdf","title":"tyre changer rothp440 ravg5440 spaga1440 im 7300 m060 00 vsg rev00 es 2023 09","thumbnail":"https:\/\/dev.codekraft.it\/rotary-2024\/wp-content\/uploads\/brb_media\/00536854_tyre-changer-rothp440-ravg5440-spaga1440-im-7300-m060-00_vsg_rev00-es-2023-09-pdf-106x150.png","description":""},{"id":384150,"url":"https:\/\/dev.codekraft.it\/rotary-2024\/wp-content\/uploads\/brb_media\/00536855_tyre-changer-rothp440-ravg5440-spaga1440-im-7300-m060-00_vsg_rev00-pl-2023-09.pdf","title":"tyre changer rothp440 ravg5440 spaga1440 im 7300 m060 00 vsg rev00 pl 2023 09","thumbnail":"https:\/\/dev.codekraft.it\/rotary-2024\/wp-content\/uploads\/brb_media\/00536855_tyre-changer-rothp440-ravg5440-spaga1440-im-7300-m060-00_vsg_rev00-pl-2023-09-pdf-106x150.png","description":""}],"brb_media_safety_datasheets":"","brb_media_spare_parts":[],"_cdmm_p_id":"502975","_company":"Elektron","_gtin":"5063084201737","accessories":[{"id":381456,"cdmm_p_id":"497554","name":"Protection plastique pour pelle d\u00e9talonneuse","description":"Protection pelle d\u00e9talonneuse | 1 pi\u00e8ce","thumbnail":"https:\/\/dev.codekraft.it\/rotary-2024\/wp-content\/uploads\/brb_media\/00506714_g800a11-01-150x150.png","url":"https:\/\/dev.codekraft.it\/rotary-2024\/fr\/produits\/accessoires-service-de-pneus-fr\/accessoires-demonte-pneu-fr\/protection-plastique-pour-pelle-detalonneuse\/"},{"id":381995,"cdmm_p_id":"499794","name":"Protection plastique pour pelle d\u00e9talonneuse","description":"Protection pelle d\u00e9talonneuse |  5 pi\u00e8ces","thumbnail":"https:\/\/dev.codekraft.it\/rotary-2024\/wp-content\/uploads\/brb_media\/00506714_g800a11-01-150x150.png","url":"https:\/\/dev.codekraft.it\/rotary-2024\/fr\/produits\/accessoires-service-de-pneus-fr\/accessoires-demonte-pneu-fr\/protection-plastique-pour-pelle-detalonneuse-2\/"},{"id":380427,"cdmm_p_id":"483698","name":"M\u00e2choires de serrage Protection en plastique","description":"","thumbnail":"https:\/\/dev.codekraft.it\/rotary-2024\/wp-content\/uploads\/brb_media\/00437954_08-g800a5-150x150.jpg","url":"https:\/\/dev.codekraft.it\/rotary-2024\/fr\/produits\/accessoires-service-de-pneus-fr\/accessoires-demonte-pneu-fr\/machoires-de-serrage-protection-en-plastique\/"},{"id":383857,"cdmm_p_id":"502318","name":"Protection plastique pour mors de serrage 20 &#8211; 22\u2033","description":"Protections pour jantes en alliage | 10 jeux \/ 40 pi\u00e8ces","thumbnail":"https:\/\/dev.codekraft.it\/rotary-2024\/wp-content\/uploads\/brb_media\/00539671_tyre-changers-g800a98-mi-150x150.png","url":"https:\/\/dev.codekraft.it\/rotary-2024\/fr\/produits\/accessoires-service-de-pneus-fr\/accessoires-demonte-pneu-fr\/protection-plastique-pour-mors-de-serrage-20-22%e2%80%b3-2\/"},{"id":380433,"cdmm_p_id":"483699","name":"Protection plastique pour t\u00eate de montage","description":"Kit de protection t\u00eate pour jantes en alliage | 1 jeu","thumbnail":"https:\/\/dev.codekraft.it\/rotary-2024\/wp-content\/uploads\/brb_media\/00437955_10-g800a8-150x150.jpg","url":"https:\/\/dev.codekraft.it\/rotary-2024\/fr\/produits\/accessoires-service-de-pneus-fr\/accessoires-demonte-pneu-fr\/protection-plastique-pour-tete-de-montage\/"},{"id":383306,"cdmm_p_id":"502060","name":"Protections levier pour t\u00eate de montage | 1 jeu \/ 50 pi\u00e8ces","description":"","thumbnail":"https:\/\/dev.codekraft.it\/rotary-2024\/wp-content\/uploads\/brb_media\/00506686_g1000a13k-150x150.png","url":"https:\/\/dev.codekraft.it\/rotary-2024\/fr\/produits\/accessoires-service-de-pneus-fr\/accessoires-demonte-pneu-fr\/protections-levier-pour-tete-de-montage-1-jeu-50-pieces\/"},{"id":383900,"cdmm_p_id":"502336","name":"Etau bloque-talon","description":"","thumbnail":"https:\/\/dev.codekraft.it\/rotary-2024\/wp-content\/uploads\/brb_media\/00506659_g84a13-150x150.png","url":"https:\/\/dev.codekraft.it\/rotary-2024\/fr\/produits\/accessoires-service-de-pneus-fr\/accessoires-demonte-pneu-fr\/etau-bloque-talon\/"},{"id":383833,"cdmm_p_id":"502314","name":"Rallonge pour pousse-roues RFT","description":"","thumbnail":"https:\/\/dev.codekraft.it\/rotary-2024\/wp-content\/uploads\/brb_media\/00506622_g800a114-150x150.png","url":"https:\/\/dev.codekraft.it\/rotary-2024\/fr\/produits\/accessoires-service-de-pneus-fr\/accessoires-demonte-pneu-fr\/rallonge-pour-pousse-roues-rft\/"},{"id":384899,"cdmm_p_id":"504065","name":"Mors de serrage de moto","description":"","thumbnail":"https:\/\/dev.codekraft.it\/rotary-2024\/wp-content\/uploads\/brb_media\/00506658_g84a5-150x150.png","url":"https:\/\/dev.codekraft.it\/rotary-2024\/fr\/produits\/accessoires-service-de-pneus-fr\/accessoires-demonte-pneu-fr\/mors-de-serrage-de-moto\/"}],"components":[],"related":[],"similar":[{"id":384905,"cdmm_p_id":"504066","name":"D\u00e9monte-pneu HP440.22FIM","description":"T\u00eate de montage et levier, automatique, moteur \u00e9lectrique avec 2 vitesses (max. 14 tr\/min), incl. dispositif de gonflage tubeless, voiture de tourisme, diam\u00e8tre de jante 10 - 24\u2033, largeur de jante max. 330 mm | Gris (RAL 7016)","thumbnail":"https:\/\/dev.codekraft.it\/rotary-2024\/wp-content\/uploads\/brb_media\/00437905_tyre-changer-hp440q-22_7016-mi-150x150.png","url":"https:\/\/dev.codekraft.it\/rotary-2024\/fr\/produits\/service-de-pneus-fr\/demonte-pneus-fr\/demonte-pneu-hp440-22fim\/"}],"page_logo_src":"https:\/\/dev.codekraft.it\/rotary-2024\/wp-content\/uploads\/2024\/05\/cropped-rotary-logo-2022.png","lang":"fr","translations":{"fr":384153,"en":384144,"de":384152,"it":384154,"es":384155,"ru":384156},"pll_sync_post":[],"_links":{"self":[{"href":"https:\/\/dev.codekraft.it\/rotary-2024\/wp-json\/wp\/v2\/product\/384153","targetHints":{"allow":["GET"]}}],"collection":[{"href":"https:\/\/dev.codekraft.it\/rotary-2024\/wp-json\/wp\/v2\/product"}],"about":[{"href":"https:\/\/dev.codekraft.it\/rotary-2024\/wp-json\/wp\/v2\/types\/product"}],"wp:featuredmedia":[{"embeddable":true,"href":"https:\/\/dev.codekraft.it\/rotary-2024\/wp-json\/wp\/v2\/media\/355503"}],"wp:attachment":[{"href":"https:\/\/dev.codekraft.it\/rotary-2024\/wp-json\/wp\/v2\/media?parent=384153"}],"wp:term":[{"taxonomy":"product_cat","embeddable":true,"href":"https:\/\/dev.codekraft.it\/rotary-2024\/wp-json\/wp\/v2\/product_cat?post=384153"},{"taxonomy":"product_tag","embeddable":true,"href":"https:\/\/dev.codekraft.it\/rotary-2024\/wp-json\/wp\/v2\/product_tag?post=384153"},{"taxonomy":"product_approvals","embeddable":true,"href":"https:\/\/dev.codekraft.it\/rotary-2024\/wp-json\/wp\/v2\/product_approvals?post=384153"},{"taxonomy":"product_application","embeddable":true,"href":"https:\/\/dev.codekraft.it\/rotary-2024\/wp-json\/wp\/v2\/product_application?post=384153"}],"curies":[{"name":"wp","href":"https:\/\/api.w.org\/{rel}","templated":true}]}}