{"id":384136,"date":"2025-09-08T09:01:32","date_gmt":"2025-09-08T09:01:32","guid":{"rendered":"https:\/\/dev.codekraft.it\/rotary-2024\/products\/uncategorized\/alineador-de-ruedas-3d-speed32-l-3\/"},"modified":"2025-09-08T09:01:32","modified_gmt":"2025-09-08T09:01:32","slug":"alineador-de-ruedas-3d-speed32-l-3","status":"publish","type":"product","link":"https:\/\/dev.codekraft.it\/rotary-2024\/es\/productos\/diagnostico-es\/alineadores-de-ruedas-es\/alineador-de-ruedas-3d-speed32-l-3\/","title":{"rendered":"Alineador de ruedas 3D SPEED32 L.3"},"content":{"rendered":"<p>SPEED32 Series &#8211;\u00a0The New Power of 3D Aligners<\/p>\n<ul>\n<li>Precisi\u00f3n absoluta: captadores de medici\u00f3n con resoluci\u00f3n HQ<\/li>\n<li>Flexibilidad de uso: estructura con flexibilidad de movimiento y cabezales de medici\u00f3n extremadamente peque\u00f1as y ligeras<\/li>\n<li>Tecnolog\u00eda inteligente: software intuitivo<\/li>\n<\/ul>\n<p>La serie SPEED32 representa la segunda generaci\u00f3n de los dispositivos de alineaci\u00f3n de ruedas 3D de Rotary. Su innovador sistema de c\u00e1maras 3D totalmente inal\u00e1mbricas con transmisi\u00f3n Bluetooth se puede utilizar en diferentes tipos de elevadores gracias a una compensaci\u00f3n autom\u00e1tica de la planicidad; sus dimensiones compactas hacen que tambi\u00e9n sea adecuado para talleres con un espacio limitado.<\/p>\n<ul>\n<li>Sistema integrado en el elevador: Sistema con cabezales de medici\u00f3n 3D integrados directamente en el elevador, eliminando el espacio ocupado por la torre situada delante del elevador.<\/li>\n<li>Taller m\u00e1s eficiente en t\u00e9rminos de espacio y funcionamiento:\n<ul>\n<li>Sin obst\u00e1culos &#8211; Aprovechamiento m\u00e1ximo del espacio de trabajo disponible<\/li>\n<li>M\u00ednimo esfuerzo &#8211; Alabeo no es necesaria<\/li>\n<li>Trabajo r\u00e1pido &#8211;\u00a0Adquisici\u00f3n r\u00e1pida de los datos de alineaci\u00f3n del veh\u00edculo<\/li>\n<li>Sin limitaciones &#8211; Utilizaci\u00f3n del alineador de ruedas en m\u00e1s zonas de trabajo<\/li>\n<\/ul>\n<\/li>\n<li>Protecci\u00f3n de goma integrada a prueba de golpes y manilla con protecci\u00f3n de pl\u00e1stico.<\/li>\n<li>Sistema de fijaci\u00f3n r\u00e1pida al elevador pivotante para evitar da\u00f1os en caso de presencia de obst\u00e1culos durante el descenso.<\/li>\n<li>Bater\u00eda con sistema de liberaci\u00f3n r\u00e1pida.<\/li>\n<li>Ganchos espec\u00edficos para captadores de medici\u00f3n 3D.<\/li>\n<li>Acceso a la tarjeta Smart y la unidad USB: Acceso sencillo a la tarjeta Smart para actualizar de forma r\u00e1pida la base de datos y la unidad USB para guardar y recuperar los datos de los clientes.<\/li>\n<li>Programa de gesti\u00f3n y visualizaci\u00f3n, en un entorno Windows, siempre conectado con la llave Wi-Fi USB. F\u00e1cil e intuitivo gracias a una gr\u00e1fica de alta resoluci\u00f3n.<\/li>\n<\/ul>\n<ul>\n<li>Medici\u00f3n r\u00e1pida y precisa: Los cabezales de medici\u00f3n 3D muestran en unos pocos segundos todos los \u00e1ngulos del veh\u00edculo sin necesidad de que intervenga el operario.<\/li>\n<li>Caracter\u00edsticas de los cabezales de medici\u00f3n 3D:\n<ul>\n<li>Pantalla LCD para mostrar la informaci\u00f3n b\u00e1sica<\/li>\n<li>Cinco teclas para la navegaci\u00f3n, incluso a distancia, por software<\/li>\n<li>Funci\u00f3n de control remoto<\/li>\n<li>Repetidores LED de ayuda al registro<\/li>\n<li>Resoluci\u00f3n de 5 MP para la medici\u00f3n y compensaci\u00f3n del nivel de la plataforma de elevaci\u00f3n<\/li>\n<li>Posici\u00f3n \u00fanica de instalaci\u00f3n de los cabezales de medici\u00f3n, incluso para veh\u00edculos con paso diferente<\/li>\n<li>Peso de 3 kg<\/li>\n<\/ul>\n<\/li>\n<li>Las dianas Real 3D &#8211; Extremadamente ligeras, no requieren mantenimiento y no cuentan con ning\u00fan componente\u00a0electr\u00f3nico.<\/li>\n<li>Base de datos internacional con fichas t\u00e9cnicas propia de veh\u00edculos y con la posibilidad de crear un propio banco de datos de clientes para el registro de las intervenciones.<\/li>\n<li>Compatible con el sistema TEq-Link.<\/li>\n<li>Conexi\u00f3n a internet\n<ul>\n<li>Env\u00edo de resultados a los clientes.<\/li>\n<li>Asistencia remota.<\/li>\n<\/ul>\n<\/li>\n<li>Bater\u00eda de duraci\u00f3n 8 horas, para permitir el trabajo prolongado en el taller durante toda la jornada.<\/li>\n<li>Gracias a las dianas Real 3D, en combinaci\u00f3n con las garras de 3 puntos, es posible omitir el procedimiento de alabeo, agilizando el trabajo del operario y maximizando la eficiencia del taller.<\/li>\n<li>Juego de 4 garras de 3 puntos con autocentrado sin alabeo\u00a0(Cuenta con un movimiento r\u00e1pido y u\u00f1as de ABS; no prev\u00e9n ning\u00fan contacto de metal contra metal).<\/li>\n<\/ul>\n","protected":false},"excerpt":{"rendered":"<p>Dispositivo de alineaci\u00f3n de ruedas 3D con captadores de medici\u00f3n 3D inal\u00e1mbricas con resoluci\u00f3n HQ y comunicaci\u00f3n de datos mediante Bluetooth | incl. garras de 3 puntos con autocentrado, TFT pantalla 22\u2033, consola abierta y platos giratorios | Gris (RAL 7040)<\/p>\n","protected":false},"featured_media":355489,"template":"","meta":[],"product_brand":[],"product_cat":[1033430],"product_tag":[1034203,1034169,1034186],"product_approvals":[],"product_application":[],"class_list":{"0":"post-384136","1":"product","2":"type-product","3":"status-publish","4":"has-post-thumbnail","6":"product_cat-alineadores-de-ruedas-es","7":"product_tag-motor-homes-es","8":"product_tag-passenger-cars-es","9":"product_tag-light-commercial-es","11":"first","12":"instock","13":"shipping-taxable","14":"product-type-simple"},"approvals":[],"application":[],"brb_media_brochure":[{"id":375892,"url":"https:\/\/dev.codekraft.it\/rotary-2024\/wp-content\/uploads\/brb_media\/00528393_wheel-aligner-speed32-series-br-de-2023-11.pdf","title":"wheel aligner speed32 series br de 2023 11","mpn":"","thumbnail":"https:\/\/dev.codekraft.it\/rotary-2024\/wp-content\/uploads\/brb_media\/00528393_wheel-aligner-speed32-series-br-de-2023-11-pdf-106x150.png","description":""},{"id":375893,"url":"https:\/\/dev.codekraft.it\/rotary-2024\/wp-content\/uploads\/brb_media\/00528394_wheel-aligner-speed32-series-br-en-2023-11.pdf","title":"wheel aligner speed32 series br en 2023 11","mpn":"","thumbnail":"https:\/\/dev.codekraft.it\/rotary-2024\/wp-content\/uploads\/brb_media\/00528394_wheel-aligner-speed32-series-br-en-2023-11-pdf-106x150.png","description":""},{"id":375894,"url":"https:\/\/dev.codekraft.it\/rotary-2024\/wp-content\/uploads\/brb_media\/00528395_wheel-aligner-speed32-series-br-fr-2023-11.pdf","title":"wheel aligner speed32 series br fr 2023 11","mpn":"","thumbnail":"https:\/\/dev.codekraft.it\/rotary-2024\/wp-content\/uploads\/brb_media\/00528395_wheel-aligner-speed32-series-br-fr-2023-11-pdf-106x150.png","description":""},{"id":375895,"url":"https:\/\/dev.codekraft.it\/rotary-2024\/wp-content\/uploads\/brb_media\/00528396_wheel-aligner-speed32-series-br-it-2023-11.pdf","title":"wheel aligner speed32 series br it 2023 11","mpn":"","thumbnail":"https:\/\/dev.codekraft.it\/rotary-2024\/wp-content\/uploads\/brb_media\/00528396_wheel-aligner-speed32-series-br-it-2023-11-pdf-106x150.png","description":""},{"id":375896,"url":"https:\/\/dev.codekraft.it\/rotary-2024\/wp-content\/uploads\/brb_media\/00528397_wheel-aligner-speed32-series-br-es-2023-11.pdf","title":"wheel aligner speed32 series br es 2023 11","mpn":"","thumbnail":"https:\/\/dev.codekraft.it\/rotary-2024\/wp-content\/uploads\/brb_media\/00528397_wheel-aligner-speed32-series-br-es-2023-11-pdf-106x150.png","description":""},{"id":375897,"url":"https:\/\/dev.codekraft.it\/rotary-2024\/wp-content\/uploads\/brb_media\/00528398_wheel-aligner-speed32-series-br-ru-2023-11.pdf","title":"wheel aligner speed32 series br ru 2023 11","mpn":"","thumbnail":"https:\/\/dev.codekraft.it\/rotary-2024\/wp-content\/uploads\/brb_media\/00528398_wheel-aligner-speed32-series-br-ru-2023-11-pdf-106x150.png","description":""}],"brb_media_drawing":"","brb_media_manuals":[{"id":384107,"url":"https:\/\/dev.codekraft.it\/rotary-2024\/wp-content\/uploads\/brb_media\/00539656_wheel-aligner-ravd32hp-ravd32sp-ravd32lt-rotd32hp-rotd32hp-rotd32lt-im-2025-m362-00_vsg_00_rev00_multi-2024-09.pdf","title":"wheel aligner ravd32hp ravd32sp ravd32lt rotd32hp rotd32hp rotd32lt im 2025 m362 00 vsg 00 rev00 multi 2024 09","mpn":"","thumbnail":"https:\/\/dev.codekraft.it\/rotary-2024\/wp-content\/uploads\/brb_media\/00539656_wheel-aligner-ravd32hp-ravd32sp-ravd32lt-rotd32hp-rotd32hp-rotd32lt-im-2025-m362-00_vsg_00_rev00_multi-2024-09-pdf-106x150.png","description":""}],"brb_media_safety_datasheets":"","brb_media_spare_parts":[],"_cdmm_p_id":"502971","_company":"Elektron","_gtin":"5063084700070","accessories":[{"id":381771,"mpn":"STDA124","name":"Platos giratorios Premium STDA124","description":"HD | \u00d8 360 mm | 1 juego \/ 2 piezas","thumbnail":"https:\/\/dev.codekraft.it\/rotary-2024\/wp-content\/uploads\/brb_media\/00509909_wheel-aligner-stda124-mi-150x150.png","url":"https:\/\/dev.codekraft.it\/rotary-2024\/es\/productos\/accesorios-diagnostico-es\/accesorios-alineadores-de-ruedas-es\/platos-giratorios-premium-stda124\/"},{"id":381697,"mpn":"STDA149","name":"Niveles de burbuja para dianas | 1 juego \/ 2 piezas","description":"","thumbnail":"https:\/\/dev.codekraft.it\/rotary-2024\/wp-content\/uploads\/brb_media\/00528340_wheel-aligner-stda149-mi-150x150.png","url":"https:\/\/dev.codekraft.it\/rotary-2024\/es\/productos\/accesorios-diagnostico-es\/accesorios-alineadores-de-ruedas-es\/niveles-de-burbuja-para-dianas-1-juego-2-piezas\/"},{"id":383514,"mpn":"STDA160","name":"Batterie di ricambio para alineadores 3D | 1 juego \/ 2 piezas","description":"","thumbnail":"","url":"https:\/\/dev.codekraft.it\/rotary-2024\/es\/productos\/accesorios-diagnostico-es\/accesorios-alineadores-de-ruedas-es\/batterie-di-ricambio-para-alineadores-3d-1-juego-2-piezas\/"},{"id":379814,"mpn":"STDA141","name":"Token Aligner Connect","description":"Pantalla remota en un dispositivo m\u00f3vil | utilizo APP desde control remoto","thumbnail":"https:\/\/dev.codekraft.it\/rotary-2024\/wp-content\/uploads\/brb_media\/00528337_wheel-aligner-stda141-mi-150x150.png","url":"https:\/\/dev.codekraft.it\/rotary-2024\/es\/productos\/accesorios-diagnostico-es\/accesorios-alineadores-de-ruedas-es\/token-aligner-connect-5\/"},{"id":381682,"mpn":"STDA141ADAS","name":"Token","description":"Habilitaci\u00f3n de la aplicaci\u00f3n para las funciones ADAS (Advanced Driver Assistance Systems)","thumbnail":"https:\/\/dev.codekraft.it\/rotary-2024\/wp-content\/uploads\/brb_media\/00528336_wheel-aligner-stda141adas-mi-150x150.png","url":"https:\/\/dev.codekraft.it\/rotary-2024\/es\/productos\/accesorios-diagnostico-es\/accesorios-alineadores-de-ruedas-es\/token-5\/"},{"id":381825,"mpn":"STDAPREMIUM","name":"Token","description":"Activaci\u00f3n de funciones adicionales","thumbnail":"","url":"https:\/\/dev.codekraft.it\/rotary-2024\/es\/productos\/accesorios-diagnostico-es\/accesorios-alineadores-de-ruedas-es\/token-17\/"},{"id":381698,"mpn":"STDAShoot","name":"Token","description":"Clave virtual para la consulta de base de datos en l\u00ednea a trav\u00e9s de la consulta de la Oficina Federal de Veh\u00edculos Motorizados (KBA) de Alemania | incl. 200 consultas","thumbnail":"https:\/\/dev.codekraft.it\/rotary-2024\/wp-content\/uploads\/brb_media\/00510471_wheel-aligners-shootgo-mi-150x150.png","url":"https:\/\/dev.codekraft.it\/rotary-2024\/es\/productos\/accesorios-diagnostico-es\/accesorios-alineadores-de-ruedas-es\/token-10\/"},{"id":380104,"mpn":"STDAS200","name":"Cr\u00e9dito de consulta de base de datos Shoot &amp; Go 200","description":"Paquete de cr\u00e9ditos para consultar la base de datos en l\u00ednea a trav\u00e9s de la consulta de la Oficina Federal de Veh\u00edculos Motorizados (KBA) de Alemania | 200 consultas","thumbnail":"https:\/\/dev.codekraft.it\/rotary-2024\/wp-content\/uploads\/brb_media\/00510471_wheel-aligners-shootgo-mi-150x150.png","url":"https:\/\/dev.codekraft.it\/rotary-2024\/es\/productos\/accesorios-diagnostico-es\/accesorios-alineadores-de-ruedas-es\/credito-de-consulta-de-base-de-datos-shoot-go-200\/"},{"id":380689,"mpn":"STDAS500","name":"Cr\u00e9dito de consulta de base de datos Shoot &amp; Go 500","description":"Paquete de cr\u00e9ditos para consultar la base de datos en l\u00ednea a trav\u00e9s de la consulta de la Oficina Federal de Veh\u00edculos Motorizados (KBA) de Alemania | 500 consultas","thumbnail":"https:\/\/dev.codekraft.it\/rotary-2024\/wp-content\/uploads\/brb_media\/00510471_wheel-aligners-shootgo-mi-150x150.png","url":"https:\/\/dev.codekraft.it\/rotary-2024\/es\/productos\/accesorios-diagnostico-es\/accesorios-alineadores-de-ruedas-es\/credito-de-consulta-de-base-de-datos-shoot-go-500\/"},{"id":385022,"mpn":"VSG.IDC50.701886","name":"Kit de diagn\u00f3stico STDADIAG","description":"IDC5 KIT TEXA - para la alineaci\u00f3n de las ruedas de diagn\u00f3stico | kit para aquellos que s\u00f3lo tienen la alineaci\u00f3n de las ruedas y no tiene ning\u00fan accesorio TEXA","thumbnail":"https:\/\/dev.codekraft.it\/rotary-2024\/wp-content\/uploads\/brb_media\/00527952_wheel-aligners-accessories-stdadiag-all-configurations-mi-150x150.png","url":"https:\/\/dev.codekraft.it\/rotary-2024\/es\/productos\/accesorios-diagnostico-es\/accesorios-alineadores-de-ruedas-es\/kit-de-diagnostico-stdadiag\/"},{"id":385028,"mpn":"VSG.SW500.701893","name":"Kit de diagn\u00f3stico STDADIAG\/SW","description":"TEXA IDC5 SW KIT - para la alineaci\u00f3n de las ruedas de diagn\u00f3stico | kit para aquellos que ya tienen dispositivos TEXA (por ejemplo, ADAS RCSS)","thumbnail":"https:\/\/dev.codekraft.it\/rotary-2024\/wp-content\/uploads\/brb_media\/00527953_wheel-aligners-accessories-stdadiag-ws-all-configurations-mi-150x150.png","url":"https:\/\/dev.codekraft.it\/rotary-2024\/es\/productos\/accesorios-diagnostico-es\/accesorios-alineadores-de-ruedas-es\/kit-de-diagnostico-stdadiag-sw\/"},{"id":385040,"mpn":"VSG.FC167.701916","name":"Garras de ruedas Fast clamps","description":"Garras de montaje r\u00e1pido | para alineadores 3D, turismo, tama\u00f1o del neum\u00e1tico 21 - 31\", \u00d8 rueda 540 - 780 mm, peso de las garras 3,5 kg (por juego) | 1 juego \/ 2 piezas","thumbnail":"https:\/\/dev.codekraft.it\/rotary-2024\/wp-content\/uploads\/brb_media\/00528113_wheel-aligner-accessories-vsgfc167701916-mi-150x150.png","url":"https:\/\/dev.codekraft.it\/rotary-2024\/es\/productos\/accesorios-diagnostico-es\/accesorios-alineadores-de-ruedas-es\/garras-de-ruedas-fast-clamps\/"},{"id":385058,"mpn":"STDAS350","name":"Cr\u00e9dito de consulta de base de datos Shoot &amp; Go 350","description":"Paquete de cr\u00e9ditos para consultar la base de datos en l\u00ednea a trav\u00e9s de la consulta de la Oficina Federal de Veh\u00edculos Motorizados (KBA) de Alemania | 350 consultas","thumbnail":"https:\/\/dev.codekraft.it\/rotary-2024\/wp-content\/uploads\/brb_media\/00510471_wheel-aligners-shootgo-mi-150x150.png","url":"https:\/\/dev.codekraft.it\/rotary-2024\/es\/productos\/accesorios-diagnostico-es\/accesorios-alineadores-de-ruedas-es\/credito-de-consulta-de-base-de-datos-shoot-go-350\/"}],"components":[],"related":[],"page_logo_src":"https:\/\/dev.codekraft.it\/rotary-2024\/wp-content\/uploads\/2026\/04\/rotary-negative-logo.png","lang":"es","translations":{"es":384136,"en":384132,"de":384133,"fr":384134,"it":384135,"ru":384137},"pll_sync_post":[],"_links":{"self":[{"href":"https:\/\/dev.codekraft.it\/rotary-2024\/wp-json\/wp\/v2\/product\/384136","targetHints":{"allow":["GET"]}}],"collection":[{"href":"https:\/\/dev.codekraft.it\/rotary-2024\/wp-json\/wp\/v2\/product"}],"about":[{"href":"https:\/\/dev.codekraft.it\/rotary-2024\/wp-json\/wp\/v2\/types\/product"}],"wp:featuredmedia":[{"embeddable":true,"href":"https:\/\/dev.codekraft.it\/rotary-2024\/wp-json\/wp\/v2\/media\/355489"}],"wp:attachment":[{"href":"https:\/\/dev.codekraft.it\/rotary-2024\/wp-json\/wp\/v2\/media?parent=384136"}],"wp:term":[{"taxonomy":"product_brand","embeddable":true,"href":"https:\/\/dev.codekraft.it\/rotary-2024\/wp-json\/wp\/v2\/product_brand?post=384136"},{"taxonomy":"product_cat","embeddable":true,"href":"https:\/\/dev.codekraft.it\/rotary-2024\/wp-json\/wp\/v2\/product_cat?post=384136"},{"taxonomy":"product_tag","embeddable":true,"href":"https:\/\/dev.codekraft.it\/rotary-2024\/wp-json\/wp\/v2\/product_tag?post=384136"},{"taxonomy":"product_approvals","embeddable":true,"href":"https:\/\/dev.codekraft.it\/rotary-2024\/wp-json\/wp\/v2\/product_approvals?post=384136"},{"taxonomy":"product_application","embeddable":true,"href":"https:\/\/dev.codekraft.it\/rotary-2024\/wp-json\/wp\/v2\/product_application?post=384136"}],"curies":[{"name":"wp","href":"https:\/\/api.w.org\/{rel}","templated":true}]}}