{"id":384127,"date":"2025-09-08T08:40:19","date_gmt":"2025-09-08T08:40:19","guid":{"rendered":"https:\/\/dev.codekraft.it\/rotary-2024\/products\/uncategorized\/3d-achsmessgerat-speed32p-sp-4\/"},"modified":"2025-09-08T08:40:19","modified_gmt":"2025-09-08T08:40:19","slug":"3d-achsmessgerat-speed32p-sp-4","status":"publish","type":"product","link":"https:\/\/dev.codekraft.it\/rotary-2024\/produkte\/diagnose-de\/achsmessgerate-de\/3d-achsmessgerat-speed32p-sp-4\/","title":{"rendered":"3D-Achsmessger\u00e4t SPEED32P SP.4"},"content":{"rendered":"<p>SPEED32 Series &#8211;\u00a0The New Power of 3D Aligners<\/p>\n<ul>\n<li>Hochgenaue Pr\u00e4zision: Messk\u00f6pfe mit HQ Aufl\u00f6sung<\/li>\n<li>Flexibilit\u00e4t bei der Nutzung: bewegungsflexibler Fahrwagen und extrem kleine und leichte 3D-Messk\u00f6pfe<\/li>\n<li>Intelligente Technologie: intuitive Software<\/li>\n<\/ul>\n<p>Die Baureihe SPEED32 repr\u00e4sentiert die zweite Generation der 3D-Achsmessger\u00e4te von Rotary. Ihr innovatives und komplett kabelloses 3D-Kamerasystem mit Bluetooth Daten\u00fcbertragung kann, dank des automatischen Niveauausgleiches an verschiedenen Hebeb\u00fchnentypen eingesetzt werden. Durch ihre kompakten Abmessungen eignen sich die Ger\u00e4te auch f\u00fcr Kfz-Werkst\u00e4tten mit geringem Platzangebot.<\/p>\n<ul>\n<li>In die Hebeb\u00fchne integriertes System: Das 3D-Messkopfsystem ist direkt in die Hebeb\u00fchne integriert, wodurch ein Turm vor der Hebeb\u00fchne nicht mehr erforderlich ist.<\/li>\n<li>Verbesserte Effizienz in der Werkstatt in Bezug auf Platz und Betrieb:\n<ul>\n<li>Keine Behinderung &#8211; Maximierung des verf\u00fcgbaren Arbeitsraums<\/li>\n<li>Minimale Belastung &#8211; Keine Rundlaufkorrektur erforderlich<\/li>\n<li>Schnelles Arbeiten &#8211; Schnelle Erfassung von Fahrzeug-Istdaten<\/li>\n<li>Keine Einschr\u00e4nkungen &#8211; Einsatz des Achsmessger\u00e4tes in mehreren Arbeitsbereichen<\/li>\n<\/ul>\n<\/li>\n<li>Integrierter Sto\u00dfschutz aus Gummi und Griff mit Kunststoffschutz.<\/li>\n<li>Schnellstecksystem an der Hebeb\u00fchne und nach oben\u00a0schwenkbar um Sch\u00e4den am Messkopf zu verhindern, sollte die\u00a0Hebeb\u00fchne versehentlich in das Fundament gefahren werden.<\/li>\n<li>Batterie mit Schnellstecksystem.<\/li>\n<li>Dedizierte F\u00e4cher zum Verstauen der 3D-Messkameras.<\/li>\n<li>Zugang mit Smart Card und USB-Stick: Leichter Zugang\u00a0zur Smartcard f\u00fcr die rasche Aktualisierung der Datenbank und zum USB-Stick f\u00fcr die Speicherung und Wiederherstellung der Kundendaten.<\/li>\n<li>Steuerungs- und Anzeige-Software im Windows-Ambiente,\u00a0mit dauerhaft aktiver Verbindung \u00fcber Wi-fi USB-Stick. &#8211;\u00a0Einfach und intuitiv dank Grafik mit hoher Aufl\u00f6sung.<\/li>\n<\/ul>\n<ul>\n<li>Schnelle und genaue Messung:\u00a0Die 3D-Messk\u00f6pfe erfassen s\u00e4mtliche Winkel des Fahrzeugs innerhalb von Sekunden und mit h\u00f6chster Genauigkeit.<\/li>\n<li>Merkmale der 3D-Messk\u00f6pfe:\n<ul>\n<li>LCD-Display f\u00fcr die wichtigsten Informationen<\/li>\n<li>F\u00fcnf Software-Navigationstasten, die auch per Fernbedienung bedient werden k\u00f6nnen<\/li>\n<li>Fernbedienungsfunktion<\/li>\n<li>LED-Repeater f\u00fcr die Unterst\u00fctzung bei der Fahrzeugeinstellung<\/li>\n<li>5MP-Aufl\u00f6sung bei der Messung und zur Kompensation der Fahrschiene<\/li>\n<li>Eine einzige Position f\u00fcr die Messkopfhalter reicht f\u00fcr die Vermessung von Fahrzeugen mit verschiedenen Radst\u00e4nden aus<\/li>\n<li>Gewicht 3 kg<\/li>\n<\/ul>\n<\/li>\n<li>Targets in real 3D-Struktur &#8211; Extrem leicht, wartungsfrei und ohne elektronische Bauteile.<\/li>\n<li>Internationale Datenbank mit technischen Daten der Fahrzeuge und M\u00f6glichkeit der Erstellung einer Kundendatenbank zur Registrierung der Eingriffe.<\/li>\n<li>Kompatibel mit dem System TEq-Link.<\/li>\n<li>Internetverbindung zum\n<ul>\n<li>Versand der Ergebnisse an die Kunden.<\/li>\n<li>Remote-Support.<\/li>\n<\/ul>\n<\/li>\n<li>Batterielaufzeit 8 Stunden, zur Gew\u00e4hrleistung eines ununterbrochenen Betriebs \u00fcber den gesamten Arbeitstag.<\/li>\n<li>Durch die Real 3D-Targets in Kombination mit den 4-Punkt-Schnellspann-Radklammern ist es m\u00f6glich, die Rundlaufkorrektur zu vermeiden, wodurch die Arbeit des Bedieners beschleunigt und die Effizienz der Werkstatt maximiert wird.<\/li>\n<li>Satz mit 4 St\u00fcck selbstzentrierenden 4-Punkt-Radklammern + Optional: STDA38K, um auf die Rundlaufkorrektur verzichten zu k\u00f6nnen.<\/li>\n<\/ul>\n","protected":false},"excerpt":{"rendered":"<p>3D-Achsmessger\u00e4t mit kabellosen HQ 3D-Messk\u00f6pfen und Bluetooth-Daten\u00fcbertragung | inkl. selbstzentrierenden 4-Punkt-Schnellspann-Radklammern, 22\u2033-TFT-Display, geschlossenem Fahrwagen und Drehtellern | Rot (RAL 3002)<\/p>\n","protected":false},"featured_media":355474,"template":"","meta":[],"product_brand":[],"product_cat":[1033370],"product_tag":[1034161,1034178,1034195],"product_approvals":[],"product_application":[],"class_list":{"0":"post-384127","1":"product","2":"type-product","3":"status-publish","4":"has-post-thumbnail","6":"product_cat-achsmessgerate-de","7":"product_tag-passenger-cars-de","8":"product_tag-light-commercial-de","9":"product_tag-motor-homes-de","11":"first","12":"instock","13":"shipping-taxable","14":"product-type-simple"},"approvals":[],"application":[],"brb_media_brochure":[{"id":375892,"url":"https:\/\/dev.codekraft.it\/rotary-2024\/wp-content\/uploads\/brb_media\/00528393_wheel-aligner-speed32-series-br-de-2023-11.pdf","title":"wheel aligner speed32 series br de 2023 11","mpn":"","thumbnail":"https:\/\/dev.codekraft.it\/rotary-2024\/wp-content\/uploads\/brb_media\/00528393_wheel-aligner-speed32-series-br-de-2023-11-pdf-106x150.png","description":""},{"id":375893,"url":"https:\/\/dev.codekraft.it\/rotary-2024\/wp-content\/uploads\/brb_media\/00528394_wheel-aligner-speed32-series-br-en-2023-11.pdf","title":"wheel aligner speed32 series br en 2023 11","mpn":"","thumbnail":"https:\/\/dev.codekraft.it\/rotary-2024\/wp-content\/uploads\/brb_media\/00528394_wheel-aligner-speed32-series-br-en-2023-11-pdf-106x150.png","description":""},{"id":375894,"url":"https:\/\/dev.codekraft.it\/rotary-2024\/wp-content\/uploads\/brb_media\/00528395_wheel-aligner-speed32-series-br-fr-2023-11.pdf","title":"wheel aligner speed32 series br fr 2023 11","mpn":"","thumbnail":"https:\/\/dev.codekraft.it\/rotary-2024\/wp-content\/uploads\/brb_media\/00528395_wheel-aligner-speed32-series-br-fr-2023-11-pdf-106x150.png","description":""},{"id":375895,"url":"https:\/\/dev.codekraft.it\/rotary-2024\/wp-content\/uploads\/brb_media\/00528396_wheel-aligner-speed32-series-br-it-2023-11.pdf","title":"wheel aligner speed32 series br it 2023 11","mpn":"","thumbnail":"https:\/\/dev.codekraft.it\/rotary-2024\/wp-content\/uploads\/brb_media\/00528396_wheel-aligner-speed32-series-br-it-2023-11-pdf-106x150.png","description":""},{"id":375896,"url":"https:\/\/dev.codekraft.it\/rotary-2024\/wp-content\/uploads\/brb_media\/00528397_wheel-aligner-speed32-series-br-es-2023-11.pdf","title":"wheel aligner speed32 series br es 2023 11","mpn":"","thumbnail":"https:\/\/dev.codekraft.it\/rotary-2024\/wp-content\/uploads\/brb_media\/00528397_wheel-aligner-speed32-series-br-es-2023-11-pdf-106x150.png","description":""},{"id":375897,"url":"https:\/\/dev.codekraft.it\/rotary-2024\/wp-content\/uploads\/brb_media\/00528398_wheel-aligner-speed32-series-br-ru-2023-11.pdf","title":"wheel aligner speed32 series br ru 2023 11","mpn":"","thumbnail":"https:\/\/dev.codekraft.it\/rotary-2024\/wp-content\/uploads\/brb_media\/00528398_wheel-aligner-speed32-series-br-ru-2023-11-pdf-106x150.png","description":""}],"brb_media_drawing":"","brb_media_manuals":[{"id":384107,"url":"https:\/\/dev.codekraft.it\/rotary-2024\/wp-content\/uploads\/brb_media\/00539656_wheel-aligner-ravd32hp-ravd32sp-ravd32lt-rotd32hp-rotd32hp-rotd32lt-im-2025-m362-00_vsg_00_rev00_multi-2024-09.pdf","title":"wheel aligner ravd32hp ravd32sp ravd32lt rotd32hp rotd32hp rotd32lt im 2025 m362 00 vsg 00 rev00 multi 2024 09","mpn":"","thumbnail":"https:\/\/dev.codekraft.it\/rotary-2024\/wp-content\/uploads\/brb_media\/00539656_wheel-aligner-ravd32hp-ravd32sp-ravd32lt-rotd32hp-rotd32hp-rotd32lt-im-2025-m362-00_vsg_00_rev00_multi-2024-09-pdf-106x150.png","description":""}],"brb_media_safety_datasheets":"","brb_media_spare_parts":[],"_cdmm_p_id":"502970","_company":"Elektron","_gtin":"5063084700230","accessories":[{"id":381669,"mpn":"STDA38K","name":"Schnellradspanner","description":"zur Aufr\u00fcstung von 4-Punkt-Haltern STDA33EU-34E auf die STDA46EU-35E | erm\u00f6glicht es auf die Rundlaufkorrektur verzichten zu k\u00f6nnen | inkl. Kunststofffinger | Reifen-\u00d8 480 - 760 mm | 2 S\u00e4tze \/ 4 St\u00fcck","thumbnail":"https:\/\/dev.codekraft.it\/rotary-2024\/wp-content\/uploads\/brb_media\/00509911_wheel-aligner-stda38k-mi-150x150.png","url":"https:\/\/dev.codekraft.it\/rotary-2024\/produkte\/zubehor-diagnose-de\/zubehor-achsmessgerate-de\/schnellradspanner\/"},{"id":381765,"mpn":"STDA124","name":"Drehteller Premium STDA124","description":"HD | \u00d8 360 mm | 1 Satz \/ 2 St\u00fcck","thumbnail":"https:\/\/dev.codekraft.it\/rotary-2024\/wp-content\/uploads\/brb_media\/00509909_wheel-aligner-stda124-mi-150x150.png","url":"https:\/\/dev.codekraft.it\/rotary-2024\/produkte\/zubehor-diagnose-de\/zubehor-achsmessgerate-de\/drehteller-premium-stda124\/"},{"id":381692,"mpn":"STDA149","name":"Wasserwaagen f\u00fcr Targets | 1 Satz \/ 4 St\u00fcck","description":"","thumbnail":"https:\/\/dev.codekraft.it\/rotary-2024\/wp-content\/uploads\/brb_media\/00528340_wheel-aligner-stda149-mi-150x150.png","url":"https:\/\/dev.codekraft.it\/rotary-2024\/produkte\/zubehor-diagnose-de\/zubehor-achsmessgerate-de\/wasserwaagen-fur-targets-1-satz-4-stuck\/"},{"id":383511,"mpn":"STDA160","name":"Ersatzbatterien f\u00fcr 3D-Achsmessger\u00e4te | 1 Satz \/ 2 St\u00fcck","description":"","thumbnail":"","url":"https:\/\/dev.codekraft.it\/rotary-2024\/produkte\/zubehor-diagnose-de\/zubehor-achsmessgerate-de\/ersatzbatterien-fur-3d-achsmessgerate-1-satz-2-stuck-2\/"},{"id":379811,"mpn":"STDA141","name":"Token Aligner Connect","description":"Fernanzeige auf ein mobiles Ger\u00e4t | f\u00fcr Tablet- und Smartphone-App","thumbnail":"https:\/\/dev.codekraft.it\/rotary-2024\/wp-content\/uploads\/brb_media\/00528337_wheel-aligner-stda141-mi-150x150.png","url":"https:\/\/dev.codekraft.it\/rotary-2024\/produkte\/zubehor-diagnose-de\/zubehor-achsmessgerate-de\/token-aligner-connect-2\/"},{"id":381676,"mpn":"STDA141ADAS","name":"Token","description":"Anwendungsfreigabe der ADAS-Funktionen","thumbnail":"https:\/\/dev.codekraft.it\/rotary-2024\/wp-content\/uploads\/brb_media\/00528336_wheel-aligner-stda141adas-mi-150x150.png","url":"https:\/\/dev.codekraft.it\/rotary-2024\/produkte\/zubehor-diagnose-de\/zubehor-achsmessgerate-de\/token-2\/"},{"id":381820,"mpn":"STDAPREMIUM","name":"Token","description":"Anwendungsfreigabe zus\u00e4tzlicher Hilfsfunktionen","thumbnail":"","url":"https:\/\/dev.codekraft.it\/rotary-2024\/produkte\/zubehor-diagnose-de\/zubehor-achsmessgerate-de\/token-14\/"},{"id":381691,"mpn":"STDAShoot","name":"Token","description":"Virtueller Schl\u00fcssel f\u00fcr die Konsultation der Online-Datenbank \u00fcber KBA-Abfrage | inkl. 200 Abfragen","thumbnail":"https:\/\/dev.codekraft.it\/rotary-2024\/wp-content\/uploads\/brb_media\/00510471_wheel-aligners-shootgo-mi-150x150.png","url":"https:\/\/dev.codekraft.it\/rotary-2024\/produkte\/zubehor-diagnose-de\/zubehor-achsmessgerate-de\/token-8\/"},{"id":380101,"mpn":"STDAS200","name":"Datenbankabfrage-Guthaben Shoot &amp; Go 200","description":"Guthaben-Paket f\u00fcr die Konsultationen der Online-Datenbank \u00fcber KBA-Abfrage | 200 Abfragen","thumbnail":"https:\/\/dev.codekraft.it\/rotary-2024\/wp-content\/uploads\/brb_media\/00510471_wheel-aligners-shootgo-mi-150x150.png","url":"https:\/\/dev.codekraft.it\/rotary-2024\/produkte\/zubehor-diagnose-de\/zubehor-achsmessgerate-de\/datenbankabfrage-guthaben-shoot-go-200\/"},{"id":380686,"mpn":"STDAS500","name":"Datenbankabfrage-Guthaben Shoot &amp; Go 500","description":"Guthaben-Paket f\u00fcr die Konsultationen der Online-Datenbank \u00fcber KBA-Abfrage | 500 Abfragen","thumbnail":"https:\/\/dev.codekraft.it\/rotary-2024\/wp-content\/uploads\/brb_media\/00510471_wheel-aligners-shootgo-mi-150x150.png","url":"https:\/\/dev.codekraft.it\/rotary-2024\/produkte\/zubehor-diagnose-de\/zubehor-achsmessgerate-de\/datenbankabfrage-guthaben-shoot-go-500\/"},{"id":385019,"mpn":"VSG.IDC50.701886","name":"Diagnosekit STDADIAG","description":"IDC5 KIT TEXA - f\u00fcr die Diagnose der Achsvermessung | Kit f\u00fcr diejenigen, die ein Achsmessger\u00e4t besitzen, aber kein TEXA-Zubeh\u00f6r","thumbnail":"https:\/\/dev.codekraft.it\/rotary-2024\/wp-content\/uploads\/brb_media\/00527952_wheel-aligners-accessories-stdadiag-all-configurations-mi-150x150.png","url":"https:\/\/dev.codekraft.it\/rotary-2024\/produkte\/zubehor-diagnose-de\/zubehor-achsmessgerate-de\/diagnosekit-stdadiag\/"},{"id":385025,"mpn":"VSG.SW500.701893","name":"Diagnosekit STDADIAG\/SW","description":"TEXA IDC5 SW KIT - f\u00fcr die Diagnose der Achsvermessung | Kit f\u00fcr diejenigen, die bereits TEXA-Ger\u00e4te besitzen (z. B. ADAS RCSS)","thumbnail":"https:\/\/dev.codekraft.it\/rotary-2024\/wp-content\/uploads\/brb_media\/00527953_wheel-aligners-accessories-stdadiag-ws-all-configurations-mi-150x150.png","url":"https:\/\/dev.codekraft.it\/rotary-2024\/produkte\/zubehor-diagnose-de\/zubehor-achsmessgerate-de\/diagnosekit-stdadiag-sw\/"},{"id":385037,"mpn":"VSG.FC167.701916","name":"Radklammern Fast clamps","description":"Schnellspann-Radklammern | f\u00fcr 3D-Achsmessger\u00e4te, Pkw, Radgr\u00f6\u00dfe 21 - 31\", Rad-\u00d8 540 - 780 mm, Gewicht pro Radklammer-Satz 3,5 kg | 1 Satz \/ 2 St\u00fcck","thumbnail":"https:\/\/dev.codekraft.it\/rotary-2024\/wp-content\/uploads\/brb_media\/00528113_wheel-aligner-accessories-vsgfc167701916-mi-150x150.png","url":"https:\/\/dev.codekraft.it\/rotary-2024\/produkte\/zubehor-diagnose-de\/zubehor-achsmessgerate-de\/radklammern-fast-clamps\/"},{"id":385055,"mpn":"STDAS350","name":"Datenbankabfrage-Guthaben Shoot &amp; Go 350","description":"Guthaben-Paket f\u00fcr die Konsultationen der Online-Datenbank \u00fcber KBA-Abfrage | 350 Abfragen","thumbnail":"https:\/\/dev.codekraft.it\/rotary-2024\/wp-content\/uploads\/brb_media\/00510471_wheel-aligners-shootgo-mi-150x150.png","url":"https:\/\/dev.codekraft.it\/rotary-2024\/produkte\/zubehor-diagnose-de\/zubehor-achsmessgerate-de\/datenbankabfrage-guthaben-shoot-go-350\/"}],"components":[],"related":[],"page_logo_src":"https:\/\/dev.codekraft.it\/rotary-2024\/wp-content\/uploads\/2026\/04\/rotary-negative-logo.png","lang":"de","translations":{"de":384127,"en":384126,"fr":384128,"it":384129,"es":384130,"ru":384131},"pll_sync_post":[],"_links":{"self":[{"href":"https:\/\/dev.codekraft.it\/rotary-2024\/wp-json\/wp\/v2\/product\/384127","targetHints":{"allow":["GET"]}}],"collection":[{"href":"https:\/\/dev.codekraft.it\/rotary-2024\/wp-json\/wp\/v2\/product"}],"about":[{"href":"https:\/\/dev.codekraft.it\/rotary-2024\/wp-json\/wp\/v2\/types\/product"}],"wp:featuredmedia":[{"embeddable":true,"href":"https:\/\/dev.codekraft.it\/rotary-2024\/wp-json\/wp\/v2\/media\/355474"}],"wp:attachment":[{"href":"https:\/\/dev.codekraft.it\/rotary-2024\/wp-json\/wp\/v2\/media?parent=384127"}],"wp:term":[{"taxonomy":"product_brand","embeddable":true,"href":"https:\/\/dev.codekraft.it\/rotary-2024\/wp-json\/wp\/v2\/product_brand?post=384127"},{"taxonomy":"product_cat","embeddable":true,"href":"https:\/\/dev.codekraft.it\/rotary-2024\/wp-json\/wp\/v2\/product_cat?post=384127"},{"taxonomy":"product_tag","embeddable":true,"href":"https:\/\/dev.codekraft.it\/rotary-2024\/wp-json\/wp\/v2\/product_tag?post=384127"},{"taxonomy":"product_approvals","embeddable":true,"href":"https:\/\/dev.codekraft.it\/rotary-2024\/wp-json\/wp\/v2\/product_approvals?post=384127"},{"taxonomy":"product_application","embeddable":true,"href":"https:\/\/dev.codekraft.it\/rotary-2024\/wp-json\/wp\/v2\/product_application?post=384127"}],"curies":[{"name":"wp","href":"https:\/\/api.w.org\/{rel}","templated":true}]}}