{"id":384096,"date":"2025-09-08T08:59:55","date_gmt":"2025-09-08T08:59:55","guid":{"rendered":"https:\/\/dev.codekraft.it\/rotary-2024\/products\/uncategorized\/telecommande-infrarouge-avec-recepteur\/"},"modified":"2025-09-08T08:59:55","modified_gmt":"2025-09-08T08:59:55","slug":"telecommande-infrarouge-avec-recepteur","status":"publish","type":"product","link":"https:\/\/dev.codekraft.it\/rotary-2024\/fr\/produits\/accessoires-diagnostic-fr\/accessoires-bancs-de-freinage-chaines-de-controles-fr\/telecommande-infrarouge-avec-recepteur\/","title":{"rendered":"T\u00e9l\u00e9commande Infrarouge | avec r\u00e9cepteur"},"content":{"rendered":"","protected":false},"excerpt":{"rendered":"","protected":false},"featured_media":356649,"template":"","meta":[],"product_cat":[1033492],"product_tag":[],"product_approvals":[],"product_application":[],"class_list":{"0":"post-384096","1":"product","2":"type-product","3":"status-publish","4":"has-post-thumbnail","6":"product_cat-accessoires-bancs-de-freinage-chaines-de-controles-fr","8":"first","9":"instock","10":"shipping-taxable","11":"product-type-simple"},"approvals":[],"application":[],"brb_media_brochure":"","brb_media_drawing":"","brb_media_manuals":"","brb_media_safety_datasheets":"","brb_media_spare_parts":[],"_cdmm_p_id":"475695","_company":"VSG","_gtin":"","accessories":[],"components":[],"related":[],"similar":[],"lang":"fr","translations":{"fr":384096,"en":384094,"de":384095,"it":384097,"es":384098,"ru":384099},"pll_sync_post":[],"_links":{"self":[{"href":"https:\/\/dev.codekraft.it\/rotary-2024\/wp-json\/wp\/v2\/product\/384096","targetHints":{"allow":["GET"]}}],"collection":[{"href":"https:\/\/dev.codekraft.it\/rotary-2024\/wp-json\/wp\/v2\/product"}],"about":[{"href":"https:\/\/dev.codekraft.it\/rotary-2024\/wp-json\/wp\/v2\/types\/product"}],"wp:featuredmedia":[{"embeddable":true,"href":"https:\/\/dev.codekraft.it\/rotary-2024\/wp-json\/wp\/v2\/media\/356649"}],"wp:attachment":[{"href":"https:\/\/dev.codekraft.it\/rotary-2024\/wp-json\/wp\/v2\/media?parent=384096"}],"wp:term":[{"taxonomy":"product_cat","embeddable":true,"href":"https:\/\/dev.codekraft.it\/rotary-2024\/wp-json\/wp\/v2\/product_cat?post=384096"},{"taxonomy":"product_tag","embeddable":true,"href":"https:\/\/dev.codekraft.it\/rotary-2024\/wp-json\/wp\/v2\/product_tag?post=384096"},{"taxonomy":"product_approvals","embeddable":true,"href":"https:\/\/dev.codekraft.it\/rotary-2024\/wp-json\/wp\/v2\/product_approvals?post=384096"},{"taxonomy":"product_application","embeddable":true,"href":"https:\/\/dev.codekraft.it\/rotary-2024\/wp-json\/wp\/v2\/product_application?post=384096"}],"curies":[{"name":"wp","href":"https:\/\/api.w.org\/{rel}","templated":true}]}}