{"id":384078,"date":"2025-12-11T10:10:46","date_gmt":"2025-12-11T10:10:46","guid":{"rendered":"https:\/\/dev.codekraft.it\/rotary-2024\/products\/uncategorized\/pont-elevateur-a-2-colonnes-spma32-xer\/"},"modified":"2025-12-11T10:10:46","modified_gmt":"2025-12-11T10:10:46","slug":"pont-elevateur-a-2-colonnes-spma32-xer","status":"publish","type":"product","link":"https:\/\/dev.codekraft.it\/rotary-2024\/fr\/produits\/ponts-elevateurs-fr\/ponts-elevateurs-a-2-colonnes-fr\/pont-elevateur-a-2-colonnes-spma32-xer\/","title":{"rendered":"Pont \u00e9l\u00e9vateur \u00e0 2 colonnes SPMA32-XER"},"content":{"rendered":"<p>Tomorrow Series &#8211; The way to the Future<\/p>\n<ul>\n<li>Fiables et puissants\u00a0: des performances \u00e0 toute \u00e9preuve m\u00eame dans des conditions exigeantes<\/li>\n<li>Flexibles et polyvalents : trois largeurs d&#8217;installation possibles pour satisfaire tous les besoins de l&#8217;atelier et applicables \u00e0 une grande vari\u00e9t\u00e9 de v\u00e9hicules<\/li>\n<li>Modernes et premium : un look contemporain se marie avec la qualit\u00e9 sup\u00e9rieure des composants<\/li>\n<\/ul>\n<p>Technologie r\u00e9vis\u00e9e avec un design moderne. Les ponts \u00e9l\u00e9vateurs \u00e0 2 colonnes de la Tomorrow Series de Rotary projettent votre atelier imm\u00e9diatement dans le futur. Test\u00e9s pour 20000 cycles et con\u00e7us pour la connexion Internet en ligne TEq-Link, votre atelier est pr\u00eat \u00e0 recevoir toutes les innovations encore \u00e0 venir.\u00a0<\/p>\n<ul>\n<li>Colonnes asym\u00e9triques, con\u00e7ues pour optimiser la largeur de passage et l\u2019encombrement.<\/li>\n<li>Vis en acier, roul\u00e9e, \u00e0 haute r\u00e9sistance, pour garantir la dur\u00e9e dans le temps.<\/li>\n<li>Moteurs sp\u00e9ciaux \u00e0 hautes performances pour garantir puissance et dur\u00e9e dans le temps.<\/li>\n<li>Qualit\u00e9 sup\u00e9rieure des composants.<\/li>\n<li>Ecrou porteur en bronze \u00e0 haute r\u00e9sistance \u00e0 l\u2019usure pour garantir une s\u00e9curit\u00e9 totale.<\/li>\n<li>Blocage de bras automatique, d\u00e9gag\u00e9 au sol &#8211; g\u00e9om\u00e9trie conique autobloquante.<\/li>\n<li>Utilisation rapide et simple : L\u2019aire de travail est priv\u00e9e d\u2019obstacles et toutes les op\u00e9rations peuvent \u00eatre effectu\u00e9es en toute s\u00e9curit\u00e9 et confortablement &#8211; Disponible sur demande, une paire de contre-plaques pour les sols non conformes aux exigences d\u2019installation.<\/li>\n<li>Installation intelligente et flexible : Am\u00e9lioration jusqu\u2019\u00e0 20 % du temps d\u2019installation. La synchronisation \u00e9lectronique permet d\u2019\u00e9viter l\u2019installation et le r\u00e9glage du c\u00e2ble d\u2019\u00e9galisation. Les ponts \u00e9l\u00e9vateurs peuvent \u00eatre install\u00e9s de mani\u00e8re flexible gr\u00e2ce \u00e0 trois positions r\u00e9glables en largeur.<\/li>\n<li>Entretien courant minimum : Les pi\u00e8ces de fonctionnement sont con\u00e7ues pour \u00eatre facilement remplac\u00e9es ou entretenues, ce qui r\u00e9duit le co\u00fbt de maintenance et le risque d\u2019erreur sur les composants critiques de s\u00e9curit\u00e9.<\/li>\n<li>Tampons \u00e0 double section avec hauteur minimum de seulement 80 mm.<\/li>\n<\/ul>\n<ul>\n<li>La synchronisation \u00e9lectronique permet d\u2019\u00e9viter l\u2019installation et le r\u00e9glage du c\u00e2ble d\u2019\u00e9galisation.<\/li>\n<li>Blocage de bras automatique, d\u00e9gag\u00e9 au sol &#8211; g\u00e9om\u00e9trie conique autobloquante.<\/li>\n<li>Lubrification permanente et automatique des \u00e9crous, efficace pendant la mont\u00e9e et la descente.<\/li>\n<li>Bras tr\u00e8s abaiss\u00e9s, avec profil parall\u00e8le au sol.<\/li>\n<li>La synchronisation \u00e9lectronique permet d\u2019\u00e9viter l\u2019installation et le r\u00e9glage du c\u00e2ble d\u2019\u00e9galisation.<\/li>\n<\/ul>\n","protected":false},"excerpt":{"rendered":"<p>3,2 t, \u00e9lectrom\u00e9canique, colonnes tourn\u00e9es \u00e0 45\u00b0, bras sym\u00e9trique tr\u00e8s abaiss\u00e9s, TEq-Link, kit d&#8217;\u00e9nergie<\/p>\n","protected":false},"featured_media":355396,"template":"","meta":[],"product_cat":[1033380],"product_tag":[1034163],"product_approvals":[],"product_application":[],"class_list":{"0":"post-384078","1":"product","2":"type-product","3":"status-publish","4":"has-post-thumbnail","6":"product_cat-ponts-elevateurs-a-2-colonnes-fr","7":"product_tag-passenger-cars-fr","9":"first","10":"instock","11":"shipping-taxable","12":"product-type-simple"},"approvals":[],"application":[],"brb_media_brochure":[{"id":355397,"url":"https:\/\/dev.codekraft.it\/rotary-2024\/wp-content\/uploads\/brb_media\/00511046_2-post-lift-spma32-xer-br-132642-de-2023-08-screen.pdf","title":"2 post lift spma32 xer br 132642 de 2023 08 screen","thumbnail":"https:\/\/dev.codekraft.it\/rotary-2024\/wp-content\/uploads\/brb_media\/00511046_2-post-lift-spma32-xer-br-132642-de-2023-08-screen-pdf-106x150.png","description":""},{"id":355398,"url":"https:\/\/dev.codekraft.it\/rotary-2024\/wp-content\/uploads\/brb_media\/00511047_2-post-lift-spma32-xer-br-132643-en-2023-08-screen.pdf","title":"2 post lift spma32 xer br 132643 en 2023 08 screen","thumbnail":"https:\/\/dev.codekraft.it\/rotary-2024\/wp-content\/uploads\/brb_media\/00511047_2-post-lift-spma32-xer-br-132643-en-2023-08-screen-pdf-106x150.png","description":""},{"id":355399,"url":"https:\/\/dev.codekraft.it\/rotary-2024\/wp-content\/uploads\/brb_media\/00511048_2-post-lift-spma32-xer-br-132644-fr-2023-08-screen.pdf","title":"2 post lift spma32 xer br 132644 fr 2023 08 screen","thumbnail":"https:\/\/dev.codekraft.it\/rotary-2024\/wp-content\/uploads\/brb_media\/00511048_2-post-lift-spma32-xer-br-132644-fr-2023-08-screen-pdf-106x150.png","description":""},{"id":355400,"url":"https:\/\/dev.codekraft.it\/rotary-2024\/wp-content\/uploads\/brb_media\/00511049_2-post-lift-spma32-xer-br-132645-it-2023-08-screen.pdf","title":"2 post lift spma32 xer br 132645 it 2023 08 screen","thumbnail":"https:\/\/dev.codekraft.it\/rotary-2024\/wp-content\/uploads\/brb_media\/00511049_2-post-lift-spma32-xer-br-132645-it-2023-08-screen-pdf-106x150.png","description":""},{"id":355401,"url":"https:\/\/dev.codekraft.it\/rotary-2024\/wp-content\/uploads\/brb_media\/00511050_2-post-lift-spma32-xer-br-132646-es-2023-08-screen.pdf","title":"2 post lift spma32 xer br 132646 es 2023 08 screen","thumbnail":"https:\/\/dev.codekraft.it\/rotary-2024\/wp-content\/uploads\/brb_media\/00511050_2-post-lift-spma32-xer-br-132646-es-2023-08-screen-pdf-106x150.png","description":""},{"id":355402,"url":"https:\/\/dev.codekraft.it\/rotary-2024\/wp-content\/uploads\/brb_media\/00511051_2-post-lift-spma32-xer-br-132647-ru-2023-08-screen.pdf","title":"2 post lift spma32 xer br 132647 ru 2023 08 screen","thumbnail":"https:\/\/dev.codekraft.it\/rotary-2024\/wp-content\/uploads\/brb_media\/00511051_2-post-lift-spma32-xer-br-132647-ru-2023-08-screen-pdf-106x150.png","description":""},{"id":354037,"url":"https:\/\/dev.codekraft.it\/rotary-2024\/wp-content\/uploads\/brb_media\/00510094_tomorrow-series-end-user-flyer-de-2023-07-screen.pdf","title":"Tomorrow series end user flyer de 2023 07 screen","thumbnail":"https:\/\/dev.codekraft.it\/rotary-2024\/wp-content\/uploads\/brb_media\/00510094_tomorrow-series-end-user-flyer-de-2023-07-screen-pdf-106x150.png","description":""},{"id":354038,"url":"https:\/\/dev.codekraft.it\/rotary-2024\/wp-content\/uploads\/brb_media\/00510093_tomorrow-series-end-user-flyer-en-2023-07-screen.pdf","title":"Tomorrow series end user flyer en 2023 07 screen","thumbnail":"https:\/\/dev.codekraft.it\/rotary-2024\/wp-content\/uploads\/brb_media\/00510093_tomorrow-series-end-user-flyer-en-2023-07-screen-pdf-106x150.png","description":""},{"id":354040,"url":"https:\/\/dev.codekraft.it\/rotary-2024\/wp-content\/uploads\/brb_media\/00510096_tomorrow-series-end-user-flyer-fr-2023-07-screen.pdf","title":"Tomorrow series end user flyer fr 2023 07 screen","thumbnail":"https:\/\/dev.codekraft.it\/rotary-2024\/wp-content\/uploads\/brb_media\/00510096_tomorrow-series-end-user-flyer-fr-2023-07-screen-pdf-106x150.png","description":""},{"id":354041,"url":"https:\/\/dev.codekraft.it\/rotary-2024\/wp-content\/uploads\/brb_media\/00510097_tomorrow-series-end-user-flyer-it-2023-07-screen.pdf","title":"Tomorrow series end user flyer it 2023 07 screen","thumbnail":"https:\/\/dev.codekraft.it\/rotary-2024\/wp-content\/uploads\/brb_media\/00510097_tomorrow-series-end-user-flyer-it-2023-07-screen-pdf-106x150.png","description":""},{"id":354039,"url":"https:\/\/dev.codekraft.it\/rotary-2024\/wp-content\/uploads\/brb_media\/00510095_tomorrow-series-end-user-flyer-es-2023-07-screen.pdf","title":"Tomorrow series end user flyer es 2023 07 screen","thumbnail":"https:\/\/dev.codekraft.it\/rotary-2024\/wp-content\/uploads\/brb_media\/00510095_tomorrow-series-end-user-flyer-es-2023-07-screen-pdf-106x150.png","description":""},{"id":354042,"url":"https:\/\/dev.codekraft.it\/rotary-2024\/wp-content\/uploads\/brb_media\/00510098_tomorrow-series-end-user-flyer-ru-2023-07-screen.pdf","title":"Tomorrow series end user flyer ru 2023 07 screen","thumbnail":"https:\/\/dev.codekraft.it\/rotary-2024\/wp-content\/uploads\/brb_media\/00510098_tomorrow-series-end-user-flyer-ru-2023-07-screen-pdf-106x150.png","description":""}],"brb_media_drawing":[{"id":355403,"url":"https:\/\/dev.codekraft.it\/rotary-2024\/wp-content\/uploads\/brb_media\/00510294_2-post-lift-spma32-xer-td-0473_0714_0_02-en-2022-05.pdf","title":"2 post lift spma32 xer td 0473 0714 0 02 en 2022 05","thumbnail":"https:\/\/dev.codekraft.it\/rotary-2024\/wp-content\/uploads\/brb_media\/00510294_2-post-lift-spma32-xer-td-0473_0714_0_02-en-2022-05-pdf-150x107.png","description":""}],"brb_media_manuals":[{"id":354046,"url":"https:\/\/dev.codekraft.it\/rotary-2024\/wp-content\/uploads\/brb_media\/00510236_2-post-lifts-spma32-spma35-im-0473-m004-0-rev2-multi-2023-06.pdf","title":"2 post lifts spma32 spma35 im 0473 m004 0 rev2 multi 2023 06","thumbnail":"https:\/\/dev.codekraft.it\/rotary-2024\/wp-content\/uploads\/brb_media\/00510236_2-post-lifts-spma32-spma35-im-0473-m004-0-rev2-multi-2023-06-pdf-106x150.png","description":""}],"brb_media_safety_datasheets":"","brb_media_spare_parts":[],"_cdmm_p_id":"502957","_company":"Elektron","_gtin":"4057612923001","accessories":[{"id":383984,"cdmm_p_id":"502815","name":"Bac pour les outils","description":"Aimant\u00e9es | ensemble de plateaux | 1 jeu \/ 4 pi\u00e8ces","thumbnail":"https:\/\/dev.codekraft.it\/rotary-2024\/wp-content\/uploads\/brb_media\/00509504_2-post-lift-vsg2call902641-mi-150x150.png","url":"https:\/\/dev.codekraft.it\/rotary-2024\/fr\/produits\/accessoires-ponts-elevateurs-fr\/accessoires-ponts-elevateurs-a-2-colonnes-fr\/bac-pour-les-outils\/"},{"id":381088,"cdmm_p_id":"497214","name":"Kit tampons","description":"Plaque de support, support en caoutchouc, rond | \u00d8 80 mm | 1 jeu \/ 4 pi\u00e8ces","thumbnail":"https:\/\/dev.codekraft.it\/rotary-2024\/wp-content\/uploads\/brb_media\/00535980_2-post-lift-fj6216c-mi-150x150.png","url":"https:\/\/dev.codekraft.it\/rotary-2024\/fr\/produits\/accessoires-ponts-elevateurs-fr\/systemes-de-transport-prise-de-charge-fr\/kit-tampons-7\/"},{"id":382528,"cdmm_p_id":"500905","name":"Kit tampons","description":"Plaque de support, support en caoutchouc, rectangulaire | pour Tesla | 1 jeu \/ 4 pi\u00e8ces","thumbnail":"https:\/\/dev.codekraft.it\/rotary-2024\/wp-content\/uploads\/brb_media\/00505100_2-post-lift-vsg2call901538-mi-150x150.png","url":"https:\/\/dev.codekraft.it\/rotary-2024\/fr\/produits\/accessoires-ponts-elevateurs-fr\/systemes-de-transport-prise-de-charge-fr\/kit-tampons-8\/"},{"id":382534,"cdmm_p_id":"500906","name":"Kit tampons","description":"Plateau, champignon de centrage | pour Fiat 500E, 500 ABARTH | 2 niveaux | 1 jeu \/ 4 pi\u00e8ces","thumbnail":"https:\/\/dev.codekraft.it\/rotary-2024\/wp-content\/uploads\/brb_media\/00505105_2-post-lift-vsg2call902023-mi-150x150.png","url":"https:\/\/dev.codekraft.it\/rotary-2024\/fr\/produits\/accessoires-ponts-elevateurs-fr\/systemes-de-transport-prise-de-charge-fr\/kit-tampons-9\/"},{"id":382540,"cdmm_p_id":"500907","name":"Kit tampons","description":"Prisme | pour VW-MEB-Platform-V\u00e9hicules \u00e9lectriques | 1 jeu \/ 4 pi\u00e8ce","thumbnail":"https:\/\/dev.codekraft.it\/rotary-2024\/wp-content\/uploads\/brb_media\/00509505_2-post-lift-vsg2call902146-mi-150x150.png","url":"https:\/\/dev.codekraft.it\/rotary-2024\/fr\/produits\/accessoires-ponts-elevateurs-fr\/systemes-de-transport-prise-de-charge-fr\/kit-tampons-10\/"},{"id":382564,"cdmm_p_id":"500912","name":"Kit tampons","description":"Plateau, logement en U | 1 jeu \/ 4 pi\u00e8ces","thumbnail":"https:\/\/dev.codekraft.it\/rotary-2024\/wp-content\/uploads\/brb_media\/00505104_2-post-lift-vsg2call901330-mi-150x150.png","url":"https:\/\/dev.codekraft.it\/rotary-2024\/fr\/produits\/accessoires-ponts-elevateurs-fr\/systemes-de-transport-prise-de-charge-fr\/kit-tampons-11\/"},{"id":382546,"cdmm_p_id":"500908","name":"Entretoises pour tampons pour \u00e9l\u00e9vateurs \u00e9lectrom\u00e9caniques","description":"4 x 89 mm, 4 x 127 mm, y compris 2 supports pour le montage sur les colonnes | 1 jeu \/ 8 pi\u00e8ces","thumbnail":"https:\/\/dev.codekraft.it\/rotary-2024\/wp-content\/uploads\/brb_media\/00508736_2-post-lift-vsg2call901071-mi-150x150.png","url":"https:\/\/dev.codekraft.it\/rotary-2024\/fr\/produits\/accessoires-ponts-elevateurs-fr\/accessoires-ponts-elevateurs-a-2-colonnes-fr\/entretoises-pour-tampons-pour-elevateurs-electromecaniques\/"},{"id":382552,"cdmm_p_id":"500909","name":"Entretoises pour tampons","description":"4 x 200 mm, y compris support pour le montage sur les colonnes | 1 jeu \/ 4 pi\u00e8ces","thumbnail":"https:\/\/dev.codekraft.it\/rotary-2024\/wp-content\/uploads\/brb_media\/00505099_2-post-lift-vsg2call901248-mi-150x150.png","url":"https:\/\/dev.codekraft.it\/rotary-2024\/fr\/produits\/accessoires-ponts-elevateurs-fr\/accessoires-ponts-elevateurs-a-2-colonnes-fr\/entretoises-pour-tampons\/"},{"id":382558,"cdmm_p_id":"500910","name":"Kit adaptateurs","description":"Kit adaptateurs pour tampons pour prise chassis \u00d8 120 mm (1 jeu, 2 pi\u00e8ces), pour plateau tournant","thumbnail":"https:\/\/dev.codekraft.it\/rotary-2024\/wp-content\/uploads\/brb_media\/00524050_2-post-lift-fj6353-1-mi-150x150.png","url":"https:\/\/dev.codekraft.it\/rotary-2024\/fr\/produits\/accessoires-ponts-elevateurs-fr\/accessoires-ponts-elevateurs-a-2-colonnes-fr\/kit-adaptateurs\/"},{"id":383972,"cdmm_p_id":"502811","name":"Kit de supports pour rehausser les v\u00e9hicules","description":"Hauteur de rampe 60 mm, pour v\u00e9hicules extr\u00eamement bas | 1 jeu \/ 2 pi\u00e8ces","thumbnail":"https:\/\/dev.codekraft.it\/rotary-2024\/wp-content\/uploads\/brb_media\/00509501_2-post-lift-vsg2call902818-mi-150x150.png","url":"https:\/\/dev.codekraft.it\/rotary-2024\/fr\/produits\/accessoires-ponts-elevateurs-fr\/accessoires-ponts-elevateurs-a-2-colonnes-fr\/kit-de-supports-pour-rehausser-les-vehicules\/"},{"id":383978,"cdmm_p_id":"502814","name":"Kit de supports pour le contr\u00f4le de g\u00e9om\u00e9trie","description":"1 jeu \/ 4 pi\u00e8ces","thumbnail":"https:\/\/dev.codekraft.it\/rotary-2024\/wp-content\/uploads\/brb_media\/00509503_2-post-lift-vsg2call902085-mi-150x150.png","url":"https:\/\/dev.codekraft.it\/rotary-2024\/fr\/produits\/accessoires-ponts-elevateurs-fr\/accessoires-ponts-elevateurs-a-2-colonnes-fr\/kit-de-supports-pour-le-controle-de-geometrie\/"},{"id":382583,"cdmm_p_id":"500916","name":"Anneau pour le d\u00e9placement des colonnes","description":"3,5 t - 4,2 t | Facilite l'installation du pont \u00e9l\u00e9vateur ; r\u00e9utilisable pour d'autres installations | 1 jeu","thumbnail":"https:\/\/dev.codekraft.it\/rotary-2024\/wp-content\/uploads\/brb_media\/00512726_2-post-lift-vsg2celm901927-mi-01-150x150.png","url":"https:\/\/dev.codekraft.it\/rotary-2024\/fr\/produits\/accessoires-ponts-elevateurs-fr\/accessoires-ponts-elevateurs-a-2-colonnes-fr\/anneau-pour-le-deplacement-des-colonnes\/"},{"id":382577,"cdmm_p_id":"500915","name":"R\u00e9glage de la hauteur de la barre transversale","description":"Kit pour augmenter la hauteur de passage a\u00e9rien des c\u00e2bles jusqu'\u00e0 + 1,5 m | pour les plateformes \u00e0 vis | 1 jeu","thumbnail":"https:\/\/dev.codekraft.it\/rotary-2024\/wp-content\/uploads\/brb_media\/00509506_2-post-lift-vsg2celm902344-mi-150x150.png","url":"https:\/\/dev.codekraft.it\/rotary-2024\/fr\/produits\/accessoires-ponts-elevateurs-fr\/accessoires-ponts-elevateurs-a-2-colonnes-fr\/reglage-de-la-hauteur-de-la-barre-transversale\/"},{"id":382571,"cdmm_p_id":"500914","name":"Kit plaques de r\u00e9partition","description":"3,5 t | permet d'installer le pont \u00e9l\u00e9vateur m\u00eame sur de dalle de faible \u00e9paisseur | 1 jeu \/ 2 pi\u00e8ces","thumbnail":"https:\/\/dev.codekraft.it\/rotary-2024\/wp-content\/uploads\/brb_media\/00533778_2-post-lift-vsg-2call-901378-mi-150x150.png","url":"https:\/\/dev.codekraft.it\/rotary-2024\/fr\/produits\/accessoires-ponts-elevateurs-fr\/accessoires-ponts-elevateurs-a-2-colonnes-fr\/kit-plaques-de-repartition\/"},{"id":382849,"cdmm_p_id":"502422","name":"Passage des c\u00e2bles au sol","description":"Permet d'enterrer les c\u00e2bles de connexion | 1 pi\u00e8ce","thumbnail":"https:\/\/dev.codekraft.it\/rotary-2024\/wp-content\/uploads\/brb_media\/00507202_2-post-lift-vsg2celm902498-mi-150x150.png","url":"https:\/\/dev.codekraft.it\/rotary-2024\/fr\/produits\/accessoires-ponts-elevateurs-fr\/accessoires-ponts-elevateurs-a-2-colonnes-fr\/passage-des-cables-au-sol\/"},{"id":384184,"cdmm_p_id":"503070","name":"Kit tampons","description":"Prisme | pour Mercedes Classe G - l'avant et l'arri\u00e8re | 1 jeu \/ 4 pi\u00e8ces","thumbnail":"https:\/\/dev.codekraft.it\/rotary-2024\/wp-content\/uploads\/brb_media\/00511001_2-post-lift-vsg2call901859-mi-150x150.png","url":"https:\/\/dev.codekraft.it\/rotary-2024\/fr\/produits\/accessoires-ponts-elevateurs-fr\/systemes-de-transport-prise-de-charge-fr\/kit-tampons-14\/"},{"id":384178,"cdmm_p_id":"503068","name":"Kit tampons","description":"Mandrin | pour Fiat Ducato, Peugeot Boxer, Citro\u00ebn Jumper - avant et arri\u00e8re | 1 jeu \/ 4 pi\u00e8ces","thumbnail":"https:\/\/dev.codekraft.it\/rotary-2024\/wp-content\/uploads\/brb_media\/00510999_2-post-lift-vsg2call901606-mi-150x150.png","url":"https:\/\/dev.codekraft.it\/rotary-2024\/fr\/produits\/accessoires-ponts-elevateurs-fr\/systemes-de-transport-prise-de-charge-fr\/kit-tampons-13\/"},{"id":384172,"cdmm_p_id":"503067","name":"Kit tampons","description":"Prisme, mandrin | pour Mercedes Sprinter, VW Crafter | 1 jeu \/ 6 pi\u00e8ces","thumbnail":"https:\/\/dev.codekraft.it\/rotary-2024\/wp-content\/uploads\/brb_media\/00511000_2-post-lift-vsg2call901712-mi-150x150.png","url":"https:\/\/dev.codekraft.it\/rotary-2024\/fr\/produits\/accessoires-ponts-elevateurs-fr\/systemes-de-transport-prise-de-charge-fr\/kit-tampons-12\/"},{"id":384502,"cdmm_p_id":"503750","name":"Kit tampons","description":"Plaque de support, patin en caoutchouc, r\u00e9glable - pour un positionnement rapide sur 4 hauteurs | 4 \u00e9tages  | 1 jeu \/ 4 pi\u00e8ces","thumbnail":"https:\/\/dev.codekraft.it\/rotary-2024\/wp-content\/uploads\/brb_media\/00533780_2-post-lift-vsg-2call-902276-mi-01-150x150.png","url":"https:\/\/dev.codekraft.it\/rotary-2024\/fr\/produits\/accessoires-ponts-elevateurs-fr\/accessoires-ponts-elevateurs-a-2-colonnes-fr\/kit-tampons-15\/"},{"id":384190,"cdmm_p_id":"503071","name":"Support d&#039;outil","description":"Support pour outillage pneumatique, ergonomique","thumbnail":"https:\/\/dev.codekraft.it\/rotary-2024\/wp-content\/uploads\/brb_media\/00511003_2-post-lift-vsg2call902511-mi-150x150.png","url":"https:\/\/dev.codekraft.it\/rotary-2024\/fr\/produits\/accessoires-ponts-elevateurs-fr\/accessoires-ponts-elevateurs-a-2-colonnes-fr\/support-doutil\/"},{"id":384160,"cdmm_p_id":"503065","name":"Plaques de r\u00e9partition","description":"3,2 t | permet d'installer le pont \u00e9l\u00e9vateur m\u00eame sur de dalle de faible \u00e9paisseur | 1 jeu \/ 2 pi\u00e8ces","thumbnail":"https:\/\/dev.codekraft.it\/rotary-2024\/wp-content\/uploads\/brb_media\/00533777_2-post-lift-vsg-2call-901361-mi-150x150.png","url":"https:\/\/dev.codekraft.it\/rotary-2024\/fr\/produits\/accessoires-ponts-elevateurs-fr\/accessoires-ponts-elevateurs-a-2-colonnes-fr\/plaques-de-repartition-2\/"}],"components":[],"related":[],"similar":[{"id":381652,"cdmm_p_id":"499569","name":"Pont \u00e9l\u00e9vateur \u00e0 2 colonnes SPMA32-X","description":"3,2 t, \u00e9lectrom\u00e9canique, colonnes tourn\u00e9es \u00e0 45\u00b0, asym\u00e9trique, bras longs \u00e0 2 sections, bras courts \u00e0 3 sections, TEq-Link","thumbnail":"https:\/\/dev.codekraft.it\/rotary-2024\/wp-content\/uploads\/brb_media\/00509790_2-post-lifts-spma32-35-mi-01-150x150.png","url":"https:\/\/dev.codekraft.it\/rotary-2024\/fr\/produits\/ponts-elevateurs-fr\/ponts-elevateurs-a-2-colonnes-fr\/pont-elevateur-a-2-colonnes-spma32-x\/"}],"page_logo_src":"https:\/\/dev.codekraft.it\/rotary-2024\/wp-content\/uploads\/2024\/05\/cropped-rotary-logo-2022.png","lang":"fr","translations":{"fr":384078,"en":384076,"de":384077,"it":384079,"es":384080,"ru":384081},"pll_sync_post":[],"_links":{"self":[{"href":"https:\/\/dev.codekraft.it\/rotary-2024\/wp-json\/wp\/v2\/product\/384078","targetHints":{"allow":["GET"]}}],"collection":[{"href":"https:\/\/dev.codekraft.it\/rotary-2024\/wp-json\/wp\/v2\/product"}],"about":[{"href":"https:\/\/dev.codekraft.it\/rotary-2024\/wp-json\/wp\/v2\/types\/product"}],"wp:featuredmedia":[{"embeddable":true,"href":"https:\/\/dev.codekraft.it\/rotary-2024\/wp-json\/wp\/v2\/media\/355396"}],"wp:attachment":[{"href":"https:\/\/dev.codekraft.it\/rotary-2024\/wp-json\/wp\/v2\/media?parent=384078"}],"wp:term":[{"taxonomy":"product_cat","embeddable":true,"href":"https:\/\/dev.codekraft.it\/rotary-2024\/wp-json\/wp\/v2\/product_cat?post=384078"},{"taxonomy":"product_tag","embeddable":true,"href":"https:\/\/dev.codekraft.it\/rotary-2024\/wp-json\/wp\/v2\/product_tag?post=384078"},{"taxonomy":"product_approvals","embeddable":true,"href":"https:\/\/dev.codekraft.it\/rotary-2024\/wp-json\/wp\/v2\/product_approvals?post=384078"},{"taxonomy":"product_application","embeddable":true,"href":"https:\/\/dev.codekraft.it\/rotary-2024\/wp-json\/wp\/v2\/product_application?post=384078"}],"curies":[{"name":"wp","href":"https:\/\/api.w.org\/{rel}","templated":true}]}}