{"id":384071,"date":"2025-12-11T10:04:35","date_gmt":"2025-12-11T10:04:35","guid":{"rendered":"https:\/\/dev.codekraft.it\/rotary-2024\/products\/uncategorized\/2-saulen-hebebuhne-spma35-xev\/"},"modified":"2025-12-11T10:04:35","modified_gmt":"2025-12-11T10:04:35","slug":"2-saulen-hebebuhne-spma35-xev","status":"publish","type":"product","link":"https:\/\/dev.codekraft.it\/rotary-2024\/produkte\/hebebuhnen-de\/2-saulen-hebebuhnen-de\/2-saulen-hebebuhne-spma35-xev\/","title":{"rendered":"2-S\u00e4ulen-Hebeb\u00fchne SPMA35-XEV"},"content":{"rendered":"<ol>\n<li>Tomorrow Series &#8211; The way to the Future<\/li>\n<\/ol>\n<ul>\n<li>Zuverl\u00e4ssig und leistungsstark: Gleichbleibende Leistung auch unter anspruchsvollen Bedingungen<\/li>\n<li>Flexibel und vielseitig: Drei m\u00f6gliche Aufbaubreiten decken jeden Werkstattbedarf ab und eignen sich f\u00fcr eine Vielzahl von verschiedenen Fahrzeugen<\/li>\n<li>Modern und hochwertig: Ein moderner Look trifft auf die hochwertige Qualit\u00e4t der Komponenten<\/li>\n<\/ul>\n<p>Verbesserte Technologie in modernem Design: Die 2-S\u00e4ule-Hebeb\u00fchnen der Tomorrow-Serie von Rotary f\u00fchren Ihre Werkstatt direkt in die Zukunft. Mit 20000 Hub-Zyklen getestet und f\u00fcr die Online-Internetverbindung TEq-Link konzipiert, ist Ihre Werkstatt auf alle zuk\u00fcnftigen Innovationen vorbereitet.<\/p>\n<ul>\n<li>Das automatische Arretiersystem garantiert maximale Sicherheit und Stabilit\u00e4t.<\/li>\n<li>Die innovativen Tragarme mit niedrigem Profil und Knickst\u00fcck am Ende gew\u00e4hrleisten eine hohe Nutzungsflexibilit\u00e4t, wodurch praktisch jeder Fahrzeugtyp auf der Hebeb\u00fchne angehoben werden kann.<\/li>\n<li>Perfekt f\u00fcr Elektrofahrzeuge: Dank dem Knickarm ist ein direkter Zugriff auf das Batteriepaket m\u00f6glich, sodass es problemlos ausgebaut werden kann.<\/li>\n<li>Steuerung und Energie-Set auf beiden S\u00e4ulen.<\/li>\n<li>Die Bewegung des Hubschlittens wird durch eine gerollte Spindel aus Stahl und eine Tragemutter aus Bronze mit automatischer Schmierung sichergestellt.<\/li>\n<li>Ideal f\u00fcr Sportwagen mit tiefergelegter Karosserie: Dank dem drehenden Knickarm ist es m\u00f6glich, jede Aufnahmepunkte problemlos zu erreichen; dadurch wird jeder Kontakt zwischen dem Fahrzeugunterbau und dem Tragarm selbst vermieden.<\/li>\n<li>Der Platzbedarf des Tragarms ist minimal, sodass man ohne Behinderungen an der Unterseite des Fahrzeugaufbaus sowie an Teilen wie R\u00e4der, Bremsen und Sto\u00dfd\u00e4mpfern arbeiten kann.<\/li>\n<li>In Kombination mit einem Hubtisch der Baureihe Master Gear\u00a0lassen sich auch solche Fahrzeugkomponenten handhaben, die aus strukturellen Gr\u00fcnden nur von unten in das Fahrzeug eingebaut\/daraus entfernt werden k\u00f6nnen.<\/li>\n<li>Smarter und flexibler Aufbau: Bis zu 20\u00a0% k\u00fcrzere Installationszeit. Durch die elektronische Synchronisierung werden der Einbau und die Einstellung des Ausgleichsseils \u00fcberfl\u00fcssig. Die Hebeb\u00fchnen k\u00f6nnen durch die drei breitenverstellbaren Aufbaupositionen flexibel installiert werden.<\/li>\n<li>Der Knickarm kann je nach vorliegendem Fahrzeugtyp im Handumdrehen entsprechend eingestellt werden.\n<ul>\n<li>Einsatz im Standardmodus<\/li>\n<li>Einsatz mit Knick bis auf 90\u00b0<\/li>\n<\/ul>\n<\/li>\n<\/ul>\n<ul>\n<li>Innovative Geometrie der symmetrischen Tragarme mit Knickst\u00fcck am Ende (Patent angemeldet).<\/li>\n<li>Die perfekte L\u00f6sung f\u00fcr die Einrichtung eines universellen Arbeitsplatzes.<\/li>\n<li>Hochbest\u00e4ndige und langlebige Materialien.<\/li>\n<li>Kompaktes und platzsparendes Design.<\/li>\n<li>Breites Aufnahmespektrum &#8211; Vom klassischen Kleinstfahrzeug bis zum Sportwagen und Transporter mit langem Radstand.<\/li>\n<\/ul>\n","protected":false},"excerpt":{"rendered":"<p>3,5 t, elektromechanisch, asymmetrisch, Doppelsteuerpult, 45\u00b0 gedrehte S\u00e4ulen, EV-Arme, TEq-Link, Energie-Kit<\/p>\n","protected":false},"featured_media":355369,"template":"","meta":[],"product_brand":[],"product_cat":[1033360],"product_tag":[1034161,1034178],"product_approvals":[],"product_application":[],"class_list":{"0":"post-384071","1":"product","2":"type-product","3":"status-publish","4":"has-post-thumbnail","6":"product_cat-2-saulen-hebebuhnen-de","7":"product_tag-passenger-cars-de","8":"product_tag-light-commercial-de","10":"first","11":"instock","12":"shipping-taxable","13":"product-type-simple"},"approvals":[],"application":[],"brb_media_brochure":[{"id":384062,"url":"https:\/\/dev.codekraft.it\/rotary-2024\/wp-content\/uploads\/brb_media\/00551271_2-post-lift-spma35-xev-br-de-2025-11.pdf","title":"2 Post Lift SPMA35 XEV BR DE 2025 11","mpn":"","thumbnail":"https:\/\/dev.codekraft.it\/rotary-2024\/wp-content\/uploads\/brb_media\/00551271_2-post-lift-spma35-xev-br-de-2025-11-pdf-106x150.png","description":""},{"id":384063,"url":"https:\/\/dev.codekraft.it\/rotary-2024\/wp-content\/uploads\/brb_media\/00551272_2-post-lift-spma35-xev-br-en-2025-11.pdf","title":"2 Post Lift SPMA35 XEV BR EN 2025 11","mpn":"","thumbnail":"https:\/\/dev.codekraft.it\/rotary-2024\/wp-content\/uploads\/brb_media\/00551272_2-post-lift-spma35-xev-br-en-2025-11-pdf-106x150.png","description":""},{"id":384064,"url":"https:\/\/dev.codekraft.it\/rotary-2024\/wp-content\/uploads\/brb_media\/00551274_2-post-lift-spma35-xev-br-fr-2025-11.pdf","title":"2 Post Lift SPMA35 XEV BR FR 2025 11","mpn":"","thumbnail":"https:\/\/dev.codekraft.it\/rotary-2024\/wp-content\/uploads\/brb_media\/00551274_2-post-lift-spma35-xev-br-fr-2025-11-pdf-106x150.png","description":""},{"id":384065,"url":"https:\/\/dev.codekraft.it\/rotary-2024\/wp-content\/uploads\/brb_media\/00551275_2-post-lift-spma35-xev-br-it-2025-11.pdf","title":"2 Post Lift SPMA35 XEV BR IT 2025 11","mpn":"","thumbnail":"https:\/\/dev.codekraft.it\/rotary-2024\/wp-content\/uploads\/brb_media\/00551275_2-post-lift-spma35-xev-br-it-2025-11-pdf-106x150.png","description":""},{"id":384066,"url":"https:\/\/dev.codekraft.it\/rotary-2024\/wp-content\/uploads\/brb_media\/00551273_2-post-lift-spma35-xev-br-es-2025-11.pdf","title":"2 Post Lift SPMA35 XEV BR ES 2025 11","mpn":"","thumbnail":"https:\/\/dev.codekraft.it\/rotary-2024\/wp-content\/uploads\/brb_media\/00551273_2-post-lift-spma35-xev-br-es-2025-11-pdf-106x150.png","description":""},{"id":384067,"url":"https:\/\/dev.codekraft.it\/rotary-2024\/wp-content\/uploads\/brb_media\/00551276_2-post-lift-spma35-xev-br-ru-2025-11.pdf","title":"2 Post Lift SPMA35 XEV BR RU 2025 11","mpn":"","thumbnail":"https:\/\/dev.codekraft.it\/rotary-2024\/wp-content\/uploads\/brb_media\/00551276_2-post-lift-spma35-xev-br-ru-2025-11-pdf-106x150.png","description":""},{"id":354037,"url":"https:\/\/dev.codekraft.it\/rotary-2024\/wp-content\/uploads\/brb_media\/00510094_tomorrow-series-end-user-flyer-de-2023-07-screen.pdf","title":"Tomorrow series end user flyer de 2023 07 screen","mpn":"","thumbnail":"https:\/\/dev.codekraft.it\/rotary-2024\/wp-content\/uploads\/brb_media\/00510094_tomorrow-series-end-user-flyer-de-2023-07-screen-pdf-106x150.png","description":""},{"id":354038,"url":"https:\/\/dev.codekraft.it\/rotary-2024\/wp-content\/uploads\/brb_media\/00510093_tomorrow-series-end-user-flyer-en-2023-07-screen.pdf","title":"Tomorrow series end user flyer en 2023 07 screen","mpn":"","thumbnail":"https:\/\/dev.codekraft.it\/rotary-2024\/wp-content\/uploads\/brb_media\/00510093_tomorrow-series-end-user-flyer-en-2023-07-screen-pdf-106x150.png","description":""},{"id":354040,"url":"https:\/\/dev.codekraft.it\/rotary-2024\/wp-content\/uploads\/brb_media\/00510096_tomorrow-series-end-user-flyer-fr-2023-07-screen.pdf","title":"Tomorrow series end user flyer fr 2023 07 screen","mpn":"","thumbnail":"https:\/\/dev.codekraft.it\/rotary-2024\/wp-content\/uploads\/brb_media\/00510096_tomorrow-series-end-user-flyer-fr-2023-07-screen-pdf-106x150.png","description":""},{"id":354041,"url":"https:\/\/dev.codekraft.it\/rotary-2024\/wp-content\/uploads\/brb_media\/00510097_tomorrow-series-end-user-flyer-it-2023-07-screen.pdf","title":"Tomorrow series end user flyer it 2023 07 screen","mpn":"","thumbnail":"https:\/\/dev.codekraft.it\/rotary-2024\/wp-content\/uploads\/brb_media\/00510097_tomorrow-series-end-user-flyer-it-2023-07-screen-pdf-106x150.png","description":""},{"id":354039,"url":"https:\/\/dev.codekraft.it\/rotary-2024\/wp-content\/uploads\/brb_media\/00510095_tomorrow-series-end-user-flyer-es-2023-07-screen.pdf","title":"Tomorrow series end user flyer es 2023 07 screen","mpn":"","thumbnail":"https:\/\/dev.codekraft.it\/rotary-2024\/wp-content\/uploads\/brb_media\/00510095_tomorrow-series-end-user-flyer-es-2023-07-screen-pdf-106x150.png","description":""},{"id":354042,"url":"https:\/\/dev.codekraft.it\/rotary-2024\/wp-content\/uploads\/brb_media\/00510098_tomorrow-series-end-user-flyer-ru-2023-07-screen.pdf","title":"Tomorrow series end user flyer ru 2023 07 screen","mpn":"","thumbnail":"https:\/\/dev.codekraft.it\/rotary-2024\/wp-content\/uploads\/brb_media\/00510098_tomorrow-series-end-user-flyer-ru-2023-07-screen-pdf-106x150.png","description":""}],"brb_media_drawing":[{"id":355378,"url":"https:\/\/dev.codekraft.it\/rotary-2024\/wp-content\/uploads\/brb_media\/00511186_2-post-lift-spma35-xev-td-0473_0718_0_02_-x0-en-2023-09.pdf","title":"2 post lift spma35 xev td 0473 0718 0 02 x0 en 2023 09","mpn":"","thumbnail":"https:\/\/dev.codekraft.it\/rotary-2024\/wp-content\/uploads\/brb_media\/00511186_2-post-lift-spma35-xev-td-0473_0718_0_02_-x0-en-2023-09-pdf-150x107.png","description":""}],"brb_media_manuals":[{"id":354046,"url":"https:\/\/dev.codekraft.it\/rotary-2024\/wp-content\/uploads\/brb_media\/00510236_2-post-lifts-spma32-spma35-im-0473-m004-0-rev2-multi-2023-06.pdf","title":"2 post lifts spma32 spma35 im 0473 m004 0 rev2 multi 2023 06","mpn":"","thumbnail":"https:\/\/dev.codekraft.it\/rotary-2024\/wp-content\/uploads\/brb_media\/00510236_2-post-lifts-spma32-spma35-im-0473-m004-0-rev2-multi-2023-06-pdf-106x150.png","description":""}],"brb_media_safety_datasheets":"","brb_media_spare_parts":[],"_cdmm_p_id":"502953","_company":"Elektron","_gtin":"5063084199416","accessories":[{"id":383983,"mpn":"VSG.2CALL.902641","name":"Werkzeug-Ablageschalen","description":"Magnetisch | 1 Satz \/ 2 St\u00fcck","thumbnail":"https:\/\/dev.codekraft.it\/rotary-2024\/wp-content\/uploads\/brb_media\/00509504_2-post-lift-vsg2call902641-mi-150x150.png","url":"https:\/\/dev.codekraft.it\/rotary-2024\/produkte\/zubehor-hebebuhnen-de\/zubehor-2-saulen-hebebuhnen-de\/werkzeug-ablageschalen\/"},{"id":381087,"mpn":"FJ6216C","name":"Aufnahmeadapter","description":"Tragteller, Gummiauflage, rund | \u00d8 80 mm | 1 Satz \/ 4 St\u00fcck","thumbnail":"https:\/\/dev.codekraft.it\/rotary-2024\/wp-content\/uploads\/brb_media\/00535980_2-post-lift-fj6216c-mi-150x150.png","url":"https:\/\/dev.codekraft.it\/rotary-2024\/produkte\/zubehor-hebebuhnen-de\/lastaufnahmemittel-de\/aufnahmeadapter-7\/"},{"id":382527,"mpn":"VSG.2CALL.901538","name":"Aufnahmeadapter","description":"Tragteller, Gummiauflage, rechteckig | f\u00fcr Tesla | 1 Satz \/ 4 St\u00fcck","thumbnail":"https:\/\/dev.codekraft.it\/rotary-2024\/wp-content\/uploads\/brb_media\/00505100_2-post-lift-vsg2call901538-mi-150x150.png","url":"https:\/\/dev.codekraft.it\/rotary-2024\/produkte\/zubehor-hebebuhnen-de\/lastaufnahmemittel-de\/aufnahmeadapter-8\/"},{"id":382533,"mpn":"VSG.2CALL.902023","name":"Aufnahmeadapter","description":"Tragteller, Zentrierpilz | f\u00fcr Fiat 500E, 500 ABARTH | 2-stufig | 1 Satz \/ 4 St\u00fcck","thumbnail":"https:\/\/dev.codekraft.it\/rotary-2024\/wp-content\/uploads\/brb_media\/00505105_2-post-lift-vsg2call902023-mi-150x150.png","url":"https:\/\/dev.codekraft.it\/rotary-2024\/produkte\/zubehor-hebebuhnen-de\/lastaufnahmemittel-de\/aufnahmeadapter-9\/"},{"id":382539,"mpn":"VSG.2CALL.902146","name":"Aufnahmeadapter","description":"Prisma | f\u00fcr VW-MEB-Plattform-E-Fahrzeuge | 1 Satz \/ 4 St\u00fcck","thumbnail":"https:\/\/dev.codekraft.it\/rotary-2024\/wp-content\/uploads\/brb_media\/00509505_2-post-lift-vsg2call902146-mi-150x150.png","url":"https:\/\/dev.codekraft.it\/rotary-2024\/produkte\/zubehor-hebebuhnen-de\/lastaufnahmemittel-de\/aufnahmeadapter-10\/"},{"id":382563,"mpn":"VSG.2CALL.901330","name":"Aufnahmeadapter","description":"Tragteller, U-Aufnahme | 1 Satz \/ 4 St\u00fcck","thumbnail":"https:\/\/dev.codekraft.it\/rotary-2024\/wp-content\/uploads\/brb_media\/00505104_2-post-lift-vsg2call901330-mi-150x150.png","url":"https:\/\/dev.codekraft.it\/rotary-2024\/produkte\/zubehor-hebebuhnen-de\/lastaufnahmemittel-de\/aufnahmeadapter-11\/"},{"id":382545,"mpn":"VSG.2CALL.901071","name":"Adapterverl\u00e4ngerungen f\u00fcr elektromechanische Hebeb\u00fchnen","description":"4 x 89 mm, 4 x 127 mm, inkl. 2 Halterungen zur Montage an den S\u00e4ulen | 1 Satz \/ 8 St\u00fcck","thumbnail":"https:\/\/dev.codekraft.it\/rotary-2024\/wp-content\/uploads\/brb_media\/00508736_2-post-lift-vsg2call901071-mi-150x150.png","url":"https:\/\/dev.codekraft.it\/rotary-2024\/produkte\/zubehor-hebebuhnen-de\/zubehor-2-saulen-hebebuhnen-de\/adapterverlangerungen-fur-elektromechanische-hebebuhnen\/"},{"id":382551,"mpn":"VSG.2CALL.901248","name":"Adapterverl\u00e4ngerungen","description":"4 x 200 mm, inkl. Halterung zur Montage an den S\u00e4ulen | 1 Satz \/ 4 St\u00fcck","thumbnail":"https:\/\/dev.codekraft.it\/rotary-2024\/wp-content\/uploads\/brb_media\/00505099_2-post-lift-vsg2call901248-mi-150x150.png","url":"https:\/\/dev.codekraft.it\/rotary-2024\/produkte\/zubehor-hebebuhnen-de\/zubehor-2-saulen-hebebuhnen-de\/adapterverlangerungen-3\/"},{"id":382557,"mpn":"VSG.2CALL.901163","name":"Adapter-Satz","description":"Adapter-Satz f\u00fcr Tragteller zur Rahmenaufnahme \u00d8 120 mm (1 Satz, 2 St.)","thumbnail":"https:\/\/dev.codekraft.it\/rotary-2024\/wp-content\/uploads\/brb_media\/00524050_2-post-lift-fj6353-1-mi-150x150.png","url":"https:\/\/dev.codekraft.it\/rotary-2024\/produkte\/zubehor-hebebuhnen-de\/zubehor-2-saulen-hebebuhnen-de\/adapter-satz\/"},{"id":383971,"mpn":"VSG.2CALL.902818","name":"Rampen","description":"Rampenh\u00f6he 60 mm, f\u00fcr extrem niedrige Fahrzeuge | 1 Satz \/ 4 St\u00fcck","thumbnail":"https:\/\/dev.codekraft.it\/rotary-2024\/wp-content\/uploads\/brb_media\/00509501_2-post-lift-vsg2call902818-mi-150x150.png","url":"https:\/\/dev.codekraft.it\/rotary-2024\/produkte\/zubehor-hebebuhnen-de\/zubehor-2-saulen-hebebuhnen-de\/rampen\/"},{"id":383977,"mpn":"VSG.2CALL.902085","name":"Achsmessb\u00f6cke","description":"1 Satz \/ 4 St\u00fcck","thumbnail":"https:\/\/dev.codekraft.it\/rotary-2024\/wp-content\/uploads\/brb_media\/00509503_2-post-lift-vsg2call902085-mi-150x150.png","url":"https:\/\/dev.codekraft.it\/rotary-2024\/produkte\/zubehor-hebebuhnen-de\/zubehor-2-saulen-hebebuhnen-de\/achsmessbocke\/"},{"id":382582,"mpn":"VSG.2CELM.901927","name":"Montagevorrichtung","description":"3,2 t - 4,2 t | f\u00fcr eine leichtere Montage der Hebeb\u00fchne, kann auch f\u00fcr andere Installationen wiederverwendet werden | 1 Satz","thumbnail":"https:\/\/dev.codekraft.it\/rotary-2024\/wp-content\/uploads\/brb_media\/00512726_2-post-lift-vsg2celm901927-mi-01-150x150.png","url":"https:\/\/dev.codekraft.it\/rotary-2024\/produkte\/zubehor-hebebuhnen-de\/zubehor-2-saulen-hebebuhnen-de\/montagevorrichtung\/"},{"id":382576,"mpn":"VSG.2CELM.902344","name":"Galgenerh\u00f6hung","description":"Bausatz zur Erh\u00f6hung der Oberleitungskabeldurchf\u00fchrung um bis zu +1,5 m | f\u00fcr Spindelb\u00fchnen | 1 Satz","thumbnail":"https:\/\/dev.codekraft.it\/rotary-2024\/wp-content\/uploads\/brb_media\/00509506_2-post-lift-vsg2celm902344-mi-150x150.png","url":"https:\/\/dev.codekraft.it\/rotary-2024\/produkte\/zubehor-hebebuhnen-de\/zubehor-2-saulen-hebebuhnen-de\/galgenerhohung\/"},{"id":382570,"mpn":"VSG.2CALL.901378","name":"St\u00fctzplatten","description":"3,5 t | erm\u00f6glichen die Installation auf B\u00f6den mit geringer Tragf\u00e4higkeit oder geringer Betondicke | 1 Satz \/ 2 St\u00fcck","thumbnail":"https:\/\/dev.codekraft.it\/rotary-2024\/wp-content\/uploads\/brb_media\/00533778_2-post-lift-vsg-2call-901378-mi-150x150.png","url":"https:\/\/dev.codekraft.it\/rotary-2024\/produkte\/zubehor-hebebuhnen-de\/zubehor-2-saulen-hebebuhnen-de\/stutzplatten\/"},{"id":382848,"mpn":"VSG.2CELM.902498","name":"Bodenkabelf\u00fchrung","description":"Verlegung des Verbindungskabels zwischen den S\u00e4ulen im Boden | 1 St\u00fcck","thumbnail":"https:\/\/dev.codekraft.it\/rotary-2024\/wp-content\/uploads\/brb_media\/00507202_2-post-lift-vsg2celm902498-mi-150x150.png","url":"https:\/\/dev.codekraft.it\/rotary-2024\/produkte\/zubehor-hebebuhnen-de\/zubehor-2-saulen-hebebuhnen-de\/bodenkabelfuhrung\/"},{"id":384183,"mpn":"VSG.2CALL.901859","name":"Aufnahmeadapter","description":"Prisma | f\u00fcr Mercedes G-Klasse - vorn und hinten | 1 Satz \/ 4 St\u00fcck","thumbnail":"https:\/\/dev.codekraft.it\/rotary-2024\/wp-content\/uploads\/brb_media\/00511001_2-post-lift-vsg2call901859-mi-150x150.png","url":"https:\/\/dev.codekraft.it\/rotary-2024\/produkte\/zubehor-hebebuhnen-de\/lastaufnahmemittel-de\/aufnahmeadapter-14\/"},{"id":384177,"mpn":"VSG.2CALL.901606","name":"Aufnahmeadapter","description":"Dorn | f\u00fcr Fiat Ducato, Peugeot Boxer, Citro\u00ebn Jumper - vorn und hinten | 1 Satz \/ 4 St\u00fcck","thumbnail":"https:\/\/dev.codekraft.it\/rotary-2024\/wp-content\/uploads\/brb_media\/00510999_2-post-lift-vsg2call901606-mi-150x150.png","url":"https:\/\/dev.codekraft.it\/rotary-2024\/produkte\/zubehor-hebebuhnen-de\/lastaufnahmemittel-de\/aufnahmeadapter-13\/"},{"id":384171,"mpn":"VSG.2CALL.901712","name":"Aufnahmeadapter","description":"Prisma, Dorn | f\u00fcr Mercedes Sprinter, VW Crafter | 1 Satz \/ 6 St\u00fcck","thumbnail":"https:\/\/dev.codekraft.it\/rotary-2024\/wp-content\/uploads\/brb_media\/00511000_2-post-lift-vsg2call901712-mi-150x150.png","url":"https:\/\/dev.codekraft.it\/rotary-2024\/produkte\/zubehor-hebebuhnen-de\/lastaufnahmemittel-de\/aufnahmeadapter-12\/"},{"id":384501,"mpn":"VSG.2CALL.902276","name":"Aufnahmeadapter","description":"Tragteller, Gummiauflage, verstellbar - zur schnellen Positionierung auf 4 Unterschwenkh\u00f6hen | 4-stufig | 1 Satz \/ 4 St\u00fcck","thumbnail":"https:\/\/dev.codekraft.it\/rotary-2024\/wp-content\/uploads\/brb_media\/00533780_2-post-lift-vsg-2call-902276-mi-01-150x150.png","url":"https:\/\/dev.codekraft.it\/rotary-2024\/produkte\/zubehor-hebebuhnen-de\/zubehor-2-saulen-hebebuhnen-de\/aufnahmeadapter-16\/"},{"id":384189,"mpn":"VSG.2CALL.902511","name":"Werkzeughalterung","description":"Ergonomische Halterung f\u00fcr Druckluftschrauber","thumbnail":"https:\/\/dev.codekraft.it\/rotary-2024\/wp-content\/uploads\/brb_media\/00511003_2-post-lift-vsg2call902511-mi-150x150.png","url":"https:\/\/dev.codekraft.it\/rotary-2024\/produkte\/zubehor-hebebuhnen-de\/zubehor-2-saulen-hebebuhnen-de\/werkzeughalterung\/"},{"id":384159,"mpn":"VSG.2CALL.901361","name":"St\u00fctzplatten","description":"3,2 t | erm\u00f6glichen die Installation auf B\u00f6den mit geringer Tragf\u00e4higkeit oder geringer Betondicke | 1 Satz \/ 2 St\u00fcck","thumbnail":"https:\/\/dev.codekraft.it\/rotary-2024\/wp-content\/uploads\/brb_media\/00533777_2-post-lift-vsg-2call-901361-mi-150x150.png","url":"https:\/\/dev.codekraft.it\/rotary-2024\/produkte\/zubehor-hebebuhnen-de\/zubehor-2-saulen-hebebuhnen-de\/stutzplatten-3\/"}],"components":[],"related":[],"page_logo_src":"https:\/\/dev.codekraft.it\/rotary-2024\/wp-content\/uploads\/2024\/05\/cropped-rotary-logo-2022.png","lang":"de","translations":{"de":384071,"en":384061,"fr":384072,"it":384073,"es":384074,"ru":384075},"pll_sync_post":[],"_links":{"self":[{"href":"https:\/\/dev.codekraft.it\/rotary-2024\/wp-json\/wp\/v2\/product\/384071","targetHints":{"allow":["GET"]}}],"collection":[{"href":"https:\/\/dev.codekraft.it\/rotary-2024\/wp-json\/wp\/v2\/product"}],"about":[{"href":"https:\/\/dev.codekraft.it\/rotary-2024\/wp-json\/wp\/v2\/types\/product"}],"wp:featuredmedia":[{"embeddable":true,"href":"https:\/\/dev.codekraft.it\/rotary-2024\/wp-json\/wp\/v2\/media\/355369"}],"wp:attachment":[{"href":"https:\/\/dev.codekraft.it\/rotary-2024\/wp-json\/wp\/v2\/media?parent=384071"}],"wp:term":[{"taxonomy":"product_brand","embeddable":true,"href":"https:\/\/dev.codekraft.it\/rotary-2024\/wp-json\/wp\/v2\/product_brand?post=384071"},{"taxonomy":"product_cat","embeddable":true,"href":"https:\/\/dev.codekraft.it\/rotary-2024\/wp-json\/wp\/v2\/product_cat?post=384071"},{"taxonomy":"product_tag","embeddable":true,"href":"https:\/\/dev.codekraft.it\/rotary-2024\/wp-json\/wp\/v2\/product_tag?post=384071"},{"taxonomy":"product_approvals","embeddable":true,"href":"https:\/\/dev.codekraft.it\/rotary-2024\/wp-json\/wp\/v2\/product_approvals?post=384071"},{"taxonomy":"product_application","embeddable":true,"href":"https:\/\/dev.codekraft.it\/rotary-2024\/wp-json\/wp\/v2\/product_application?post=384071"}],"curies":[{"name":"wp","href":"https:\/\/api.w.org\/{rel}","templated":true}]}}