{"id":384059,"date":"2025-12-11T10:11:37","date_gmt":"2025-12-11T10:11:37","guid":{"rendered":"https:\/\/dev.codekraft.it\/rotary-2024\/products\/uncategorized\/alineador-de-ruedas-3d-rot3d2-0wall-4s\/"},"modified":"2025-12-11T10:11:37","modified_gmt":"2025-12-11T10:11:37","slug":"alineador-de-ruedas-3d-rot3d2-0wall-4s","status":"publish","type":"product","link":"https:\/\/dev.codekraft.it\/rotary-2024\/es\/productos\/diagnostico-es\/alineadores-de-ruedas-es\/alineador-de-ruedas-3d-rot3d2-0wall-4s\/","title":{"rendered":"Alineador de ruedas 3D ROT3D2.0WALL.4S"},"content":{"rendered":"<p>Serie AllOnWall\u00a0&#8211; Alineaci\u00f3n de ruedas al m\u00e1s alto nivel<\/p>\n<ul>\n<li>No se requiere ninguna consola, torre de transmisi\u00f3n o PC<\/li>\n<li>Comunicaci\u00f3n mediante conexi\u00f3n Bluetooth<\/li>\n<li>Cabezales de medici\u00f3n 3D mejorados con resoluci\u00f3n HQ<\/li>\n<\/ul>\n<p>La serie AllOnWall le permite tener todo lo que necesita para realizar alineaciones en un c\u00f3modo panel de montaje en pared, al mismo tiempo que consigue liberar espacio \u00fatil en el taller. Todas las funciones pueden controlarse a trav\u00e9s de una tableta\u00a0de 10\u2033 que el operario puede llevar consigo o bien colocarla en el elevador durante el ajuste, gracias a los imanes incorporados. La alineaci\u00f3n se basa en la probada tecnolog\u00eda del cabezal de medici\u00f3n con c\u00e1maras HD y dianas Real 3D, totalmente inal\u00e1mbricos con\u00a0transmisi\u00f3n Bluetooth.<\/p>\n<ul>\n<li>Protecci\u00f3n de goma integrada a prueba de golpes y manilla con protecci\u00f3n de pl\u00e1stico.<\/li>\n<li>Gracias a un sistema pivotante, los cabezales de medi-ci\u00f3n 3D se acoplan al elevador en cuesti\u00f3n de segundos.<\/li>\n<li>Sustituci\u00f3n de la bater\u00eda mediante un sistema de extracci\u00f3n r\u00e1pida.<\/li>\n<li>Las estaciones de carga est\u00e1n equipadas con imanes que permiten colocar las bater\u00edas en la posici\u00f3n exacta, garantizando el correcto funcionamiento de la carga en todo momento.<\/li>\n<li>Las dianas 3D instaladas en las garras son extremada-mente ligeras, no requieren mantenimiento y no cuentan con ning\u00fan componente electr\u00f3nico.<\/li>\n<\/ul>\n<ul>\n<li>Caracter\u00edsticas de los cabezales de medici\u00f3n 3D:\n<ul>\n<li>Pantalla LCD para mostrar la informaci\u00f3n b\u00e1sica<\/li>\n<li>Cinco teclas para la navegaci\u00f3n, incluso a distancia, por software<\/li>\n<li>Resoluci\u00f3n de 5MP para la medici\u00f3n y compensaci\u00f3n del nivel de la plataforma de elevaci\u00f3n<\/li>\n<li>Funci\u00f3n de control remoto<\/li>\n<li>Repetidores LED de ayuda al registro<\/li>\n<li>Posici\u00f3n \u00fanica de instalaci\u00f3n de los cabezales de medici\u00f3n, incluso para veh\u00edculos con paso diferente<\/li>\n<li>Peso de 3 kg<\/li>\n<\/ul>\n<\/li>\n<\/ul>\n<ul>\n<li>Tableta (pantalla multit\u00e1ctil de 10\u2033) muy ligera con un dise\u00f1o robusto y resistente en el tiempo\n<ul>\n<li>Tableta muy ligera con dise\u00f1o atractivo y bater\u00eda de larga duraci\u00f3n<\/li>\n<li>Resistente a los golpes<\/li>\n<li>Resistente al polvo y al agua (IP52)<\/li>\n<li>Equipado con imanes adhesivos<\/li>\n<li>Recargable en el panel<\/li>\n<li>Bordes redondeados para mayor resistencia<\/li>\n<li>Memoria de 64 GB<\/li>\n<li>Pantalla de 800 x 1280<\/li>\n<li>C\u00e1mara frontal de 2 MP + c\u00e1mara trasera de 5 MP<\/li>\n<li>Peso inferior a 700 g\n<\/li>\n<li>Taller m\u00e1s eficiente en t\u00e9rminos de espacio y funcionamiento:\n<ul>\n<li>Sin obst\u00e1culos: Aprovechamiento m\u00e1ximo del espacio de trabaj<\/li>\n<li>M\u00ednimo esfuerzo:\u00a0Compensaci\u00f3n de descentramiento r\u00e1pida y ocupando poco espacio<\/li>\n<li>R\u00e1pida transmisi\u00f3n:\u00a0Eficaz incluso en condiciones de poca luz<\/li>\n<li>Alineaci\u00f3n de ruedas vers\u00e1til:\u00a0Utilizaci\u00f3n de la alineaci\u00f3n de ruedas en m\u00e1s zonas de trabajo<\/li>\n<\/ul>\n<\/li>\n<\/ul>\n<\/li>\n<\/ul>\n<ul>\n<li>El ic\u00f3nico logotipo de\u00a0Rotary cobra vida con\u00a0una retroiluminaci\u00f3n\u00a0LED de luz blanca c\u00e1lida<\/li>\n<li>Tableta con pantalla multit\u00e1ctil de 10\u2033 800 x 1280 equipada con imanes adhesivos &#8211; Recargable en el panel<\/li>\n<li>Consola &#8211; Peso inferior a 14 kg<\/li>\n<\/ul>\n<ul>\n<li>Versi\u00f3n \u00abLight\u00bb\n<ul>\n<li>Estaciones de carga equipadas con imanes que permiten la colocaci\u00f3n de dos bater\u00edas.<\/li>\n<li>Soporte para las garras de 4 puntos con unos\u00a0pr\u00e1cticos ganchos.<\/li>\n<li>Los cuatro soportes de garras de las versions Light tambi\u00e9n pueden fijarse a las columnas del elevador, de modo que queden muy cerca de las ruedas del veh\u00edculo. (Se requiere un kit de imanes adecuado a la fijaci\u00f3n &#8211; N. de art\u00edculo STDA165).<\/li>\n<\/ul>\n<\/li>\n<\/ul>\n","protected":false},"excerpt":{"rendered":"<p>Dispositivo de alineaci\u00f3n de ruedas 3D con panel de montaje en pared | Transmisi\u00f3n de datos por Bluetooth | incl. soporte para las garras de 4 puntos con unos pr\u00e1cticos ganchos, estaciones de carga para cabezales de medici\u00f3n 3D y bater\u00edas con imanes | Versi\u00f3n \u00abLight\u00bb<\/p>\n","protected":false},"featured_media":355354,"template":"","meta":[],"product_brand":[],"product_cat":[1033430],"product_tag":[1034169],"product_approvals":[],"product_application":[],"class_list":{"0":"post-384059","1":"product","2":"type-product","3":"status-publish","4":"has-post-thumbnail","6":"product_cat-alineadores-de-ruedas-es","7":"product_tag-passenger-cars-es","9":"first","10":"instock","11":"shipping-taxable","12":"product-type-simple"},"approvals":[],"application":[],"brb_media_brochure":[{"id":355323,"url":"https:\/\/dev.codekraft.it\/rotary-2024\/wp-content\/uploads\/brb_media\/00526509_wheel-aligners-rot3d20wall-br-131540-de-2024-05-screen.pdf","title":"wheel aligners rot3d20wall br 131540 de 2024 05 screen","mpn":"","thumbnail":"https:\/\/dev.codekraft.it\/rotary-2024\/wp-content\/uploads\/brb_media\/00526509_wheel-aligners-rot3d20wall-br-131540-de-2024-05-screen-pdf-106x150.png","description":""},{"id":355324,"url":"https:\/\/dev.codekraft.it\/rotary-2024\/wp-content\/uploads\/brb_media\/00526510_wheel-aligners-rot3d20wall-br-131541-en-2024-05-screen.pdf","title":"wheel aligners rot3d20wall br 131541 en 2024 05 screen","mpn":"","thumbnail":"https:\/\/dev.codekraft.it\/rotary-2024\/wp-content\/uploads\/brb_media\/00526510_wheel-aligners-rot3d20wall-br-131541-en-2024-05-screen-pdf-106x150.png","description":""},{"id":355325,"url":"https:\/\/dev.codekraft.it\/rotary-2024\/wp-content\/uploads\/brb_media\/00526511_wheel-aligners-rot3d20wall-br-131542-fr-2024-05-screen.pdf","title":"wheel aligners rot3d20wall br 131542 fr 2024 05 screen","mpn":"","thumbnail":"https:\/\/dev.codekraft.it\/rotary-2024\/wp-content\/uploads\/brb_media\/00526511_wheel-aligners-rot3d20wall-br-131542-fr-2024-05-screen-pdf-106x150.png","description":""},{"id":355326,"url":"https:\/\/dev.codekraft.it\/rotary-2024\/wp-content\/uploads\/brb_media\/00526512_wheel-aligners-rot3d20wall-br-131543-it-2024-05-screen.pdf","title":"wheel aligners rot3d20wall br 131543 it 2024 05 screen","mpn":"","thumbnail":"https:\/\/dev.codekraft.it\/rotary-2024\/wp-content\/uploads\/brb_media\/00526512_wheel-aligners-rot3d20wall-br-131543-it-2024-05-screen-pdf-106x150.png","description":""},{"id":355327,"url":"https:\/\/dev.codekraft.it\/rotary-2024\/wp-content\/uploads\/brb_media\/00526513_wheel-aligners-rot3d20wall-br-131544-es-2024-05-screen.pdf","title":"wheel aligners rot3d20wall br 131544 es 2024 05 screen","mpn":"","thumbnail":"https:\/\/dev.codekraft.it\/rotary-2024\/wp-content\/uploads\/brb_media\/00526513_wheel-aligners-rot3d20wall-br-131544-es-2024-05-screen-pdf-106x150.png","description":""},{"id":355328,"url":"https:\/\/dev.codekraft.it\/rotary-2024\/wp-content\/uploads\/brb_media\/00526514_wheel-aligners-rot3d20wall-br-131545-ru-2024-05-screen.pdf","title":"wheel aligners rot3d20wall br 131545 ru 2024 05 screen","mpn":"","thumbnail":"https:\/\/dev.codekraft.it\/rotary-2024\/wp-content\/uploads\/brb_media\/00526514_wheel-aligners-rot3d20wall-br-131545-ru-2024-05-screen-pdf-106x150.png","description":""}],"brb_media_drawing":"","brb_media_manuals":[{"id":384043,"url":"https:\/\/dev.codekraft.it\/rotary-2024\/wp-content\/uploads\/brb_media\/00539657_rav-rot-spa_3d-wall-2025-m356-00_vsg_00_rev01_5l.pdf","title":"rav rot spa 3d wall (2025 m356 00 vsg 00 rev01) 5l","mpn":"","thumbnail":"https:\/\/dev.codekraft.it\/rotary-2024\/wp-content\/uploads\/brb_media\/00539657_rav-rot-spa_3d-wall-2025-m356-00_vsg_00_rev01_5l-pdf-106x150.png","description":""}],"brb_media_safety_datasheets":"","brb_media_spare_parts":[],"_cdmm_p_id":"502943","_company":"Elektron","_gtin":"5063084701060","accessories":[{"id":381451,"mpn":"STDA16","name":"Placas deslizantes 1100 x 500 x 50 mm","description":"1 juego \/ 2 piezas","thumbnail":"https:\/\/dev.codekraft.it\/rotary-2024\/wp-content\/uploads\/brb_media\/00495705_wheel-aligners-bu-td20wifi-sliding-plates-1100x500x50mm-di-150x150.png","url":"https:\/\/dev.codekraft.it\/rotary-2024\/es\/productos\/accesorios-diagnostico-es\/accesorios-alineadores-de-ruedas-es\/placas-deslizantes-1100-x-500-x-50-mm\/"},{"id":381611,"mpn":"STDA17","name":"Placas deslizantes 1500 x 500 x 50 mm","description":"1 juego \/ 2 piezas","thumbnail":"https:\/\/dev.codekraft.it\/rotary-2024\/wp-content\/uploads\/brb_media\/00528315_wheel-aligner-stda17-mi-150x150.png","url":"https:\/\/dev.codekraft.it\/rotary-2024\/es\/productos\/accesorios-diagnostico-es\/accesorios-alineadores-de-ruedas-es\/placas-deslizantes-1500-x-500-x-50-mm\/"},{"id":379807,"mpn":"STDA23\/BTH","name":"Calibre de nivel y de altura","description":"Calibre de nivel y de altura (opci\u00f3n)","thumbnail":"https:\/\/dev.codekraft.it\/rotary-2024\/wp-content\/uploads\/brb_media\/00528316_wheel-aligner-stda23-bth-mi-150x150.png","url":"https:\/\/dev.codekraft.it\/rotary-2024\/es\/productos\/accesorios-diagnostico-es\/accesorios-alineadores-de-ruedas-es\/calibre-de-nivel-y-de-altura\/"},{"id":379799,"mpn":"STDA3D\/QC","name":"Soporte de comprobaci\u00f3n r\u00e1pida","description":"Soporte de comprobaci\u00f3n r\u00e1pida para uso m\u00f3vil (opci\u00f3n)","thumbnail":"https:\/\/dev.codekraft.it\/rotary-2024\/wp-content\/uploads\/brb_media\/00506536_stda3dqc-150x150.png","url":"https:\/\/dev.codekraft.it\/rotary-2024\/es\/productos\/accesorios-diagnostico-es\/accesorios-alineadores-de-ruedas-es\/soporte-de-comprobacion-rapida\/"},{"id":381617,"mpn":"KIT3D\/PIT","name":"Soporte de cabezal de medici\u00f3n para instalaci\u00f3n en foso de alineadores 3D | 1 juego \/ 2 piezas","description":"","thumbnail":"","url":"https:\/\/dev.codekraft.it\/rotary-2024\/es\/productos\/accesorios-diagnostico-es\/accesorios-alineadores-de-ruedas-es\/soporte-de-cabezal-de-medicion-para-instalacion-en-foso-de-alineadores-3d-1-juego-2-piezas\/"},{"id":381624,"mpn":"STDA100","name":"Abrazaderas","description":"Para garras en apoyo STDA3E-95E y grupo de bloqueo STDA38 | ancho mediano | \u00d8 neumatico 680 - 910 mm | 1 juego \/ 4 piezas","thumbnail":"https:\/\/dev.codekraft.it\/rotary-2024\/wp-content\/uploads\/brb_media\/00528330_wheel-aligner-stda100-mi-150x150.png","url":"https:\/\/dev.codekraft.it\/rotary-2024\/es\/productos\/accesorios-diagnostico-es\/accesorios-alineadores-de-ruedas-es\/abrazaderas\/"},{"id":381631,"mpn":"STDA101","name":"Abrazaderas","description":"Para garras en apoyo STDA3E-95E y grupo de bloqueo STDA38 | ancho grande | \u00d8 neumatico 860 - 1115 mm | 1 juego \/ 4 piezas","thumbnail":"https:\/\/dev.codekraft.it\/rotary-2024\/wp-content\/uploads\/brb_media\/00528331_wheel-aligner-stda101-mi-150x150.png","url":"https:\/\/dev.codekraft.it\/rotary-2024\/es\/productos\/accesorios-diagnostico-es\/accesorios-alineadores-de-ruedas-es\/abrazaderas-2\/"},{"id":379821,"mpn":"STDA131","name":"U\u00f1as para llantas VW | ABS","description":"Dedos de pl\u00e1stico | 1 juego \/ 8 piezas","thumbnail":"https:\/\/dev.codekraft.it\/rotary-2024\/wp-content\/uploads\/brb_media\/00528332_wheel-aligner-stda131-mi-118x150.png","url":"https:\/\/dev.codekraft.it\/rotary-2024\/es\/productos\/accesorios-diagnostico-es\/accesorios-alineadores-de-ruedas-es\/unas-para-llantas-vw-abs\/"},{"id":382591,"mpn":"STDA123","name":"Travesa\u00f1o para herramienta Gutmann CSC","description":"Travesa\u00f1o para el montaje de los sensores de medici\u00f3n en los alineadores de ruedas de Hella Gutmann, 16 kg, (Al x An x Pr) 246 x 2598 x 101 mm","thumbnail":"https:\/\/dev.codekraft.it\/rotary-2024\/wp-content\/uploads\/brb_media\/00505443_csc-tool-digital_05-150x145.png","url":"https:\/\/dev.codekraft.it\/rotary-2024\/es\/productos\/accesorios-diagnostico-es\/accesorios-alineadores-de-ruedas-es\/travesano-para-herramienta-gutmann-csc\/"},{"id":381675,"mpn":"STDA38K","name":"Grupos de bloqueo r\u00e1pido STDA38K","description":"para actualizar las garras de ruedas de 4 puntos STDA33EU-34E en garras en apoyo STDA46EU-35E | evita los procedimientos de alabeo | incl. puntales en ABS | \u00d8 neumatico 480 - 760 mm | 2 juegos \/ 4 piezas","thumbnail":"https:\/\/dev.codekraft.it\/rotary-2024\/wp-content\/uploads\/brb_media\/00509911_wheel-aligner-stda38k-mi-150x150.png","url":"https:\/\/dev.codekraft.it\/rotary-2024\/es\/productos\/accesorios-diagnostico-es\/accesorios-alineadores-de-ruedas-es\/grupos-de-bloqueo-rapido-stda38k\/"},{"id":381771,"mpn":"STDA124","name":"Platos giratorios Premium STDA124","description":"HD | \u00d8 360 mm | 1 juego \/ 2 piezas","thumbnail":"https:\/\/dev.codekraft.it\/rotary-2024\/wp-content\/uploads\/brb_media\/00509909_wheel-aligner-stda124-mi-150x150.png","url":"https:\/\/dev.codekraft.it\/rotary-2024\/es\/productos\/accesorios-diagnostico-es\/accesorios-alineadores-de-ruedas-es\/platos-giratorios-premium-stda124\/"},{"id":381697,"mpn":"STDA149","name":"Niveles de burbuja para dianas | 1 juego \/ 2 piezas","description":"","thumbnail":"https:\/\/dev.codekraft.it\/rotary-2024\/wp-content\/uploads\/brb_media\/00528340_wheel-aligner-stda149-mi-150x150.png","url":"https:\/\/dev.codekraft.it\/rotary-2024\/es\/productos\/accesorios-diagnostico-es\/accesorios-alineadores-de-ruedas-es\/niveles-de-burbuja-para-dianas-1-juego-2-piezas\/"},{"id":379814,"mpn":"STDA141","name":"Token Aligner Connect","description":"Pantalla remota en un dispositivo m\u00f3vil | utilizo APP desde control remoto","thumbnail":"https:\/\/dev.codekraft.it\/rotary-2024\/wp-content\/uploads\/brb_media\/00528337_wheel-aligner-stda141-mi-150x150.png","url":"https:\/\/dev.codekraft.it\/rotary-2024\/es\/productos\/accesorios-diagnostico-es\/accesorios-alineadores-de-ruedas-es\/token-aligner-connect-5\/"},{"id":381682,"mpn":"STDA141ADAS","name":"Token","description":"Habilitaci\u00f3n de la aplicaci\u00f3n para las funciones ADAS (Advanced Driver Assistance Systems)","thumbnail":"https:\/\/dev.codekraft.it\/rotary-2024\/wp-content\/uploads\/brb_media\/00528336_wheel-aligner-stda141adas-mi-150x150.png","url":"https:\/\/dev.codekraft.it\/rotary-2024\/es\/productos\/accesorios-diagnostico-es\/accesorios-alineadores-de-ruedas-es\/token-5\/"},{"id":381698,"mpn":"STDAShoot","name":"Token","description":"Clave virtual para la consulta de base de datos en l\u00ednea a trav\u00e9s de la consulta de la Oficina Federal de Veh\u00edculos Motorizados (KBA) de Alemania | incl. 200 consultas","thumbnail":"https:\/\/dev.codekraft.it\/rotary-2024\/wp-content\/uploads\/brb_media\/00510471_wheel-aligners-shootgo-mi-150x150.png","url":"https:\/\/dev.codekraft.it\/rotary-2024\/es\/productos\/accesorios-diagnostico-es\/accesorios-alineadores-de-ruedas-es\/token-10\/"},{"id":380104,"mpn":"STDAS200","name":"Cr\u00e9dito de consulta de base de datos Shoot &amp; Go 200","description":"Paquete de cr\u00e9ditos para consultar la base de datos en l\u00ednea a trav\u00e9s de la consulta de la Oficina Federal de Veh\u00edculos Motorizados (KBA) de Alemania | 200 consultas","thumbnail":"https:\/\/dev.codekraft.it\/rotary-2024\/wp-content\/uploads\/brb_media\/00510471_wheel-aligners-shootgo-mi-150x150.png","url":"https:\/\/dev.codekraft.it\/rotary-2024\/es\/productos\/accesorios-diagnostico-es\/accesorios-alineadores-de-ruedas-es\/credito-de-consulta-de-base-de-datos-shoot-go-200\/"},{"id":380689,"mpn":"STDAS500","name":"Cr\u00e9dito de consulta de base de datos Shoot &amp; Go 500","description":"Paquete de cr\u00e9ditos para consultar la base de datos en l\u00ednea a trav\u00e9s de la consulta de la Oficina Federal de Veh\u00edculos Motorizados (KBA) de Alemania | 500 consultas","thumbnail":"https:\/\/dev.codekraft.it\/rotary-2024\/wp-content\/uploads\/brb_media\/00510471_wheel-aligners-shootgo-mi-150x150.png","url":"https:\/\/dev.codekraft.it\/rotary-2024\/es\/productos\/accesorios-diagnostico-es\/accesorios-alineadores-de-ruedas-es\/credito-de-consulta-de-base-de-datos-shoot-go-500\/"},{"id":381425,"mpn":"STDA35E","name":"Garras de ruedas 3 puntos | \u00d8 llanta 8 &#8211; 24\u2033, \u00d8 neumatico 480 &#8211; 910 mm","description":"Garras de 3 puntos con autocentrado y bloqueo r\u00e1pido | 1 juego \/ 2 piezas","thumbnail":"https:\/\/dev.codekraft.it\/rotary-2024\/wp-content\/uploads\/brb_media\/00510472_wheel-aligners-stda35e-mi-150x150.png","url":"https:\/\/dev.codekraft.it\/rotary-2024\/es\/productos\/accesorios-diagnostico-es\/accesorios-alineadores-de-ruedas-es\/garras-de-ruedas-3-puntos-o-llanta-8-24%e2%80%b3-o-neumatico-480-910-mm\/"},{"id":381637,"mpn":"STDA94","name":"U\u00f1as ABS, perfil reducido","description":"Dedos de pl\u00e1stico para garras de rueda STDA46EU-48E-35E-95E | 1 juego \/ 8 piezas","thumbnail":"https:\/\/dev.codekraft.it\/rotary-2024\/wp-content\/uploads\/brb_media\/00506511_stda94-150x150.png","url":"https:\/\/dev.codekraft.it\/rotary-2024\/es\/productos\/accesorios-diagnostico-es\/accesorios-alineadores-de-ruedas-es\/unas-abs-perfil-reducido\/"},{"id":381687,"mpn":"STDA164","name":"Bater\u00edas adicionales | 1 juego \/ 2 piezas","description":"","thumbnail":"","url":"https:\/\/dev.codekraft.it\/rotary-2024\/es\/productos\/accesorios-diagnostico-es\/accesorios-alineadores-de-ruedas-es\/baterias-adicionales-1-juego-2-piezas\/"},{"id":381711,"mpn":"STDA165","name":"Imanes para soporte de las garras | 1 juego","description":"","thumbnail":"https:\/\/dev.codekraft.it\/rotary-2024\/wp-content\/uploads\/brb_media\/00528349_wheel-aligner-stda165-mi-150x150.png","url":"https:\/\/dev.codekraft.it\/rotary-2024\/es\/productos\/accesorios-diagnostico-es\/accesorios-alineadores-de-ruedas-es\/imanes-para-soporte-de-las-garras-1-juego\/"},{"id":381724,"mpn":"STDA162","name":"Soportes fijaci\u00f3n en elevador para transductor de medici\u00f3n 3D | 1 juego \/ 2 piezas","description":"","thumbnail":"https:\/\/dev.codekraft.it\/rotary-2024\/wp-content\/uploads\/brb_media\/00495669_wheel-aligner-3d-wifi-stda162-rotary-di-150x150.png","url":"https:\/\/dev.codekraft.it\/rotary-2024\/es\/productos\/accesorios-diagnostico-es\/accesorios-alineadores-de-ruedas-es\/soportes-fijacion-en-elevador-para-transductor-de-medicion-3d-1-juego-2-piezas\/"},{"id":381984,"mpn":"STDA150TX","name":"Juego de adaptadores para montar los paneles\/captadores en el panel de TEXA","description":"Aplicable cuando ya se posea un sistema ADAS de TEXA","thumbnail":"https:\/\/dev.codekraft.it\/rotary-2024\/wp-content\/uploads\/brb_media\/00528342_wheel-aligner-stda150tx-mi.png","url":"https:\/\/dev.codekraft.it\/rotary-2024\/es\/productos\/accesorios-diagnostico-es\/accesorios-alineadores-de-ruedas-es\/juego-de-adaptadores-para-montar-los-paneles-captadores-en-el-panel-de-texa\/"},{"id":383116,"mpn":"STDA150AU","name":"Mordazas para aplicaci\u00f3n paneles ADAS (Autel)","description":"Accesorio de alineadores de ruedas","thumbnail":"https:\/\/dev.codekraft.it\/rotary-2024\/wp-content\/uploads\/brb_media\/00528341_wheel-aligner-stda150au-mi-150x150.png","url":"https:\/\/dev.codekraft.it\/rotary-2024\/es\/productos\/accesorios-diagnostico-es\/accesorios-alineadores-de-ruedas-es\/mordazas-para-aplicacion-paneles-adas-autel\/"},{"id":383123,"mpn":"STDA150VW","name":"Mordazas para aplicaci\u00f3n paneles ADAS (VAS6430 VW)","description":"Accesorio de alineadores de ruedas","thumbnail":"https:\/\/dev.codekraft.it\/rotary-2024\/wp-content\/uploads\/brb_media\/00528343_wheel-aligner-stda150vw-mi-150x150.png","url":"https:\/\/dev.codekraft.it\/rotary-2024\/es\/productos\/accesorios-diagnostico-es\/accesorios-alineadores-de-ruedas-es\/mordazas-para-aplicacion-paneles-adas-vas6430-vw\/"},{"id":381837,"mpn":"STDA110","name":"Base de datos de veh\u00edculos","description":"","thumbnail":"https:\/\/dev.codekraft.it\/rotary-2024\/wp-content\/uploads\/brb_media\/00509910_wheel-aligner-stda110-mi-150x150.png","url":"https:\/\/dev.codekraft.it\/rotary-2024\/es\/productos\/accesorios-diagnostico-es\/accesorios-alineadores-de-ruedas-es\/base-de-datos-de-vehiculos\/"},{"id":381797,"mpn":"10479","name":"Depresor del pedal del freno","description":"","thumbnail":"https:\/\/dev.codekraft.it\/rotary-2024\/wp-content\/uploads\/brb_media\/00509913_wheel-aligner-10479-mi-150x150.png","url":"https:\/\/dev.codekraft.it\/rotary-2024\/es\/productos\/accesorios-diagnostico-es\/accesorios-alineadores-de-ruedas-es\/depresor-del-pedal-del-freno\/"},{"id":385058,"mpn":"STDAS350","name":"Cr\u00e9dito de consulta de base de datos Shoot &amp; Go 350","description":"Paquete de cr\u00e9ditos para consultar la base de datos en l\u00ednea a trav\u00e9s de la consulta de la Oficina Federal de Veh\u00edculos Motorizados (KBA) de Alemania | 350 consultas","thumbnail":"https:\/\/dev.codekraft.it\/rotary-2024\/wp-content\/uploads\/brb_media\/00510471_wheel-aligners-shootgo-mi-150x150.png","url":"https:\/\/dev.codekraft.it\/rotary-2024\/es\/productos\/accesorios-diagnostico-es\/accesorios-alineadores-de-ruedas-es\/credito-de-consulta-de-base-de-datos-shoot-go-350\/"},{"id":385040,"mpn":"VSG.FC167.701916","name":"Garras de ruedas Fast clamps","description":"Garras de montaje r\u00e1pido | para alineadores 3D, turismo, tama\u00f1o del neum\u00e1tico 21 - 31\", \u00d8 rueda 540 - 780 mm, peso de las garras 3,5 kg (por juego) | 1 juego \/ 2 piezas","thumbnail":"https:\/\/dev.codekraft.it\/rotary-2024\/wp-content\/uploads\/brb_media\/00528113_wheel-aligner-accessories-vsgfc167701916-mi-150x150.png","url":"https:\/\/dev.codekraft.it\/rotary-2024\/es\/productos\/accesorios-diagnostico-es\/accesorios-alineadores-de-ruedas-es\/garras-de-ruedas-fast-clamps\/"},{"id":385022,"mpn":"VSG.IDC50.701886","name":"Kit de diagn\u00f3stico STDADIAG","description":"IDC5 KIT TEXA - para la alineaci\u00f3n de las ruedas de diagn\u00f3stico | kit para aquellos que s\u00f3lo tienen la alineaci\u00f3n de las ruedas y no tiene ning\u00fan accesorio TEXA","thumbnail":"https:\/\/dev.codekraft.it\/rotary-2024\/wp-content\/uploads\/brb_media\/00527952_wheel-aligners-accessories-stdadiag-all-configurations-mi-150x150.png","url":"https:\/\/dev.codekraft.it\/rotary-2024\/es\/productos\/accesorios-diagnostico-es\/accesorios-alineadores-de-ruedas-es\/kit-de-diagnostico-stdadiag\/"},{"id":385028,"mpn":"VSG.SW500.701893","name":"Kit de diagn\u00f3stico STDADIAG\/SW","description":"TEXA IDC5 SW KIT - para la alineaci\u00f3n de las ruedas de diagn\u00f3stico | kit para aquellos que ya tienen dispositivos TEXA (por ejemplo, ADAS RCSS)","thumbnail":"https:\/\/dev.codekraft.it\/rotary-2024\/wp-content\/uploads\/brb_media\/00527953_wheel-aligners-accessories-stdadiag-ws-all-configurations-mi-150x150.png","url":"https:\/\/dev.codekraft.it\/rotary-2024\/es\/productos\/accesorios-diagnostico-es\/accesorios-alineadores-de-ruedas-es\/kit-de-diagnostico-stdadiag-sw\/"}],"components":[],"related":[],"page_logo_src":"https:\/\/dev.codekraft.it\/rotary-2024\/wp-content\/uploads\/2026\/04\/rotary-negative-logo.png","lang":"es","translations":{"es":384059,"en":384055,"de":384056,"fr":384057,"it":384058,"ru":384060},"pll_sync_post":[],"_links":{"self":[{"href":"https:\/\/dev.codekraft.it\/rotary-2024\/wp-json\/wp\/v2\/product\/384059","targetHints":{"allow":["GET"]}}],"collection":[{"href":"https:\/\/dev.codekraft.it\/rotary-2024\/wp-json\/wp\/v2\/product"}],"about":[{"href":"https:\/\/dev.codekraft.it\/rotary-2024\/wp-json\/wp\/v2\/types\/product"}],"wp:featuredmedia":[{"embeddable":true,"href":"https:\/\/dev.codekraft.it\/rotary-2024\/wp-json\/wp\/v2\/media\/355354"}],"wp:attachment":[{"href":"https:\/\/dev.codekraft.it\/rotary-2024\/wp-json\/wp\/v2\/media?parent=384059"}],"wp:term":[{"taxonomy":"product_brand","embeddable":true,"href":"https:\/\/dev.codekraft.it\/rotary-2024\/wp-json\/wp\/v2\/product_brand?post=384059"},{"taxonomy":"product_cat","embeddable":true,"href":"https:\/\/dev.codekraft.it\/rotary-2024\/wp-json\/wp\/v2\/product_cat?post=384059"},{"taxonomy":"product_tag","embeddable":true,"href":"https:\/\/dev.codekraft.it\/rotary-2024\/wp-json\/wp\/v2\/product_tag?post=384059"},{"taxonomy":"product_approvals","embeddable":true,"href":"https:\/\/dev.codekraft.it\/rotary-2024\/wp-json\/wp\/v2\/product_approvals?post=384059"},{"taxonomy":"product_application","embeddable":true,"href":"https:\/\/dev.codekraft.it\/rotary-2024\/wp-json\/wp\/v2\/product_application?post=384059"}],"curies":[{"name":"wp","href":"https:\/\/api.w.org\/{rel}","templated":true}]}}