{"id":384051,"date":"2025-12-11T10:11:02","date_gmt":"2025-12-11T10:11:02","guid":{"rendered":"https:\/\/dev.codekraft.it\/rotary-2024\/products\/uncategorized\/geometrie-3d-rot3d2-0wall-3s\/"},"modified":"2025-12-11T10:11:02","modified_gmt":"2025-12-11T10:11:02","slug":"geometrie-3d-rot3d2-0wall-3s","status":"publish","type":"product","link":"https:\/\/dev.codekraft.it\/rotary-2024\/fr\/produits\/diagnostic-fr\/geometries-des-roues-fr\/geometrie-3d-rot3d2-0wall-3s\/","title":{"rendered":"G\u00e9om\u00e9trie 3D ROT3D2.0WALL.3S"},"content":{"rendered":"<p>S\u00e9rie AllOnWall\u00a0&#8211; Alignement des roues au plus haut niveau<\/p>\n<ul>\n<li>Pas de console, tour de transfert de donn\u00e9es ou de PC n\u00e9cessaires<\/li>\n<li>Communication par connexion Bluetooth<\/li>\n<li>T\u00eates de mesure 3D \u00e0 puissance major\u00e9e \u00e0 pr\u00e9cision HQ<\/li>\n<\/ul>\n<p>La s\u00e9rie AllOnWall permet de disposer de tout le n\u00e9cessaire pour effectuer des op\u00e9rations de g\u00e9om\u00e9trie sur un panneau mural ultra pratique, permettant ainsi de lib\u00e9rer de l\u2019espace utile dans l\u2019atelier. Toutes les op\u00e9rations peuvent \u00eatre contr\u00f4l\u00e9es sur une tablette de 10\u2033 que l\u2019op\u00e9rateur peut conserver sur lui ou positionner sur le pont \u00e9l\u00e9vateur pendant le r\u00e9glage gr\u00e2ce aux aimants int\u00e9gr\u00e9s. La g\u00e9om\u00e9trie b\u00e9n\u00e9ficie d\u2019une technologie parfaitement rod\u00e9e de t\u00eates de mesure avec cam\u00e9ras HD et cibles Real 3D, enti\u00e8rement sans fil \u00e0 transmission Bluetooth.<\/p>\n<ul>\n<li>Protection en caoutchouc antichoc int\u00e9gr\u00e9e et poign\u00e9e\u00a0avec protection en plastique.<\/li>\n<li>Les t\u00eates de mesure 3D s&#8217;accrochent au pont \u00e9l\u00e9vateur en quelques secondes gr\u00e2ce \u00e0 un syst\u00e8me pivotant.<\/li>\n<li>Remplacement de la batterie au moyen d&#8217;un syst\u00e8me de fixation rapide.<\/li>\n<li>Les stations de charge sont dot\u00e9es d&#8217;aimants qui permettent le positionnement pr\u00e9cis des batteries tout en garantissant le parfait fonctionnement de la charge, entre autres gr\u00e2ce \u00e0 des supports lumineux pr\u00e9vus \u00e0 cet effet.<\/li>\n<li>Les cibles Real 3D install\u00e9es sur les griffes sont\u00a0extr\u00eamement l\u00e9g\u00e8res, exemptes d\u2019entretien et sans\u00a0composants \u00e9lectroniques.<\/li>\n<\/ul>\n<ul>\n<li>Caract\u00e9ristiques des t\u00eates de mesure 3D\u00a0:\n<ul>\n<li>\u00c9cran LCD pour les informations essentielles<\/li>\n<li>Cinq touches de navigation dans le logiciel \u00e9galement activables \u00e0 distance<\/li>\n<li>Mesure et compensation automatique de la plan\u00e9it\u00e9 du pont \u00e9l\u00e9vateur avec des cam\u00e9ras haute r\u00e9solution<\/li>\n<li>Fonction de commande \u00e0 distance<\/li>\n<li>R\u00e9p\u00e9titeurs LED d&#8217;aide en phase d&#8217;enregistrement<\/li>\n<li>Unique position d\u2019installation des t\u00eates pour la mesure sur v\u00e9hicules \u00e0 empattement diff\u00e9rent<\/li>\n<li>Poids 3\u00a0kg<\/li>\n<\/ul>\n<\/li>\n<\/ul>\n<ul>\n<li>Tablette (\u00e9cran multi-touch \u00e0 10\u2033) au design robuste \u00e0 l&#8217;\u00e9preuve du temps\n<ul>\n<li>Tablette ultral\u00e9g\u00e8re au design attrayant, avec batterie longue dur\u00e9e<\/li>\n<li>R\u00e9sistante aux chocs<\/li>\n<li>R\u00e9sistante \u00e0 la poussi\u00e8re et \u00e0 l&#8217;eau (IP52)<\/li>\n<li>Dot\u00e9e d&#8217;aimants adh\u00e9sifs<\/li>\n<li>Rechargeable sur le\u00a0panneau<\/li>\n<li>Bords arrondis pour garantir une\u00a0robustesse sup\u00e9rieure<\/li>\n<li>64\u00a0Go de m\u00e9moire<\/li>\n<li>\u00c9cran 800\u00a0x\u00a01280<\/li>\n<li>Cam\u00e9ra avant 2 MP + cam\u00e9ra arri\u00e8re 5 MP<\/li>\n<li>Poids inf\u00e9rieur \u00e0 700\u00a0g\n<\/li>\n<li>Atelier plus efficace en termes d&#8217;espace et\u00a0d&#8217;op\u00e9rativit\u00e9\n<ul>\n<li>Aucun obstacle\u00a0: Maximisation de\u00a0l&#8217;espace de travail<\/li>\n<li>Effort minime\u00a0:\u00a0Compensation rapide et peu encombrante du d\u00e9centrage<\/li>\n<li>Transmission rapide\u00a0:\u00a0Efficace m\u00eame dans des conditions d&#8217;\u00e9clairage critiques<\/li>\n<li>Syst\u00e8me de g\u00e9om\u00e9trie de roues versatile:\u00a0Utilisation du syst\u00e8me de g\u00e9om\u00e9trie de roues sur plusieurs zones de travail<\/li>\n<\/ul>\n<\/li>\n<\/ul>\n<\/li>\n<\/ul>\n<ul>\n<li>L\u2019iconique logo Rotary\u00a0r\u00e9tro\u00e9clairage avec barre\u00a0\u00e0 led \u00e0 lumi\u00e8re blanche\u00a0chaude<\/li>\n<li>Tablette \u00e0 \u00e9cran multi-touch\u00a0800 x 1280 \u00e0 10\u2033 dot\u00e9 d&#8217;aimants\u00a0adh\u00e9sifs &#8211; Rechargeable sur le panneau<\/li>\n<li>Logement dot\u00e9 de tapis\u00a0en caoutchouc antichoc\u00a0pour replacer les t\u00eates de\u00a0mesure 3D en position de\u00a0s\u00e9curit\u00e9<\/li>\n<li>Console &#8211; Poids inf\u00e9rieur \u00e0 14\u00a0g<\/li>\n<\/ul>\n<ul>\n<li>Version\u00a0Light\n<ul>\n<li>Stations de charge dot\u00e9es d\u2019aimants qui permettent le positionnement de deux batteries.<\/li>\n<li>Support destin\u00e9 aux griffes \u00e0 3 points et pourvu de crochets pratiques dot\u00e9s de caoutchouc antichoc.<\/li>\n<li>Les quatre supports des griffes des versions Light peuvent \u00e9galement \u00eatre fix\u00e9s sur les colonnes du pont \u00e9l\u00e9vateur de telle sorte que les griffes soient \u00e0 proximit\u00e9 des roues du v\u00e9hicule. (n\u00e9cessite le kit d\u2019aimants adapt\u00e9s \u00e0 la fixation &#8211; N\u00b0 article STDA165).<\/li>\n<\/ul>\n<\/li>\n<\/ul>\n","protected":false},"excerpt":{"rendered":"<p>G\u00e9om\u00e9trie de roues 3D \u00e0 panneau mural | Transmission de donn\u00e9es via Bluetooth | incl. support destin\u00e9 aux griffes \u00e0 3 points et pourvu de crochets pratiques, des stations de charge pour t\u00eates de mesure 3D et batteries dot\u00e9es d&#8217;aimants | Version Light<\/p>\n","protected":false},"featured_media":355347,"template":"","meta":[],"product_brand":[],"product_cat":[1033390],"product_tag":[1034163],"product_approvals":[],"product_application":[],"class_list":{"0":"post-384051","1":"product","2":"type-product","3":"status-publish","4":"has-post-thumbnail","6":"product_cat-geometries-des-roues-fr","7":"product_tag-passenger-cars-fr","9":"first","10":"instock","11":"shipping-taxable","12":"product-type-simple"},"approvals":[],"application":[],"brb_media_brochure":[{"id":355323,"url":"https:\/\/dev.codekraft.it\/rotary-2024\/wp-content\/uploads\/brb_media\/00526509_wheel-aligners-rot3d20wall-br-131540-de-2024-05-screen.pdf","title":"wheel aligners rot3d20wall br 131540 de 2024 05 screen","mpn":"","thumbnail":"https:\/\/dev.codekraft.it\/rotary-2024\/wp-content\/uploads\/brb_media\/00526509_wheel-aligners-rot3d20wall-br-131540-de-2024-05-screen-pdf-106x150.png","description":""},{"id":355324,"url":"https:\/\/dev.codekraft.it\/rotary-2024\/wp-content\/uploads\/brb_media\/00526510_wheel-aligners-rot3d20wall-br-131541-en-2024-05-screen.pdf","title":"wheel aligners rot3d20wall br 131541 en 2024 05 screen","mpn":"","thumbnail":"https:\/\/dev.codekraft.it\/rotary-2024\/wp-content\/uploads\/brb_media\/00526510_wheel-aligners-rot3d20wall-br-131541-en-2024-05-screen-pdf-106x150.png","description":""},{"id":355325,"url":"https:\/\/dev.codekraft.it\/rotary-2024\/wp-content\/uploads\/brb_media\/00526511_wheel-aligners-rot3d20wall-br-131542-fr-2024-05-screen.pdf","title":"wheel aligners rot3d20wall br 131542 fr 2024 05 screen","mpn":"","thumbnail":"https:\/\/dev.codekraft.it\/rotary-2024\/wp-content\/uploads\/brb_media\/00526511_wheel-aligners-rot3d20wall-br-131542-fr-2024-05-screen-pdf-106x150.png","description":""},{"id":355326,"url":"https:\/\/dev.codekraft.it\/rotary-2024\/wp-content\/uploads\/brb_media\/00526512_wheel-aligners-rot3d20wall-br-131543-it-2024-05-screen.pdf","title":"wheel aligners rot3d20wall br 131543 it 2024 05 screen","mpn":"","thumbnail":"https:\/\/dev.codekraft.it\/rotary-2024\/wp-content\/uploads\/brb_media\/00526512_wheel-aligners-rot3d20wall-br-131543-it-2024-05-screen-pdf-106x150.png","description":""},{"id":355327,"url":"https:\/\/dev.codekraft.it\/rotary-2024\/wp-content\/uploads\/brb_media\/00526513_wheel-aligners-rot3d20wall-br-131544-es-2024-05-screen.pdf","title":"wheel aligners rot3d20wall br 131544 es 2024 05 screen","mpn":"","thumbnail":"https:\/\/dev.codekraft.it\/rotary-2024\/wp-content\/uploads\/brb_media\/00526513_wheel-aligners-rot3d20wall-br-131544-es-2024-05-screen-pdf-106x150.png","description":""},{"id":355328,"url":"https:\/\/dev.codekraft.it\/rotary-2024\/wp-content\/uploads\/brb_media\/00526514_wheel-aligners-rot3d20wall-br-131545-ru-2024-05-screen.pdf","title":"wheel aligners rot3d20wall br 131545 ru 2024 05 screen","mpn":"","thumbnail":"https:\/\/dev.codekraft.it\/rotary-2024\/wp-content\/uploads\/brb_media\/00526514_wheel-aligners-rot3d20wall-br-131545-ru-2024-05-screen-pdf-106x150.png","description":""}],"brb_media_drawing":"","brb_media_manuals":[{"id":384043,"url":"https:\/\/dev.codekraft.it\/rotary-2024\/wp-content\/uploads\/brb_media\/00539657_rav-rot-spa_3d-wall-2025-m356-00_vsg_00_rev01_5l.pdf","title":"rav rot spa 3d wall (2025 m356 00 vsg 00 rev01) 5l","mpn":"","thumbnail":"https:\/\/dev.codekraft.it\/rotary-2024\/wp-content\/uploads\/brb_media\/00539657_rav-rot-spa_3d-wall-2025-m356-00_vsg_00_rev01_5l-pdf-106x150.png","description":""}],"brb_media_safety_datasheets":"","brb_media_spare_parts":[],"_cdmm_p_id":"502942","_company":"Elektron","_gtin":"5063084701015","accessories":[{"id":381743,"mpn":"STDA33EU\/3D","name":"Griffes de roue \u00e0 4 points | \u00d8 de jante 10 &#8211; 24\u2033","description":"Griffes autocentreuses \u00e0 4 points | incl. onglets amovibles | 1 jeu \/ 2 pi\u00e8ces","thumbnail":"https:\/\/dev.codekraft.it\/rotary-2024\/wp-content\/uploads\/brb_media\/00510475_wheel-aligners-stda33eu-mi-150x150.png","url":"https:\/\/dev.codekraft.it\/rotary-2024\/fr\/produits\/accessoires-diagnostic-fr\/accessoires-controles-de-geometrie-fr\/griffes-de-roue-a-4-points-o-de-jante-10-24%e2%80%b3-2\/"},{"id":381449,"mpn":"STDA16","name":"Plaques coulissantes 1100 x 500 x 50 mm","description":"1 jeu \/ 2 pi\u00e8ces","thumbnail":"https:\/\/dev.codekraft.it\/rotary-2024\/wp-content\/uploads\/brb_media\/00495705_wheel-aligners-bu-td20wifi-sliding-plates-1100x500x50mm-di-150x150.png","url":"https:\/\/dev.codekraft.it\/rotary-2024\/fr\/produits\/accessoires-diagnostic-fr\/accessoires-controles-de-geometrie-fr\/plaques-coulissantes-1100-x-500-x-50-mm\/"},{"id":381609,"mpn":"STDA17","name":"Plaques coulissantes 1500 x 500 x 50 mm","description":"1 jeu \/ 2 pi\u00e8ces","thumbnail":"https:\/\/dev.codekraft.it\/rotary-2024\/wp-content\/uploads\/brb_media\/00528315_wheel-aligner-stda17-mi-150x150.png","url":"https:\/\/dev.codekraft.it\/rotary-2024\/fr\/produits\/accessoires-diagnostic-fr\/accessoires-controles-de-geometrie-fr\/plaques-coulissantes-1500-x-500-x-50-mm\/"},{"id":379805,"mpn":"STDA23\/BTH","name":"Jauge de hauteur et de niveau","description":"Jauge de hauteur et de niveau (option)","thumbnail":"https:\/\/dev.codekraft.it\/rotary-2024\/wp-content\/uploads\/brb_media\/00528316_wheel-aligner-stda23-bth-mi-150x150.png","url":"https:\/\/dev.codekraft.it\/rotary-2024\/fr\/produits\/accessoires-diagnostic-fr\/accessoires-controles-de-geometrie-fr\/jauge-de-hauteur-et-de-niveau\/"},{"id":379797,"mpn":"STDA3D\/QC","name":"Support de contr\u00f4le rapide","description":"Support de contr\u00f4le rapide pour utilisation mobile (option)","thumbnail":"https:\/\/dev.codekraft.it\/rotary-2024\/wp-content\/uploads\/brb_media\/00506536_stda3dqc-150x150.png","url":"https:\/\/dev.codekraft.it\/rotary-2024\/fr\/produits\/accessoires-diagnostic-fr\/accessoires-controles-de-geometrie-fr\/support-de-controle-rapide\/"},{"id":381615,"mpn":"KIT3D\/PIT","name":"Support de t\u00eate de mesure pour installation en version fosse des appareil 3D | 1 jeu \/ 2 pi\u00e8ces","description":"","thumbnail":"","url":"https:\/\/dev.codekraft.it\/rotary-2024\/fr\/produits\/accessoires-diagnostic-fr\/accessoires-controles-de-geometrie-fr\/support-de-tete-de-mesure-pour-installation-en-version-fosse-des-appareil-3d-1-jeu-2-pieces\/"},{"id":381622,"mpn":"STDA100","name":"Bras de blocage \u00e0 la roue","description":"Pour griffes en appui STDA35E-95E et kit de blocage STDA38 | taille moyenne | \u00d8 des pneus 680 - 910 mm | 1 jeu \/ 4 pi\u00e8ces","thumbnail":"https:\/\/dev.codekraft.it\/rotary-2024\/wp-content\/uploads\/brb_media\/00528330_wheel-aligner-stda100-mi-150x150.png","url":"https:\/\/dev.codekraft.it\/rotary-2024\/fr\/produits\/accessoires-diagnostic-fr\/accessoires-controles-de-geometrie-fr\/bras-de-blocage-a-la-roue\/"},{"id":381629,"mpn":"STDA101","name":"Bras de blocage \u00e0 la roue","description":"Pour griffes en appui STDA35E-95E et kit de blocage STDA38 | taille longue | \u00d8 des pneus 860 - 1115 mm | 1 jeu \/ 4 pi\u00e8ces","thumbnail":"https:\/\/dev.codekraft.it\/rotary-2024\/wp-content\/uploads\/brb_media\/00528331_wheel-aligner-stda101-mi-150x150.png","url":"https:\/\/dev.codekraft.it\/rotary-2024\/fr\/produits\/accessoires-diagnostic-fr\/accessoires-controles-de-geometrie-fr\/bras-de-blocage-a-la-roue-2\/"},{"id":379819,"mpn":"STDA131","name":"Onglets pour jantes VW | ABS","description":"Doigts en plastique | 1 jeu \/ 8 pi\u00e8ces","thumbnail":"https:\/\/dev.codekraft.it\/rotary-2024\/wp-content\/uploads\/brb_media\/00528332_wheel-aligner-stda131-mi-118x150.png","url":"https:\/\/dev.codekraft.it\/rotary-2024\/fr\/produits\/accessoires-diagnostic-fr\/accessoires-controles-de-geometrie-fr\/onglets-pour-jantes-vw-abs\/"},{"id":382589,"mpn":"STDA123","name":"Traverse pour Gutmann CSC Tool","description":"Traverse pour le montage des capteurs de mesure sur le les aligneurs de roue de Hella Gutmann, 16 kg, (H x L x P) 246 x 2598 x 101 mm","thumbnail":"https:\/\/dev.codekraft.it\/rotary-2024\/wp-content\/uploads\/brb_media\/00505443_csc-tool-digital_05-150x145.png","url":"https:\/\/dev.codekraft.it\/rotary-2024\/fr\/produits\/accessoires-diagnostic-fr\/accessoires-controles-de-geometrie-fr\/traverse-pour-gutmann-csc-tool\/"},{"id":381671,"mpn":"STDA38K","name":"Bras de blocage rapide STDA38K","description":"pour la mise \u00e0 niveau des griffes de roue \u00e0 4 points STDA33EU-34E en griffes en appui STDA46EU-35E | permet d\u2019\u00e9viter les proc\u00e9dures de devoilage des roues | incl. embouts \u00e0 ongles en ABS | \u00d8 des pneus 480 - 760 mm | 2 jeux \/ 4 pi\u00e8ces","thumbnail":"https:\/\/dev.codekraft.it\/rotary-2024\/wp-content\/uploads\/brb_media\/00509911_wheel-aligner-stda38k-mi-150x150.png","url":"https:\/\/dev.codekraft.it\/rotary-2024\/fr\/produits\/accessoires-diagnostic-fr\/accessoires-controles-de-geometrie-fr\/bras-de-blocage-rapide-stda38k\/"},{"id":381767,"mpn":"STDA124","name":"Plateaux pivotants Premium STDA124","description":"HD | \u00d8 360 mm | 1 jeu \/ 2 pi\u00e8ces","thumbnail":"https:\/\/dev.codekraft.it\/rotary-2024\/wp-content\/uploads\/brb_media\/00509909_wheel-aligner-stda124-mi-150x150.png","url":"https:\/\/dev.codekraft.it\/rotary-2024\/fr\/produits\/accessoires-diagnostic-fr\/accessoires-controles-de-geometrie-fr\/plateaux-pivotants-premium-stda124\/"},{"id":381694,"mpn":"STDA149","name":"Niveaux a bulle pour cibles | 1 jeu \/ 4 pi\u00e8ces","description":"","thumbnail":"https:\/\/dev.codekraft.it\/rotary-2024\/wp-content\/uploads\/brb_media\/00528340_wheel-aligner-stda149-mi-150x150.png","url":"https:\/\/dev.codekraft.it\/rotary-2024\/fr\/produits\/accessoires-diagnostic-fr\/accessoires-controles-de-geometrie-fr\/niveaux-a-bulle-pour-cibles-1-jeu-4-pieces\/"},{"id":379812,"mpn":"STDA141","name":"Token Aligner Connect","description":"Affichage \u00e0 distance sur appareil mobile | pour utilisation de l'app de visualisation pour tablet et smartphone","thumbnail":"https:\/\/dev.codekraft.it\/rotary-2024\/wp-content\/uploads\/brb_media\/00528337_wheel-aligner-stda141-mi-150x150.png","url":"https:\/\/dev.codekraft.it\/rotary-2024\/fr\/produits\/accessoires-diagnostic-fr\/accessoires-controles-de-geometrie-fr\/token-aligner-connect-3\/"},{"id":381678,"mpn":"STDA141ADAS","name":"Token","description":"Activation de l'application pour les fonctions ADAS","thumbnail":"https:\/\/dev.codekraft.it\/rotary-2024\/wp-content\/uploads\/brb_media\/00528336_wheel-aligner-stda141adas-mi-150x150.png","url":"https:\/\/dev.codekraft.it\/rotary-2024\/fr\/produits\/accessoires-diagnostic-fr\/accessoires-controles-de-geometrie-fr\/token-3\/"},{"id":381693,"mpn":"STDAShoot","name":"Token","description":"Cl\u00e9 virtuelle pour la consultation de la base de donn\u00e9es en ligne sur demande du Bureau f\u00e9d\u00e9ral allemand des v\u00e9hicules motoris\u00e9s et des conducteurs (KBA) | incl. 200 requ\u00eates","thumbnail":"https:\/\/dev.codekraft.it\/rotary-2024\/wp-content\/uploads\/brb_media\/00510471_wheel-aligners-shootgo-mi-150x150.png","url":"https:\/\/dev.codekraft.it\/rotary-2024\/fr\/produits\/accessoires-diagnostic-fr\/accessoires-controles-de-geometrie-fr\/token-9\/"},{"id":380102,"mpn":"STDAS200","name":"Cr\u00e9dit de requ\u00eate de base de donn\u00e9es Shoot &amp; Go 200","description":"Pack de cr\u00e9dits pour consulter la base de donn\u00e9es en ligne sur demande KBA (Bureau f\u00e9d\u00e9ral allemand des v\u00e9hicules motoris\u00e9s et des conducteurs) | 200 requ\u00eates","thumbnail":"https:\/\/dev.codekraft.it\/rotary-2024\/wp-content\/uploads\/brb_media\/00510471_wheel-aligners-shootgo-mi-150x150.png","url":"https:\/\/dev.codekraft.it\/rotary-2024\/fr\/produits\/accessoires-diagnostic-fr\/accessoires-controles-de-geometrie-fr\/credit-de-requete-de-base-de-donnees-shoot-go-200\/"},{"id":380687,"mpn":"STDAS500","name":"Cr\u00e9dit de requ\u00eate de base de donn\u00e9es Shoot &amp; Go 500","description":"Pack de cr\u00e9dits pour consulter la base de donn\u00e9es en ligne sur demande KBA (Bureau f\u00e9d\u00e9ral allemand des v\u00e9hicules motoris\u00e9s et des conducteurs) | 500 requ\u00eates","thumbnail":"https:\/\/dev.codekraft.it\/rotary-2024\/wp-content\/uploads\/brb_media\/00510471_wheel-aligners-shootgo-mi-150x150.png","url":"https:\/\/dev.codekraft.it\/rotary-2024\/fr\/produits\/accessoires-diagnostic-fr\/accessoires-controles-de-geometrie-fr\/credit-de-requete-de-base-de-donnees-shoot-go-500\/"},{"id":381423,"mpn":"STDA35E","name":"Griffes de roue \u00e0 3 points | \u00d8 de jante 8 &#8211; 24\u2033, \u00d8 des pneus 480 &#8211; 910 mm","description":"Griffes \u00e0 3 points \u00e0 centrage automatique et avec blocage rapide | 1 jeu \/ 2 pi\u00e8ces","thumbnail":"https:\/\/dev.codekraft.it\/rotary-2024\/wp-content\/uploads\/brb_media\/00510472_wheel-aligners-stda35e-mi-150x150.png","url":"https:\/\/dev.codekraft.it\/rotary-2024\/fr\/produits\/accessoires-diagnostic-fr\/accessoires-controles-de-geometrie-fr\/griffes-de-roue-a-3-points-o-de-jante-8-24%e2%80%b3-o-des-pneus-480-910-mm\/"},{"id":381635,"mpn":"STDA94","name":"Onglets ABS, profil r\u00e9duit","description":"Doigts en plastique pour griffes de roue STDA46EU-48E-35E-95E | 1 jeu \/ 8 pi\u00e8ces","thumbnail":"https:\/\/dev.codekraft.it\/rotary-2024\/wp-content\/uploads\/brb_media\/00506511_stda94-150x150.png","url":"https:\/\/dev.codekraft.it\/rotary-2024\/fr\/produits\/accessoires-diagnostic-fr\/accessoires-controles-de-geometrie-fr\/onglets-abs-profil-reduit\/"},{"id":381683,"mpn":"STDA164","name":"Batteries suppl\u00e9mentaires | 1 jeu \/ 2 pi\u00e8ces","description":"","thumbnail":"","url":"https:\/\/dev.codekraft.it\/rotary-2024\/fr\/produits\/accessoires-diagnostic-fr\/accessoires-controles-de-geometrie-fr\/batteries-supplementaires-1-jeu-2-pieces\/"},{"id":381708,"mpn":"STDA165","name":"D&#039;aimants pour support griffes | 1 jeu","description":"","thumbnail":"https:\/\/dev.codekraft.it\/rotary-2024\/wp-content\/uploads\/brb_media\/00528349_wheel-aligner-stda165-mi-150x150.png","url":"https:\/\/dev.codekraft.it\/rotary-2024\/fr\/produits\/accessoires-diagnostic-fr\/accessoires-controles-de-geometrie-fr\/daimants-pour-support-griffes-1-jeu-2\/"},{"id":381720,"mpn":"STDA162","name":"Brides de fixation pont pour transducteur de mesure 3D | 1 jeu \/ 2 pi\u00e8ces","description":"","thumbnail":"https:\/\/dev.codekraft.it\/rotary-2024\/wp-content\/uploads\/brb_media\/00495669_wheel-aligner-3d-wifi-stda162-rotary-di-150x150.png","url":"https:\/\/dev.codekraft.it\/rotary-2024\/fr\/produits\/accessoires-diagnostic-fr\/accessoires-controles-de-geometrie-fr\/brides-de-fixation-pont-pour-transducteur-de-mesure-3d-1-jeu-2-pieces\/"},{"id":381982,"mpn":"STDA150TX","name":"Jeu d&#039;adaptateurs pour le montage de cibles\/d\u00e9tecteurs sur panneau TEXA","description":"Applicable \u00e0 condition de poss\u00e9der d\u00e9j\u00e0 un ADAS TEXA","thumbnail":"https:\/\/dev.codekraft.it\/rotary-2024\/wp-content\/uploads\/brb_media\/00528342_wheel-aligner-stda150tx-mi.png","url":"https:\/\/dev.codekraft.it\/rotary-2024\/fr\/produits\/accessoires-diagnostic-fr\/accessoires-controles-de-geometrie-fr\/jeu-dadaptateurs-pour-le-montage-de-cibles-detecteurs-sur-panneau-texa\/"},{"id":383114,"mpn":"STDA150AU","name":"Kit blocage pour application panneaux ADAS (AUTEL)","description":"Accessoire pour aligneurs de roue","thumbnail":"https:\/\/dev.codekraft.it\/rotary-2024\/wp-content\/uploads\/brb_media\/00528341_wheel-aligner-stda150au-mi-150x150.png","url":"https:\/\/dev.codekraft.it\/rotary-2024\/fr\/produits\/accessoires-diagnostic-fr\/accessoires-controles-de-geometrie-fr\/kit-blocage-pour-application-panneaux-adas-autel\/"},{"id":383121,"mpn":"STDA150VW","name":"Kit blocage pour application panneaux ADAS (VAS6430 VW)","description":"Accessoire pour aligneurs de roue","thumbnail":"https:\/\/dev.codekraft.it\/rotary-2024\/wp-content\/uploads\/brb_media\/00528343_wheel-aligner-stda150vw-mi-150x150.png","url":"https:\/\/dev.codekraft.it\/rotary-2024\/fr\/produits\/accessoires-diagnostic-fr\/accessoires-controles-de-geometrie-fr\/kit-blocage-pour-application-panneaux-adas-vas6430-vw\/"},{"id":381834,"mpn":"STDA110","name":"Base de donn\u00e9es v\u00e9hicules","description":"","thumbnail":"https:\/\/dev.codekraft.it\/rotary-2024\/wp-content\/uploads\/brb_media\/00509910_wheel-aligner-stda110-mi-150x150.png","url":"https:\/\/dev.codekraft.it\/rotary-2024\/fr\/produits\/accessoires-diagnostic-fr\/accessoires-controles-de-geometrie-fr\/base-de-donnees-vehicules\/"},{"id":381794,"mpn":"10479","name":"Pousse pedale de frein","description":"","thumbnail":"https:\/\/dev.codekraft.it\/rotary-2024\/wp-content\/uploads\/brb_media\/00509913_wheel-aligner-10479-mi-150x150.png","url":"https:\/\/dev.codekraft.it\/rotary-2024\/fr\/produits\/accessoires-diagnostic-fr\/accessoires-controles-de-geometrie-fr\/pousse-pedale-de-frein\/"},{"id":385056,"mpn":"STDAS350","name":"Cr\u00e9dit de requ\u00eate de base de donn\u00e9es Shoot &amp; Go 350","description":"Pack de cr\u00e9dits pour consulter la base de donn\u00e9es en ligne sur demande KBA (Bureau f\u00e9d\u00e9ral allemand des v\u00e9hicules motoris\u00e9s et des conducteurs) | 350 requ\u00eates","thumbnail":"https:\/\/dev.codekraft.it\/rotary-2024\/wp-content\/uploads\/brb_media\/00510471_wheel-aligners-shootgo-mi-150x150.png","url":"https:\/\/dev.codekraft.it\/rotary-2024\/fr\/produits\/accessoires-diagnostic-fr\/accessoires-controles-de-geometrie-fr\/credit-de-requete-de-base-de-donnees-shoot-go-350\/"},{"id":385038,"mpn":"VSG.FC167.701916","name":"Griffes de roue Fast clamps","description":"Clips de montage rapide | pour l\u2019alignement 3D, voiture de tourisme, taille du pneu 21 - 31\", \u00d8 de roue 540 - 780 mm, poids des graffes 3,5 kg (par jeu) | 1 jeu \/ 2 pi\u00e8ces","thumbnail":"https:\/\/dev.codekraft.it\/rotary-2024\/wp-content\/uploads\/brb_media\/00528113_wheel-aligner-accessories-vsgfc167701916-mi-150x150.png","url":"https:\/\/dev.codekraft.it\/rotary-2024\/fr\/produits\/accessoires-diagnostic-fr\/accessoires-controles-de-geometrie-fr\/griffes-de-roue-fast-clamps\/"},{"id":385020,"mpn":"VSG.IDC50.701886","name":"Kit de diagnostic STDADIAG","description":"IDC5 KIT TEXA - pour le diagnostic de l'alignement des roues | kit pour ceux qui n'ont que l'alignement des roues et qui n'ont pas d'accessoires TEXA","thumbnail":"https:\/\/dev.codekraft.it\/rotary-2024\/wp-content\/uploads\/brb_media\/00527952_wheel-aligners-accessories-stdadiag-all-configurations-mi-150x150.png","url":"https:\/\/dev.codekraft.it\/rotary-2024\/fr\/produits\/accessoires-diagnostic-fr\/accessoires-controles-de-geometrie-fr\/kit-de-diagnostic-stdadiag\/"},{"id":385026,"mpn":"VSG.SW500.701893","name":"Kit de diagnostic STDADIAG\/SW","description":"TEXA IDC5 SW KIT - pour le diagnostic de la configuration | kit pour ceux qui ont d\u00e9j\u00e0 des dispositifs TEXA (par exemple, ADAS RCSS)","thumbnail":"https:\/\/dev.codekraft.it\/rotary-2024\/wp-content\/uploads\/brb_media\/00527953_wheel-aligners-accessories-stdadiag-ws-all-configurations-mi-150x150.png","url":"https:\/\/dev.codekraft.it\/rotary-2024\/fr\/produits\/accessoires-diagnostic-fr\/accessoires-controles-de-geometrie-fr\/kit-de-diagnostic-stdadiag-sw\/"}],"components":[],"related":[],"page_logo_src":"https:\/\/dev.codekraft.it\/rotary-2024\/wp-content\/uploads\/2024\/05\/cropped-rotary-logo-2022.png","lang":"fr","translations":{"fr":384051,"en":384049,"de":384050,"it":384052,"es":384053,"ru":384054},"pll_sync_post":[],"_links":{"self":[{"href":"https:\/\/dev.codekraft.it\/rotary-2024\/wp-json\/wp\/v2\/product\/384051","targetHints":{"allow":["GET"]}}],"collection":[{"href":"https:\/\/dev.codekraft.it\/rotary-2024\/wp-json\/wp\/v2\/product"}],"about":[{"href":"https:\/\/dev.codekraft.it\/rotary-2024\/wp-json\/wp\/v2\/types\/product"}],"wp:featuredmedia":[{"embeddable":true,"href":"https:\/\/dev.codekraft.it\/rotary-2024\/wp-json\/wp\/v2\/media\/355347"}],"wp:attachment":[{"href":"https:\/\/dev.codekraft.it\/rotary-2024\/wp-json\/wp\/v2\/media?parent=384051"}],"wp:term":[{"taxonomy":"product_brand","embeddable":true,"href":"https:\/\/dev.codekraft.it\/rotary-2024\/wp-json\/wp\/v2\/product_brand?post=384051"},{"taxonomy":"product_cat","embeddable":true,"href":"https:\/\/dev.codekraft.it\/rotary-2024\/wp-json\/wp\/v2\/product_cat?post=384051"},{"taxonomy":"product_tag","embeddable":true,"href":"https:\/\/dev.codekraft.it\/rotary-2024\/wp-json\/wp\/v2\/product_tag?post=384051"},{"taxonomy":"product_approvals","embeddable":true,"href":"https:\/\/dev.codekraft.it\/rotary-2024\/wp-json\/wp\/v2\/product_approvals?post=384051"},{"taxonomy":"product_application","embeddable":true,"href":"https:\/\/dev.codekraft.it\/rotary-2024\/wp-json\/wp\/v2\/product_application?post=384051"}],"curies":[{"name":"wp","href":"https:\/\/api.w.org\/{rel}","templated":true}]}}