{"id":384044,"date":"2025-12-11T10:04:40","date_gmt":"2025-12-11T10:04:40","guid":{"rendered":"https:\/\/dev.codekraft.it\/rotary-2024\/products\/uncategorized\/3d-achsmessgerat-rot3d2-0wall-3l\/"},"modified":"2025-12-11T10:04:40","modified_gmt":"2025-12-11T10:04:40","slug":"3d-achsmessgerat-rot3d2-0wall-3l","status":"publish","type":"product","link":"https:\/\/dev.codekraft.it\/rotary-2024\/produkte\/diagnose-de\/achsmessgerate-de\/3d-achsmessgerat-rot3d2-0wall-3l\/","title":{"rendered":"3D-Achsmessger\u00e4t ROT3D2.0WALL.3L"},"content":{"rendered":"<p>AllOnWall-Serie\u00a0&#8211; Achsvermessung auf h\u00f6chstem Niveau<\/p>\n<ul>\n<li>Keine Konsole, \u00dcbertragungsger\u00e4t oder PC n\u00f6tig<\/li>\n<li>Kommunikation \u00fcber Bluetooth-Verbindung<\/li>\n<li>Verbesserte 3D-Messk\u00f6pfe mit HQ-Aufl\u00f6sung<\/li>\n<\/ul>\n<p>Die Baureihe AllOnWall bietet alles, was f\u00fcr die Achsvermessung erforderlich ist, mit einem praktischen Wandpanel wodurch n\u00fctzlicher Platz in der Werkstatt gewonnen werden kann. Alle Einstellarbeiten k\u00f6nnen \u00fcber ein 10\u2033-Tablet gesteuert werden, das der Bediener mit sich f\u00fchren oder w\u00e4hrend der Einstellung mithilfe der integrierten Magnete an der Hebeb\u00fchne positionieren kann. Das Achsmessger\u00e4t nutzt die bew\u00e4hrte Messkopftechnologie mit HD-Kameras und Real-3D-Targets, komplett kabellos mit Bluetooth-\u00dcbertragung.<\/p>\n<ul>\n<li>Integrierter Sto\u00dfschutz aus Gummi und Griff mit Kunststoffschutz.<\/li>\n<li>Die mit einem Schnellstecksystem befestigte schwenkbare Halterung der Messsensoren verhindert ein Besch\u00e4digen beim Ablassen der Hebeb\u00fchne.<\/li>\n<li>Batterie mit Schnellstecksystem.<\/li>\n<li>Die Ladestationen sind mit Magneten ausgestattet, die eine genaue Positionierung der Batterien erm\u00f6glichen und so jederzeit einen korrekten Ladevorgang garantieren, auch mithilfe der entsprechenden Leuchthalterungen.<\/li>\n<li>Die an den Radklammern installierten Targets in Real 3D-Struktur sind extrem leicht, wartungsfrei und ohne elektronische Bauteile.<\/li>\n<\/ul>\n<ul>\n<li>Merkmale der 3D-Messk\u00f6pfe:\n<ul>\n<li>LCD-Display f\u00fcr die wichtigsten Informationen<\/li>\n<li>F\u00fcnf Software-Navigationstasten, die auch per Fernbedienung bedient werden k\u00f6nnen<\/li>\n<li>Automatische Messung und Ausgleich des Niveaus der Hebeb\u00fchne mit hochaufl\u00f6senden Kameras<\/li>\n<li>Fernbedienungsfunktion<\/li>\n<li>LED-Repeater f\u00fcr die Unterst\u00fctzung bei der Fahrzeugeinstellung<\/li>\n<li>Eine einzige Position f\u00fcr die Messkopfhalter reicht f\u00fcr die Vermessung von Fahrzeugen mit verschiedenen Radst\u00e4nden aus<\/li>\n<li>Gewicht 3 kg<\/li>\n<\/ul>\n<\/li>\n<\/ul>\n<ul>\n<li>Tablet (10\u2033-Multitouch-Display), mit einem robusten und langlebigen Design:\n<ul>\n<li>Ultraleichtes Tablet mit ansprechendem Design und langer Batterielaufzeit<\/li>\n<li>Sto\u00dffest<\/li>\n<li>Staub- und wasserdicht (IP52)<\/li>\n<li>Mit Haftmagneten ausgestattet<\/li>\n<li>Wiederaufladbar am Panel<\/li>\n<li>Abgerundete Kanten f\u00fcr gr\u00f6\u00dfere Robustheit<\/li>\n<li>64 GB Speicherkapazit\u00e4t<\/li>\n<li>Display mit 800 x 1280\u00a0Pixeln<\/li>\n<li>Frontkamera 2 MP + hintere Kamera 5 MP<\/li>\n<li>Gewicht von unter 700 g\n<\/li>\n<li>Verbesserte Effizienz in der Werkstatt in Bezug auf Platz und Betrieb\n<ul>\n<li>Keine Behinderung: Maximierung des verf\u00fcgbaren Arbeitsraums<\/li>\n<li>Schnelles Arbeiten:\u00a0Schnelle Erfassung von Fahrzeug-Istdaten<\/li>\n<li>Minimale Belastung: Keine Rundlaufkorrektur<\/li>\n<li>Keine Einschr\u00e4nkungen: Einsatz des Achsmessger\u00e4tes in mehreren Arbeitsbereichen<\/li>\n<\/ul>\n<\/li>\n<\/ul>\n<\/li>\n<\/ul>\n<ul>\n<li>Das charakteristische Rotary-Logo erscheint durch eine LED-Hintergrundbeleuchtung<\/li>\n<li>Tablet mit einem 10\u2033-Multitouch-Display mit 800 x 1280 Pixeln, ausgestattet mit Haftmagneten &#8211; Wiederaufladbar am Panel<\/li>\n<li>Konsole &#8211;\u00a0Geringes Gewicht von nur 14 kg<\/li>\n<\/ul>\n<ul>\n<li>Large-Ausf\u00fchrung\n<ul>\n<li>Mit Magneten ausgestattete Ladestationen, f\u00fcr die Positionierung von zwei Batterien.<\/li>\n<li>3-Punkt-Schnellspann-Radklammern mit praktischen kunststoffverkleideten Haltern.<\/li>\n<li>Mit einer Sto\u00dfschutz-Gummimatte ausgestattetes Geh\u00e4use zur sicheren Unterbringung der 3D-Messk\u00f6pfe.<\/li>\n<\/ul>\n<\/li>\n<\/ul>\n","protected":false},"excerpt":{"rendered":"<p>3D-Achsmessger\u00e4t mit Wandpanel | Bluetooth-Daten\u00fcbertragung | inkl. 3-Punkt-Schnellspann-Radklammern mit Haltern, Premium Drehtellern, Bremspedalfeststeller, Lenkradfeststeller, Ladestationen f\u00fcr 3D-Messk\u00f6pfe und Batterien mit Magneten | Large-Ausf\u00fchrung<\/p>\n","protected":false},"featured_media":355322,"template":"","meta":[],"product_brand":[],"product_cat":[1033370],"product_tag":[1034161],"product_approvals":[],"product_application":[],"class_list":{"0":"post-384044","1":"product","2":"type-product","3":"status-publish","4":"has-post-thumbnail","6":"product_cat-achsmessgerate-de","7":"product_tag-passenger-cars-de","9":"first","10":"instock","11":"shipping-taxable","12":"product-type-simple"},"approvals":[],"application":[],"brb_media_brochure":[{"id":355323,"url":"https:\/\/dev.codekraft.it\/rotary-2024\/wp-content\/uploads\/brb_media\/00526509_wheel-aligners-rot3d20wall-br-131540-de-2024-05-screen.pdf","title":"wheel aligners rot3d20wall br 131540 de 2024 05 screen","mpn":"","thumbnail":"https:\/\/dev.codekraft.it\/rotary-2024\/wp-content\/uploads\/brb_media\/00526509_wheel-aligners-rot3d20wall-br-131540-de-2024-05-screen-pdf-106x150.png","description":""},{"id":355324,"url":"https:\/\/dev.codekraft.it\/rotary-2024\/wp-content\/uploads\/brb_media\/00526510_wheel-aligners-rot3d20wall-br-131541-en-2024-05-screen.pdf","title":"wheel aligners rot3d20wall br 131541 en 2024 05 screen","mpn":"","thumbnail":"https:\/\/dev.codekraft.it\/rotary-2024\/wp-content\/uploads\/brb_media\/00526510_wheel-aligners-rot3d20wall-br-131541-en-2024-05-screen-pdf-106x150.png","description":""},{"id":355325,"url":"https:\/\/dev.codekraft.it\/rotary-2024\/wp-content\/uploads\/brb_media\/00526511_wheel-aligners-rot3d20wall-br-131542-fr-2024-05-screen.pdf","title":"wheel aligners rot3d20wall br 131542 fr 2024 05 screen","mpn":"","thumbnail":"https:\/\/dev.codekraft.it\/rotary-2024\/wp-content\/uploads\/brb_media\/00526511_wheel-aligners-rot3d20wall-br-131542-fr-2024-05-screen-pdf-106x150.png","description":""},{"id":355326,"url":"https:\/\/dev.codekraft.it\/rotary-2024\/wp-content\/uploads\/brb_media\/00526512_wheel-aligners-rot3d20wall-br-131543-it-2024-05-screen.pdf","title":"wheel aligners rot3d20wall br 131543 it 2024 05 screen","mpn":"","thumbnail":"https:\/\/dev.codekraft.it\/rotary-2024\/wp-content\/uploads\/brb_media\/00526512_wheel-aligners-rot3d20wall-br-131543-it-2024-05-screen-pdf-106x150.png","description":""},{"id":355327,"url":"https:\/\/dev.codekraft.it\/rotary-2024\/wp-content\/uploads\/brb_media\/00526513_wheel-aligners-rot3d20wall-br-131544-es-2024-05-screen.pdf","title":"wheel aligners rot3d20wall br 131544 es 2024 05 screen","mpn":"","thumbnail":"https:\/\/dev.codekraft.it\/rotary-2024\/wp-content\/uploads\/brb_media\/00526513_wheel-aligners-rot3d20wall-br-131544-es-2024-05-screen-pdf-106x150.png","description":""},{"id":355328,"url":"https:\/\/dev.codekraft.it\/rotary-2024\/wp-content\/uploads\/brb_media\/00526514_wheel-aligners-rot3d20wall-br-131545-ru-2024-05-screen.pdf","title":"wheel aligners rot3d20wall br 131545 ru 2024 05 screen","mpn":"","thumbnail":"https:\/\/dev.codekraft.it\/rotary-2024\/wp-content\/uploads\/brb_media\/00526514_wheel-aligners-rot3d20wall-br-131545-ru-2024-05-screen-pdf-106x150.png","description":""}],"brb_media_drawing":"","brb_media_manuals":[{"id":384043,"url":"https:\/\/dev.codekraft.it\/rotary-2024\/wp-content\/uploads\/brb_media\/00539657_rav-rot-spa_3d-wall-2025-m356-00_vsg_00_rev01_5l.pdf","title":"rav rot spa 3d wall (2025 m356 00 vsg 00 rev01) 5l","mpn":"","thumbnail":"https:\/\/dev.codekraft.it\/rotary-2024\/wp-content\/uploads\/brb_media\/00539657_rav-rot-spa_3d-wall-2025-m356-00_vsg_00_rev01_5l-pdf-106x150.png","description":""}],"brb_media_safety_datasheets":"","brb_media_spare_parts":[],"_cdmm_p_id":"502941","_company":"Elektron","_gtin":"5063084701077","accessories":[{"id":381742,"mpn":"STDA33EU\/3D","name":"Radklammern 4-Punkt | Felgen-\u00d8 10 &#8211; 24\u2033","description":"Selbstzentrierende 4-Punkt-Halter | inkl. entfernbarer Klauen | 1 Satz \/ 2 St\u00fcck","thumbnail":"https:\/\/dev.codekraft.it\/rotary-2024\/wp-content\/uploads\/brb_media\/00510475_wheel-aligners-stda33eu-mi-150x150.png","url":"https:\/\/dev.codekraft.it\/rotary-2024\/produkte\/zubehor-diagnose-de\/zubehor-achsmessgerate-de\/radklammern-4-punkt-felgen-o-10-24%e2%80%b3-2\/"},{"id":381448,"mpn":"STDA16","name":"Schiebeplatten 1100 x 500 x 50 mm","description":"1 Satz \/ 2 St\u00fcck","thumbnail":"https:\/\/dev.codekraft.it\/rotary-2024\/wp-content\/uploads\/brb_media\/00495705_wheel-aligners-bu-td20wifi-sliding-plates-1100x500x50mm-di-150x150.png","url":"https:\/\/dev.codekraft.it\/rotary-2024\/produkte\/zubehor-diagnose-de\/zubehor-achsmessgerate-de\/schiebeplatten-1100-x-500-x-50-mm\/"},{"id":381608,"mpn":"STDA17","name":"Schiebeplatten 1500 x 500 x 50 mm","description":"1 Satz \/ 2 St\u00fcck","thumbnail":"https:\/\/dev.codekraft.it\/rotary-2024\/wp-content\/uploads\/brb_media\/00528315_wheel-aligner-stda17-mi-150x150.png","url":"https:\/\/dev.codekraft.it\/rotary-2024\/produkte\/zubehor-diagnose-de\/zubehor-achsmessgerate-de\/schiebeplatten-1500-x-500-x-50-mm\/"},{"id":379804,"mpn":"STDA23\/BTH","name":"Niveau- und H\u00f6henstandsmessger\u00e4t","description":"Niveau- und H\u00f6henstandsmessung (Option)","thumbnail":"https:\/\/dev.codekraft.it\/rotary-2024\/wp-content\/uploads\/brb_media\/00528316_wheel-aligner-stda23-bth-mi-150x150.png","url":"https:\/\/dev.codekraft.it\/rotary-2024\/produkte\/zubehor-diagnose-de\/zubehor-achsmessgerate-de\/niveau-und-hohenstandsmessgerat\/"},{"id":379796,"mpn":"STDA3D\/QC","name":"Quickcheck-Halter","description":"Quickcheck-Halter f\u00fcr mobilen Einsatz (Option)","thumbnail":"https:\/\/dev.codekraft.it\/rotary-2024\/wp-content\/uploads\/brb_media\/00506536_stda3dqc-150x150.png","url":"https:\/\/dev.codekraft.it\/rotary-2024\/produkte\/zubehor-diagnose-de\/zubehor-achsmessgerate-de\/quickcheck-halter\/"},{"id":381614,"mpn":"KIT3D\/PIT","name":"Grubenhalterungen f\u00fcr Messk\u00f6pfe von 3D-Achsmessger\u00e4ten | 1 Satz \/ 2 St\u00fcck","description":"","thumbnail":"","url":"https:\/\/dev.codekraft.it\/rotary-2024\/produkte\/zubehor-diagnose-de\/zubehor-achsmessgerate-de\/grubenhalterungen-fur-messkopfe-von-3d-achsmessgeraten-1-satz-2-stuck\/"},{"id":381621,"mpn":"STDA100","name":"Radspanner","description":"F\u00fcr Halter STDA35E-95E und Spannhalter STDA38 | Medium | Reifen-\u00d8 680 - 910 mm | 1 Satz \/ 4 St\u00fcck","thumbnail":"https:\/\/dev.codekraft.it\/rotary-2024\/wp-content\/uploads\/brb_media\/00528330_wheel-aligner-stda100-mi-150x150.png","url":"https:\/\/dev.codekraft.it\/rotary-2024\/produkte\/zubehor-diagnose-de\/zubehor-achsmessgerate-de\/radspanner\/"},{"id":381628,"mpn":"STDA101","name":"Radspanner","description":"F\u00fcr Halter STDA35E-95E und Spannhalter STDA38 | Lang |  Reifen-\u00d8 860 - 1115 mm | 1 Satz \/ 4 St\u00fcck","thumbnail":"https:\/\/dev.codekraft.it\/rotary-2024\/wp-content\/uploads\/brb_media\/00528331_wheel-aligner-stda101-mi-150x150.png","url":"https:\/\/dev.codekraft.it\/rotary-2024\/produkte\/zubehor-diagnose-de\/zubehor-achsmessgerate-de\/radspanner-2\/"},{"id":379818,"mpn":"STDA131","name":"Klauen f\u00fcr gew\u00f6lbte VW-Felgen | Kunststoff","description":"Radklammerfinger | 1 Satz \/ 8 St\u00fcck","thumbnail":"https:\/\/dev.codekraft.it\/rotary-2024\/wp-content\/uploads\/brb_media\/00528332_wheel-aligner-stda131-mi-118x150.png","url":"https:\/\/dev.codekraft.it\/rotary-2024\/produkte\/zubehor-diagnose-de\/zubehor-achsmessgerate-de\/klauen-fur-gewolbte-vw-felgen-kunststoff\/"},{"id":382588,"mpn":"STDA123","name":"Quertr\u00e4ger f\u00fcr Gutmann CSC Tool","description":"Quertr\u00e4ger f\u00fcr die Montage der Mess-Sensoren an den Achsmessger\u00e4ten von Hella Gutmann, 16 kg, (H x B x T) 246 x 2598 x 101 mm","thumbnail":"https:\/\/dev.codekraft.it\/rotary-2024\/wp-content\/uploads\/brb_media\/00505443_csc-tool-digital_05-150x145.png","url":"https:\/\/dev.codekraft.it\/rotary-2024\/produkte\/zubehor-diagnose-de\/zubehor-achsmessgerate-de\/quertrager-fur-gutmann-csc-tool\/"},{"id":381669,"mpn":"STDA38K","name":"Schnellradspanner","description":"zur Aufr\u00fcstung von 4-Punkt-Haltern STDA33EU-34E auf die STDA46EU-35E | erm\u00f6glicht es auf die Rundlaufkorrektur verzichten zu k\u00f6nnen | inkl. Kunststofffinger | Reifen-\u00d8 480 - 760 mm | 2 S\u00e4tze \/ 4 St\u00fcck","thumbnail":"https:\/\/dev.codekraft.it\/rotary-2024\/wp-content\/uploads\/brb_media\/00509911_wheel-aligner-stda38k-mi-150x150.png","url":"https:\/\/dev.codekraft.it\/rotary-2024\/produkte\/zubehor-diagnose-de\/zubehor-achsmessgerate-de\/schnellradspanner\/"},{"id":381692,"mpn":"STDA149","name":"Wasserwaagen f\u00fcr Targets | 1 Satz \/ 4 St\u00fcck","description":"","thumbnail":"https:\/\/dev.codekraft.it\/rotary-2024\/wp-content\/uploads\/brb_media\/00528340_wheel-aligner-stda149-mi-150x150.png","url":"https:\/\/dev.codekraft.it\/rotary-2024\/produkte\/zubehor-diagnose-de\/zubehor-achsmessgerate-de\/wasserwaagen-fur-targets-1-satz-4-stuck\/"},{"id":379811,"mpn":"STDA141","name":"Token Aligner Connect","description":"Fernanzeige auf ein mobiles Ger\u00e4t | f\u00fcr Tablet- und Smartphone-App","thumbnail":"https:\/\/dev.codekraft.it\/rotary-2024\/wp-content\/uploads\/brb_media\/00528337_wheel-aligner-stda141-mi-150x150.png","url":"https:\/\/dev.codekraft.it\/rotary-2024\/produkte\/zubehor-diagnose-de\/zubehor-achsmessgerate-de\/token-aligner-connect-2\/"},{"id":381676,"mpn":"STDA141ADAS","name":"Token","description":"Anwendungsfreigabe der ADAS-Funktionen","thumbnail":"https:\/\/dev.codekraft.it\/rotary-2024\/wp-content\/uploads\/brb_media\/00528336_wheel-aligner-stda141adas-mi-150x150.png","url":"https:\/\/dev.codekraft.it\/rotary-2024\/produkte\/zubehor-diagnose-de\/zubehor-achsmessgerate-de\/token-2\/"},{"id":381691,"mpn":"STDAShoot","name":"Token","description":"Virtueller Schl\u00fcssel f\u00fcr die Konsultation der Online-Datenbank \u00fcber KBA-Abfrage | inkl. 200 Abfragen","thumbnail":"https:\/\/dev.codekraft.it\/rotary-2024\/wp-content\/uploads\/brb_media\/00510471_wheel-aligners-shootgo-mi-150x150.png","url":"https:\/\/dev.codekraft.it\/rotary-2024\/produkte\/zubehor-diagnose-de\/zubehor-achsmessgerate-de\/token-8\/"},{"id":380101,"mpn":"STDAS200","name":"Datenbankabfrage-Guthaben Shoot &amp; Go 200","description":"Guthaben-Paket f\u00fcr die Konsultationen der Online-Datenbank \u00fcber KBA-Abfrage | 200 Abfragen","thumbnail":"https:\/\/dev.codekraft.it\/rotary-2024\/wp-content\/uploads\/brb_media\/00510471_wheel-aligners-shootgo-mi-150x150.png","url":"https:\/\/dev.codekraft.it\/rotary-2024\/produkte\/zubehor-diagnose-de\/zubehor-achsmessgerate-de\/datenbankabfrage-guthaben-shoot-go-200\/"},{"id":380686,"mpn":"STDAS500","name":"Datenbankabfrage-Guthaben Shoot &amp; Go 500","description":"Guthaben-Paket f\u00fcr die Konsultationen der Online-Datenbank \u00fcber KBA-Abfrage | 500 Abfragen","thumbnail":"https:\/\/dev.codekraft.it\/rotary-2024\/wp-content\/uploads\/brb_media\/00510471_wheel-aligners-shootgo-mi-150x150.png","url":"https:\/\/dev.codekraft.it\/rotary-2024\/produkte\/zubehor-diagnose-de\/zubehor-achsmessgerate-de\/datenbankabfrage-guthaben-shoot-go-500\/"},{"id":381422,"mpn":"STDA35E","name":"Radklammern 3-Punkt | Felgen-\u00d8 8 &#8211; 24\u2033, Reifen-\u00d8 480 &#8211; 910 mm","description":"Selbstzentrierende 3-Punkt-Schnellspannhalter | 1 Satz \/ 2 St\u00fcck","thumbnail":"https:\/\/dev.codekraft.it\/rotary-2024\/wp-content\/uploads\/brb_media\/00510472_wheel-aligners-stda35e-mi-150x150.png","url":"https:\/\/dev.codekraft.it\/rotary-2024\/produkte\/zubehor-diagnose-de\/zubehor-achsmessgerate-de\/radklammern-3-punkt-felgen-o-8-24%e2%80%b3-reifen-o-480-910-mm\/"},{"id":381634,"mpn":"STDA94","name":"Klauen Kunststoff, niedriges Profil","description":"Radklammerfinger f\u00fcr Radklammern STDA46EU-48E-35E-95E | 1 Satz \/ 8 St\u00fcck","thumbnail":"https:\/\/dev.codekraft.it\/rotary-2024\/wp-content\/uploads\/brb_media\/00506511_stda94-150x150.png","url":"https:\/\/dev.codekraft.it\/rotary-2024\/produkte\/zubehor-diagnose-de\/zubehor-achsmessgerate-de\/klauen-kunststoff-niedriges-profil\/"},{"id":381681,"mpn":"STDA164","name":"Zusatzbatterien | 1 Satz \/ 2 St\u00fcck","description":"","thumbnail":"","url":"https:\/\/dev.codekraft.it\/rotary-2024\/produkte\/zubehor-diagnose-de\/zubehor-achsmessgerate-de\/zusatzbatterien-1-satz-2-stuck\/"},{"id":381705,"mpn":"STDA165","name":"Magneten f\u00fcr die Radklemmenhalterung | 1 Satz","description":"","thumbnail":"https:\/\/dev.codekraft.it\/rotary-2024\/wp-content\/uploads\/brb_media\/00528349_wheel-aligner-stda165-mi-150x150.png","url":"https:\/\/dev.codekraft.it\/rotary-2024\/produkte\/zubehor-diagnose-de\/zubehor-achsmessgerate-de\/magneten-fur-die-radklemmenhalterung-1-satz\/"},{"id":381717,"mpn":"STDA162","name":"Hebeb\u00fchnen-Halterungen f\u00fcr 3D-Messwertaufnehmer | 1 Satz \/ 2 St\u00fcck","description":"","thumbnail":"https:\/\/dev.codekraft.it\/rotary-2024\/wp-content\/uploads\/brb_media\/00495669_wheel-aligner-3d-wifi-stda162-rotary-di-150x150.png","url":"https:\/\/dev.codekraft.it\/rotary-2024\/produkte\/zubehor-diagnose-de\/zubehor-achsmessgerate-de\/hebebuhnen-halterungen-fur-3d-messwertaufnehmer-1-satz-2-stuck\/"},{"id":381981,"mpn":"STDA150TX","name":"Adapter-Set f\u00fcr die Montage von Targets\/Detektoren an der TEXA-Tafel","description":"Geeignet, wenn bereits ein TEXA ADAS vorhanden ist","thumbnail":"https:\/\/dev.codekraft.it\/rotary-2024\/wp-content\/uploads\/brb_media\/00528342_wheel-aligner-stda150tx-mi.png","url":"https:\/\/dev.codekraft.it\/rotary-2024\/produkte\/zubehor-diagnose-de\/zubehor-achsmessgerate-de\/adapter-set-fur-die-montage-von-targets-detektoren-an-der-texa-tafel\/"},{"id":383113,"mpn":"STDA150AU","name":"Halterungen f\u00fcr Panele ADAS (AUTEL)","description":"Zubeh\u00f6r f\u00fcr Achsmessger\u00e4te","thumbnail":"https:\/\/dev.codekraft.it\/rotary-2024\/wp-content\/uploads\/brb_media\/00528341_wheel-aligner-stda150au-mi-150x150.png","url":"https:\/\/dev.codekraft.it\/rotary-2024\/produkte\/zubehor-diagnose-de\/zubehor-achsmessgerate-de\/halterungen-fur-panele-adas-autel\/"},{"id":383120,"mpn":"STDA150VW","name":"Halterungen f\u00fcr Panele ADAS (VAS6430 VW)","description":"Zubeh\u00f6r f\u00fcr Achsmessger\u00e4te","thumbnail":"https:\/\/dev.codekraft.it\/rotary-2024\/wp-content\/uploads\/brb_media\/00528343_wheel-aligner-stda150vw-mi-150x150.png","url":"https:\/\/dev.codekraft.it\/rotary-2024\/produkte\/zubehor-diagnose-de\/zubehor-achsmessgerate-de\/halterungen-fur-panele-adas-vas6430-vw\/"},{"id":381832,"mpn":"STDA110","name":"Fahrzeugdatenbank","description":"","thumbnail":"https:\/\/dev.codekraft.it\/rotary-2024\/wp-content\/uploads\/brb_media\/00509910_wheel-aligner-stda110-mi-150x150.png","url":"https:\/\/dev.codekraft.it\/rotary-2024\/produkte\/zubehor-diagnose-de\/zubehor-achsmessgerate-de\/fahrzeugdatenbank\/"},{"id":381792,"mpn":"10479","name":"Bremspedalfeststeller","description":"","thumbnail":"https:\/\/dev.codekraft.it\/rotary-2024\/wp-content\/uploads\/brb_media\/00509913_wheel-aligner-10479-mi-150x150.png","url":"https:\/\/dev.codekraft.it\/rotary-2024\/produkte\/zubehor-diagnose-de\/zubehor-achsmessgerate-de\/bremspedalfeststeller\/"},{"id":385055,"mpn":"STDAS350","name":"Datenbankabfrage-Guthaben Shoot &amp; Go 350","description":"Guthaben-Paket f\u00fcr die Konsultationen der Online-Datenbank \u00fcber KBA-Abfrage | 350 Abfragen","thumbnail":"https:\/\/dev.codekraft.it\/rotary-2024\/wp-content\/uploads\/brb_media\/00510471_wheel-aligners-shootgo-mi-150x150.png","url":"https:\/\/dev.codekraft.it\/rotary-2024\/produkte\/zubehor-diagnose-de\/zubehor-achsmessgerate-de\/datenbankabfrage-guthaben-shoot-go-350\/"},{"id":385037,"mpn":"VSG.FC167.701916","name":"Radklammern Fast clamps","description":"Schnellspann-Radklammern | f\u00fcr 3D-Achsmessger\u00e4te, Pkw, Radgr\u00f6\u00dfe 21 - 31\", Rad-\u00d8 540 - 780 mm, Gewicht pro Radklammer-Satz 3,5 kg | 1 Satz \/ 2 St\u00fcck","thumbnail":"https:\/\/dev.codekraft.it\/rotary-2024\/wp-content\/uploads\/brb_media\/00528113_wheel-aligner-accessories-vsgfc167701916-mi-150x150.png","url":"https:\/\/dev.codekraft.it\/rotary-2024\/produkte\/zubehor-diagnose-de\/zubehor-achsmessgerate-de\/radklammern-fast-clamps\/"},{"id":385019,"mpn":"VSG.IDC50.701886","name":"Diagnosekit STDADIAG","description":"IDC5 KIT TEXA - f\u00fcr die Diagnose der Achsvermessung | Kit f\u00fcr diejenigen, die ein Achsmessger\u00e4t besitzen, aber kein TEXA-Zubeh\u00f6r","thumbnail":"https:\/\/dev.codekraft.it\/rotary-2024\/wp-content\/uploads\/brb_media\/00527952_wheel-aligners-accessories-stdadiag-all-configurations-mi-150x150.png","url":"https:\/\/dev.codekraft.it\/rotary-2024\/produkte\/zubehor-diagnose-de\/zubehor-achsmessgerate-de\/diagnosekit-stdadiag\/"},{"id":385025,"mpn":"VSG.SW500.701893","name":"Diagnosekit STDADIAG\/SW","description":"TEXA IDC5 SW KIT - f\u00fcr die Diagnose der Achsvermessung | Kit f\u00fcr diejenigen, die bereits TEXA-Ger\u00e4te besitzen (z. B. ADAS RCSS)","thumbnail":"https:\/\/dev.codekraft.it\/rotary-2024\/wp-content\/uploads\/brb_media\/00527953_wheel-aligners-accessories-stdadiag-ws-all-configurations-mi-150x150.png","url":"https:\/\/dev.codekraft.it\/rotary-2024\/produkte\/zubehor-diagnose-de\/zubehor-achsmessgerate-de\/diagnosekit-stdadiag-sw\/"}],"components":[],"related":[],"page_logo_src":"https:\/\/dev.codekraft.it\/rotary-2024\/wp-content\/uploads\/2024\/05\/cropped-rotary-logo-2022.png","lang":"de","translations":{"de":384044,"en":384041,"fr":384045,"it":384046,"es":384047,"ru":384048},"pll_sync_post":[],"_links":{"self":[{"href":"https:\/\/dev.codekraft.it\/rotary-2024\/wp-json\/wp\/v2\/product\/384044","targetHints":{"allow":["GET"]}}],"collection":[{"href":"https:\/\/dev.codekraft.it\/rotary-2024\/wp-json\/wp\/v2\/product"}],"about":[{"href":"https:\/\/dev.codekraft.it\/rotary-2024\/wp-json\/wp\/v2\/types\/product"}],"wp:featuredmedia":[{"embeddable":true,"href":"https:\/\/dev.codekraft.it\/rotary-2024\/wp-json\/wp\/v2\/media\/355322"}],"wp:attachment":[{"href":"https:\/\/dev.codekraft.it\/rotary-2024\/wp-json\/wp\/v2\/media?parent=384044"}],"wp:term":[{"taxonomy":"product_brand","embeddable":true,"href":"https:\/\/dev.codekraft.it\/rotary-2024\/wp-json\/wp\/v2\/product_brand?post=384044"},{"taxonomy":"product_cat","embeddable":true,"href":"https:\/\/dev.codekraft.it\/rotary-2024\/wp-json\/wp\/v2\/product_cat?post=384044"},{"taxonomy":"product_tag","embeddable":true,"href":"https:\/\/dev.codekraft.it\/rotary-2024\/wp-json\/wp\/v2\/product_tag?post=384044"},{"taxonomy":"product_approvals","embeddable":true,"href":"https:\/\/dev.codekraft.it\/rotary-2024\/wp-json\/wp\/v2\/product_approvals?post=384044"},{"taxonomy":"product_application","embeddable":true,"href":"https:\/\/dev.codekraft.it\/rotary-2024\/wp-json\/wp\/v2\/product_application?post=384044"}],"curies":[{"name":"wp","href":"https:\/\/api.w.org\/{rel}","templated":true}]}}