{"id":384039,"date":"2025-12-11T10:11:23","date_gmt":"2025-12-11T10:11:23","guid":{"rendered":"https:\/\/dev.codekraft.it\/rotary-2024\/products\/uncategorized\/elevador-de-2-columnas-spm55-xel\/"},"modified":"2025-12-11T10:11:23","modified_gmt":"2025-12-11T10:11:23","slug":"elevador-de-2-columnas-spm55-xel","status":"publish","type":"product","link":"https:\/\/dev.codekraft.it\/rotary-2024\/es\/productos\/elevadores-es\/elevadores-de-2-columnas-es\/elevador-de-2-columnas-spm55-xel\/","title":{"rendered":"Elevador de 2 columnas SPM55-XEL"},"content":{"rendered":"<p>Tomorrow Series &#8211; The way to the Future<\/p>\n<ul>\n<li>Fiables y potentes: rendimiento constante incluso bajo las condiciones m\u00e1s exigentes<\/li>\n<li>Flexibles y vers\u00e1tiles: tres posibles anchos de instalaci\u00f3n para satisfacer cualquier necesidad del taller y aplicables a una amplia gama de veh\u00edculos diferentes<\/li>\n<li>Modernos y de primera calidad: un aspecto contempor\u00e1neo que se combina con la calidad premium de los componentes<\/li>\n<\/ul>\n<p>Tecnolog\u00eda revisada que se junta con un dise\u00f1o moderno. Los elevadores de 2 columnas de la Tomorrow Series de Rotary llevan inmediatamente a su taller hacia el futuro. Testados para 20000 ciclos y dise\u00f1ados para la conexi\u00f3n online a Internet TEq-Link, su taller estar\u00e1 preparado para todas las innovaciones que est\u00e1n por venir.<\/p>\n<ul>\n<li>La geometr\u00eda de los brazos est\u00e1 dise\u00f1ada para elevar veh\u00edculos comerciales y furgonetas con una gran distancia entre ejes, as\u00ed como turismos y veh\u00edculos blindados.<\/li>\n<li>Versi\u00f3n con dos brazos largos de 3 etapas y dos brazos cortos de 4 etapas.<\/li>\n<li>Capacidad 5,5 t.<\/li>\n<\/ul>\n<ul>\n<li>Versi\u00f3n\u00a0E equipadas con panel de mando y Kit de energ\u00eda.<\/li>\n<li>Bloqueo de brazos autom\u00e1tico y desenganche de brazos autom\u00e1ticamente del suelo &#8211; Geometr\u00eda c\u00f3nica con efecto auto-bloqueador.<\/li>\n<li>Lubricaci\u00f3n permanente y automatica de las tuercas para garantizar un funcionamiento eficaz durante el movimiento de subida y bajada.<\/li>\n<li>Equipado con un sistema ac\u00fastico de aviso anti-aplaste y salvapie &#8211; Sin salvapies mec\u00e1nicos.<\/li>\n<li>Subida y bajada controladas por un bot\u00f3n ubicado a una altura ergon\u00f3mica.<\/li>\n<li>Instalaci\u00f3n inteligente y flexible: Una mejora de hasta el 20 % en el tiempo de instalaci\u00f3n. Gracias a la sincronizaci\u00f3n electr\u00f3nica, se evita la instalaci\u00f3n y el ajuste del cable de sincronizaci\u00f3n. Los elevadores pueden instalarse con flexibilidad gracias a las tres posiciones ajustables en anchura.<\/li>\n<li>M\u00e1s espacio para moverse alrededor del veh\u00edculo: El dise\u00f1o del elevador est\u00e1 bien aprovechado y garantiza el m\u00ednimo espacio ocupado en el taller.<\/li>\n<li>Altura m\u00ednima de los tacos adaptada a cargas asim\u00e9tricas, tambi\u00e9n para veh\u00edculos blindados.<\/li>\n<li>TEq-Link connected workshop &#8211; Todos los modelos de esta serie cuentan con botones de elevaci\u00f3n\/descenso y conectividad TEq-Link.<\/li>\n<\/ul>\n<ul>\n<li>Posibilidad de instalaci\u00f3n sin tuber\u00eda arriba, ya que los cables pueden colocarse empotrados en el suelo<\/li>\n<li>Husillo de acero de alta resistencia, rosca fabricada en fr\u00edo con rodillos para garantizar la m\u00e1xima duraci\u00f3n en el tiempo<\/li>\n<li>Kit de energ\u00eda<\/li>\n<li>Motor especial de alto rendimiento para garantizar potencia y duraci\u00f3n en el tiempo<\/li>\n<li>Componentes premium\n<ul>\n<li>Polea de aluminio con funci\u00f3n de refrigeraci\u00f3n<\/li>\n<li>Rodamientos de larga duraci\u00f3n<\/li>\n<li>Tuerca de carga de bronce un 50 % m\u00e1s larga<\/li>\n<li>Motores con carcasa reforzada y refrigerada<\/li>\n<li>Trabado firme y autom\u00e1tico del brazo<\/li>\n<\/ul>\n<\/li>\n<\/ul>\n","protected":false},"excerpt":{"rendered":"<p>5,5 t, electromec\u00e1nico, columnas sim\u00e9tricos, brazos de apoyo asim\u00e9tricos, panel de control doble, 4 brazos largos, brazos frontales de 4 secciones, TEq-Link, kit de energ\u00eda<\/p>\n","protected":false},"featured_media":355298,"template":"","meta":[],"product_brand":[],"product_cat":[1033420],"product_tag":[1034203,1034169,1034186],"product_approvals":[],"product_application":[],"class_list":{"0":"post-384039","1":"product","2":"type-product","3":"status-publish","4":"has-post-thumbnail","6":"product_cat-elevadores-de-2-columnas-es","7":"product_tag-motor-homes-es","8":"product_tag-passenger-cars-es","9":"product_tag-light-commercial-es","11":"first","12":"instock","13":"shipping-taxable","14":"product-type-simple"},"approvals":[],"application":[],"brb_media_brochure":[{"id":384016,"url":"https:\/\/dev.codekraft.it\/rotary-2024\/wp-content\/uploads\/brb_media\/00531876_2-post-lift-smp42-55-br-132387-de-2024-08-screen.pdf","title":"2 post lift smp42 55 br 132387 de 2024 08 screen","mpn":"","thumbnail":"https:\/\/dev.codekraft.it\/rotary-2024\/wp-content\/uploads\/brb_media\/00531876_2-post-lift-smp42-55-br-132387-de-2024-08-screen-pdf-106x150.png","description":""},{"id":354037,"url":"https:\/\/dev.codekraft.it\/rotary-2024\/wp-content\/uploads\/brb_media\/00510094_tomorrow-series-end-user-flyer-de-2023-07-screen.pdf","title":"Tomorrow series end user flyer de 2023 07 screen","mpn":"","thumbnail":"https:\/\/dev.codekraft.it\/rotary-2024\/wp-content\/uploads\/brb_media\/00510094_tomorrow-series-end-user-flyer-de-2023-07-screen-pdf-106x150.png","description":""},{"id":354038,"url":"https:\/\/dev.codekraft.it\/rotary-2024\/wp-content\/uploads\/brb_media\/00510093_tomorrow-series-end-user-flyer-en-2023-07-screen.pdf","title":"Tomorrow series end user flyer en 2023 07 screen","mpn":"","thumbnail":"https:\/\/dev.codekraft.it\/rotary-2024\/wp-content\/uploads\/brb_media\/00510093_tomorrow-series-end-user-flyer-en-2023-07-screen-pdf-106x150.png","description":""},{"id":384019,"url":"https:\/\/dev.codekraft.it\/rotary-2024\/wp-content\/uploads\/brb_media\/00531879_2-post-lift-smp42-55-br-132390-it-2024-08-screen.pdf","title":"2 post lift smp42 55 br 132390 it 2024 08 screen","mpn":"","thumbnail":"https:\/\/dev.codekraft.it\/rotary-2024\/wp-content\/uploads\/brb_media\/00531879_2-post-lift-smp42-55-br-132390-it-2024-08-screen-pdf-106x150.png","description":""},{"id":384020,"url":"https:\/\/dev.codekraft.it\/rotary-2024\/wp-content\/uploads\/brb_media\/00531880_2-post-lift-smp42-55-br-132391-es-2024-08-screen.pdf","title":"2 post lift smp42 55 br 132391 es 2024 08 screen","mpn":"","thumbnail":"https:\/\/dev.codekraft.it\/rotary-2024\/wp-content\/uploads\/brb_media\/00531880_2-post-lift-smp42-55-br-132391-es-2024-08-screen-pdf-106x150.png","description":""},{"id":384021,"url":"https:\/\/dev.codekraft.it\/rotary-2024\/wp-content\/uploads\/brb_media\/00531881_2-post-lift-smp42-55-br-132392-ru-2024-08-screen.pdf","title":"2 post lift smp42 55 br 132392 ru 2024 08 screen","mpn":"","thumbnail":"https:\/\/dev.codekraft.it\/rotary-2024\/wp-content\/uploads\/brb_media\/00531881_2-post-lift-smp42-55-br-132392-ru-2024-08-screen-pdf-106x150.png","description":""},{"id":354040,"url":"https:\/\/dev.codekraft.it\/rotary-2024\/wp-content\/uploads\/brb_media\/00510096_tomorrow-series-end-user-flyer-fr-2023-07-screen.pdf","title":"Tomorrow series end user flyer fr 2023 07 screen","mpn":"","thumbnail":"https:\/\/dev.codekraft.it\/rotary-2024\/wp-content\/uploads\/brb_media\/00510096_tomorrow-series-end-user-flyer-fr-2023-07-screen-pdf-106x150.png","description":""},{"id":354041,"url":"https:\/\/dev.codekraft.it\/rotary-2024\/wp-content\/uploads\/brb_media\/00510097_tomorrow-series-end-user-flyer-it-2023-07-screen.pdf","title":"Tomorrow series end user flyer it 2023 07 screen","mpn":"","thumbnail":"https:\/\/dev.codekraft.it\/rotary-2024\/wp-content\/uploads\/brb_media\/00510097_tomorrow-series-end-user-flyer-it-2023-07-screen-pdf-106x150.png","description":""},{"id":354039,"url":"https:\/\/dev.codekraft.it\/rotary-2024\/wp-content\/uploads\/brb_media\/00510095_tomorrow-series-end-user-flyer-es-2023-07-screen.pdf","title":"Tomorrow series end user flyer es 2023 07 screen","mpn":"","thumbnail":"https:\/\/dev.codekraft.it\/rotary-2024\/wp-content\/uploads\/brb_media\/00510095_tomorrow-series-end-user-flyer-es-2023-07-screen-pdf-106x150.png","description":""},{"id":354042,"url":"https:\/\/dev.codekraft.it\/rotary-2024\/wp-content\/uploads\/brb_media\/00510098_tomorrow-series-end-user-flyer-ru-2023-07-screen.pdf","title":"Tomorrow series end user flyer ru 2023 07 screen","mpn":"","thumbnail":"https:\/\/dev.codekraft.it\/rotary-2024\/wp-content\/uploads\/brb_media\/00510098_tomorrow-series-end-user-flyer-ru-2023-07-screen-pdf-106x150.png","description":""},{"id":384017,"url":"https:\/\/dev.codekraft.it\/rotary-2024\/wp-content\/uploads\/brb_media\/00531877_2-post-lift-smp42-55-br-132388-en-2024-08-screen.pdf","title":"2 post lift smp42 55 br 132388 en 2024 08 screen","mpn":"","thumbnail":"https:\/\/dev.codekraft.it\/rotary-2024\/wp-content\/uploads\/brb_media\/00531877_2-post-lift-smp42-55-br-132388-en-2024-08-screen-pdf-106x150.png","description":""},{"id":384018,"url":"https:\/\/dev.codekraft.it\/rotary-2024\/wp-content\/uploads\/brb_media\/00531878_2-post-lift-smp42-55-br-132389-fr-2024-08-screen.pdf","title":"2 post lift smp42 55 br 132389 fr 2024 08 screen","mpn":"","thumbnail":"https:\/\/dev.codekraft.it\/rotary-2024\/wp-content\/uploads\/brb_media\/00531878_2-post-lift-smp42-55-br-132389-fr-2024-08-screen-pdf-106x150.png","description":""}],"brb_media_drawing":[{"id":355302,"url":"https:\/\/dev.codekraft.it\/rotary-2024\/wp-content\/uploads\/brb_media\/00512747_2-post-lift-spm55-xel-td-0473_0726_0_01-en-2022-12.pdf","title":"2 post lift SPM55 XEL TD 0473 0726 0 01 en 2022 12","mpn":"","thumbnail":"https:\/\/dev.codekraft.it\/rotary-2024\/wp-content\/uploads\/brb_media\/00512747_2-post-lift-spm55-xel-td-0473_0726_0_01-en-2022-12-pdf-150x107.png","description":""},{"id":355303,"url":"https:\/\/dev.codekraft.it\/rotary-2024\/wp-content\/uploads\/brb_media\/00512813_2-post-lift-spm55-xel-pickup-matrix-0473_0726_0_01-en-2023-11.pdf","title":"2 post lift SPM55 XEL Pickup matrix 0473 0726 0 01 en 2023 11","mpn":"","thumbnail":"https:\/\/dev.codekraft.it\/rotary-2024\/wp-content\/uploads\/brb_media\/00512813_2-post-lift-spm55-xel-pickup-matrix-0473_0726_0_01-en-2023-11-pdf-150x106.png","description":""}],"brb_media_manuals":[{"id":355301,"url":"https:\/\/dev.codekraft.it\/rotary-2024\/wp-content\/uploads\/brb_media\/00512737_2-post-lift-spm55-xel-im-0473-m010-0-rev0-multi-2023-05.pdf","title":"2 post lift SPM55 XEL IM 0473 M010 0 rev0 multi 2023 05","mpn":"","thumbnail":"https:\/\/dev.codekraft.it\/rotary-2024\/wp-content\/uploads\/brb_media\/00512737_2-post-lift-spm55-xel-im-0473-m010-0-rev0-multi-2023-05-pdf-106x150.png","description":""}],"brb_media_safety_datasheets":"","brb_media_spare_parts":[],"_cdmm_p_id":"502938","_company":"Elektron","_gtin":"5063084198839","accessories":[{"id":383986,"mpn":"VSG.2CALL.902641","name":"Bandejas para herramientas","description":"Magn\u00e9tico | 1 juego \/ 2 piezas","thumbnail":"https:\/\/dev.codekraft.it\/rotary-2024\/wp-content\/uploads\/brb_media\/00509504_2-post-lift-vsg2call902641-mi-150x150.png","url":"https:\/\/dev.codekraft.it\/rotary-2024\/es\/productos\/accesorios-elevadores-es\/accesorios-elevadores-de-2-columnas-es\/bandejas-para-herramientas\/"},{"id":381090,"mpn":"FJ6216C","name":"Juego de tacos","description":"Placa de soporte, almohadilla de goma, redondo | \u00d8 80 mm | 1 juego \/ 4 piezas","thumbnail":"https:\/\/dev.codekraft.it\/rotary-2024\/wp-content\/uploads\/brb_media\/00535980_2-post-lift-fj6216c-mi-150x150.png","url":"https:\/\/dev.codekraft.it\/rotary-2024\/es\/productos\/accesorios-elevadores-es\/dispositivos-de-transporte-de-carga-es\/juego-de-tacos-7\/"},{"id":382530,"mpn":"VSG.2CALL.901538","name":"Juego de tacos","description":"Placa de soporte, almohadilla de goma, rectangular | para Tesla | 1 juego \/ 4 piezas","thumbnail":"https:\/\/dev.codekraft.it\/rotary-2024\/wp-content\/uploads\/brb_media\/00505100_2-post-lift-vsg2call901538-mi-150x150.png","url":"https:\/\/dev.codekraft.it\/rotary-2024\/es\/productos\/accesorios-elevadores-es\/dispositivos-de-transporte-de-carga-es\/juego-de-tacos-8\/"},{"id":382536,"mpn":"VSG.2CALL.902023","name":"Juego de tacos","description":"Placa de apoyo, seta de centrado | para Fiat 500E, 500 ABARTH | 2 etapas | 1 juego \/ 4 piezas","thumbnail":"https:\/\/dev.codekraft.it\/rotary-2024\/wp-content\/uploads\/brb_media\/00505105_2-post-lift-vsg2call902023-mi-150x150.png","url":"https:\/\/dev.codekraft.it\/rotary-2024\/es\/productos\/accesorios-elevadores-es\/dispositivos-de-transporte-de-carga-es\/juego-de-tacos-9\/"},{"id":382542,"mpn":"VSG.2CALL.902146","name":"Juego de tacos","description":"Prisma | para plataforma VW MEB e-veh\u00edculos | 1 juego \/ 4 piezas","thumbnail":"https:\/\/dev.codekraft.it\/rotary-2024\/wp-content\/uploads\/brb_media\/00509505_2-post-lift-vsg2call902146-mi-150x150.png","url":"https:\/\/dev.codekraft.it\/rotary-2024\/es\/productos\/accesorios-elevadores-es\/dispositivos-de-transporte-de-carga-es\/juego-de-tacos-10\/"},{"id":382566,"mpn":"VSG.2CALL.901330","name":"Juego de tacos","description":"Disco de soporte, soporte en U | 1 juego \/ 4 piezas","thumbnail":"https:\/\/dev.codekraft.it\/rotary-2024\/wp-content\/uploads\/brb_media\/00505104_2-post-lift-vsg2call901330-mi-150x150.png","url":"https:\/\/dev.codekraft.it\/rotary-2024\/es\/productos\/accesorios-elevadores-es\/dispositivos-de-transporte-de-carga-es\/juego-de-tacos-11\/"},{"id":382560,"mpn":"VSG.2CALL.901163","name":"Juego de adaptadores","description":"Juego de adaptadores para tacos para levantamiento del chasis \u00d8 120 mm (1 juego con 2 unidades), para plataforma giratoria","thumbnail":"https:\/\/dev.codekraft.it\/rotary-2024\/wp-content\/uploads\/brb_media\/00524050_2-post-lift-fj6353-1-mi-150x150.png","url":"https:\/\/dev.codekraft.it\/rotary-2024\/es\/productos\/accesorios-elevadores-es\/accesorios-elevadores-de-2-columnas-es\/juego-de-adaptadores\/"},{"id":382548,"mpn":"VSG.2CALL.901071","name":"Extensiones de adaptadores para elevadores electromec\u00e1nicos","description":"4 x 89 mm, 4 x 127 mm, incl. 2 soportes para montaje en los pilares | 1 juego \/ 8 piezas","thumbnail":"https:\/\/dev.codekraft.it\/rotary-2024\/wp-content\/uploads\/brb_media\/00508736_2-post-lift-vsg2call901071-mi-150x150.png","url":"https:\/\/dev.codekraft.it\/rotary-2024\/es\/productos\/accesorios-elevadores-es\/accesorios-elevadores-de-2-columnas-es\/extensiones-de-adaptadores-para-elevadores-electromecanicos\/"},{"id":382554,"mpn":"VSG.2CALL.901248","name":"Extensiones de adaptadores","description":"4 x 200 mm, incl. soporte para montaje en los pilares | 1 juego \/ 4 pieza","thumbnail":"https:\/\/dev.codekraft.it\/rotary-2024\/wp-content\/uploads\/brb_media\/00505099_2-post-lift-vsg2call901248-mi-150x150.png","url":"https:\/\/dev.codekraft.it\/rotary-2024\/es\/productos\/accesorios-elevadores-es\/accesorios-elevadores-de-2-columnas-es\/extensiones-de-adaptadores-3\/"},{"id":383974,"mpn":"VSG.2CALL.902818","name":"Juego de rampitas","description":"Altura de rampa 60 mm, para veh\u00edculos extremadamente bajos | 1 juego \/ 2 piezas","thumbnail":"https:\/\/dev.codekraft.it\/rotary-2024\/wp-content\/uploads\/brb_media\/00509501_2-post-lift-vsg2call902818-mi-150x150.png","url":"https:\/\/dev.codekraft.it\/rotary-2024\/es\/productos\/accesorios-elevadores-es\/accesorios-elevadores-de-2-columnas-es\/juego-de-rampitas\/"},{"id":383980,"mpn":"VSG.2CALL.902085","name":"Soportes de alineaci\u00f3n de ruedas","description":"1 juego \/ 4 piezas","thumbnail":"https:\/\/dev.codekraft.it\/rotary-2024\/wp-content\/uploads\/brb_media\/00509503_2-post-lift-vsg2call902085-mi-150x150.png","url":"https:\/\/dev.codekraft.it\/rotary-2024\/es\/productos\/accesorios-elevadores-es\/accesorios-elevadores-de-2-columnas-es\/soportes-de-alineacion-de-ruedas\/"},{"id":382857,"mpn":"VSG.2CELM.902894","name":"C\u00e1ncamo para el desplazamiento de las columnas","description":"5,5 t | Facilita la instalaci\u00f3n del elevador, reutilizable para otras instalaciones | 1 juego","thumbnail":"https:\/\/dev.codekraft.it\/rotary-2024\/wp-content\/uploads\/brb_media\/00507203_2-post-lift-vsg2celm902894-mi-150x150.png","url":"https:\/\/dev.codekraft.it\/rotary-2024\/es\/productos\/accesorios-elevadores-es\/accesorios-elevadores-de-2-columnas-es\/cancamo-para-el-desplazamiento-de-las-columnas-2\/"},{"id":382579,"mpn":"VSG.2CELM.902344","name":"Ajuste de altura del travesa\u00f1o","description":"Juego de aumentode la altura del tendido de cables a\u00e9reo hasta  +1,5 m | para plataformas de husillo | 1 juego","thumbnail":"https:\/\/dev.codekraft.it\/rotary-2024\/wp-content\/uploads\/brb_media\/00509506_2-post-lift-vsg2celm902344-mi-150x150.png","url":"https:\/\/dev.codekraft.it\/rotary-2024\/es\/productos\/accesorios-elevadores-es\/accesorios-elevadores-de-2-columnas-es\/ajuste-de-altura-del-travesano\/"},{"id":382851,"mpn":"VSG.2CELM.902498","name":"Instalaci\u00f3n del cableado en el suelo","description":"Permite enterrar los cables de conexi\u00f3n | 1 pieza","thumbnail":"https:\/\/dev.codekraft.it\/rotary-2024\/wp-content\/uploads\/brb_media\/00507202_2-post-lift-vsg2celm902498-mi-150x150.png","url":"https:\/\/dev.codekraft.it\/rotary-2024\/es\/productos\/accesorios-elevadores-es\/accesorios-elevadores-de-2-columnas-es\/instalacion-del-cableado-en-el-suelo\/"},{"id":384186,"mpn":"VSG.2CALL.901859","name":"Juego de tacos","description":"Prisma | para Mercedes Clase G - delanteros y traseros | 1 juego \/ 4 piezas","thumbnail":"https:\/\/dev.codekraft.it\/rotary-2024\/wp-content\/uploads\/brb_media\/00511001_2-post-lift-vsg2call901859-mi-150x150.png","url":"https:\/\/dev.codekraft.it\/rotary-2024\/es\/productos\/accesorios-elevadores-es\/dispositivos-de-transporte-de-carga-es\/juego-de-tacos-14\/"},{"id":384180,"mpn":"VSG.2CALL.901606","name":"Juego de tacos","description":"Mandril | para Fiat Ducato, Peugeot Boxer, Citro\u00ebn Jumper - delanteros y traseros | 1 juego \/ 4 piezas","thumbnail":"https:\/\/dev.codekraft.it\/rotary-2024\/wp-content\/uploads\/brb_media\/00510999_2-post-lift-vsg2call901606-mi-150x150.png","url":"https:\/\/dev.codekraft.it\/rotary-2024\/es\/productos\/accesorios-elevadores-es\/dispositivos-de-transporte-de-carga-es\/juego-de-tacos-13\/"},{"id":384174,"mpn":"VSG.2CALL.901712","name":"Juego de tacos","description":"Prisma, mandril | para Mercedes Sprinter, VW Crafter | 1 juego \/ 6 piezas","thumbnail":"https:\/\/dev.codekraft.it\/rotary-2024\/wp-content\/uploads\/brb_media\/00511000_2-post-lift-vsg2call901712-mi-150x150.png","url":"https:\/\/dev.codekraft.it\/rotary-2024\/es\/productos\/accesorios-elevadores-es\/dispositivos-de-transporte-de-carga-es\/juego-de-tacos-12\/"},{"id":384192,"mpn":"VSG.2CALL.902511","name":"Soporte para herramientas","description":"Soporte ergon\u00f3mico para destornillador neum\u00e1tico","thumbnail":"https:\/\/dev.codekraft.it\/rotary-2024\/wp-content\/uploads\/brb_media\/00511003_2-post-lift-vsg2call902511-mi-150x150.png","url":"https:\/\/dev.codekraft.it\/rotary-2024\/es\/productos\/accesorios-elevadores-es\/accesorios-elevadores-de-2-columnas-es\/soporte-para-herramientas\/"},{"id":384168,"mpn":"VSG.2CALL.902412","name":"Placas estabilizadoras","description":"5,5 t | permite la instalaci\u00f3n del elevador incluso en calidades del hormig\u00f3n inferiores a las requeridas | 1 juego \/ 2 piezas","thumbnail":"https:\/\/dev.codekraft.it\/rotary-2024\/wp-content\/uploads\/brb_media\/00511002_2-post-lift-vsg2call902412-mi-150x150.png","url":"https:\/\/dev.codekraft.it\/rotary-2024\/es\/productos\/accesorios-elevadores-es\/accesorios-elevadores-de-2-columnas-es\/placas-estabilizadoras-3\/"}],"components":[],"related":[],"page_logo_src":"https:\/\/dev.codekraft.it\/rotary-2024\/wp-content\/uploads\/2024\/05\/cropped-rotary-logo-2022.png","lang":"es","translations":{"es":384039,"en":384034,"de":384036,"fr":384037,"it":384038,"ru":384040},"pll_sync_post":[],"_links":{"self":[{"href":"https:\/\/dev.codekraft.it\/rotary-2024\/wp-json\/wp\/v2\/product\/384039","targetHints":{"allow":["GET"]}}],"collection":[{"href":"https:\/\/dev.codekraft.it\/rotary-2024\/wp-json\/wp\/v2\/product"}],"about":[{"href":"https:\/\/dev.codekraft.it\/rotary-2024\/wp-json\/wp\/v2\/types\/product"}],"wp:featuredmedia":[{"embeddable":true,"href":"https:\/\/dev.codekraft.it\/rotary-2024\/wp-json\/wp\/v2\/media\/355298"}],"wp:attachment":[{"href":"https:\/\/dev.codekraft.it\/rotary-2024\/wp-json\/wp\/v2\/media?parent=384039"}],"wp:term":[{"taxonomy":"product_brand","embeddable":true,"href":"https:\/\/dev.codekraft.it\/rotary-2024\/wp-json\/wp\/v2\/product_brand?post=384039"},{"taxonomy":"product_cat","embeddable":true,"href":"https:\/\/dev.codekraft.it\/rotary-2024\/wp-json\/wp\/v2\/product_cat?post=384039"},{"taxonomy":"product_tag","embeddable":true,"href":"https:\/\/dev.codekraft.it\/rotary-2024\/wp-json\/wp\/v2\/product_tag?post=384039"},{"taxonomy":"product_approvals","embeddable":true,"href":"https:\/\/dev.codekraft.it\/rotary-2024\/wp-json\/wp\/v2\/product_approvals?post=384039"},{"taxonomy":"product_application","embeddable":true,"href":"https:\/\/dev.codekraft.it\/rotary-2024\/wp-json\/wp\/v2\/product_application?post=384039"}],"curies":[{"name":"wp","href":"https:\/\/api.w.org\/{rel}","templated":true}]}}