{"id":384004,"date":"2025-09-08T09:00:20","date_gmt":"2025-09-08T09:00:20","guid":{"rendered":"https:\/\/dev.codekraft.it\/rotary-2024\/products\/uncategorized\/traverse-de-levage-j17x\/"},"modified":"2025-09-08T09:00:20","modified_gmt":"2025-09-08T09:00:20","slug":"traverse-de-levage-j17x","status":"publish","type":"product","link":"https:\/\/dev.codekraft.it\/rotary-2024\/fr\/produits\/ponts-elevateurs-fr\/traverses-fr\/traverse-de-levage-j17x\/","title":{"rendered":"Traverse de levage J17X"},"content":{"rendered":"<ul>\n<li>Structure \u00e0 ciseaux, traverse de levage avec bras de rallonge<\/li>\n<\/ul>\n","protected":false},"excerpt":{"rendered":"<p>2,0 t, Hydraulique, avec pompe manuelle | pour tous pont \u00e9l\u00e9vateures \u00e0 4 colonnes \u00e9l\u00e9ctrohydrauliques \/ \u00e0 ciseaux<\/p>\n","protected":false},"featured_media":355036,"template":"","meta":[],"product_cat":[1033880],"product_tag":[1034163],"product_approvals":[],"product_application":[],"class_list":{"0":"post-384004","1":"product","2":"type-product","3":"status-publish","4":"has-post-thumbnail","6":"product_cat-traverses-fr","7":"product_tag-passenger-cars-fr","9":"first","10":"instock","11":"shipping-taxable","12":"product-type-simple"},"approvals":[],"application":[],"brb_media_brochure":"","brb_media_drawing":"","brb_media_manuals":[{"id":355046,"url":"https:\/\/dev.codekraft.it\/rotary-2024\/wp-content\/uploads\/brb_media\/00510403_jacking-beams-j17x_j20nx_j20pnxact-im-0433-m001-2-rev2-multi-2023-06.pdf","title":"Jacking beams J17X J20NX J20PNXACT IM 0433 M001 2 rev2 multi 2023 06","thumbnail":"https:\/\/dev.codekraft.it\/rotary-2024\/wp-content\/uploads\/brb_media\/00510403_jacking-beams-j17x_j20nx_j20pnxact-im-0433-m001-2-rev2-multi-2023-06-pdf-106x150.png","description":""}],"brb_media_safety_datasheets":"","brb_media_spare_parts":[],"_cdmm_p_id":"502849","_company":"VSG","_gtin":"","accessories":[],"components":[],"related":[],"similar":[],"lang":"fr","translations":{"fr":384004,"en":384001,"de":384003,"it":384005,"es":384006,"ru":384007},"pll_sync_post":[],"_links":{"self":[{"href":"https:\/\/dev.codekraft.it\/rotary-2024\/wp-json\/wp\/v2\/product\/384004","targetHints":{"allow":["GET"]}}],"collection":[{"href":"https:\/\/dev.codekraft.it\/rotary-2024\/wp-json\/wp\/v2\/product"}],"about":[{"href":"https:\/\/dev.codekraft.it\/rotary-2024\/wp-json\/wp\/v2\/types\/product"}],"wp:featuredmedia":[{"embeddable":true,"href":"https:\/\/dev.codekraft.it\/rotary-2024\/wp-json\/wp\/v2\/media\/355036"}],"wp:attachment":[{"href":"https:\/\/dev.codekraft.it\/rotary-2024\/wp-json\/wp\/v2\/media?parent=384004"}],"wp:term":[{"taxonomy":"product_cat","embeddable":true,"href":"https:\/\/dev.codekraft.it\/rotary-2024\/wp-json\/wp\/v2\/product_cat?post=384004"},{"taxonomy":"product_tag","embeddable":true,"href":"https:\/\/dev.codekraft.it\/rotary-2024\/wp-json\/wp\/v2\/product_tag?post=384004"},{"taxonomy":"product_approvals","embeddable":true,"href":"https:\/\/dev.codekraft.it\/rotary-2024\/wp-json\/wp\/v2\/product_approvals?post=384004"},{"taxonomy":"product_application","embeddable":true,"href":"https:\/\/dev.codekraft.it\/rotary-2024\/wp-json\/wp\/v2\/product_application?post=384004"}],"curies":[{"name":"wp","href":"https:\/\/api.w.org\/{rel}","templated":true}]}}