{"id":383942,"date":"2025-09-08T09:00:17","date_gmt":"2025-09-08T09:00:17","guid":{"rendered":"https:\/\/dev.codekraft.it\/rotary-2024\/products\/uncategorized\/mesureur-deffort-sur-le-levier-de-frein-supplementaire-des-vehicules-a-moteur-pour-mesureur-deffort-sur-le-levier-de-frein-vehicules-a-moteur-srt047u-ou-srt047lmbth\/"},"modified":"2025-09-08T09:00:17","modified_gmt":"2025-09-08T09:00:17","slug":"mesureur-deffort-sur-le-levier-de-frein-supplementaire-des-vehicules-a-moteur-pour-mesureur-deffort-sur-le-levier-de-frein-vehicules-a-moteur-srt047u-ou-srt047lmbth","status":"publish","type":"product","link":"https:\/\/dev.codekraft.it\/rotary-2024\/fr\/produits\/accessoires-diagnostic-fr\/accessoires-bancs-de-freinage-chaines-de-controles-fr\/mesureur-deffort-sur-le-levier-de-frein-supplementaire-des-vehicules-a-moteur-pour-mesureur-deffort-sur-le-levier-de-frein-vehicules-a-moteur-srt047u-ou-srt047lmbth\/","title":{"rendered":"Mesureur d\u2019effort sur le levier de frein suppl\u00e9mentaire des v\u00e9hicules \u00e0 moteur pour mesureur d&#039;effort sur le levier de frein v\u00e9hicules \u00e0 moteur SRT047U ou SRT047LMBTH"},"content":{"rendered":"","protected":false},"excerpt":{"rendered":"","protected":false},"featured_media":360947,"template":"","meta":[],"product_brand":[],"product_cat":[1033492],"product_tag":[],"product_approvals":[],"product_application":[],"class_list":{"0":"post-383942","1":"product","2":"type-product","3":"status-publish","4":"has-post-thumbnail","6":"product_cat-accessoires-bancs-de-freinage-chaines-de-controles-fr","8":"first","9":"instock","10":"shipping-taxable","11":"product-type-simple"},"approvals":[],"application":[],"brb_media_brochure":"","brb_media_drawing":"","brb_media_manuals":"","brb_media_safety_datasheets":"","brb_media_spare_parts":[],"_cdmm_p_id":"502447","_company":"VSG","_gtin":"","accessories":[],"components":[],"related":[],"page_logo_src":"https:\/\/dev.codekraft.it\/rotary-2024\/wp-content\/uploads\/2026\/04\/rotary-negative-logo.png","lang":"fr","translations":{"fr":383942,"en":383940,"de":383941,"it":383943,"es":383944,"ru":383945},"pll_sync_post":[],"_links":{"self":[{"href":"https:\/\/dev.codekraft.it\/rotary-2024\/wp-json\/wp\/v2\/product\/383942","targetHints":{"allow":["GET"]}}],"collection":[{"href":"https:\/\/dev.codekraft.it\/rotary-2024\/wp-json\/wp\/v2\/product"}],"about":[{"href":"https:\/\/dev.codekraft.it\/rotary-2024\/wp-json\/wp\/v2\/types\/product"}],"wp:featuredmedia":[{"embeddable":true,"href":"https:\/\/dev.codekraft.it\/rotary-2024\/wp-json\/wp\/v2\/media\/360947"}],"wp:attachment":[{"href":"https:\/\/dev.codekraft.it\/rotary-2024\/wp-json\/wp\/v2\/media?parent=383942"}],"wp:term":[{"taxonomy":"product_brand","embeddable":true,"href":"https:\/\/dev.codekraft.it\/rotary-2024\/wp-json\/wp\/v2\/product_brand?post=383942"},{"taxonomy":"product_cat","embeddable":true,"href":"https:\/\/dev.codekraft.it\/rotary-2024\/wp-json\/wp\/v2\/product_cat?post=383942"},{"taxonomy":"product_tag","embeddable":true,"href":"https:\/\/dev.codekraft.it\/rotary-2024\/wp-json\/wp\/v2\/product_tag?post=383942"},{"taxonomy":"product_approvals","embeddable":true,"href":"https:\/\/dev.codekraft.it\/rotary-2024\/wp-json\/wp\/v2\/product_approvals?post=383942"},{"taxonomy":"product_application","embeddable":true,"href":"https:\/\/dev.codekraft.it\/rotary-2024\/wp-json\/wp\/v2\/product_application?post=383942"}],"curies":[{"name":"wp","href":"https:\/\/api.w.org\/{rel}","templated":true}]}}