{"id":383936,"date":"2025-09-08T09:00:17","date_gmt":"2025-09-08T09:00:17","guid":{"rendered":"https:\/\/dev.codekraft.it\/rotary-2024\/products\/uncategorized\/mesureur-deffort-sur-le-levier-de-frein-vehicules-a-moteur-avec-telecommande-bluetooth-et-bouton-de-securite-homme-mort\/"},"modified":"2025-09-08T09:00:17","modified_gmt":"2025-09-08T09:00:17","slug":"mesureur-deffort-sur-le-levier-de-frein-vehicules-a-moteur-avec-telecommande-bluetooth-et-bouton-de-securite-homme-mort","status":"publish","type":"product","link":"https:\/\/dev.codekraft.it\/rotary-2024\/fr\/produits\/accessoires-diagnostic-fr\/accessoires-bancs-de-freinage-chaines-de-controles-fr\/mesureur-deffort-sur-le-levier-de-frein-vehicules-a-moteur-avec-telecommande-bluetooth-et-bouton-de-securite-homme-mort\/","title":{"rendered":"Mesureur d&#039;effort sur le levier de frein v\u00e9hicules \u00e0 moteur avec t\u00e9l\u00e9commande Bluetooth et bouton de s\u00e9curit\u00e9 \u00ab\u00a0homme mort\u00a0\u00bb"},"content":{"rendered":"","protected":false},"excerpt":{"rendered":"","protected":false},"featured_media":360940,"template":"","meta":[],"product_cat":[1033492],"product_tag":[],"product_approvals":[],"product_application":[],"class_list":{"0":"post-383936","1":"product","2":"type-product","3":"status-publish","4":"has-post-thumbnail","6":"product_cat-accessoires-bancs-de-freinage-chaines-de-controles-fr","8":"first","9":"instock","10":"shipping-taxable","11":"product-type-simple"},"approvals":[],"application":[],"brb_media_brochure":"","brb_media_drawing":"","brb_media_manuals":"","brb_media_safety_datasheets":"","brb_media_spare_parts":[],"_cdmm_p_id":"502446","_company":"VSG","_gtin":"","accessories":[],"components":[],"related":[],"similar":[],"lang":"fr","translations":{"fr":383936,"en":383934,"de":383935,"it":383937,"es":383938,"ru":383939},"pll_sync_post":[],"_links":{"self":[{"href":"https:\/\/dev.codekraft.it\/rotary-2024\/wp-json\/wp\/v2\/product\/383936","targetHints":{"allow":["GET"]}}],"collection":[{"href":"https:\/\/dev.codekraft.it\/rotary-2024\/wp-json\/wp\/v2\/product"}],"about":[{"href":"https:\/\/dev.codekraft.it\/rotary-2024\/wp-json\/wp\/v2\/types\/product"}],"wp:featuredmedia":[{"embeddable":true,"href":"https:\/\/dev.codekraft.it\/rotary-2024\/wp-json\/wp\/v2\/media\/360940"}],"wp:attachment":[{"href":"https:\/\/dev.codekraft.it\/rotary-2024\/wp-json\/wp\/v2\/media?parent=383936"}],"wp:term":[{"taxonomy":"product_cat","embeddable":true,"href":"https:\/\/dev.codekraft.it\/rotary-2024\/wp-json\/wp\/v2\/product_cat?post=383936"},{"taxonomy":"product_tag","embeddable":true,"href":"https:\/\/dev.codekraft.it\/rotary-2024\/wp-json\/wp\/v2\/product_tag?post=383936"},{"taxonomy":"product_approvals","embeddable":true,"href":"https:\/\/dev.codekraft.it\/rotary-2024\/wp-json\/wp\/v2\/product_approvals?post=383936"},{"taxonomy":"product_application","embeddable":true,"href":"https:\/\/dev.codekraft.it\/rotary-2024\/wp-json\/wp\/v2\/product_application?post=383936"}],"curies":[{"name":"wp","href":"https:\/\/api.w.org\/{rel}","templated":true}]}}