{"id":383827,"date":"2024-06-20T11:59:11","date_gmt":"2024-06-20T11:59:11","guid":{"rendered":"https:\/\/dev.codekraft.it\/rotary-2024\/products\/uncategorized\/systeme-de-mesure-de-voile-ultrasonique-pour-tous-les-modeles-equipes-avec-gar266\/"},"modified":"2024-06-20T11:59:11","modified_gmt":"2024-06-20T11:59:11","slug":"systeme-de-mesure-de-voile-ultrasonique-pour-tous-les-modeles-equipes-avec-gar266","status":"publish","type":"product","link":"https:\/\/dev.codekraft.it\/rotary-2024\/fr\/produits\/accessoires-service-de-pneus-fr\/accessoires-equilibreuses-de-roue-fr\/systeme-de-mesure-de-voile-ultrasonique-pour-tous-les-modeles-equipes-avec-gar266\/","title":{"rendered":"Syst\u00e8me de mesure de voile ultrasonique pour tous les mod\u00e8les \u00e9quipes avec GAR266"},"content":{"rendered":"","protected":false},"excerpt":{"rendered":"<p>Pour tous les mod\u00e8les \u00e9quipes avec GAR266<\/p>\n","protected":false},"featured_media":360513,"template":"","meta":[],"product_cat":[1033490],"product_tag":[],"product_approvals":[],"product_application":[],"class_list":{"0":"post-383827","1":"product","2":"type-product","3":"status-publish","4":"has-post-thumbnail","6":"product_cat-accessoires-equilibreuses-de-roue-fr","8":"first","9":"instock","10":"shipping-taxable","11":"product-type-simple"},"approvals":[],"application":[],"brb_media_brochure":"","brb_media_drawing":"","brb_media_manuals":"","brb_media_safety_datasheets":"","brb_media_spare_parts":[],"_cdmm_p_id":"502311","_company":"VSG","_gtin":"","accessories":[],"components":[],"related":[],"similar":[],"lang":"fr","translations":{"fr":383827,"en":383825,"de":383826,"it":383828,"es":383829,"ru":383830},"pll_sync_post":[],"_links":{"self":[{"href":"https:\/\/dev.codekraft.it\/rotary-2024\/wp-json\/wp\/v2\/product\/383827","targetHints":{"allow":["GET"]}}],"collection":[{"href":"https:\/\/dev.codekraft.it\/rotary-2024\/wp-json\/wp\/v2\/product"}],"about":[{"href":"https:\/\/dev.codekraft.it\/rotary-2024\/wp-json\/wp\/v2\/types\/product"}],"wp:featuredmedia":[{"embeddable":true,"href":"https:\/\/dev.codekraft.it\/rotary-2024\/wp-json\/wp\/v2\/media\/360513"}],"wp:attachment":[{"href":"https:\/\/dev.codekraft.it\/rotary-2024\/wp-json\/wp\/v2\/media?parent=383827"}],"wp:term":[{"taxonomy":"product_cat","embeddable":true,"href":"https:\/\/dev.codekraft.it\/rotary-2024\/wp-json\/wp\/v2\/product_cat?post=383827"},{"taxonomy":"product_tag","embeddable":true,"href":"https:\/\/dev.codekraft.it\/rotary-2024\/wp-json\/wp\/v2\/product_tag?post=383827"},{"taxonomy":"product_approvals","embeddable":true,"href":"https:\/\/dev.codekraft.it\/rotary-2024\/wp-json\/wp\/v2\/product_approvals?post=383827"},{"taxonomy":"product_application","embeddable":true,"href":"https:\/\/dev.codekraft.it\/rotary-2024\/wp-json\/wp\/v2\/product_application?post=383827"}],"curies":[{"name":"wp","href":"https:\/\/api.w.org\/{rel}","templated":true}]}}