{"id":383788,"date":"2025-09-08T09:00:14","date_gmt":"2025-09-08T09:00:14","guid":{"rendered":"https:\/\/dev.codekraft.it\/rotary-2024\/products\/uncategorized\/systeme-de-mesure-de-voile-ultrasonique-pour-tous-les-modeles-equipes-avec-gar332\/"},"modified":"2025-09-08T09:00:14","modified_gmt":"2025-09-08T09:00:14","slug":"systeme-de-mesure-de-voile-ultrasonique-pour-tous-les-modeles-equipes-avec-gar332","status":"publish","type":"product","link":"https:\/\/dev.codekraft.it\/rotary-2024\/fr\/produits\/accessoires-service-de-pneus-fr\/accessoires-equilibreuses-de-roue-fr\/systeme-de-mesure-de-voile-ultrasonique-pour-tous-les-modeles-equipes-avec-gar332\/","title":{"rendered":"Syst\u00e8me de mesure de voile ultrasonique pour tous les mod\u00e8les \u00e9quip\u00e9s avec GAR332"},"content":{"rendered":"","protected":false},"excerpt":{"rendered":"","protected":false},"featured_media":360441,"template":"","meta":[],"product_brand":[],"product_cat":[1033490],"product_tag":[],"product_approvals":[],"product_application":[],"class_list":{"0":"post-383788","1":"product","2":"type-product","3":"status-publish","4":"has-post-thumbnail","6":"product_cat-accessoires-equilibreuses-de-roue-fr","8":"first","9":"instock","10":"shipping-taxable","11":"product-type-simple"},"approvals":[],"application":[],"brb_media_brochure":"","brb_media_drawing":"","brb_media_manuals":"","brb_media_safety_datasheets":"","brb_media_spare_parts":[],"_cdmm_p_id":"502298","_company":"VSG","_gtin":"","accessories":[],"components":[],"related":[],"page_logo_src":"https:\/\/dev.codekraft.it\/rotary-2024\/wp-content\/uploads\/2026\/04\/rotary-negative-logo.png","lang":"fr","translations":{"fr":383788,"en":383786,"de":383787,"it":383789,"es":383790,"ru":383791},"pll_sync_post":[],"_links":{"self":[{"href":"https:\/\/dev.codekraft.it\/rotary-2024\/wp-json\/wp\/v2\/product\/383788","targetHints":{"allow":["GET"]}}],"collection":[{"href":"https:\/\/dev.codekraft.it\/rotary-2024\/wp-json\/wp\/v2\/product"}],"about":[{"href":"https:\/\/dev.codekraft.it\/rotary-2024\/wp-json\/wp\/v2\/types\/product"}],"wp:featuredmedia":[{"embeddable":true,"href":"https:\/\/dev.codekraft.it\/rotary-2024\/wp-json\/wp\/v2\/media\/360441"}],"wp:attachment":[{"href":"https:\/\/dev.codekraft.it\/rotary-2024\/wp-json\/wp\/v2\/media?parent=383788"}],"wp:term":[{"taxonomy":"product_brand","embeddable":true,"href":"https:\/\/dev.codekraft.it\/rotary-2024\/wp-json\/wp\/v2\/product_brand?post=383788"},{"taxonomy":"product_cat","embeddable":true,"href":"https:\/\/dev.codekraft.it\/rotary-2024\/wp-json\/wp\/v2\/product_cat?post=383788"},{"taxonomy":"product_tag","embeddable":true,"href":"https:\/\/dev.codekraft.it\/rotary-2024\/wp-json\/wp\/v2\/product_tag?post=383788"},{"taxonomy":"product_approvals","embeddable":true,"href":"https:\/\/dev.codekraft.it\/rotary-2024\/wp-json\/wp\/v2\/product_approvals?post=383788"},{"taxonomy":"product_application","embeddable":true,"href":"https:\/\/dev.codekraft.it\/rotary-2024\/wp-json\/wp\/v2\/product_application?post=383788"}],"curies":[{"name":"wp","href":"https:\/\/api.w.org\/{rel}","templated":true}]}}