{"id":383430,"date":"2025-09-08T08:40:17","date_gmt":"2025-09-08T08:40:17","guid":{"rendered":"https:\/\/dev.codekraft.it\/rotary-2024\/products\/uncategorized\/drehtellerfullstucke-fur-4-saulen-hebebuhnen\/"},"modified":"2025-09-08T08:40:17","modified_gmt":"2025-09-08T08:40:17","slug":"drehtellerfullstucke-fur-4-saulen-hebebuhnen","status":"publish","type":"product","link":"https:\/\/dev.codekraft.it\/rotary-2024\/produkte\/zubehor-hebebuhnen-de\/zubehor-4-saulen-hebebuhnen-de\/drehtellerfullstucke-fur-4-saulen-hebebuhnen\/","title":{"rendered":"Drehtellerf\u00fcllst\u00fccke f\u00fcr 4-S\u00e4ulen-Hebeb\u00fchnen"},"content":{"rendered":"","protected":false},"excerpt":{"rendered":"<p>Abdeckbleche f\u00fcr Drehteller-Aussparung (an Stelle der Drehteller) | 1 Satz \/ 2 St\u00fcck<\/p>\n","protected":false},"featured_media":359531,"template":"","meta":[],"product_cat":[1033484],"product_tag":[],"product_approvals":[],"product_application":[],"class_list":{"0":"post-383430","1":"product","2":"type-product","3":"status-publish","4":"has-post-thumbnail","6":"product_cat-zubehor-4-saulen-hebebuhnen-de","8":"first","9":"instock","10":"shipping-taxable","11":"product-type-simple"},"approvals":[],"application":[],"brb_media_brochure":"","brb_media_drawing":"","brb_media_manuals":"","brb_media_safety_datasheets":"","brb_media_spare_parts":[],"_cdmm_p_id":"502153","_company":"VSG","_gtin":"4057612821758","accessories":[],"components":[],"related":[],"page_logo_src":"https:\/\/dev.codekraft.it\/rotary-2024\/wp-content\/uploads\/2024\/05\/cropped-rotary-logo-2022.png","lang":"de","translations":{"de":383430,"en":383429,"fr":383431,"it":383432,"es":383433,"ru":383434},"pll_sync_post":[],"_links":{"self":[{"href":"https:\/\/dev.codekraft.it\/rotary-2024\/wp-json\/wp\/v2\/product\/383430","targetHints":{"allow":["GET"]}}],"collection":[{"href":"https:\/\/dev.codekraft.it\/rotary-2024\/wp-json\/wp\/v2\/product"}],"about":[{"href":"https:\/\/dev.codekraft.it\/rotary-2024\/wp-json\/wp\/v2\/types\/product"}],"wp:featuredmedia":[{"embeddable":true,"href":"https:\/\/dev.codekraft.it\/rotary-2024\/wp-json\/wp\/v2\/media\/359531"}],"wp:attachment":[{"href":"https:\/\/dev.codekraft.it\/rotary-2024\/wp-json\/wp\/v2\/media?parent=383430"}],"wp:term":[{"taxonomy":"product_cat","embeddable":true,"href":"https:\/\/dev.codekraft.it\/rotary-2024\/wp-json\/wp\/v2\/product_cat?post=383430"},{"taxonomy":"product_tag","embeddable":true,"href":"https:\/\/dev.codekraft.it\/rotary-2024\/wp-json\/wp\/v2\/product_tag?post=383430"},{"taxonomy":"product_approvals","embeddable":true,"href":"https:\/\/dev.codekraft.it\/rotary-2024\/wp-json\/wp\/v2\/product_approvals?post=383430"},{"taxonomy":"product_application","embeddable":true,"href":"https:\/\/dev.codekraft.it\/rotary-2024\/wp-json\/wp\/v2\/product_application?post=383430"}],"curies":[{"name":"wp","href":"https:\/\/api.w.org\/{rel}","templated":true}]}}