{"id":383231,"date":"2025-12-11T10:10:50","date_gmt":"2025-12-11T10:10:50","guid":{"rendered":"https:\/\/dev.codekraft.it\/rotary-2024\/products\/uncategorized\/rallonge-de-tuyau-5\/"},"modified":"2025-12-11T10:10:50","modified_gmt":"2025-12-11T10:10:50","slug":"rallonge-de-tuyau-5","status":"publish","type":"product","link":"https:\/\/dev.codekraft.it\/rotary-2024\/fr\/produits\/accessoires-ponts-elevateurs-fr\/accessoires-ponts-elevateurs-a-ciseaux-fr\/rallonge-de-tuyau-5\/","title":{"rendered":"Rallonge de tuyau"},"content":{"rendered":"","protected":false},"excerpt":{"rendered":"<p>Groupe de commande positionn\u00e9 \u00e0 gauche dans le sens de la mont\u00e9e | vendu au m\u00e8tre (2 m fournis en standard dans la livraison &#8211; veuillez indiquer le nombre de m\u00e8tres suppl\u00e9mentaires n\u00e9cessaires)<\/p>\n","protected":false},"featured_media":0,"template":"","meta":[],"product_cat":[1033762],"product_tag":[],"product_approvals":[],"product_application":[],"class_list":{"0":"post-383231","1":"product","2":"type-product","3":"status-publish","5":"product_cat-accessoires-ponts-elevateurs-a-ciseaux-fr","7":"first","8":"instock","9":"shipping-taxable","10":"product-type-simple"},"approvals":[],"application":[],"brb_media_brochure":"","brb_media_drawing":"","brb_media_manuals":"","brb_media_safety_datasheets":"","brb_media_spare_parts":[],"_cdmm_p_id":"502034","_company":"VSG","_gtin":"4057612823776","accessories":[],"components":[],"related":[],"similar":[],"lang":"fr","translations":{"fr":383231,"en":383229,"de":383230,"it":383232,"es":383233,"ru":383234},"pll_sync_post":[],"_links":{"self":[{"href":"https:\/\/dev.codekraft.it\/rotary-2024\/wp-json\/wp\/v2\/product\/383231","targetHints":{"allow":["GET"]}}],"collection":[{"href":"https:\/\/dev.codekraft.it\/rotary-2024\/wp-json\/wp\/v2\/product"}],"about":[{"href":"https:\/\/dev.codekraft.it\/rotary-2024\/wp-json\/wp\/v2\/types\/product"}],"wp:attachment":[{"href":"https:\/\/dev.codekraft.it\/rotary-2024\/wp-json\/wp\/v2\/media?parent=383231"}],"wp:term":[{"taxonomy":"product_cat","embeddable":true,"href":"https:\/\/dev.codekraft.it\/rotary-2024\/wp-json\/wp\/v2\/product_cat?post=383231"},{"taxonomy":"product_tag","embeddable":true,"href":"https:\/\/dev.codekraft.it\/rotary-2024\/wp-json\/wp\/v2\/product_tag?post=383231"},{"taxonomy":"product_approvals","embeddable":true,"href":"https:\/\/dev.codekraft.it\/rotary-2024\/wp-json\/wp\/v2\/product_approvals?post=383231"},{"taxonomy":"product_application","embeddable":true,"href":"https:\/\/dev.codekraft.it\/rotary-2024\/wp-json\/wp\/v2\/product_application?post=383231"}],"curies":[{"name":"wp","href":"https:\/\/api.w.org\/{rel}","templated":true}]}}