{"id":383207,"date":"2025-09-08T09:00:09","date_gmt":"2025-09-08T09:00:09","guid":{"rendered":"https:\/\/dev.codekraft.it\/rotary-2024\/products\/uncategorized\/kit-de-rampes-dacces-pour-exalift-hdvl-2510-mm-peint\/"},"modified":"2025-09-08T09:00:09","modified_gmt":"2025-09-08T09:00:09","slug":"kit-de-rampes-dacces-pour-exalift-hdvl-2510-mm-peint","status":"publish","type":"product","link":"https:\/\/dev.codekraft.it\/rotary-2024\/fr\/produits\/accessoires-ponts-elevateurs-fr\/accessoires-ponts-elevateurs-a-ciseaux-fr\/kit-de-rampes-dacces-pour-exalift-hdvl-2510-mm-peint\/","title":{"rendered":"Kit de rampes d&#039;acc\u00e8s pour ExaLift HDVL | 2510 mm | peint"},"content":{"rendered":"","protected":false},"excerpt":{"rendered":"<p>2510 mm, version peinte | id\u00e9ales pour les v\u00e9hicules surbaiss\u00e9s, \u00e0 cheviller au sol (mat\u00e9riel de fixation non compris) | pour ExaLift HDVL | 1 jeu \/ 2 pi\u00e8ces<\/p>\n","protected":false},"featured_media":351088,"template":"","meta":[],"product_cat":[1033762],"product_tag":[],"product_approvals":[],"product_application":[],"class_list":{"0":"post-383207","1":"product","2":"type-product","3":"status-publish","4":"has-post-thumbnail","6":"product_cat-accessoires-ponts-elevateurs-a-ciseaux-fr","8":"first","9":"instock","10":"shipping-taxable","11":"product-type-simple"},"approvals":[],"application":[],"brb_media_brochure":"","brb_media_drawing":"","brb_media_manuals":"","brb_media_safety_datasheets":"","brb_media_spare_parts":[],"_cdmm_p_id":"502016","_company":"VSG","_gtin":"4057612823738","accessories":[],"components":[],"related":[],"similar":[],"lang":"fr","translations":{"fr":383207,"en":383205,"de":383206,"it":383208,"es":383209,"ru":383210},"pll_sync_post":[],"_links":{"self":[{"href":"https:\/\/dev.codekraft.it\/rotary-2024\/wp-json\/wp\/v2\/product\/383207","targetHints":{"allow":["GET"]}}],"collection":[{"href":"https:\/\/dev.codekraft.it\/rotary-2024\/wp-json\/wp\/v2\/product"}],"about":[{"href":"https:\/\/dev.codekraft.it\/rotary-2024\/wp-json\/wp\/v2\/types\/product"}],"wp:featuredmedia":[{"embeddable":true,"href":"https:\/\/dev.codekraft.it\/rotary-2024\/wp-json\/wp\/v2\/media\/351088"}],"wp:attachment":[{"href":"https:\/\/dev.codekraft.it\/rotary-2024\/wp-json\/wp\/v2\/media?parent=383207"}],"wp:term":[{"taxonomy":"product_cat","embeddable":true,"href":"https:\/\/dev.codekraft.it\/rotary-2024\/wp-json\/wp\/v2\/product_cat?post=383207"},{"taxonomy":"product_tag","embeddable":true,"href":"https:\/\/dev.codekraft.it\/rotary-2024\/wp-json\/wp\/v2\/product_tag?post=383207"},{"taxonomy":"product_approvals","embeddable":true,"href":"https:\/\/dev.codekraft.it\/rotary-2024\/wp-json\/wp\/v2\/product_approvals?post=383207"},{"taxonomy":"product_application","embeddable":true,"href":"https:\/\/dev.codekraft.it\/rotary-2024\/wp-json\/wp\/v2\/product_application?post=383207"}],"curies":[{"name":"wp","href":"https:\/\/api.w.org\/{rel}","templated":true}]}}