{"id":383170,"date":"2025-09-08T09:00:09","date_gmt":"2025-09-08T09:00:09","guid":{"rendered":"https:\/\/dev.codekraft.it\/rotary-2024\/products\/uncategorized\/outil-detalonnage-pour-cellules-de-frein-sur-les-bancs-de-freinage-vehicules-legers-2\/"},"modified":"2025-09-08T09:00:09","modified_gmt":"2025-09-08T09:00:09","slug":"outil-detalonnage-pour-cellules-de-frein-sur-les-bancs-de-freinage-vehicules-legers-2","status":"publish","type":"product","link":"https:\/\/dev.codekraft.it\/rotary-2024\/fr\/produits\/accessoires-diagnostic-fr\/accessoires-bancs-de-freinage-chaines-de-controles-fr\/outil-detalonnage-pour-cellules-de-frein-sur-les-bancs-de-freinage-vehicules-legers-2\/","title":{"rendered":"Outil d&#039;\u00e9talonnage pour cellules de frein sur les bancs de freinage v\u00e9hicules l\u00e9gers"},"content":{"rendered":"","protected":false},"excerpt":{"rendered":"<p>Syst\u00e8me d&#8217;\u00e9talonnage complet, incl. poids certifi\u00e9s<\/p>\n","protected":false},"featured_media":0,"template":"","meta":[],"product_cat":[1033492],"product_tag":[],"product_approvals":[],"product_application":[],"class_list":{"0":"post-383170","1":"product","2":"type-product","3":"status-publish","5":"product_cat-accessoires-bancs-de-freinage-chaines-de-controles-fr","7":"first","8":"instock","9":"shipping-taxable","10":"product-type-simple"},"approvals":[],"application":[],"brb_media_brochure":"","brb_media_drawing":"","brb_media_manuals":"","brb_media_safety_datasheets":"","brb_media_spare_parts":[],"_cdmm_p_id":"502010","_company":"VSG","_gtin":"","accessories":[],"components":[],"related":[],"similar":[],"lang":"fr","translations":{"fr":383170,"en":383168,"de":383169,"it":383171,"es":383172,"ru":383173},"pll_sync_post":[],"_links":{"self":[{"href":"https:\/\/dev.codekraft.it\/rotary-2024\/wp-json\/wp\/v2\/product\/383170","targetHints":{"allow":["GET"]}}],"collection":[{"href":"https:\/\/dev.codekraft.it\/rotary-2024\/wp-json\/wp\/v2\/product"}],"about":[{"href":"https:\/\/dev.codekraft.it\/rotary-2024\/wp-json\/wp\/v2\/types\/product"}],"wp:attachment":[{"href":"https:\/\/dev.codekraft.it\/rotary-2024\/wp-json\/wp\/v2\/media?parent=383170"}],"wp:term":[{"taxonomy":"product_cat","embeddable":true,"href":"https:\/\/dev.codekraft.it\/rotary-2024\/wp-json\/wp\/v2\/product_cat?post=383170"},{"taxonomy":"product_tag","embeddable":true,"href":"https:\/\/dev.codekraft.it\/rotary-2024\/wp-json\/wp\/v2\/product_tag?post=383170"},{"taxonomy":"product_approvals","embeddable":true,"href":"https:\/\/dev.codekraft.it\/rotary-2024\/wp-json\/wp\/v2\/product_approvals?post=383170"},{"taxonomy":"product_application","embeddable":true,"href":"https:\/\/dev.codekraft.it\/rotary-2024\/wp-json\/wp\/v2\/product_application?post=383170"}],"curies":[{"name":"wp","href":"https:\/\/api.w.org\/{rel}","templated":true}]}}