{"id":383159,"date":"2025-09-08T09:01:21","date_gmt":"2025-09-08T09:01:21","guid":{"rendered":"https:\/\/dev.codekraft.it\/rotary-2024\/products\/uncategorized\/kit-de-calibracion-para-celdas-de-frenado-en-bancos-prueba-frenos-auto\/"},"modified":"2025-09-08T09:01:21","modified_gmt":"2025-09-08T09:01:21","slug":"kit-de-calibracion-para-celdas-de-frenado-en-bancos-prueba-frenos-auto","status":"publish","type":"product","link":"https:\/\/dev.codekraft.it\/rotary-2024\/es\/productos\/accesorios-diagnostico-es\/accesorios-frenometros-lineas-itv-es\/kit-de-calibracion-para-celdas-de-frenado-en-bancos-prueba-frenos-auto\/","title":{"rendered":"Kit de calibraci\u00f3n para celdas de frenado en bancos prueba frenos auto"},"content":{"rendered":"","protected":false},"excerpt":{"rendered":"<p>Barra de calibraci\u00f3n, incl. adpatador para bancadas de la serie 102 (versi\u00f3n N o P antigua) y chapa de adaptaci\u00f3n para calibraci\u00f3n del medidor de esfuerzo al pedal de freno, sin pesos<\/p>\n","protected":false},"featured_media":0,"template":"","meta":[],"product_cat":[1033528],"product_tag":[],"product_approvals":[],"product_application":[],"class_list":{"0":"post-383159","1":"product","2":"type-product","3":"status-publish","5":"product_cat-accesorios-frenometros-lineas-itv-es","7":"first","8":"instock","9":"shipping-taxable","10":"product-type-simple"},"approvals":[],"application":[],"brb_media_brochure":"","brb_media_drawing":"","brb_media_manuals":"","brb_media_safety_datasheets":"","brb_media_spare_parts":[],"_cdmm_p_id":"502003","_company":"VSG","_gtin":"4057612824032","accessories":[],"components":[],"related":[],"similar":[],"page_logo_src":"https:\/\/dev.codekraft.it\/rotary-2024\/wp-content\/uploads\/2024\/05\/cropped-rotary-logo-2022.png","lang":"es","translations":{"es":383159,"en":383155,"de":383156,"fr":383157,"it":383158,"ru":383160},"pll_sync_post":[],"_links":{"self":[{"href":"https:\/\/dev.codekraft.it\/rotary-2024\/wp-json\/wp\/v2\/product\/383159","targetHints":{"allow":["GET"]}}],"collection":[{"href":"https:\/\/dev.codekraft.it\/rotary-2024\/wp-json\/wp\/v2\/product"}],"about":[{"href":"https:\/\/dev.codekraft.it\/rotary-2024\/wp-json\/wp\/v2\/types\/product"}],"wp:attachment":[{"href":"https:\/\/dev.codekraft.it\/rotary-2024\/wp-json\/wp\/v2\/media?parent=383159"}],"wp:term":[{"taxonomy":"product_cat","embeddable":true,"href":"https:\/\/dev.codekraft.it\/rotary-2024\/wp-json\/wp\/v2\/product_cat?post=383159"},{"taxonomy":"product_tag","embeddable":true,"href":"https:\/\/dev.codekraft.it\/rotary-2024\/wp-json\/wp\/v2\/product_tag?post=383159"},{"taxonomy":"product_approvals","embeddable":true,"href":"https:\/\/dev.codekraft.it\/rotary-2024\/wp-json\/wp\/v2\/product_approvals?post=383159"},{"taxonomy":"product_application","embeddable":true,"href":"https:\/\/dev.codekraft.it\/rotary-2024\/wp-json\/wp\/v2\/product_application?post=383159"}],"curies":[{"name":"wp","href":"https:\/\/api.w.org\/{rel}","templated":true}]}}