{"id":383151,"date":"2025-09-08T09:00:08","date_gmt":"2025-09-08T09:00:08","guid":{"rendered":"https:\/\/dev.codekraft.it\/rotary-2024\/products\/uncategorized\/outil-detalonnage-pour-cellules-de-frein-pour-les-bancs-de-freinage-vehicules-legers\/"},"modified":"2025-09-08T09:00:08","modified_gmt":"2025-09-08T09:00:08","slug":"outil-detalonnage-pour-cellules-de-frein-pour-les-bancs-de-freinage-vehicules-legers","status":"publish","type":"product","link":"https:\/\/dev.codekraft.it\/rotary-2024\/fr\/produits\/accessoires-diagnostic-fr\/accessoires-bancs-de-freinage-chaines-de-controles-fr\/outil-detalonnage-pour-cellules-de-frein-pour-les-bancs-de-freinage-vehicules-legers\/","title":{"rendered":"Outil d&#039;\u00e9talonnage pour cellules de frein pour les bancs de freinage v\u00e9hicules l\u00e9gers"},"content":{"rendered":"","protected":false},"excerpt":{"rendered":"<p>Appareil d&#8217;\u00e9talonnage, incl. panier, poids exclus<\/p>\n","protected":false},"featured_media":0,"template":"","meta":[],"product_brand":[],"product_cat":[1033492],"product_tag":[],"product_approvals":[],"product_application":[],"class_list":{"0":"post-383151","1":"product","2":"type-product","3":"status-publish","5":"product_cat-accessoires-bancs-de-freinage-chaines-de-controles-fr","7":"first","8":"instock","9":"shipping-taxable","10":"product-type-simple"},"approvals":[],"application":[],"brb_media_brochure":"","brb_media_drawing":"","brb_media_manuals":"","brb_media_safety_datasheets":"","brb_media_spare_parts":[],"_cdmm_p_id":"502002","_company":"VSG","_gtin":"4057612823950","accessories":[],"components":[],"related":[],"page_logo_src":"https:\/\/dev.codekraft.it\/rotary-2024\/wp-content\/uploads\/2024\/05\/cropped-rotary-logo-2022.png","lang":"fr","translations":{"fr":383151,"en":383149,"de":383150,"it":383152,"es":383153,"ru":383154},"pll_sync_post":[],"_links":{"self":[{"href":"https:\/\/dev.codekraft.it\/rotary-2024\/wp-json\/wp\/v2\/product\/383151","targetHints":{"allow":["GET"]}}],"collection":[{"href":"https:\/\/dev.codekraft.it\/rotary-2024\/wp-json\/wp\/v2\/product"}],"about":[{"href":"https:\/\/dev.codekraft.it\/rotary-2024\/wp-json\/wp\/v2\/types\/product"}],"wp:attachment":[{"href":"https:\/\/dev.codekraft.it\/rotary-2024\/wp-json\/wp\/v2\/media?parent=383151"}],"wp:term":[{"taxonomy":"product_brand","embeddable":true,"href":"https:\/\/dev.codekraft.it\/rotary-2024\/wp-json\/wp\/v2\/product_brand?post=383151"},{"taxonomy":"product_cat","embeddable":true,"href":"https:\/\/dev.codekraft.it\/rotary-2024\/wp-json\/wp\/v2\/product_cat?post=383151"},{"taxonomy":"product_tag","embeddable":true,"href":"https:\/\/dev.codekraft.it\/rotary-2024\/wp-json\/wp\/v2\/product_tag?post=383151"},{"taxonomy":"product_approvals","embeddable":true,"href":"https:\/\/dev.codekraft.it\/rotary-2024\/wp-json\/wp\/v2\/product_approvals?post=383151"},{"taxonomy":"product_application","embeddable":true,"href":"https:\/\/dev.codekraft.it\/rotary-2024\/wp-json\/wp\/v2\/product_application?post=383151"}],"curies":[{"name":"wp","href":"https:\/\/api.w.org\/{rel}","templated":true}]}}