{"id":382949,"date":"2025-12-11T10:10:51","date_gmt":"2025-12-11T10:10:51","guid":{"rendered":"https:\/\/dev.codekraft.it\/rotary-2024\/products\/uncategorized\/chevalet-dappui-2\/"},"modified":"2025-12-11T10:10:51","modified_gmt":"2025-12-11T10:10:51","slug":"chevalet-dappui-2","status":"publish","type":"product","link":"https:\/\/dev.codekraft.it\/rotary-2024\/fr\/produits\/accessoires-ponts-elevateurs-fr\/accessoires-ponts-elevateurs-a-colonnes-mobiles-fr\/chevalet-dappui-2\/","title":{"rendered":"Chevalet d&#039;appui"},"content":{"rendered":"<ul>\n<li>Chevalet de support pr\u00eat \u00e0 l&#8217;emploi en RAL7040<\/li>\n<li>De tr\u00e8s haute qualit\u00e9, ex\u00e9cution robuste<\/li>\n<li>Mobile et facile \u00e0 d\u00e9placer<\/li>\n<li>3 roulettes se r\u00e9tractent sous la charge<\/li>\n<li>R\u00e9glable en hauteur par pas de 6 x 100 mm, avec en plus\u00a0partie sup\u00e9rieure r\u00e9glable en continu (115 mm)<\/li>\n<li>2 moyens de fixation interchangeables (fixation en U,\u00a0fixation prismatique)<\/li>\n<li>Avec s\u00e9curit\u00e9 anti-rotation<\/li>\n<li>Niveau \u00e0 bulle pour l&#8217;alignement approximatif du chevalet de d\u00e9pose<\/li>\n<\/ul>\n","protected":false},"excerpt":{"rendered":"<p>10000 kg, 1235 &#8211; 2040 mm, r\u00e9glable en hauteur par pas de 6 x 100 mm, avec en plus partie sup\u00e9rieure r\u00e9glable en continu (115 mm), 3 roues r\u00e9tractables, support en U et support en prisme (interchangeables), pr\u00eat \u00e0 l&#8217;emploi | Gris (RAL 7040)<\/p>\n","protected":false},"featured_media":382947,"template":"","meta":[],"product_cat":[1033810],"product_tag":[1034145,1034128,1034197,1034180],"product_approvals":[],"product_application":[],"class_list":{"0":"post-382949","1":"product","2":"type-product","3":"status-publish","4":"has-post-thumbnail","6":"product_cat-accessoires-ponts-elevateurs-a-colonnes-mobiles-fr","7":"product_tag-buses-fr","8":"product_tag-trucks-fr","9":"product_tag-motor-homes-fr","10":"product_tag-light-commercial-fr","12":"first","13":"instock","14":"shipping-taxable","15":"product-type-simple"},"approvals":[],"application":[],"brb_media_brochure":"","brb_media_drawing":"","brb_media_manuals":"","brb_media_safety_datasheets":"","brb_media_spare_parts":[],"_cdmm_p_id":"501929","_company":"VSG","_gtin":"4057612820218","accessories":[],"components":[],"related":[],"similar":[],"lang":"fr","translations":{"fr":382949,"en":382946,"de":382948,"it":382950,"es":382951,"ru":382952},"pll_sync_post":[],"_links":{"self":[{"href":"https:\/\/dev.codekraft.it\/rotary-2024\/wp-json\/wp\/v2\/product\/382949","targetHints":{"allow":["GET"]}}],"collection":[{"href":"https:\/\/dev.codekraft.it\/rotary-2024\/wp-json\/wp\/v2\/product"}],"about":[{"href":"https:\/\/dev.codekraft.it\/rotary-2024\/wp-json\/wp\/v2\/types\/product"}],"wp:featuredmedia":[{"embeddable":true,"href":"https:\/\/dev.codekraft.it\/rotary-2024\/wp-json\/wp\/v2\/media\/382947"}],"wp:attachment":[{"href":"https:\/\/dev.codekraft.it\/rotary-2024\/wp-json\/wp\/v2\/media?parent=382949"}],"wp:term":[{"taxonomy":"product_cat","embeddable":true,"href":"https:\/\/dev.codekraft.it\/rotary-2024\/wp-json\/wp\/v2\/product_cat?post=382949"},{"taxonomy":"product_tag","embeddable":true,"href":"https:\/\/dev.codekraft.it\/rotary-2024\/wp-json\/wp\/v2\/product_tag?post=382949"},{"taxonomy":"product_approvals","embeddable":true,"href":"https:\/\/dev.codekraft.it\/rotary-2024\/wp-json\/wp\/v2\/product_approvals?post=382949"},{"taxonomy":"product_application","embeddable":true,"href":"https:\/\/dev.codekraft.it\/rotary-2024\/wp-json\/wp\/v2\/product_application?post=382949"}],"curies":[{"name":"wp","href":"https:\/\/api.w.org\/{rel}","templated":true}]}}