{"id":382887,"date":"2025-09-08T09:00:44","date_gmt":"2025-09-08T09:00:44","guid":{"rendered":"https:\/\/dev.codekraft.it\/rotary-2024\/products\/uncategorized\/graffe-ruota-3-punti-o-cerchioni-8-24%e2%80%b3-o-pneumatici-480-910-mm-3\/"},"modified":"2025-09-08T09:00:44","modified_gmt":"2025-09-08T09:00:44","slug":"graffe-ruota-3-punti-o-cerchioni-8-24%e2%80%b3-o-pneumatici-480-910-mm-3","status":"publish","type":"product","link":"https:\/\/dev.codekraft.it\/rotary-2024\/it\/prodotti\/accessori-diagnosi-it\/accessori-assetti-ruote-it\/graffe-ruota-3-punti-o-cerchioni-8-24%e2%80%b3-o-pneumatici-480-910-mm-3\/","title":{"rendered":"Graffe ruota 3 punti | \u00d8 cerchioni 8 &#8211; 24\u2033, \u00d8 pneumatici 480 &#8211; 910 mm"},"content":{"rendered":"","protected":false},"excerpt":{"rendered":"<p>Graffe a 3 punti autocentranti e con bloccaggio rapido | 2 set \/ 4 pezzi<\/p>\n","protected":false},"featured_media":357131,"template":"","meta":[],"product_cat":[1033394],"product_tag":[],"product_approvals":[],"product_application":[],"class_list":{"0":"post-382887","1":"product","2":"type-product","3":"status-publish","4":"has-post-thumbnail","6":"product_cat-accessori-assetti-ruote-it","8":"first","9":"instock","10":"shipping-taxable","11":"product-type-simple"},"approvals":[],"application":[],"brb_media_brochure":"","brb_media_drawing":"","brb_media_manuals":"","brb_media_safety_datasheets":"","brb_media_spare_parts":[],"_cdmm_p_id":"501915","_company":"VSG","_gtin":"4057612825350","accessories":[{"id":383451,"cdmm_p_id":"502160","name":"Adattatori per graffe a 3 punti per assetto CCD su sollevatori a 2 colonne | -120 mm","description":"Permette di posizionare le teste di misura pi\u00f9 in profondit\u00e0 evitando cos\u00ec interferenze con la trasmissione causate dai bracci di sollevamento a 2 colonne | 1 set \/ 4 pezzi","thumbnail":"https:\/\/dev.codekraft.it\/rotary-2024\/wp-content\/uploads\/brb_media\/00528344_wheel-aligner-stda154-mi-150x150.png","url":"https:\/\/dev.codekraft.it\/rotary-2024\/it\/prodotti\/accessori-diagnosi-it\/accessori-assetti-ruote-it\/adattatori-per-graffe-a-3-punti-per-assetto-ccd-su-sollevatori-a-2-colonne-120-mm\/"}],"components":[],"related":[],"similar":[],"page_logo_src":"https:\/\/dev.codekraft.it\/rotary-2024\/wp-content\/uploads\/2024\/05\/cropped-rotary-logo-2022.png","lang":"it","translations":{"it":382887,"en":382884,"de":382885,"fr":382886,"es":382888,"ru":382889},"pll_sync_post":[],"_links":{"self":[{"href":"https:\/\/dev.codekraft.it\/rotary-2024\/wp-json\/wp\/v2\/product\/382887","targetHints":{"allow":["GET"]}}],"collection":[{"href":"https:\/\/dev.codekraft.it\/rotary-2024\/wp-json\/wp\/v2\/product"}],"about":[{"href":"https:\/\/dev.codekraft.it\/rotary-2024\/wp-json\/wp\/v2\/types\/product"}],"wp:featuredmedia":[{"embeddable":true,"href":"https:\/\/dev.codekraft.it\/rotary-2024\/wp-json\/wp\/v2\/media\/357131"}],"wp:attachment":[{"href":"https:\/\/dev.codekraft.it\/rotary-2024\/wp-json\/wp\/v2\/media?parent=382887"}],"wp:term":[{"taxonomy":"product_cat","embeddable":true,"href":"https:\/\/dev.codekraft.it\/rotary-2024\/wp-json\/wp\/v2\/product_cat?post=382887"},{"taxonomy":"product_tag","embeddable":true,"href":"https:\/\/dev.codekraft.it\/rotary-2024\/wp-json\/wp\/v2\/product_tag?post=382887"},{"taxonomy":"product_approvals","embeddable":true,"href":"https:\/\/dev.codekraft.it\/rotary-2024\/wp-json\/wp\/v2\/product_approvals?post=382887"},{"taxonomy":"product_application","embeddable":true,"href":"https:\/\/dev.codekraft.it\/rotary-2024\/wp-json\/wp\/v2\/product_application?post=382887"}],"curies":[{"name":"wp","href":"https:\/\/api.w.org\/{rel}","templated":true}]}}