{"id":382880,"date":"2025-09-08T09:00:06","date_gmt":"2025-09-08T09:00:06","guid":{"rendered":"https:\/\/dev.codekraft.it\/rotary-2024\/products\/uncategorized\/griffes-de-roue-a-3-points-o-de-jante-8-24%e2%80%b3-o-des-pneus-480-910-mm-2\/"},"modified":"2025-09-08T09:00:06","modified_gmt":"2025-09-08T09:00:06","slug":"griffes-de-roue-a-3-points-o-de-jante-8-24%e2%80%b3-o-des-pneus-480-910-mm-2","status":"publish","type":"product","link":"https:\/\/dev.codekraft.it\/rotary-2024\/fr\/produits\/accessoires-diagnostic-fr\/accessoires-controles-de-geometrie-fr\/griffes-de-roue-a-3-points-o-de-jante-8-24%e2%80%b3-o-des-pneus-480-910-mm-2\/","title":{"rendered":"Griffes de roue \u00e0 3 points | \u00d8 de jante 8 &#8211; 24\u2033, \u00d8 des pneus 480 &#8211; 910 mm"},"content":{"rendered":"","protected":false},"excerpt":{"rendered":"<p>Griffes \u00e0 3 points \u00e0 centrage automatique et avec blocage rapide | 2 jeux \/ 4 pi\u00e8ces<\/p>\n","protected":false},"featured_media":357131,"template":"","meta":[],"product_cat":[1033374],"product_tag":[],"product_approvals":[],"product_application":[],"class_list":{"0":"post-382880","1":"product","2":"type-product","3":"status-publish","4":"has-post-thumbnail","6":"product_cat-accessoires-controles-de-geometrie-fr","8":"first","9":"instock","10":"shipping-taxable","11":"product-type-simple"},"approvals":[],"application":[],"brb_media_brochure":"","brb_media_drawing":"","brb_media_manuals":"","brb_media_safety_datasheets":"","brb_media_spare_parts":[],"_cdmm_p_id":"501914","_company":"VSG","_gtin":"4057612825275","accessories":[{"id":383450,"cdmm_p_id":"502160","name":"Adaptateurs pour griffes 3 points pour l&#039;alignement CCD sur ponts 2 colonnes | -120 mm","description":"Permet de positionner les t\u00eates de mesure plus bas et \u00e9vite ainsi les interf\u00e9rences avec la transmission provoqu\u00e9es par les bras de levage \u00e0 2 colonnes | 1 ensemble \/ 4 pi\u00e8ces","thumbnail":"https:\/\/dev.codekraft.it\/rotary-2024\/wp-content\/uploads\/brb_media\/00528344_wheel-aligner-stda154-mi-150x150.png","url":"https:\/\/dev.codekraft.it\/rotary-2024\/fr\/produits\/accessoires-diagnostic-fr\/accessoires-controles-de-geometrie-fr\/adaptateurs-pour-griffes-3-points-pour-lalignement-ccd-sur-ponts-2-colonnes-120-mm\/"}],"components":[],"related":[],"similar":[],"page_logo_src":"https:\/\/dev.codekraft.it\/rotary-2024\/wp-content\/uploads\/2024\/05\/cropped-rotary-logo-2022.png","lang":"fr","translations":{"fr":382880,"en":382878,"de":382879,"it":382881,"es":382882,"ru":382883},"pll_sync_post":[],"_links":{"self":[{"href":"https:\/\/dev.codekraft.it\/rotary-2024\/wp-json\/wp\/v2\/product\/382880","targetHints":{"allow":["GET"]}}],"collection":[{"href":"https:\/\/dev.codekraft.it\/rotary-2024\/wp-json\/wp\/v2\/product"}],"about":[{"href":"https:\/\/dev.codekraft.it\/rotary-2024\/wp-json\/wp\/v2\/types\/product"}],"wp:featuredmedia":[{"embeddable":true,"href":"https:\/\/dev.codekraft.it\/rotary-2024\/wp-json\/wp\/v2\/media\/357131"}],"wp:attachment":[{"href":"https:\/\/dev.codekraft.it\/rotary-2024\/wp-json\/wp\/v2\/media?parent=382880"}],"wp:term":[{"taxonomy":"product_cat","embeddable":true,"href":"https:\/\/dev.codekraft.it\/rotary-2024\/wp-json\/wp\/v2\/product_cat?post=382880"},{"taxonomy":"product_tag","embeddable":true,"href":"https:\/\/dev.codekraft.it\/rotary-2024\/wp-json\/wp\/v2\/product_tag?post=382880"},{"taxonomy":"product_approvals","embeddable":true,"href":"https:\/\/dev.codekraft.it\/rotary-2024\/wp-json\/wp\/v2\/product_approvals?post=382880"},{"taxonomy":"product_application","embeddable":true,"href":"https:\/\/dev.codekraft.it\/rotary-2024\/wp-json\/wp\/v2\/product_application?post=382880"}],"curies":[{"name":"wp","href":"https:\/\/api.w.org\/{rel}","templated":true}]}}