{"id":382861,"date":"2025-09-08T09:00:06","date_gmt":"2025-09-08T09:00:06","guid":{"rendered":"https:\/\/dev.codekraft.it\/rotary-2024\/products\/uncategorized\/traverses-pour-xs30-cat\/"},"modified":"2025-09-08T09:00:06","modified_gmt":"2025-09-08T09:00:06","slug":"traverses-pour-xs30-cat","status":"publish","type":"product","link":"https:\/\/dev.codekraft.it\/rotary-2024\/fr\/produits\/accessoires-ponts-elevateurs-fr\/accessoires-ponts-elevateurs-a-ciseaux-fr\/traverses-pour-xs30-cat\/","title":{"rendered":"Traverses pour XS30-CAT"},"content":{"rendered":"<ul>\n<li>Indispensables pour le levage en toute s\u00e9curit\u00e9 avec roues libres de v\u00e9hicules tout-terrain et v\u00e9hicules avec points de levage rapproch\u00e9s \u00e0 l\u2019interieur du chassis<\/li>\n<\/ul>\n<p>Adapt\u00e9 pour RAV.640N1.193391, RAV.650N1.193742, RAV.650N2.193858, RAV.650N2.193520, RAV.650N2.193667, RAV.650N6.193964, RAV.650N5.193902, RAV.660N2.193360, RAV.650N5.193018, RAV.650N6.193025, RAV.640N5.193049, RAV.640N4.192998, RAV.640N3.192981, RAV.80552.196736, RAV.80555.196811, RAV.80652.196910, RAV.509IF.196071, RAV.509IF.196354, RAV.508IX.196170, RAV.510IX.196255, RAV.518NL.195937, RAV.518NL.196002, RAV.518TX.195869, RAV.535XX.195678, RAV.535XX.195784, RAV.518TX.195081, RAV535LX.195531, RAV.540XX.195234, RAV.510IX.196774, RAV.650N2.193384, RAV.650N5.193919, RAV.535XX.196859, RAV.80552.196743, RAV.80652.196910 et RAV.510IX.196538 | 1 jeu \/ 2 pi\u00e8ces<\/p>\n","protected":false},"excerpt":{"rendered":"<p>Pour v\u00e9hicules tout-terrain | 1 jeu \/ 2 pi\u00e8ces<\/p>\n","protected":false},"featured_media":358135,"template":"","meta":[],"product_cat":[1033762],"product_tag":[],"product_approvals":[],"product_application":[],"class_list":{"0":"post-382861","1":"product","2":"type-product","3":"status-publish","4":"has-post-thumbnail","6":"product_cat-accessoires-ponts-elevateurs-a-ciseaux-fr","8":"first","9":"instock","10":"shipping-taxable","11":"product-type-simple"},"approvals":[],"application":[],"brb_media_brochure":"","brb_media_drawing":"","brb_media_manuals":"","brb_media_safety_datasheets":"","brb_media_spare_parts":[],"_cdmm_p_id":"501910","_company":"VSG","_gtin":"4057612822519","accessories":[],"components":[],"related":[],"similar":[],"lang":"fr","translations":{"fr":382861,"en":382859,"de":382860,"it":382862,"es":382863,"ru":382864},"pll_sync_post":[],"_links":{"self":[{"href":"https:\/\/dev.codekraft.it\/rotary-2024\/wp-json\/wp\/v2\/product\/382861","targetHints":{"allow":["GET"]}}],"collection":[{"href":"https:\/\/dev.codekraft.it\/rotary-2024\/wp-json\/wp\/v2\/product"}],"about":[{"href":"https:\/\/dev.codekraft.it\/rotary-2024\/wp-json\/wp\/v2\/types\/product"}],"wp:featuredmedia":[{"embeddable":true,"href":"https:\/\/dev.codekraft.it\/rotary-2024\/wp-json\/wp\/v2\/media\/358135"}],"wp:attachment":[{"href":"https:\/\/dev.codekraft.it\/rotary-2024\/wp-json\/wp\/v2\/media?parent=382861"}],"wp:term":[{"taxonomy":"product_cat","embeddable":true,"href":"https:\/\/dev.codekraft.it\/rotary-2024\/wp-json\/wp\/v2\/product_cat?post=382861"},{"taxonomy":"product_tag","embeddable":true,"href":"https:\/\/dev.codekraft.it\/rotary-2024\/wp-json\/wp\/v2\/product_tag?post=382861"},{"taxonomy":"product_approvals","embeddable":true,"href":"https:\/\/dev.codekraft.it\/rotary-2024\/wp-json\/wp\/v2\/product_approvals?post=382861"},{"taxonomy":"product_application","embeddable":true,"href":"https:\/\/dev.codekraft.it\/rotary-2024\/wp-json\/wp\/v2\/product_application?post=382861"}],"curies":[{"name":"wp","href":"https:\/\/api.w.org\/{rel}","templated":true}]}}