{"id":382843,"date":"2025-12-11T10:10:46","date_gmt":"2025-12-11T10:10:46","guid":{"rendered":"https:\/\/dev.codekraft.it\/rotary-2024\/products\/uncategorized\/plaques-de-repartition\/"},"modified":"2025-12-11T10:10:46","modified_gmt":"2025-12-11T10:10:46","slug":"plaques-de-repartition","status":"publish","type":"product","link":"https:\/\/dev.codekraft.it\/rotary-2024\/fr\/produits\/accessoires-ponts-elevateurs-fr\/accessoires-ponts-elevateurs-a-2-colonnes-fr\/plaques-de-repartition\/","title":{"rendered":"Plaques de r\u00e9partition"},"content":{"rendered":"","protected":false},"excerpt":{"rendered":"<p>4 \/ 4,2 \/ 4,5 t | permet d&#8217;installer le pont \u00e9l\u00e9vateur m\u00eame sur de dalle de faible \u00e9paisseur| 1 jeu \/ 2 pi\u00e8ces<\/p>\n","protected":false},"featured_media":382841,"template":"","meta":[],"product_cat":[1033386],"product_tag":[1034197,1034180,1034163],"product_approvals":[],"product_application":[],"class_list":{"0":"post-382843","1":"product","2":"type-product","3":"status-publish","4":"has-post-thumbnail","6":"product_cat-accessoires-ponts-elevateurs-a-2-colonnes-fr","7":"product_tag-motor-homes-fr","8":"product_tag-light-commercial-fr","9":"product_tag-passenger-cars-fr","11":"first","12":"instock","13":"shipping-taxable","14":"product-type-simple"},"approvals":[],"application":[],"brb_media_brochure":"","brb_media_drawing":"","brb_media_manuals":"","brb_media_safety_datasheets":"","brb_media_spare_parts":[],"_cdmm_p_id":"502421","_company":"VSG","_gtin":"4057612940862","accessories":[],"components":[],"related":[],"similar":[],"lang":"fr","translations":{"fr":382843,"en":382840,"de":382842,"it":382844,"es":382845,"ru":382846},"pll_sync_post":[],"_links":{"self":[{"href":"https:\/\/dev.codekraft.it\/rotary-2024\/wp-json\/wp\/v2\/product\/382843","targetHints":{"allow":["GET"]}}],"collection":[{"href":"https:\/\/dev.codekraft.it\/rotary-2024\/wp-json\/wp\/v2\/product"}],"about":[{"href":"https:\/\/dev.codekraft.it\/rotary-2024\/wp-json\/wp\/v2\/types\/product"}],"wp:featuredmedia":[{"embeddable":true,"href":"https:\/\/dev.codekraft.it\/rotary-2024\/wp-json\/wp\/v2\/media\/382841"}],"wp:attachment":[{"href":"https:\/\/dev.codekraft.it\/rotary-2024\/wp-json\/wp\/v2\/media?parent=382843"}],"wp:term":[{"taxonomy":"product_cat","embeddable":true,"href":"https:\/\/dev.codekraft.it\/rotary-2024\/wp-json\/wp\/v2\/product_cat?post=382843"},{"taxonomy":"product_tag","embeddable":true,"href":"https:\/\/dev.codekraft.it\/rotary-2024\/wp-json\/wp\/v2\/product_tag?post=382843"},{"taxonomy":"product_approvals","embeddable":true,"href":"https:\/\/dev.codekraft.it\/rotary-2024\/wp-json\/wp\/v2\/product_approvals?post=382843"},{"taxonomy":"product_application","embeddable":true,"href":"https:\/\/dev.codekraft.it\/rotary-2024\/wp-json\/wp\/v2\/product_application?post=382843"}],"curies":[{"name":"wp","href":"https:\/\/api.w.org\/{rel}","templated":true}]}}