{"id":382818,"date":"2025-12-11T10:10:48","date_gmt":"2025-12-11T10:10:48","guid":{"rendered":"https:\/\/dev.codekraft.it\/rotary-2024\/products\/uncategorized\/rallonge-de-tuyau-4\/"},"modified":"2025-12-11T10:10:48","modified_gmt":"2025-12-11T10:10:48","slug":"rallonge-de-tuyau-4","status":"publish","type":"product","link":"https:\/\/dev.codekraft.it\/rotary-2024\/fr\/produits\/accessoires-ponts-elevateurs-fr\/accessoires-ponts-elevateurs-a-ciseaux-fr\/rallonge-de-tuyau-4\/","title":{"rendered":"Rallonge de tuyau"},"content":{"rendered":"","protected":false},"excerpt":{"rendered":"<p>2 m, contr\u00f4le \u00e0 droite | montage du bo\u00eetier de commande dans une position sp\u00e9ciale &#8211; dans le sens d&#8217;approche \u00ab \u00e0 droite \u00bb de la plate-forme, \u00e0 une distance de 2 m<\/p>\n","protected":false},"featured_media":0,"template":"","meta":[],"product_cat":[1033762],"product_tag":[],"product_approvals":[],"product_application":[],"class_list":{"0":"post-382818","1":"product","2":"type-product","3":"status-publish","5":"product_cat-accessoires-ponts-elevateurs-a-ciseaux-fr","7":"first","8":"instock","9":"shipping-taxable","10":"product-type-simple"},"approvals":[],"application":[],"brb_media_brochure":"","brb_media_drawing":"","brb_media_manuals":"","brb_media_safety_datasheets":"","brb_media_spare_parts":[],"_cdmm_p_id":"502416","_company":"VSG","_gtin":"4057612838879","accessories":[],"components":[],"related":[],"similar":[],"lang":"fr","translations":{"fr":382818,"en":382816,"de":382817,"it":382819,"es":382820,"ru":382821},"pll_sync_post":[],"_links":{"self":[{"href":"https:\/\/dev.codekraft.it\/rotary-2024\/wp-json\/wp\/v2\/product\/382818","targetHints":{"allow":["GET"]}}],"collection":[{"href":"https:\/\/dev.codekraft.it\/rotary-2024\/wp-json\/wp\/v2\/product"}],"about":[{"href":"https:\/\/dev.codekraft.it\/rotary-2024\/wp-json\/wp\/v2\/types\/product"}],"wp:attachment":[{"href":"https:\/\/dev.codekraft.it\/rotary-2024\/wp-json\/wp\/v2\/media?parent=382818"}],"wp:term":[{"taxonomy":"product_cat","embeddable":true,"href":"https:\/\/dev.codekraft.it\/rotary-2024\/wp-json\/wp\/v2\/product_cat?post=382818"},{"taxonomy":"product_tag","embeddable":true,"href":"https:\/\/dev.codekraft.it\/rotary-2024\/wp-json\/wp\/v2\/product_tag?post=382818"},{"taxonomy":"product_approvals","embeddable":true,"href":"https:\/\/dev.codekraft.it\/rotary-2024\/wp-json\/wp\/v2\/product_approvals?post=382818"},{"taxonomy":"product_application","embeddable":true,"href":"https:\/\/dev.codekraft.it\/rotary-2024\/wp-json\/wp\/v2\/product_application?post=382818"}],"curies":[{"name":"wp","href":"https:\/\/api.w.org\/{rel}","templated":true}]}}