{"id":382716,"date":"2025-12-11T10:11:03","date_gmt":"2025-12-11T10:11:03","guid":{"rendered":"https:\/\/dev.codekraft.it\/rotary-2024\/products\/uncategorized\/griffes-de-roue-camion-a-4-points-o-de-jante-12-28%e2%80%b3-o-des-pneus-780-1220-mm\/"},"modified":"2025-12-11T10:11:03","modified_gmt":"2025-12-11T10:11:03","slug":"griffes-de-roue-camion-a-4-points-o-de-jante-12-28%e2%80%b3-o-des-pneus-780-1220-mm","status":"publish","type":"product","link":"https:\/\/dev.codekraft.it\/rotary-2024\/fr\/produits\/accessoires-diagnostic-fr\/accessoires-controles-de-geometrie-fr\/griffes-de-roue-camion-a-4-points-o-de-jante-12-28%e2%80%b3-o-des-pneus-780-1220-mm\/","title":{"rendered":"Griffes de roue Camion | \u00e0 4 points | \u00d8 de jante 12 &#8211; 28\u2033, \u00d8 des pneus 780 &#8211; 1220 mm"},"content":{"rendered":"","protected":false},"excerpt":{"rendered":"<p>Griffes PL autocentreuses \u00e0 4 points, avec blocage rapide et attelage des t\u00eates mobile | incl. des pointes en m\u00e9tal | 1 jeu \/ 2 pi\u00e8ces<\/p>\n","protected":false},"featured_media":382714,"template":"","meta":[],"product_cat":[1033374],"product_tag":[],"product_approvals":[],"product_application":[],"class_list":{"0":"post-382716","1":"product","2":"type-product","3":"status-publish","4":"has-post-thumbnail","6":"product_cat-accessoires-controles-de-geometrie-fr","8":"first","9":"instock","10":"shipping-taxable","11":"product-type-simple"},"approvals":[],"application":[],"brb_media_brochure":"","brb_media_drawing":"","brb_media_manuals":"","brb_media_safety_datasheets":"","brb_media_spare_parts":[],"_cdmm_p_id":"501818","_company":"VSG","_gtin":"4057612825619","accessories":[],"components":[],"related":[],"similar":[],"lang":"fr","translations":{"fr":382716,"en":382713,"de":382715,"it":382717,"es":382718,"ru":382719},"pll_sync_post":[],"_links":{"self":[{"href":"https:\/\/dev.codekraft.it\/rotary-2024\/wp-json\/wp\/v2\/product\/382716","targetHints":{"allow":["GET"]}}],"collection":[{"href":"https:\/\/dev.codekraft.it\/rotary-2024\/wp-json\/wp\/v2\/product"}],"about":[{"href":"https:\/\/dev.codekraft.it\/rotary-2024\/wp-json\/wp\/v2\/types\/product"}],"wp:featuredmedia":[{"embeddable":true,"href":"https:\/\/dev.codekraft.it\/rotary-2024\/wp-json\/wp\/v2\/media\/382714"}],"wp:attachment":[{"href":"https:\/\/dev.codekraft.it\/rotary-2024\/wp-json\/wp\/v2\/media?parent=382716"}],"wp:term":[{"taxonomy":"product_cat","embeddable":true,"href":"https:\/\/dev.codekraft.it\/rotary-2024\/wp-json\/wp\/v2\/product_cat?post=382716"},{"taxonomy":"product_tag","embeddable":true,"href":"https:\/\/dev.codekraft.it\/rotary-2024\/wp-json\/wp\/v2\/product_tag?post=382716"},{"taxonomy":"product_approvals","embeddable":true,"href":"https:\/\/dev.codekraft.it\/rotary-2024\/wp-json\/wp\/v2\/product_approvals?post=382716"},{"taxonomy":"product_application","embeddable":true,"href":"https:\/\/dev.codekraft.it\/rotary-2024\/wp-json\/wp\/v2\/product_application?post=382716"}],"curies":[{"name":"wp","href":"https:\/\/api.w.org\/{rel}","templated":true}]}}