{"id":382709,"date":"2025-09-08T09:00:06","date_gmt":"2025-09-08T09:00:06","guid":{"rendered":"https:\/\/dev.codekraft.it\/rotary-2024\/products\/uncategorized\/batteries-de-rechange-pour-appareil-de-geometire-3d-1-jeu-2-pieces\/"},"modified":"2025-09-08T09:00:06","modified_gmt":"2025-09-08T09:00:06","slug":"batteries-de-rechange-pour-appareil-de-geometire-3d-1-jeu-2-pieces","status":"publish","type":"product","link":"https:\/\/dev.codekraft.it\/rotary-2024\/fr\/produits\/accessoires-diagnostic-fr\/accessoires-controles-de-geometrie-fr\/batteries-de-rechange-pour-appareil-de-geometire-3d-1-jeu-2-pieces\/","title":{"rendered":"Batteries de rechange pour appar\u00e8il de g\u00e9om\u00e8tire 3D | 1 jeu \/ 2 pi\u00e8ces"},"content":{"rendered":"","protected":false},"excerpt":{"rendered":"","protected":false},"featured_media":358087,"template":"","meta":[],"product_cat":[1033374],"product_tag":[],"product_approvals":[],"product_application":[],"class_list":{"0":"post-382709","1":"product","2":"type-product","3":"status-publish","4":"has-post-thumbnail","6":"product_cat-accessoires-controles-de-geometrie-fr","8":"first","9":"instock","10":"shipping-taxable","11":"product-type-simple"},"approvals":[],"application":[],"brb_media_brochure":"","brb_media_drawing":"","brb_media_manuals":"","brb_media_safety_datasheets":"","brb_media_spare_parts":[],"_cdmm_p_id":"501817","_company":"VSG","_gtin":"4057612824612","accessories":[],"components":[],"related":[],"similar":[],"page_logo_src":"https:\/\/dev.codekraft.it\/rotary-2024\/wp-content\/uploads\/2024\/05\/cropped-rotary-logo-2022.png","lang":"fr","translations":{"fr":382709,"en":382707,"de":382708,"it":382710,"es":382711,"ru":382712},"pll_sync_post":[],"_links":{"self":[{"href":"https:\/\/dev.codekraft.it\/rotary-2024\/wp-json\/wp\/v2\/product\/382709","targetHints":{"allow":["GET"]}}],"collection":[{"href":"https:\/\/dev.codekraft.it\/rotary-2024\/wp-json\/wp\/v2\/product"}],"about":[{"href":"https:\/\/dev.codekraft.it\/rotary-2024\/wp-json\/wp\/v2\/types\/product"}],"wp:featuredmedia":[{"embeddable":true,"href":"https:\/\/dev.codekraft.it\/rotary-2024\/wp-json\/wp\/v2\/media\/358087"}],"wp:attachment":[{"href":"https:\/\/dev.codekraft.it\/rotary-2024\/wp-json\/wp\/v2\/media?parent=382709"}],"wp:term":[{"taxonomy":"product_cat","embeddable":true,"href":"https:\/\/dev.codekraft.it\/rotary-2024\/wp-json\/wp\/v2\/product_cat?post=382709"},{"taxonomy":"product_tag","embeddable":true,"href":"https:\/\/dev.codekraft.it\/rotary-2024\/wp-json\/wp\/v2\/product_tag?post=382709"},{"taxonomy":"product_approvals","embeddable":true,"href":"https:\/\/dev.codekraft.it\/rotary-2024\/wp-json\/wp\/v2\/product_approvals?post=382709"},{"taxonomy":"product_application","embeddable":true,"href":"https:\/\/dev.codekraft.it\/rotary-2024\/wp-json\/wp\/v2\/product_application?post=382709"}],"curies":[{"name":"wp","href":"https:\/\/api.w.org\/{rel}","templated":true}]}}