{"id":382642,"date":"2026-01-23T15:28:33","date_gmt":"2026-01-23T15:28:33","guid":{"rendered":"https:\/\/dev.codekraft.it\/rotary-2024\/products\/uncategorized\/vertikal-scherenhebebuhne-exalift-hdvl-25-110-i-hg\/"},"modified":"2026-01-23T15:28:33","modified_gmt":"2026-01-23T15:28:33","slug":"vertikal-scherenhebebuhne-exalift-hdvl-25-110-i-hg","status":"publish","type":"product","link":"https:\/\/dev.codekraft.it\/rotary-2024\/produkte\/hebebuhnen-de\/scheren-hebebuhnen-de\/vertikal-scherenhebebuhne-exalift-hdvl-25-110-i-hg\/","title":{"rendered":"Vertikal-Scherenhebeb\u00fchne ExaLift HDVL 25-110-I-HG"},"content":{"rendered":"<p>Robuste Lkw-Scherenhebeb\u00fchne mit einer au\u00dfergew\u00f6hnlichen Bewegungsfreiheit und innovativem Design. Minimale Ausma\u00dfe bei angehobener Hebeb\u00fchne zeichnen die Scherenhebeb\u00fchne aus.<\/p>\n<ul>\n<li>Der elektronische Gleichlauf der beiden Fahrschienen erfolgt unabh\u00e4ngig der Lastverteilung.<\/li>\n<li>Mechanische Sicherheitsklinken mit Mehrfachverzahnung garantieren eine maximale Sicherheit des Fahrzeugs im angehobenen Zustand.<\/li>\n<\/ul>\n<ul>\n<li>Die Hebeb\u00fchne kann bodeneben eingebaut werden. Optional ist ein Bodenausgleich erh\u00e4ltlich.<\/li>\n<li>Alternativ ist die Scheren\u00adhebeb\u00fchne auch als Waschhallenausf\u00fchrung (komplett verzinkt) erh\u00e4ltlich.<\/li>\n<li>Die benutzerfreundliche Bedieneinheit l\u00e4sst sich den \u00f6rtlichen Gegebenheiten anpassen.<\/li>\n<\/ul>\n<ul>\n<li>Das Heben der Auffahrschienen erfolgt vertikal, somit spart man sich den Platz, den eine Parallelogrammb\u00fchne immer zus\u00e4tzlich ben\u00f6tigt.<\/li>\n<li>Durch die platzsparende Anordnung der Hubscheren kann sich der Monteur unter den Auffahrschienen optimal bewegen, da keine st\u00f6renden Scheren, S\u00e4ulen oder Quertr\u00e4ger vorhanden sind.<\/li>\n<li>Die Oberfl\u00e4chen der Auffahrschienen sind aus rutschfestem Tr\u00e4nenblech gefertigt.<\/li>\n<li>Durch die Anordnung und Ausf\u00fchrung der Hubscheren lassen sich verschiedene Tragf\u00e4higkeiten und Schienenl\u00e4ngen realisieren.<\/li>\n<li>Alle Hebeb\u00fchnen der HDVL-Serie sind als \u00dcber- oder Unterflurversion erh\u00e4ltlich. Eine optimale L\u00f6sung f\u00fcr den rationellen Arbeitsraum. Bodeneben eingebaute Auffahrschienen lassen sich quer \u00fcberfahren. Bei angehobener Hebeb\u00fchne kann ein optionaler Bodenausgleich zwischen den Hubscheren eingebaut werden. Dieser erm\u00f6glicht einen perfekten Zugang z.\u2009B. mit einem Getriebeheber unter die Mitte des Fahrzeugs.<\/li>\n<li>Die Grundplatten sind feuerverzinkt und somit optimal gegen Korrosion gesch\u00fctzt.<\/li>\n<li>Einfache Installation da keine Einbaurahmen gesetzt werden m\u00fcssen.<\/li>\n<li>\u00dcber-, und R\u00fcckrollsicherungen an den Enden der Fahrschienen sch\u00fctzen das Fahrzeug gegen Absturz.<\/li>\n<\/ul>\n","protected":false},"excerpt":{"rendered":"<p>25 t, Plattforml\u00e4nge 11000 mm, elektro-hydraulisch, Sicherheitsklinke, Unterflur, verzinkte Ausf\u00fchrung, Aggregat lackiert<\/p>\n","protected":false},"featured_media":350986,"template":"","meta":[],"product_cat":[1033756],"product_tag":[1034143,1034126,1034178,1034195],"product_approvals":[],"product_application":[],"class_list":{"0":"post-382642","1":"product","2":"type-product","3":"status-publish","4":"has-post-thumbnail","6":"product_cat-scheren-hebebuhnen-de","7":"product_tag-buses-de","8":"product_tag-trucks-de","9":"product_tag-light-commercial-de","10":"product_tag-motor-homes-de","12":"first","13":"instock","14":"shipping-taxable","15":"product-type-simple"},"approvals":[],"application":[],"brb_media_brochure":[{"id":379259,"url":"https:\/\/dev.codekraft.it\/rotary-2024\/wp-content\/uploads\/brb_media\/00557854_scissor-lift-exalift-hdvl-br-de-2026-01-screen.pdf","title":"Scissor Lift ExaLift HDVL BR DE 2026 01 screen","thumbnail":"https:\/\/dev.codekraft.it\/rotary-2024\/wp-content\/uploads\/brb_media\/00557854_scissor-lift-exalift-hdvl-br-de-2026-01-screen-pdf-106x150.png","description":""},{"id":379260,"url":"https:\/\/dev.codekraft.it\/rotary-2024\/wp-content\/uploads\/brb_media\/00557855_scissor-lift-exalift-hdvl-br-en-2026-01-screen-.pdf","title":"Scissor Lift ExaLift HDVL BR EN 2026 01 screen","thumbnail":"https:\/\/dev.codekraft.it\/rotary-2024\/wp-content\/uploads\/brb_media\/00557855_scissor-lift-exalift-hdvl-br-en-2026-01-screen--pdf-106x150.png","description":""}],"brb_media_drawing":"","brb_media_manuals":[{"id":350993,"url":"https:\/\/dev.codekraft.it\/rotary-2024\/wp-content\/uploads\/brb_media\/00512701_scissor-lifts-hdvl_20-25-35_hdvl-20l-25l-35l-im-0596-m004-0-rev4-multi-2023-11.pdf","title":"Scissor Lifts HDVL 20 25 35 HDVL 20l 25l 35l IM 0596 M004 0 rev4 multi 2023 11","thumbnail":"https:\/\/dev.codekraft.it\/rotary-2024\/wp-content\/uploads\/brb_media\/00512701_scissor-lifts-hdvl_20-25-35_hdvl-20l-25l-35l-im-0596-m004-0-rev4-multi-2023-11-pdf-106x150.png","description":""}],"brb_media_safety_datasheets":"","brb_media_spare_parts":[],"_cdmm_p_id":"500997","_company":"Elektron","_gtin":"4057612915068","accessories":[{"id":379339,"cdmm_p_id":"467471","name":"Gleichlaufsteuerung Twin | f\u00fcr Exa Lift HDVL","description":"2 Hebeb\u00fchnen synchronisiert oder einzeln fahrbar | inkl. 2 separate Bedienk\u00e4sten mit Bedienelementen und Kabel mit Stecker","thumbnail":"https:\/\/dev.codekraft.it\/rotary-2024\/wp-content\/uploads\/brb_media\/00437966_scissor-lift-exalift-hdvl-twin-operating-unit-washing-hall-di-150x150.png","url":"https:\/\/dev.codekraft.it\/rotary-2024\/produkte\/zubehor-hebebuhnen-de\/zubehor-scheren-hebebuhnen-de\/gleichlaufsteuerung-twin-fur-exa-lift-hdvl\/"},{"id":382143,"cdmm_p_id":"499826","name":"Achsfreiheber KP118PY","description":"13,5 t, lufthydraulisch, 2-Punktheber, inkl. 4 Verl\u00e4ngerungen (2x 200\/300 mm) und 2 Aufnahmeadaptern","thumbnail":"https:\/\/dev.codekraft.it\/rotary-2024\/wp-content\/uploads\/brb_media\/00508592_jacking-beam-kp118-mi-150x150.png","url":"https:\/\/dev.codekraft.it\/rotary-2024\/produkte\/hebebuhnen-de\/achsfreiheber-de\/achsfreiheber-kp118py\/"},{"id":377372,"cdmm_p_id":"12","name":"Achsfreiheber GHUSKTP 14\/14","description":"14\/14 t, 330 mm Hub, lufthydraulisch, Mittelpunktachsheber, 2-fach teleskopierbar, Betriebsdruck 10 bar, Aufnahmedurchmesser 55 mm","thumbnail":"https:\/\/dev.codekraft.it\/rotary-2024\/wp-content\/uploads\/brb_media\/00022493-150x150.png","url":"https:\/\/dev.codekraft.it\/rotary-2024\/produkte\/hebebuhnen-de\/achsfreiheber-de\/achsfreiheber-ghusktp-14-14\/"},{"id":379315,"cdmm_p_id":"467447","name":"LED-Beleuchtungs-Kit f\u00fcr Exa Lift HDVL | 6-fach","description":"6-fach LED-Beleuchtung | f\u00fcr HDVL-Hebeb\u00fchnen mit 8, 9 oder 10 m Schienenl\u00e4nge | Waschhallentauglich, an der Innenseite der Schienen montiert","thumbnail":"https:\/\/dev.codekraft.it\/rotary-2024\/wp-content\/uploads\/brb_media\/00377958_scissor-lift-exalift-hdsl-with-led-light-di-150x150.png","url":"https:\/\/dev.codekraft.it\/rotary-2024\/produkte\/zubehor-hebebuhnen-de\/zubehor-scheren-hebebuhnen-de\/led-beleuchtungs-kit-fur-exa-lift-hdvl-6-fach\/"},{"id":379321,"cdmm_p_id":"467448","name":"LED-Beleuchtungs-Kit f\u00fcr Exa Lift HDVL | 8-fach","description":"8-fach LED-Beleuchtung | f\u00fcr HDVL-Hebeb\u00fchnen mit 11, 12, 13 oder 14,5 m Schienenl\u00e4nge | Waschhallentauglich, an der Innenseite der Schienen montiert","thumbnail":"https:\/\/dev.codekraft.it\/rotary-2024\/wp-content\/uploads\/brb_media\/00377958_scissor-lift-exalift-hdsl-with-led-light-di-150x150.png","url":"https:\/\/dev.codekraft.it\/rotary-2024\/produkte\/zubehor-hebebuhnen-de\/zubehor-scheren-hebebuhnen-de\/led-beleuchtungs-kit-fur-exa-lift-hdvl-8-fach\/"},{"id":379357,"cdmm_p_id":"467492","name":"Auffahrrampen-Kit f\u00fcr ExaLift HDVL | 2510 mm | verzinkt","description":"2510 mm, verzinkte Ausf\u00fchrung | ideal f\u00fcr Niederflurfahrzeuge, zum Verd\u00fcbeln auf dem Boden (Befestigungsmaterial exklusive) | f\u00fcr ExaLift HDVL | 1 Satz \/ 2 St\u00fcck","thumbnail":"https:\/\/dev.codekraft.it\/rotary-2024\/wp-content\/uploads\/brb_media\/00378096_scissor-lift-exalift-hdsl-ramps-di-150x150.png","url":"https:\/\/dev.codekraft.it\/rotary-2024\/produkte\/zubehor-hebebuhnen-de\/zubehor-scheren-hebebuhnen-de\/auffahrrampen-kit-fur-exalift-hdvl-2510-mm-verzinkt\/"},{"id":379363,"cdmm_p_id":"467493","name":"Auffahrrampen-Kit f\u00fcr ExaLift HDVL | 3300 mm | verzinkt","description":"3300 mm, verzinkte Ausf\u00fchrung | ideal f\u00fcr Niederflurfahrzeuge, zum Verd\u00fcbeln auf dem Boden (Befestigungsmaterial exklusive) | f\u00fcr ExaLift HDVL | verzinkte Ausf\u00fchrung | 1 Satz \/ 2 St\u00fcck","thumbnail":"https:\/\/dev.codekraft.it\/rotary-2024\/wp-content\/uploads\/brb_media\/00378096_scissor-lift-exalift-hdsl-ramps-di-150x150.png","url":"https:\/\/dev.codekraft.it\/rotary-2024\/produkte\/zubehor-hebebuhnen-de\/zubehor-scheren-hebebuhnen-de\/auffahrrampen-kit-fur-exalift-hdvl-3300-mm-verzinkt\/"},{"id":381030,"cdmm_p_id":"497200","name":"Waschhallen-Kit f\u00fcr ExaLift HDVL","description":"Wasserdichte Ventile, Bolzen mit Schmiernippel ausgestattet, inkl. Hydraulikaggregat und Bedienkasten | IP65 (elektrische Komponenten)","thumbnail":"","url":"https:\/\/dev.codekraft.it\/rotary-2024\/produkte\/zubehor-hebebuhnen-de\/zubehor-scheren-hebebuhnen-de\/waschhallen-kit-fur-exalift-hdvl\/"},{"id":385177,"cdmm_p_id":"505748","name":"Bodenausgleich f\u00fcr HDVL 25\/35-110-I | verzinkt","description":"Sicherheitsabdeckung der Fundament\u00f6ffnung bei angehobener Hebeb\u00fchne, Tragf\u00e4higkeit 500 kg, verzinkte Ausf\u00fchrung | f\u00fcr HDVL-Hebeb\u00fchne mit 11 m Schienenl\u00e4nge","thumbnail":"https:\/\/dev.codekraft.it\/rotary-2024\/wp-content\/uploads\/brb_media\/00377921_scissor-lift-exalift-hdsl-in-ground-01-mi-no-vehicle--150x150.png","url":"https:\/\/dev.codekraft.it\/rotary-2024\/produkte\/zubehor-hebebuhnen-de\/zubehor-scheren-hebebuhnen-de\/bodenausgleich-fur-hdvl-25-35-110-i-verzinkt\/"},{"id":383230,"cdmm_p_id":"502034","name":"Schlauchverl\u00e4ngerung","description":"Bedienaggregat in Auffahrrichtung links positioniert | Meterware (Standard-Lieferumfang enth\u00e4lt 2 m - Anzahl zus\u00e4tzlich ben\u00f6tigter Meter bitte angeben)","thumbnail":"","url":"https:\/\/dev.codekraft.it\/rotary-2024\/produkte\/zubehor-hebebuhnen-de\/zubehor-scheren-hebebuhnen-de\/schlauchverlangerung-5\/"},{"id":383393,"cdmm_p_id":"502131","name":"Schlauchverl\u00e4ngerung","description":"Bedienaggregat in Auffahrrichtung rechts positioniert | Meterware (Standard-Lieferumfang enth\u00e4lt 2 m - Anzahl zus\u00e4tzlich ben\u00f6tigter Meter bitte angeben)","thumbnail":"","url":"https:\/\/dev.codekraft.it\/rotary-2024\/produkte\/zubehor-hebebuhnen-de\/zubehor-scheren-hebebuhnen-de\/schlauchverlangerung-9\/"},{"id":383756,"cdmm_p_id":"502286","name":"Schlauchverl\u00e4ngerung","description":"Bedienaggregat in Auffahrrichtung rechts positioniert, Version mit Bodenausgleich | Meterware (Standard-Lieferumfang enth\u00e4lt 2 m - Anzahl zus\u00e4tzlich ben\u00f6tigter Meter bitte angeben)","thumbnail":"","url":"https:\/\/dev.codekraft.it\/rotary-2024\/produkte\/zubehor-hebebuhnen-de\/zubehor-scheren-hebebuhnen-de\/schlauchverlangerung-13\/"},{"id":383750,"cdmm_p_id":"502285","name":"Schlauchverl\u00e4ngerung","description":"Bedienaggregat in Auffahrrichtung links positioniert, Version mit Bodenausgleich | Meterware (Standard-Lieferumfang enth\u00e4lt 2 m - Anzahl zus\u00e4tzlich ben\u00f6tigter Meter bitte angeben)","thumbnail":"","url":"https:\/\/dev.codekraft.it\/rotary-2024\/produkte\/zubehor-hebebuhnen-de\/zubehor-scheren-hebebuhnen-de\/schlauchverlangerung-12\/"}],"components":[],"related":[],"similar":[],"lang":"de","translations":{"de":382642,"en":382641,"fr":382643,"it":382644,"es":382645,"ru":382646},"pll_sync_post":[],"_links":{"self":[{"href":"https:\/\/dev.codekraft.it\/rotary-2024\/wp-json\/wp\/v2\/product\/382642","targetHints":{"allow":["GET"]}}],"collection":[{"href":"https:\/\/dev.codekraft.it\/rotary-2024\/wp-json\/wp\/v2\/product"}],"about":[{"href":"https:\/\/dev.codekraft.it\/rotary-2024\/wp-json\/wp\/v2\/types\/product"}],"wp:featuredmedia":[{"embeddable":true,"href":"https:\/\/dev.codekraft.it\/rotary-2024\/wp-json\/wp\/v2\/media\/350986"}],"wp:attachment":[{"href":"https:\/\/dev.codekraft.it\/rotary-2024\/wp-json\/wp\/v2\/media?parent=382642"}],"wp:term":[{"taxonomy":"product_cat","embeddable":true,"href":"https:\/\/dev.codekraft.it\/rotary-2024\/wp-json\/wp\/v2\/product_cat?post=382642"},{"taxonomy":"product_tag","embeddable":true,"href":"https:\/\/dev.codekraft.it\/rotary-2024\/wp-json\/wp\/v2\/product_tag?post=382642"},{"taxonomy":"product_approvals","embeddable":true,"href":"https:\/\/dev.codekraft.it\/rotary-2024\/wp-json\/wp\/v2\/product_approvals?post=382642"},{"taxonomy":"product_application","embeddable":true,"href":"https:\/\/dev.codekraft.it\/rotary-2024\/wp-json\/wp\/v2\/product_application?post=382642"}],"curies":[{"name":"wp","href":"https:\/\/api.w.org\/{rel}","templated":true}]}}