{"id":382546,"date":"2025-12-11T10:10:46","date_gmt":"2025-12-11T10:10:46","guid":{"rendered":"https:\/\/dev.codekraft.it\/rotary-2024\/products\/uncategorized\/entretoises-pour-tampons-pour-elevateurs-electromecaniques\/"},"modified":"2025-12-11T10:10:46","modified_gmt":"2025-12-11T10:10:46","slug":"entretoises-pour-tampons-pour-elevateurs-electromecaniques","status":"publish","type":"product","link":"https:\/\/dev.codekraft.it\/rotary-2024\/fr\/produits\/accessoires-ponts-elevateurs-fr\/accessoires-ponts-elevateurs-a-2-colonnes-fr\/entretoises-pour-tampons-pour-elevateurs-electromecaniques\/","title":{"rendered":"Entretoises pour tampons pour \u00e9l\u00e9vateurs \u00e9lectrom\u00e9caniques"},"content":{"rendered":"","protected":false},"excerpt":{"rendered":"<p>4 x 89 mm, 4 x 127 mm, y compris 2 supports pour le montage sur les colonnes | 1 jeu \/ 8 pi\u00e8ces<\/p>\n","protected":false},"featured_media":354848,"template":"","meta":[],"product_cat":[1033386],"product_tag":[1034197,1034180,1034163],"product_approvals":[],"product_application":[],"class_list":{"0":"post-382546","1":"product","2":"type-product","3":"status-publish","4":"has-post-thumbnail","6":"product_cat-accessoires-ponts-elevateurs-a-2-colonnes-fr","7":"product_tag-motor-homes-fr","8":"product_tag-light-commercial-fr","9":"product_tag-passenger-cars-fr","11":"first","12":"instock","13":"shipping-taxable","14":"product-type-simple"},"approvals":[],"application":[],"brb_media_brochure":"","brb_media_drawing":"","brb_media_manuals":"","brb_media_safety_datasheets":"","brb_media_spare_parts":[],"_cdmm_p_id":"500908","_company":"VSG","_gtin":"4057612920345","accessories":[],"components":[],"related":[],"similar":[],"lang":"fr","translations":{"fr":382546,"en":382544,"de":382545,"it":382547,"es":382548,"ru":382549},"pll_sync_post":[],"_links":{"self":[{"href":"https:\/\/dev.codekraft.it\/rotary-2024\/wp-json\/wp\/v2\/product\/382546","targetHints":{"allow":["GET"]}}],"collection":[{"href":"https:\/\/dev.codekraft.it\/rotary-2024\/wp-json\/wp\/v2\/product"}],"about":[{"href":"https:\/\/dev.codekraft.it\/rotary-2024\/wp-json\/wp\/v2\/types\/product"}],"wp:featuredmedia":[{"embeddable":true,"href":"https:\/\/dev.codekraft.it\/rotary-2024\/wp-json\/wp\/v2\/media\/354848"}],"wp:attachment":[{"href":"https:\/\/dev.codekraft.it\/rotary-2024\/wp-json\/wp\/v2\/media?parent=382546"}],"wp:term":[{"taxonomy":"product_cat","embeddable":true,"href":"https:\/\/dev.codekraft.it\/rotary-2024\/wp-json\/wp\/v2\/product_cat?post=382546"},{"taxonomy":"product_tag","embeddable":true,"href":"https:\/\/dev.codekraft.it\/rotary-2024\/wp-json\/wp\/v2\/product_tag?post=382546"},{"taxonomy":"product_approvals","embeddable":true,"href":"https:\/\/dev.codekraft.it\/rotary-2024\/wp-json\/wp\/v2\/product_approvals?post=382546"},{"taxonomy":"product_application","embeddable":true,"href":"https:\/\/dev.codekraft.it\/rotary-2024\/wp-json\/wp\/v2\/product_application?post=382546"}],"curies":[{"name":"wp","href":"https:\/\/api.w.org\/{rel}","templated":true}]}}