{"id":382523,"date":"2025-12-11T10:11:05","date_gmt":"2025-12-11T10:11:05","guid":{"rendered":"https:\/\/dev.codekraft.it\/rotary-2024\/products\/uncategorized\/ponte-sollevatore-a-2-colonne-spm32-e\/"},"modified":"2025-12-11T10:11:05","modified_gmt":"2025-12-11T10:11:05","slug":"ponte-sollevatore-a-2-colonne-spm32-e","status":"publish","type":"product","link":"https:\/\/dev.codekraft.it\/rotary-2024\/it\/prodotti\/ponti-sollevatori-it\/ponti-sollevatori-a-2-colonne-it\/ponte-sollevatore-a-2-colonne-spm32-e\/","title":{"rendered":"Ponte sollevatore a 2 colonne SPM32-E"},"content":{"rendered":"<p>Tomorrow Series &#8211; The Way to the Future<\/p>\n<ul>\n<li>Design moderno: profilo delle colonne pulito e lineare con carrello interno<\/li>\n<li>DNA innovativo: componenti di alta qualit\u00e0 e a lunga durata, testati per 20000 cicli<\/li>\n<li>Ottimizzazione spazi: massima ergonomia grazie ai salvapiedi elettronici<\/li>\n<\/ul>\n<p>Una tecnologia aggiornata d\u00e0 vita a un design all&#8217;avanguardia: I ponti sollevatori a 2 colonne Rotary della Tomorrow Series proiettano la vostra officina immediatamente nel futuro.<\/p>\n<ul>\n<li>Funzionamento rapido e semplice: L\u2019area di lavoro \u00e8 priva di ostacoli, e tutte le operazioni possono essere eseguite in condizioni di sicurezza e comfort. Disponibile su richiesta coppia contro piastre per pavimenti non conformi ai requisiti di installazione.<\/li>\n<li>Manutenzione di routine ridotta al minimo: I componenti sono progettati per una manutenzione o una sostituzione agevoli, riducendo il costo di esercizio e il rischio di errori sui componenti critici per la sicurezza.<\/li>\n<li>Sicurezza e qualit\u00e0 garantite nel tempo: Il ponte \u00e8 dotato di componenti di alta qualit\u00e0, che garantiscono lunga durata e massima sicurezza per l\u2019operatore.<\/li>\n<li>Installazione rapida &#8211; Riduzione del tempo di installazione fino al 20%: La sincronizzazione elettronica evita l\u2019installazione e la regolazione del cavo di riallineo.\u00a0Possibilit\u00e0 di installare il ponte senza arco superiore, in quanto i cavi possono essere interrati.<\/li>\n<li>Ampia protezione in gomma.<\/li>\n<li>Controllo del sollevamento tramite invertitore rotativo.<\/li>\n<li>Sistema acustico per la protezione dei piedi &#8211; Nessun salvapiedi meccanico.<\/li>\n<li>Qualit\u00e0 elevata dei componenti:\n<ul>\n<li>Puleggia in alluminio con funzione di raffreddamento.<\/li>\n<li>Cuscinetti a lunga durata.<\/li>\n<li>Chiocciola portante in bronzo pi\u00f9 lungo del 50%.<\/li>\n<li>Motori con carcassa dissipante rinforzata.<\/li>\n<li>Solido sistema di arresto bracci automatico.<\/li>\n<\/ul>\n<\/li>\n<li>Disponibile su richiesta coppia contro piastre per pavimenti non conformi ai requisiti di installazione.<\/li>\n<\/ul>\n<ul>\n<li>La geometria dei bracci \u00e8 stata progettata per sollevare dalle city car alla berlina a passo lungo.<\/li>\n<li>Passaggio cavi aereo.<\/li>\n<li>Testato per 20000 cicli.<\/li>\n<li>Sincronizzazione elettronica.<\/li>\n<li>Sostituzione rapida delle chiocciole: La nuova piastra del motore consente di rimuovere la vite dal lato anteriore della colonna, con la stessa in posizione verticale.<\/li>\n<li>Bracci corti a 3 stadi e bracci lunghi a 2 stadi con tampone in gomma telescopico a montaggio rapido.<\/li>\n<li>I carrelli interni scorrono su apposite guide lubrificate e sono protette dall\u2019ambiente esterno, a garanzia di una maggiore durata degli elementi scorrevoli.<\/li>\n<\/ul>\n","protected":false},"excerpt":{"rendered":"<p>3,2 t, elettromeccanico, colonne simmetriche, bracci lunghi a 2 stadi, bracci corti a 3 stadi<\/p>\n","protected":false},"featured_media":354821,"template":"","meta":[],"product_cat":[1033400],"product_tag":[1034166],"product_approvals":[],"product_application":[],"class_list":{"0":"post-382523","1":"product","2":"type-product","3":"status-publish","4":"has-post-thumbnail","6":"product_cat-ponti-sollevatori-a-2-colonne-it","7":"product_tag-passenger-cars-it","9":"first","10":"instock","11":"shipping-taxable","12":"product-type-simple"},"approvals":[],"application":[],"brb_media_brochure":[{"id":354822,"url":"https:\/\/dev.codekraft.it\/rotary-2024\/wp-content\/uploads\/brb_media\/00512750_2-post-lift-spm32-e-br-132405-de-2023-11-screen.pdf","title":"2 Post Lift SPM32 E BR 132405 de 2023 11 screen","thumbnail":"https:\/\/dev.codekraft.it\/rotary-2024\/wp-content\/uploads\/brb_media\/00512750_2-post-lift-spm32-e-br-132405-de-2023-11-screen-pdf-106x150.png","description":""},{"id":354823,"url":"https:\/\/dev.codekraft.it\/rotary-2024\/wp-content\/uploads\/brb_media\/00512751_2-post-lift-spm32-e-br-132406-en-2023-11-screen.pdf","title":"2 Post Lift SPM32 E BR 132406 en 2023 11 screen","thumbnail":"https:\/\/dev.codekraft.it\/rotary-2024\/wp-content\/uploads\/brb_media\/00512751_2-post-lift-spm32-e-br-132406-en-2023-11-screen-pdf-106x150.png","description":""},{"id":354824,"url":"https:\/\/dev.codekraft.it\/rotary-2024\/wp-content\/uploads\/brb_media\/00512752_2-post-lift-spm32-e-br-132407-fr-2023-11-screen.pdf","title":"2 Post Lift SPM32 E BR 132407 fr 2023 11 screen","thumbnail":"https:\/\/dev.codekraft.it\/rotary-2024\/wp-content\/uploads\/brb_media\/00512752_2-post-lift-spm32-e-br-132407-fr-2023-11-screen-pdf-106x150.png","description":""},{"id":354825,"url":"https:\/\/dev.codekraft.it\/rotary-2024\/wp-content\/uploads\/brb_media\/00512753_2-post-lift-spm32-e-br-132408-it-2023-11-screen.pdf","title":"2 Post Lift SPM32 E BR 132408 it 2023 11 screen","thumbnail":"https:\/\/dev.codekraft.it\/rotary-2024\/wp-content\/uploads\/brb_media\/00512753_2-post-lift-spm32-e-br-132408-it-2023-11-screen-pdf-106x150.png","description":""},{"id":354826,"url":"https:\/\/dev.codekraft.it\/rotary-2024\/wp-content\/uploads\/brb_media\/00512754_2-post-lift-spm32-e-br-132409-es-2023-11-screen.pdf","title":"2 Post Lift SPM32 E BR 132409 es 2023 11 screen","thumbnail":"https:\/\/dev.codekraft.it\/rotary-2024\/wp-content\/uploads\/brb_media\/00512754_2-post-lift-spm32-e-br-132409-es-2023-11-screen-pdf-106x150.png","description":""},{"id":354827,"url":"https:\/\/dev.codekraft.it\/rotary-2024\/wp-content\/uploads\/brb_media\/00512755_2-post-lift-spm32-e-br-132411-ru-2023-11-screen.pdf","title":"2 Post Lift SPM32 E BR 132411 ru 2023 11 screen","thumbnail":"https:\/\/dev.codekraft.it\/rotary-2024\/wp-content\/uploads\/brb_media\/00512755_2-post-lift-spm32-e-br-132411-ru-2023-11-screen-pdf-106x150.png","description":""},{"id":354037,"url":"https:\/\/dev.codekraft.it\/rotary-2024\/wp-content\/uploads\/brb_media\/00510094_tomorrow-series-end-user-flyer-de-2023-07-screen.pdf","title":"Tomorrow series end user flyer de 2023 07 screen","thumbnail":"https:\/\/dev.codekraft.it\/rotary-2024\/wp-content\/uploads\/brb_media\/00510094_tomorrow-series-end-user-flyer-de-2023-07-screen-pdf-106x150.png","description":""},{"id":354038,"url":"https:\/\/dev.codekraft.it\/rotary-2024\/wp-content\/uploads\/brb_media\/00510093_tomorrow-series-end-user-flyer-en-2023-07-screen.pdf","title":"Tomorrow series end user flyer en 2023 07 screen","thumbnail":"https:\/\/dev.codekraft.it\/rotary-2024\/wp-content\/uploads\/brb_media\/00510093_tomorrow-series-end-user-flyer-en-2023-07-screen-pdf-106x150.png","description":""},{"id":354039,"url":"https:\/\/dev.codekraft.it\/rotary-2024\/wp-content\/uploads\/brb_media\/00510095_tomorrow-series-end-user-flyer-es-2023-07-screen.pdf","title":"Tomorrow series end user flyer es 2023 07 screen","thumbnail":"https:\/\/dev.codekraft.it\/rotary-2024\/wp-content\/uploads\/brb_media\/00510095_tomorrow-series-end-user-flyer-es-2023-07-screen-pdf-106x150.png","description":""},{"id":354040,"url":"https:\/\/dev.codekraft.it\/rotary-2024\/wp-content\/uploads\/brb_media\/00510096_tomorrow-series-end-user-flyer-fr-2023-07-screen.pdf","title":"Tomorrow series end user flyer fr 2023 07 screen","thumbnail":"https:\/\/dev.codekraft.it\/rotary-2024\/wp-content\/uploads\/brb_media\/00510096_tomorrow-series-end-user-flyer-fr-2023-07-screen-pdf-106x150.png","description":""},{"id":354041,"url":"https:\/\/dev.codekraft.it\/rotary-2024\/wp-content\/uploads\/brb_media\/00510097_tomorrow-series-end-user-flyer-it-2023-07-screen.pdf","title":"Tomorrow series end user flyer it 2023 07 screen","thumbnail":"https:\/\/dev.codekraft.it\/rotary-2024\/wp-content\/uploads\/brb_media\/00510097_tomorrow-series-end-user-flyer-it-2023-07-screen-pdf-106x150.png","description":""},{"id":354042,"url":"https:\/\/dev.codekraft.it\/rotary-2024\/wp-content\/uploads\/brb_media\/00510098_tomorrow-series-end-user-flyer-ru-2023-07-screen.pdf","title":"Tomorrow series end user flyer ru 2023 07 screen","thumbnail":"https:\/\/dev.codekraft.it\/rotary-2024\/wp-content\/uploads\/brb_media\/00510098_tomorrow-series-end-user-flyer-ru-2023-07-screen-pdf-106x150.png","description":""}],"brb_media_drawing":[{"id":354830,"url":"https:\/\/dev.codekraft.it\/rotary-2024\/wp-content\/uploads\/brb_media\/00519664_2-post-lift-spm32-e-td-0474_0711_1_01-en-2023-11.pdf","title":"2 post lift SPM32 E TD 0474 0711 1 01 en 2023 11","thumbnail":"https:\/\/dev.codekraft.it\/rotary-2024\/wp-content\/uploads\/brb_media\/00519664_2-post-lift-spm32-e-td-0474_0711_1_01-en-2023-11-pdf-150x107.png","description":""},{"id":354831,"url":"https:\/\/dev.codekraft.it\/rotary-2024\/wp-content\/uploads\/brb_media\/00509809_2-post-lift-spm32-e-pickup-matrix-0474_0711_0_01_2023-04.pdf","title":"2 post lift SPM32 E Pickup matrix 0474 0711 0 01 2023 04","thumbnail":"https:\/\/dev.codekraft.it\/rotary-2024\/wp-content\/uploads\/brb_media\/00509809_2-post-lift-spm32-e-pickup-matrix-0474_0711_0_01_2023-04-pdf-150x106.png","description":""}],"brb_media_manuals":[{"id":382519,"url":"https:\/\/dev.codekraft.it\/rotary-2024\/wp-content\/uploads\/brb_media\/00548792_2-post-lift-spm32-e_spm32-c-im-0474-m005-0-rev3-multi-2024-04.pdf","title":"2 post lift SPM32 E SPM32 C IM 0474 M005 0 rev3 multi 2024 04","thumbnail":"https:\/\/dev.codekraft.it\/rotary-2024\/wp-content\/uploads\/brb_media\/00548792_2-post-lift-spm32-e_spm32-c-im-0474-m005-0-rev3-multi-2024-04-pdf-106x150.png","description":""}],"brb_media_safety_datasheets":"","brb_media_spare_parts":[],"_cdmm_p_id":"500904","_company":"Elektron","_gtin":"4057612921083","accessories":[{"id":381089,"cdmm_p_id":"497214","name":"Kit tamponi","description":"Piastra di supporto, cuscinetto in gomma, rotondo | \u00d8 80 mm | 1 set \/ 4 pezzi","thumbnail":"https:\/\/dev.codekraft.it\/rotary-2024\/wp-content\/uploads\/brb_media\/00535980_2-post-lift-fj6216c-mi-150x150.png","url":"https:\/\/dev.codekraft.it\/rotary-2024\/it\/prodotti\/accessori-ponti-sollevatori-it\/dispositivi-di-trasporto-del-carico-it\/kit-tamponi-7\/"},{"id":383985,"cdmm_p_id":"502815","name":"Vaschette portautensili","description":"Magnetiche | 1 set \/ 2 pezzi","thumbnail":"https:\/\/dev.codekraft.it\/rotary-2024\/wp-content\/uploads\/brb_media\/00509504_2-post-lift-vsg2call902641-mi-150x150.png","url":"https:\/\/dev.codekraft.it\/rotary-2024\/it\/prodotti\/accessori-ponti-sollevatori-it\/accessori-ponti-sollevatori-a-2-colonne-it\/vaschette-portautensili\/"},{"id":382529,"cdmm_p_id":"500905","name":"Kit tamponi","description":"Piastra di supporto, cuscinetto in gomma, rettangolare | per Tesla | 1 set \/ 4 pezzi","thumbnail":"https:\/\/dev.codekraft.it\/rotary-2024\/wp-content\/uploads\/brb_media\/00505100_2-post-lift-vsg2call901538-mi-150x150.png","url":"https:\/\/dev.codekraft.it\/rotary-2024\/it\/prodotti\/accessori-ponti-sollevatori-it\/dispositivi-di-trasporto-del-carico-it\/kit-tamponi-8\/"},{"id":382535,"cdmm_p_id":"500906","name":"Kit tamponi","description":"Piastra di supporto, fungo di centraggio | per Fiat 500E, 500 ABARTH | a 2 stadi | 1 set \/ 4 pezzi","thumbnail":"https:\/\/dev.codekraft.it\/rotary-2024\/wp-content\/uploads\/brb_media\/00505105_2-post-lift-vsg2call902023-mi-150x150.png","url":"https:\/\/dev.codekraft.it\/rotary-2024\/it\/prodotti\/accessori-ponti-sollevatori-it\/dispositivi-di-trasporto-del-carico-it\/kit-tamponi-9\/"},{"id":382541,"cdmm_p_id":"500907","name":"Kit tamponi","description":"Prisma | per piattaforma VW MEB veicoli elettrici | 1 set \/ 4 pezzi","thumbnail":"https:\/\/dev.codekraft.it\/rotary-2024\/wp-content\/uploads\/brb_media\/00509505_2-post-lift-vsg2call902146-mi-150x150.png","url":"https:\/\/dev.codekraft.it\/rotary-2024\/it\/prodotti\/accessori-ponti-sollevatori-it\/dispositivi-di-trasporto-del-carico-it\/kit-tamponi-10\/"},{"id":382565,"cdmm_p_id":"500912","name":"Kit tamponi","description":"Disco di supporto, supporto a U | 1 set \/ 4 pezzi","thumbnail":"https:\/\/dev.codekraft.it\/rotary-2024\/wp-content\/uploads\/brb_media\/00505104_2-post-lift-vsg2call901330-mi-150x150.png","url":"https:\/\/dev.codekraft.it\/rotary-2024\/it\/prodotti\/accessori-ponti-sollevatori-it\/dispositivi-di-trasporto-del-carico-it\/kit-tamponi-11\/"},{"id":384185,"cdmm_p_id":"503070","name":"Kit tamponi","description":"Prisma | per Mercedes Classe G - anteriori e posteriori | 1 set \/ 4 pezzi","thumbnail":"https:\/\/dev.codekraft.it\/rotary-2024\/wp-content\/uploads\/brb_media\/00511001_2-post-lift-vsg2call901859-mi-150x150.png","url":"https:\/\/dev.codekraft.it\/rotary-2024\/it\/prodotti\/accessori-ponti-sollevatori-it\/dispositivi-di-trasporto-del-carico-it\/kit-tamponi-14\/"},{"id":384179,"cdmm_p_id":"503068","name":"Kit tamponi","description":"Mandrino | per Fiat Ducato, Peugeot Boxer, Citro\u00ebn Jumper - anteriori e posteriori | 1 set \/ 4 pezzi","thumbnail":"https:\/\/dev.codekraft.it\/rotary-2024\/wp-content\/uploads\/brb_media\/00510999_2-post-lift-vsg2call901606-mi-150x150.png","url":"https:\/\/dev.codekraft.it\/rotary-2024\/it\/prodotti\/accessori-ponti-sollevatori-it\/dispositivi-di-trasporto-del-carico-it\/kit-tamponi-13\/"},{"id":384173,"cdmm_p_id":"503067","name":"Kit tamponi","description":"Prisma, mandrino | per Mercedes Sprinter, VW Crafter | 1 set \/ 6 pezzi","thumbnail":"https:\/\/dev.codekraft.it\/rotary-2024\/wp-content\/uploads\/brb_media\/00511000_2-post-lift-vsg2call901712-mi-150x150.png","url":"https:\/\/dev.codekraft.it\/rotary-2024\/it\/prodotti\/accessori-ponti-sollevatori-it\/dispositivi-di-trasporto-del-carico-it\/kit-tamponi-12\/"},{"id":384503,"cdmm_p_id":"503750","name":"Kit tamponi","description":"Piastra di supporto, tampone in gomma, regolabile - per posizionamento rapido in 4 altezze | a 4 stadi | 1 set \/ 4 pezzi","thumbnail":"https:\/\/dev.codekraft.it\/rotary-2024\/wp-content\/uploads\/brb_media\/00533780_2-post-lift-vsg-2call-902276-mi-01-150x150.png","url":"https:\/\/dev.codekraft.it\/rotary-2024\/it\/prodotti\/accessori-ponti-sollevatori-it\/accessori-ponti-sollevatori-a-2-colonne-it\/kit-tamponi-15\/"},{"id":382547,"cdmm_p_id":"500908","name":"Distanziali per tamponi per sollevatori elettromeccanico","description":"4 x 89 mm, 4 x 127 mm, incl. 2 staffe per il montaggio sui pilastri | 1 set \/ 8 pezzi","thumbnail":"https:\/\/dev.codekraft.it\/rotary-2024\/wp-content\/uploads\/brb_media\/00508736_2-post-lift-vsg2call901071-mi-150x150.png","url":"https:\/\/dev.codekraft.it\/rotary-2024\/it\/prodotti\/accessori-ponti-sollevatori-it\/accessori-ponti-sollevatori-a-2-colonne-it\/distanziali-per-tamponi-per-sollevatori-elettromeccanico\/"},{"id":382553,"cdmm_p_id":"500909","name":"Distanziali per tamponi","description":"4 x 200 mm, incl. staffa per il montaggio sui pilastri | 1 set \/ 4 pezzi","thumbnail":"https:\/\/dev.codekraft.it\/rotary-2024\/wp-content\/uploads\/brb_media\/00505099_2-post-lift-vsg2call901248-mi-150x150.png","url":"https:\/\/dev.codekraft.it\/rotary-2024\/it\/prodotti\/accessori-ponti-sollevatori-it\/accessori-ponti-sollevatori-a-2-colonne-it\/distanziali-per-tamponi-3\/"},{"id":382559,"cdmm_p_id":"500910","name":"Kit adattatori","description":"Kit adattatori per tamponi per presa telaio \u00d8 120 mm (1 set, 2 pz), per piattaforma girevole","thumbnail":"https:\/\/dev.codekraft.it\/rotary-2024\/wp-content\/uploads\/brb_media\/00524050_2-post-lift-fj6353-1-mi-150x150.png","url":"https:\/\/dev.codekraft.it\/rotary-2024\/it\/prodotti\/accessori-ponti-sollevatori-it\/accessori-ponti-sollevatori-a-2-colonne-it\/kit-adattatori\/"},{"id":383973,"cdmm_p_id":"502811","name":"Kit rampe innalzamento veicolo","description":"Altezza rampa 60 mm, per veicoli estremamente bassi | 1 set \/ 2 pezzi","thumbnail":"https:\/\/dev.codekraft.it\/rotary-2024\/wp-content\/uploads\/brb_media\/00509501_2-post-lift-vsg2call902818-mi-150x150.png","url":"https:\/\/dev.codekraft.it\/rotary-2024\/it\/prodotti\/accessori-ponti-sollevatori-it\/accessori-ponti-sollevatori-a-2-colonne-it\/kit-rampe-innalzamento-veicolo\/"},{"id":383979,"cdmm_p_id":"502814","name":"Kit cavalletti per assetto","description":"1 set \/ 4 pezzi","thumbnail":"https:\/\/dev.codekraft.it\/rotary-2024\/wp-content\/uploads\/brb_media\/00509503_2-post-lift-vsg2call902085-mi-150x150.png","url":"https:\/\/dev.codekraft.it\/rotary-2024\/it\/prodotti\/accessori-ponti-sollevatori-it\/accessori-ponti-sollevatori-a-2-colonne-it\/kit-cavalletti-per-assetto\/"},{"id":384191,"cdmm_p_id":"503071","name":"Supporto per utensili","description":"Supporto ergonomico per avvitatore pneumatico","thumbnail":"https:\/\/dev.codekraft.it\/rotary-2024\/wp-content\/uploads\/brb_media\/00511003_2-post-lift-vsg2call902511-mi-150x150.png","url":"https:\/\/dev.codekraft.it\/rotary-2024\/it\/prodotti\/accessori-ponti-sollevatori-it\/accessori-ponti-sollevatori-a-2-colonne-it\/supporto-per-utensili\/"},{"id":382584,"cdmm_p_id":"500916","name":"Golfare per movimentazione colonne","description":"3,5 t - 4,2 t | Agevola installazione del ponte sollevatore, riutilizzabile per altre installazioni | 1 set","thumbnail":"https:\/\/dev.codekraft.it\/rotary-2024\/wp-content\/uploads\/brb_media\/00512726_2-post-lift-vsg2celm901927-mi-01-150x150.png","url":"https:\/\/dev.codekraft.it\/rotary-2024\/it\/prodotti\/accessori-ponti-sollevatori-it\/accessori-ponti-sollevatori-a-2-colonne-it\/golfare-per-movimentazione-colonne\/"},{"id":382578,"cdmm_p_id":"500915","name":"Regolazione altezza traversa","description":"Kit per aumentare del passaggio cavi aereo a +1,5 m | per sollevatori a fuso | 1 set","thumbnail":"https:\/\/dev.codekraft.it\/rotary-2024\/wp-content\/uploads\/brb_media\/00509506_2-post-lift-vsg2celm902344-mi-150x150.png","url":"https:\/\/dev.codekraft.it\/rotary-2024\/it\/prodotti\/accessori-ponti-sollevatori-it\/accessori-ponti-sollevatori-a-2-colonne-it\/regolazione-altezza-traversa\/"},{"id":382572,"cdmm_p_id":"500914","name":"Kit stabilizzatori","description":"3,5 t | permette l\u2019installazione dei ponti sollevatori anche su qualit\u00e0 di calcestruzzo inferiori a quelli richiesti | 1 set \/ 2 pezzi","thumbnail":"https:\/\/dev.codekraft.it\/rotary-2024\/wp-content\/uploads\/brb_media\/00533778_2-post-lift-vsg-2call-901378-mi-150x150.png","url":"https:\/\/dev.codekraft.it\/rotary-2024\/it\/prodotti\/accessori-ponti-sollevatori-it\/accessori-ponti-sollevatori-a-2-colonne-it\/kit-stabilizzatori\/"},{"id":382850,"cdmm_p_id":"502422","name":"Passaggio cavi a pavimento","description":"Permette di interrare i cavi di connessione | 1 pezzo","thumbnail":"https:\/\/dev.codekraft.it\/rotary-2024\/wp-content\/uploads\/brb_media\/00507202_2-post-lift-vsg2celm902498-mi-150x150.png","url":"https:\/\/dev.codekraft.it\/rotary-2024\/it\/prodotti\/accessori-ponti-sollevatori-it\/accessori-ponti-sollevatori-a-2-colonne-it\/passaggio-cavi-a-pavimento\/"},{"id":384161,"cdmm_p_id":"503065","name":"Stabilizzatori","description":"3,2 t | permette l\u2019installazione dei ponti sollevatori anche su qualit\u00e0 di calcestruzzo inferiori a quelli richiesti | 1 set \/ 2 pezzi","thumbnail":"https:\/\/dev.codekraft.it\/rotary-2024\/wp-content\/uploads\/brb_media\/00533777_2-post-lift-vsg-2call-901361-mi-150x150.png","url":"https:\/\/dev.codekraft.it\/rotary-2024\/it\/prodotti\/accessori-ponti-sollevatori-it\/accessori-ponti-sollevatori-a-2-colonne-it\/stabilizzatori-2\/"}],"components":[],"related":[],"similar":[{"id":381653,"cdmm_p_id":"499569","name":"Ponte sollevatore a 2 colonne SPMA32-X","description":"3,2 t, elettromeccanico, ruotato colonne a 45\u00b0, asimmetrico, bracci lunghi a 2 stadi, bracci corti a 3 stadi, TEq-Link","thumbnail":"https:\/\/dev.codekraft.it\/rotary-2024\/wp-content\/uploads\/brb_media\/00509790_2-post-lifts-spma32-35-mi-01-150x150.png","url":"https:\/\/dev.codekraft.it\/rotary-2024\/it\/prodotti\/ponti-sollevatori-it\/ponti-sollevatori-a-2-colonne-it\/ponte-sollevatore-a-2-colonne-spma32-x\/"},{"id":381661,"cdmm_p_id":"499571","name":"Ponte sollevatore a 2 colonne SPMA35-X","description":"3,5 t, elettromeccanico, ruotato colonne a 45\u00b0, asimmetrico, bracci lunghi a 2 stadi, bracci corti a 3 stadi, TEq-Link","thumbnail":"https:\/\/dev.codekraft.it\/rotary-2024\/wp-content\/uploads\/brb_media\/00509790_2-post-lifts-spma32-35-mi-01-150x150.png","url":"https:\/\/dev.codekraft.it\/rotary-2024\/it\/prodotti\/ponti-sollevatori-it\/ponti-sollevatori-a-2-colonne-it\/ponte-sollevatore-a-2-colonne-spma35-x\/"},{"id":381664,"cdmm_p_id":"499576","name":"Ponte sollevatore a 2 colonne SPMA35-XE","description":"3,5 t, elettromeccanico, ruotato colonne a 45\u00b0, doppio quadro comandi, bracci lunghi a 2 stadi, bracci corti a 3 stadi, asimmetrico, TEq-Link, kit di energia","thumbnail":"https:\/\/dev.codekraft.it\/rotary-2024\/wp-content\/uploads\/brb_media\/00509790_2-post-lifts-spma32-35-mi-01-150x150.png","url":"https:\/\/dev.codekraft.it\/rotary-2024\/it\/prodotti\/ponti-sollevatori-it\/ponti-sollevatori-a-2-colonne-it\/ponte-sollevatore-a-2-colonne-spma35-xe\/"}],"page_logo_src":"https:\/\/dev.codekraft.it\/rotary-2024\/wp-content\/uploads\/2024\/05\/cropped-rotary-logo-2022.png","lang":"it","translations":{"it":382523,"en":382518,"de":382521,"fr":382522,"es":382524,"ru":382525},"pll_sync_post":[],"_links":{"self":[{"href":"https:\/\/dev.codekraft.it\/rotary-2024\/wp-json\/wp\/v2\/product\/382523","targetHints":{"allow":["GET"]}}],"collection":[{"href":"https:\/\/dev.codekraft.it\/rotary-2024\/wp-json\/wp\/v2\/product"}],"about":[{"href":"https:\/\/dev.codekraft.it\/rotary-2024\/wp-json\/wp\/v2\/types\/product"}],"wp:featuredmedia":[{"embeddable":true,"href":"https:\/\/dev.codekraft.it\/rotary-2024\/wp-json\/wp\/v2\/media\/354821"}],"wp:attachment":[{"href":"https:\/\/dev.codekraft.it\/rotary-2024\/wp-json\/wp\/v2\/media?parent=382523"}],"wp:term":[{"taxonomy":"product_cat","embeddable":true,"href":"https:\/\/dev.codekraft.it\/rotary-2024\/wp-json\/wp\/v2\/product_cat?post=382523"},{"taxonomy":"product_tag","embeddable":true,"href":"https:\/\/dev.codekraft.it\/rotary-2024\/wp-json\/wp\/v2\/product_tag?post=382523"},{"taxonomy":"product_approvals","embeddable":true,"href":"https:\/\/dev.codekraft.it\/rotary-2024\/wp-json\/wp\/v2\/product_approvals?post=382523"},{"taxonomy":"product_application","embeddable":true,"href":"https:\/\/dev.codekraft.it\/rotary-2024\/wp-json\/wp\/v2\/product_application?post=382523"}],"curies":[{"name":"wp","href":"https:\/\/api.w.org\/{rel}","templated":true}]}}