{"id":382510,"date":"2024-10-17T09:13:52","date_gmt":"2024-10-17T09:13:52","guid":{"rendered":"https:\/\/dev.codekraft.it\/rotary-2024\/products\/uncategorized\/traverse-para-camiones-y-vehiculos-municipales\/"},"modified":"2024-10-17T09:13:52","modified_gmt":"2024-10-17T09:13:52","slug":"traverse-para-camiones-y-vehiculos-municipales","status":"publish","type":"product","link":"https:\/\/dev.codekraft.it\/rotary-2024\/es\/productos\/accesorios-elevadores-es\/sistemas-de-apoyo-es\/traverse-para-camiones-y-vehiculos-municipales\/","title":{"rendered":"Traverse para camiones y veh\u00edculos municipales"},"content":{"rendered":"","protected":false},"excerpt":{"rendered":"<p>Travesa\u00f1o de horquilla de rueda para veh\u00edculos municipales de v\u00eda estrecha (por ejemplo, barredoras) o veh\u00edculos con una distancia m\u00ednima de 800 mm ancho de v\u00eda (dimensi\u00f3n interior), apto para neum\u00e1ticos de 15 pulgadas, capacidad de carga 2000 kg<\/p>\n","protected":false},"featured_media":0,"template":"","meta":[],"product_cat":[1033976],"product_tag":[],"product_approvals":[],"product_application":[],"class_list":{"0":"post-382510","1":"product","2":"type-product","3":"status-publish","5":"product_cat-sistemas-de-apoyo-es","7":"first","8":"instock","9":"shipping-taxable","10":"product-type-simple"},"approvals":[],"application":[],"brb_media_brochure":"","brb_media_drawing":"","brb_media_manuals":"","brb_media_safety_datasheets":"","brb_media_spare_parts":[],"_cdmm_p_id":"500808","_company":"Elektron","_gtin":"4057612684414","accessories":[],"components":[],"related":[],"page_logo_src":"https:\/\/dev.codekraft.it\/rotary-2024\/wp-content\/uploads\/2024\/05\/cropped-rotary-logo-2022.png","lang":"es","translations":{"es":382510,"en":382506,"de":382507,"fr":382508,"it":382509,"ru":382511},"pll_sync_post":[],"_links":{"self":[{"href":"https:\/\/dev.codekraft.it\/rotary-2024\/wp-json\/wp\/v2\/product\/382510","targetHints":{"allow":["GET"]}}],"collection":[{"href":"https:\/\/dev.codekraft.it\/rotary-2024\/wp-json\/wp\/v2\/product"}],"about":[{"href":"https:\/\/dev.codekraft.it\/rotary-2024\/wp-json\/wp\/v2\/types\/product"}],"wp:attachment":[{"href":"https:\/\/dev.codekraft.it\/rotary-2024\/wp-json\/wp\/v2\/media?parent=382510"}],"wp:term":[{"taxonomy":"product_cat","embeddable":true,"href":"https:\/\/dev.codekraft.it\/rotary-2024\/wp-json\/wp\/v2\/product_cat?post=382510"},{"taxonomy":"product_tag","embeddable":true,"href":"https:\/\/dev.codekraft.it\/rotary-2024\/wp-json\/wp\/v2\/product_tag?post=382510"},{"taxonomy":"product_approvals","embeddable":true,"href":"https:\/\/dev.codekraft.it\/rotary-2024\/wp-json\/wp\/v2\/product_approvals?post=382510"},{"taxonomy":"product_application","embeddable":true,"href":"https:\/\/dev.codekraft.it\/rotary-2024\/wp-json\/wp\/v2\/product_application?post=382510"}],"curies":[{"name":"wp","href":"https:\/\/api.w.org\/{rel}","templated":true}]}}