{"id":382504,"date":"2025-12-11T10:11:32","date_gmt":"2025-12-11T10:11:32","guid":{"rendered":"https:\/\/dev.codekraft.it\/rotary-2024\/products\/uncategorized\/travesano-de-autobus-bef-15-estandar\/"},"modified":"2025-12-11T10:11:32","modified_gmt":"2025-12-11T10:11:32","slug":"travesano-de-autobus-bef-15-estandar","status":"publish","type":"product","link":"https:\/\/dev.codekraft.it\/rotary-2024\/es\/productos\/accesorios-elevadores-es\/sistemas-de-apoyo-es\/travesano-de-autobus-bef-15-estandar\/","title":{"rendered":"Travesa\u00f1o de autob\u00fas BEF-15 | Est\u00e1ndar"},"content":{"rendered":"<ul>\n<li>Anchura total m\u00edn. 920 mm<\/li>\n<li>Altura 79 mm<\/li>\n<\/ul>\n","protected":false},"excerpt":{"rendered":"<p>1 pieza, rango de ajuste 710 &#8211; 1040 mm (510 &#8211; 840 mm), capacidad de carga 15 t (centro)<\/p>\n","protected":false},"featured_media":0,"template":"","meta":[],"product_cat":[1033976],"product_tag":[],"product_approvals":[],"product_application":[],"class_list":{"0":"post-382504","1":"product","2":"type-product","3":"status-publish","5":"product_cat-sistemas-de-apoyo-es","7":"first","8":"instock","9":"shipping-taxable","10":"product-type-simple"},"approvals":[],"application":[],"brb_media_brochure":"","brb_media_drawing":"","brb_media_manuals":"","brb_media_safety_datasheets":"","brb_media_spare_parts":[],"_cdmm_p_id":"500807","_company":"Elektron","_gtin":"4057612629996","accessories":[],"components":[],"related":[],"similar":[],"lang":"es","translations":{"es":382504,"en":382500,"de":382501,"fr":382502,"it":382503,"ru":382505},"pll_sync_post":[],"_links":{"self":[{"href":"https:\/\/dev.codekraft.it\/rotary-2024\/wp-json\/wp\/v2\/product\/382504","targetHints":{"allow":["GET"]}}],"collection":[{"href":"https:\/\/dev.codekraft.it\/rotary-2024\/wp-json\/wp\/v2\/product"}],"about":[{"href":"https:\/\/dev.codekraft.it\/rotary-2024\/wp-json\/wp\/v2\/types\/product"}],"wp:attachment":[{"href":"https:\/\/dev.codekraft.it\/rotary-2024\/wp-json\/wp\/v2\/media?parent=382504"}],"wp:term":[{"taxonomy":"product_cat","embeddable":true,"href":"https:\/\/dev.codekraft.it\/rotary-2024\/wp-json\/wp\/v2\/product_cat?post=382504"},{"taxonomy":"product_tag","embeddable":true,"href":"https:\/\/dev.codekraft.it\/rotary-2024\/wp-json\/wp\/v2\/product_tag?post=382504"},{"taxonomy":"product_approvals","embeddable":true,"href":"https:\/\/dev.codekraft.it\/rotary-2024\/wp-json\/wp\/v2\/product_approvals?post=382504"},{"taxonomy":"product_application","embeddable":true,"href":"https:\/\/dev.codekraft.it\/rotary-2024\/wp-json\/wp\/v2\/product_application?post=382504"}],"curies":[{"name":"wp","href":"https:\/\/api.w.org\/{rel}","templated":true}]}}