{"id":382502,"date":"2025-12-11T10:10:57","date_gmt":"2025-12-11T10:10:57","guid":{"rendered":"https:\/\/dev.codekraft.it\/rotary-2024\/products\/uncategorized\/traverse-de-bus-bef-15-standard\/"},"modified":"2025-12-11T10:10:57","modified_gmt":"2025-12-11T10:10:57","slug":"traverse-de-bus-bef-15-standard","status":"publish","type":"product","link":"https:\/\/dev.codekraft.it\/rotary-2024\/fr\/produits\/accessoires-ponts-elevateurs-fr\/systemes-de-soutien-fr\/traverse-de-bus-bef-15-standard\/","title":{"rendered":"Traverse de bus BEF-15 | Standard"},"content":{"rendered":"<ul>\n<li>Largeur totale min. 920 mm<\/li>\n<li>Hauteur 79 mm<\/li>\n<\/ul>\n","protected":false},"excerpt":{"rendered":"<p>1 pi\u00e8ce, plage de r\u00e9glage 710 &#8211; 1040 mm (510 &#8211; 840 mm), capacit\u00e9 de charge 15 t (au milieu)<\/p>\n","protected":false},"featured_media":0,"template":"","meta":[],"product_cat":[1033972],"product_tag":[],"product_approvals":[],"product_application":[],"class_list":{"0":"post-382502","1":"product","2":"type-product","3":"status-publish","5":"product_cat-systemes-de-soutien-fr","7":"first","8":"instock","9":"shipping-taxable","10":"product-type-simple"},"approvals":[],"application":[],"brb_media_brochure":"","brb_media_drawing":"","brb_media_manuals":"","brb_media_safety_datasheets":"","brb_media_spare_parts":[],"_cdmm_p_id":"500807","_company":"Elektron","_gtin":"4057612629996","accessories":[],"components":[],"related":[],"similar":[],"lang":"fr","translations":{"fr":382502,"en":382500,"de":382501,"it":382503,"es":382504,"ru":382505},"pll_sync_post":[],"_links":{"self":[{"href":"https:\/\/dev.codekraft.it\/rotary-2024\/wp-json\/wp\/v2\/product\/382502","targetHints":{"allow":["GET"]}}],"collection":[{"href":"https:\/\/dev.codekraft.it\/rotary-2024\/wp-json\/wp\/v2\/product"}],"about":[{"href":"https:\/\/dev.codekraft.it\/rotary-2024\/wp-json\/wp\/v2\/types\/product"}],"wp:attachment":[{"href":"https:\/\/dev.codekraft.it\/rotary-2024\/wp-json\/wp\/v2\/media?parent=382502"}],"wp:term":[{"taxonomy":"product_cat","embeddable":true,"href":"https:\/\/dev.codekraft.it\/rotary-2024\/wp-json\/wp\/v2\/product_cat?post=382502"},{"taxonomy":"product_tag","embeddable":true,"href":"https:\/\/dev.codekraft.it\/rotary-2024\/wp-json\/wp\/v2\/product_tag?post=382502"},{"taxonomy":"product_approvals","embeddable":true,"href":"https:\/\/dev.codekraft.it\/rotary-2024\/wp-json\/wp\/v2\/product_approvals?post=382502"},{"taxonomy":"product_application","embeddable":true,"href":"https:\/\/dev.codekraft.it\/rotary-2024\/wp-json\/wp\/v2\/product_application?post=382502"}],"curies":[{"name":"wp","href":"https:\/\/api.w.org\/{rel}","templated":true}]}}