{"id":382424,"date":"2025-12-11T10:10:57","date_gmt":"2025-12-11T10:10:57","guid":{"rendered":"https:\/\/dev.codekraft.it\/rotary-2024\/products\/uncategorized\/suspension-par-cable-avec-equilibreur-1ht\/"},"modified":"2025-12-11T10:10:57","modified_gmt":"2025-12-11T10:10:57","slug":"suspension-par-cable-avec-equilibreur-1ht","status":"publish","type":"product","link":"https:\/\/dev.codekraft.it\/rotary-2024\/fr\/produits\/accessoires-ponts-elevateurs-fr\/accessoires-pont-elevateur-a-plusieurs-verins-fr\/suspension-par-cable-avec-equilibreur-1ht\/","title":{"rendered":"Suspension par c\u00e2ble avec \u00e9quilibreur 1HT"},"content":{"rendered":"","protected":false},"excerpt":{"rendered":"<p>1 pi\u00e8ce \/ 7,5 m | Un rangement propre gr\u00e2ce \u00e0 la suspension de c\u00e2bles au mur ou au plafond et sans d\u00e9ranger les c\u00e2bles au sol. Le syst\u00e8me peut \u00eatre command\u00e9 par une bouteille de contr\u00f4le.<\/p>\n","protected":false},"featured_media":0,"template":"","meta":[],"product_cat":[1033786],"product_tag":[],"product_approvals":[],"product_application":[],"class_list":{"0":"post-382424","1":"product","2":"type-product","3":"status-publish","5":"product_cat-accessoires-pont-elevateur-a-plusieurs-verins-fr","7":"first","8":"instock","9":"shipping-taxable","10":"product-type-simple"},"approvals":[],"application":[],"brb_media_brochure":"","brb_media_drawing":"","brb_media_manuals":"","brb_media_safety_datasheets":"","brb_media_spare_parts":[],"_cdmm_p_id":"500793","_company":"Elektron","_gtin":"4057612184730","accessories":[],"components":[],"related":[],"similar":[],"page_logo_src":"https:\/\/dev.codekraft.it\/rotary-2024\/wp-content\/uploads\/2024\/05\/cropped-rotary-logo-2022.png","lang":"fr","translations":{"fr":382424,"en":382422,"de":382423,"it":382425,"es":382426,"ru":382427},"pll_sync_post":[],"_links":{"self":[{"href":"https:\/\/dev.codekraft.it\/rotary-2024\/wp-json\/wp\/v2\/product\/382424","targetHints":{"allow":["GET"]}}],"collection":[{"href":"https:\/\/dev.codekraft.it\/rotary-2024\/wp-json\/wp\/v2\/product"}],"about":[{"href":"https:\/\/dev.codekraft.it\/rotary-2024\/wp-json\/wp\/v2\/types\/product"}],"wp:attachment":[{"href":"https:\/\/dev.codekraft.it\/rotary-2024\/wp-json\/wp\/v2\/media?parent=382424"}],"wp:term":[{"taxonomy":"product_cat","embeddable":true,"href":"https:\/\/dev.codekraft.it\/rotary-2024\/wp-json\/wp\/v2\/product_cat?post=382424"},{"taxonomy":"product_tag","embeddable":true,"href":"https:\/\/dev.codekraft.it\/rotary-2024\/wp-json\/wp\/v2\/product_tag?post=382424"},{"taxonomy":"product_approvals","embeddable":true,"href":"https:\/\/dev.codekraft.it\/rotary-2024\/wp-json\/wp\/v2\/product_approvals?post=382424"},{"taxonomy":"product_application","embeddable":true,"href":"https:\/\/dev.codekraft.it\/rotary-2024\/wp-json\/wp\/v2\/product_application?post=382424"}],"curies":[{"name":"wp","href":"https:\/\/api.w.org\/{rel}","templated":true}]}}