{"id":382358,"date":"2025-12-11T10:10:56","date_gmt":"2025-12-11T10:10:56","guid":{"rendered":"https:\/\/dev.codekraft.it\/rotary-2024\/products\/uncategorized\/controle-c2-pour-duplex-t2-classic\/"},"modified":"2025-12-11T10:10:56","modified_gmt":"2025-12-11T10:10:56","slug":"controle-c2-pour-duplex-t2-classic","status":"publish","type":"product","link":"https:\/\/dev.codekraft.it\/rotary-2024\/fr\/produits\/accessoires-ponts-elevateurs-fr\/accessoires-pont-elevateur-a-plusieurs-verins-fr\/controle-c2-pour-duplex-t2-classic\/","title":{"rendered":"Contr\u00f4le C2 | pour Duplex T2 | Classic"},"content":{"rendered":"","protected":false},"excerpt":{"rendered":"<p>Contr\u00f4le \u00ab\u00a0Standard\u00a0\u00bb avec connexions suppl\u00e9mentaires pour t\u00e9l\u00e9Contr\u00f4le radio et interrupteur de position de repos<\/p>\n","protected":false},"featured_media":0,"template":"","meta":[],"product_cat":[1033786],"product_tag":[],"product_approvals":[],"product_application":[],"class_list":{"0":"post-382358","1":"product","2":"type-product","3":"status-publish","5":"product_cat-accessoires-pont-elevateur-a-plusieurs-verins-fr","7":"first","8":"instock","9":"shipping-taxable","10":"product-type-simple"},"approvals":[],"application":[],"brb_media_brochure":"","brb_media_drawing":"","brb_media_manuals":"","brb_media_safety_datasheets":"","brb_media_spare_parts":[],"_cdmm_p_id":"500781","_company":"Elektron","_gtin":"4057612693348","accessories":[],"components":[],"related":[],"similar":[],"page_logo_src":"https:\/\/dev.codekraft.it\/rotary-2024\/wp-content\/uploads\/2024\/05\/cropped-rotary-logo-2022.png","lang":"fr","translations":{"fr":382358,"en":382356,"de":382357,"it":382359,"es":382360,"ru":382361},"pll_sync_post":[],"_links":{"self":[{"href":"https:\/\/dev.codekraft.it\/rotary-2024\/wp-json\/wp\/v2\/product\/382358","targetHints":{"allow":["GET"]}}],"collection":[{"href":"https:\/\/dev.codekraft.it\/rotary-2024\/wp-json\/wp\/v2\/product"}],"about":[{"href":"https:\/\/dev.codekraft.it\/rotary-2024\/wp-json\/wp\/v2\/types\/product"}],"wp:attachment":[{"href":"https:\/\/dev.codekraft.it\/rotary-2024\/wp-json\/wp\/v2\/media?parent=382358"}],"wp:term":[{"taxonomy":"product_cat","embeddable":true,"href":"https:\/\/dev.codekraft.it\/rotary-2024\/wp-json\/wp\/v2\/product_cat?post=382358"},{"taxonomy":"product_tag","embeddable":true,"href":"https:\/\/dev.codekraft.it\/rotary-2024\/wp-json\/wp\/v2\/product_tag?post=382358"},{"taxonomy":"product_approvals","embeddable":true,"href":"https:\/\/dev.codekraft.it\/rotary-2024\/wp-json\/wp\/v2\/product_approvals?post=382358"},{"taxonomy":"product_application","embeddable":true,"href":"https:\/\/dev.codekraft.it\/rotary-2024\/wp-json\/wp\/v2\/product_application?post=382358"}],"curies":[{"name":"wp","href":"https:\/\/api.w.org\/{rel}","templated":true}]}}