{"id":382286,"date":"2025-12-11T10:10:56","date_gmt":"2025-12-11T10:10:56","guid":{"rendered":"https:\/\/dev.codekraft.it\/rotary-2024\/products\/uncategorized\/bac-dencastrement-long-pour-le-verin-de-levage-fixe-traverse-posee-au-sol-apprete-peint\/"},"modified":"2025-12-11T10:10:56","modified_gmt":"2025-12-11T10:10:56","slug":"bac-dencastrement-long-pour-le-verin-de-levage-fixe-traverse-posee-au-sol-apprete-peint","status":"publish","type":"product","link":"https:\/\/dev.codekraft.it\/rotary-2024\/fr\/produits\/accessoires-ponts-elevateurs-fr\/accessoires-pont-elevateur-a-plusieurs-verins-fr\/bac-dencastrement-long-pour-le-verin-de-levage-fixe-traverse-posee-au-sol-apprete-peint\/","title":{"rendered":"Bac d&#039;encastrement long | pour le v\u00e9rin de levage fixe \/ traverse pos\u00e9e au sol | appr\u00eat\u00e9 &amp; peint"},"content":{"rendered":"","protected":false},"excerpt":{"rendered":"<p>\u00e0 b\u00e9tonner, 4500 mm mobile<\/p>\n","protected":false},"featured_media":0,"template":"","meta":[],"product_cat":[1033786],"product_tag":[],"product_approvals":[],"product_application":[],"class_list":{"0":"post-382286","1":"product","2":"type-product","3":"status-publish","5":"product_cat-accessoires-pont-elevateur-a-plusieurs-verins-fr","7":"first","8":"instock","9":"shipping-taxable","10":"product-type-simple"},"approvals":[],"application":[],"brb_media_brochure":"","brb_media_drawing":"","brb_media_manuals":"","brb_media_safety_datasheets":"","brb_media_spare_parts":[],"_cdmm_p_id":"500769","_company":"Elektron","_gtin":"2150120000000","accessories":[],"components":[],"related":[],"similar":[],"page_logo_src":"https:\/\/dev.codekraft.it\/rotary-2024\/wp-content\/uploads\/2024\/05\/cropped-rotary-logo-2022.png","lang":"fr","translations":{"fr":382286,"en":382284,"de":382285,"it":382287,"es":382288,"ru":382289},"pll_sync_post":[],"_links":{"self":[{"href":"https:\/\/dev.codekraft.it\/rotary-2024\/wp-json\/wp\/v2\/product\/382286","targetHints":{"allow":["GET"]}}],"collection":[{"href":"https:\/\/dev.codekraft.it\/rotary-2024\/wp-json\/wp\/v2\/product"}],"about":[{"href":"https:\/\/dev.codekraft.it\/rotary-2024\/wp-json\/wp\/v2\/types\/product"}],"wp:attachment":[{"href":"https:\/\/dev.codekraft.it\/rotary-2024\/wp-json\/wp\/v2\/media?parent=382286"}],"wp:term":[{"taxonomy":"product_cat","embeddable":true,"href":"https:\/\/dev.codekraft.it\/rotary-2024\/wp-json\/wp\/v2\/product_cat?post=382286"},{"taxonomy":"product_tag","embeddable":true,"href":"https:\/\/dev.codekraft.it\/rotary-2024\/wp-json\/wp\/v2\/product_tag?post=382286"},{"taxonomy":"product_approvals","embeddable":true,"href":"https:\/\/dev.codekraft.it\/rotary-2024\/wp-json\/wp\/v2\/product_approvals?post=382286"},{"taxonomy":"product_application","embeddable":true,"href":"https:\/\/dev.codekraft.it\/rotary-2024\/wp-json\/wp\/v2\/product_application?post=382286"}],"curies":[{"name":"wp","href":"https:\/\/api.w.org\/{rel}","templated":true}]}}