{"id":382220,"date":"2024-10-17T09:13:36","date_gmt":"2024-10-17T09:13:36","guid":{"rendered":"https:\/\/dev.codekraft.it\/rotary-2024\/products\/uncategorized\/tourillon-dadaptation-55-a-35-mm-pour-traverse-att-32-c-cric-135-mm\/"},"modified":"2024-10-17T09:13:36","modified_gmt":"2024-10-17T09:13:36","slug":"tourillon-dadaptation-55-a-35-mm-pour-traverse-att-32-c-cric-135-mm","status":"publish","type":"product","link":"https:\/\/dev.codekraft.it\/rotary-2024\/fr\/produits\/accessoires-ponts-elevateurs-fr\/systemes-de-soutien-fr\/tourillon-dadaptation-55-a-35-mm-pour-traverse-att-32-c-cric-135-mm\/","title":{"rendered":"Tourillon d&#039;adaptation 55 \u00e0 35 mm | pour traverse ATT 3,2 C \/ cric | 135 mm"},"content":{"rendered":"","protected":false},"excerpt":{"rendered":"<p>R\u00e9duction de 55 \u00e0 35 mm, n\u00e9cessaire en cas d&#8217;utilisation de la traverse ATT 3,2 C avec un tourillon de 55 mm sur un cric (par ex. Junior Jack) avec un trou de r\u00e9ception de 35 mm<\/p>\n","protected":false},"featured_media":0,"template":"","meta":[],"product_cat":[1033972],"product_tag":[],"product_approvals":[],"product_application":[],"class_list":{"0":"post-382220","1":"product","2":"type-product","3":"status-publish","5":"product_cat-systemes-de-soutien-fr","7":"first","8":"instock","9":"shipping-taxable","10":"product-type-simple"},"approvals":[],"application":[],"brb_media_brochure":"","brb_media_drawing":"","brb_media_manuals":"","brb_media_safety_datasheets":"","brb_media_spare_parts":[],"_cdmm_p_id":"500758","_company":"Elektron","_gtin":"4057612129496","accessories":[],"components":[],"related":[],"similar":[],"lang":"fr","translations":{"fr":382220,"en":382218,"de":382219,"it":382221,"es":382222,"ru":382223},"pll_sync_post":[],"_links":{"self":[{"href":"https:\/\/dev.codekraft.it\/rotary-2024\/wp-json\/wp\/v2\/product\/382220","targetHints":{"allow":["GET"]}}],"collection":[{"href":"https:\/\/dev.codekraft.it\/rotary-2024\/wp-json\/wp\/v2\/product"}],"about":[{"href":"https:\/\/dev.codekraft.it\/rotary-2024\/wp-json\/wp\/v2\/types\/product"}],"wp:attachment":[{"href":"https:\/\/dev.codekraft.it\/rotary-2024\/wp-json\/wp\/v2\/media?parent=382220"}],"wp:term":[{"taxonomy":"product_cat","embeddable":true,"href":"https:\/\/dev.codekraft.it\/rotary-2024\/wp-json\/wp\/v2\/product_cat?post=382220"},{"taxonomy":"product_tag","embeddable":true,"href":"https:\/\/dev.codekraft.it\/rotary-2024\/wp-json\/wp\/v2\/product_tag?post=382220"},{"taxonomy":"product_approvals","embeddable":true,"href":"https:\/\/dev.codekraft.it\/rotary-2024\/wp-json\/wp\/v2\/product_approvals?post=382220"},{"taxonomy":"product_application","embeddable":true,"href":"https:\/\/dev.codekraft.it\/rotary-2024\/wp-json\/wp\/v2\/product_application?post=382220"}],"curies":[{"name":"wp","href":"https:\/\/api.w.org\/{rel}","templated":true}]}}