{"id":382189,"date":"2025-12-11T10:04:39","date_gmt":"2025-12-11T10:04:39","guid":{"rendered":"https:\/\/dev.codekraft.it\/rotary-2024\/products\/uncategorized\/aggregathubtisch-master-gear-s3-10-extend\/"},"modified":"2025-12-11T10:04:39","modified_gmt":"2025-12-11T10:04:39","slug":"aggregathubtisch-master-gear-s3-10-extend","status":"publish","type":"product","link":"https:\/\/dev.codekraft.it\/rotary-2024\/produkte\/hebebuhnen-de\/hubtische-de\/aggregathubtisch-master-gear-s3-10-extend\/","title":{"rendered":"Aggregathubtisch Master Gear S3 1,0 Extend"},"content":{"rendered":"<p>Der fu\u00dfhydraulisch betriebene Aggregathubtisch ist universell einsetzbar, somit ideal zum sicheren Aus- und Einbauen von Motoren, Getrieben, HV-Batterien und Chassis Komponenten verschiedenster Hersteller.<\/p>\n<p>Dank stufenlos verstellbarem Handgriff noch flexibler einsetzbar.<\/p>\n<ul>\n<li>Top-Einstiegsmodell<\/li>\n<li>Hohe Standsicherheit<\/li>\n<li>Flexibler Einsatzbereich<\/li>\n<\/ul>\n<ul>\n<li>Sicherheit: Die gro\u00dfe Standfl\u00e4che der Master Gear-Hubtische bietet eine hohe Standfestigkeit und erm\u00f6glicht dadurch ein sicheres und exaktes Arbeiten.<\/li>\n<li>Einfaches Handling: Gro\u00dfe Rollen sorgen f\u00fcr Mobilit\u00e4t am Arbeitsplatz.<\/li>\n<li>Mit Last leicht zu rangieren.<\/li>\n<li>Kombinierbar mit verschiedenen bauseitigen Aufsatzst\u00fccken &#8211; damit ist der Master Gear S3 1.0 der komfortable Werkstatthelfer.<\/li>\n<li>Flache, schmale Bauweise f\u00fcr ein freies Positionieren unter dem Fahrzeug.<\/li>\n<li>Universell einsetzbar: Auch perfekt als Werkbank nutzbar.<\/li>\n<li>Aufger\u00e4umt sind die gleichm\u00e4\u00dfig verteilten Gewindebohrungen zum Befestigen verschiedenster Abst\u00fctzungen.<\/li>\n<\/ul>\n<ul>\n<li>Die Aufnahmeplate VarioDesk ist in Querrichtung um\u00a0+\/- 2\u00b0 neigbar und l\u00e4sst sich +\/- 20 mm in L\u00e4ngs- und Querrichtung verschieben.<\/li>\n<li>Das integrierte Senkbremsventil erlaubt ein exaktes Dosieren der Absenkgeschwindigkeit. Der Lasthub erfolgt fu\u00dfhydraulisch.<\/li>\n<li>Vier Schwenkrollen (2 mit integrierten Feststellbremsen)<\/li>\n<li>Optional: Hubtisch mit ausziehbarem Griff. Dieser erm\u00f6glicht ein Bewegen des Hubtisches auch beim Transport einer gro\u00dfen, \u00fcberstehenden Batterie im abgesenkten Zustand.<\/li>\n<\/ul>\n<ul>\n<li>Premium Version: Master Gear MGO<\/li>\n<\/ul>\n","protected":false},"excerpt":{"rendered":"<p>1,0 t, 1330 mm Hub, hydraulische Fu\u00dfpumpe, Handgriff verschiebbar (stufenlos verstellbar, patentiert) | Grau (RAL 7015)<\/p>\n","protected":false},"featured_media":375865,"template":"","meta":[],"product_brand":[],"product_cat":[1033902],"product_tag":[1034161],"product_approvals":[],"product_application":[],"class_list":{"0":"post-382189","1":"product","2":"type-product","3":"status-publish","4":"has-post-thumbnail","6":"product_cat-hubtische-de","7":"product_tag-passenger-cars-de","9":"first","10":"instock","11":"shipping-taxable","12":"product-type-simple"},"approvals":[],"application":[],"brb_media_brochure":[{"id":375866,"url":"https:\/\/dev.codekraft.it\/rotary-2024\/wp-content\/uploads\/brb_media\/00504381_lifting-table-overview-fy-de-2022-09-screen.pdf","title":"Lifting Table Overview FY DE 2022 09 screen","mpn":"","thumbnail":"https:\/\/dev.codekraft.it\/rotary-2024\/wp-content\/uploads\/brb_media\/00504381_lifting-table-overview-fy-de-2022-09-screen-pdf-150x106.png","description":""},{"id":375867,"url":"https:\/\/dev.codekraft.it\/rotary-2024\/wp-content\/uploads\/brb_media\/00504382_lifting-table-overview-fy-en-2022-09-screen.pdf","title":"Lifting Table Overview FY EN 2022 09 screen","mpn":"","thumbnail":"https:\/\/dev.codekraft.it\/rotary-2024\/wp-content\/uploads\/brb_media\/00504382_lifting-table-overview-fy-en-2022-09-screen-pdf-150x106.png","description":""},{"id":375868,"url":"https:\/\/dev.codekraft.it\/rotary-2024\/wp-content\/uploads\/brb_media\/00504383_lifting-table-overview-fy-fr-2022-09-screen.pdf","title":"Lifting Table Overview FY FR 2022 09 screen","mpn":"","thumbnail":"https:\/\/dev.codekraft.it\/rotary-2024\/wp-content\/uploads\/brb_media\/00504383_lifting-table-overview-fy-fr-2022-09-screen-pdf-150x106.png","description":""},{"id":375869,"url":"https:\/\/dev.codekraft.it\/rotary-2024\/wp-content\/uploads\/brb_media\/00504384_lifting-table-overview-fy-it-2022-09-screen.pdf","title":"Lifting Table Overview FY IT 2022 09 screen","mpn":"","thumbnail":"https:\/\/dev.codekraft.it\/rotary-2024\/wp-content\/uploads\/brb_media\/00504384_lifting-table-overview-fy-it-2022-09-screen-pdf-150x106.png","description":""},{"id":375870,"url":"https:\/\/dev.codekraft.it\/rotary-2024\/wp-content\/uploads\/brb_media\/00504385_lifting-table-overview-fy-es-2022-09-screen.pdf","title":"Lifting Table Overview FY ES 2022 09 screen","mpn":"","thumbnail":"https:\/\/dev.codekraft.it\/rotary-2024\/wp-content\/uploads\/brb_media\/00504385_lifting-table-overview-fy-es-2022-09-screen-pdf-150x106.png","description":""},{"id":375871,"url":"https:\/\/dev.codekraft.it\/rotary-2024\/wp-content\/uploads\/brb_media\/00504386_lifting-table-overview-fy-ru-2022-09-screen.pdf","title":"Lifting Table Overview FY RU 2022 09 screen","mpn":"","thumbnail":"https:\/\/dev.codekraft.it\/rotary-2024\/wp-content\/uploads\/brb_media\/00504386_lifting-table-overview-fy-ru-2022-09-screen-pdf-150x106.png","description":""}],"brb_media_drawing":"","brb_media_manuals":"","brb_media_safety_datasheets":"","brb_media_spare_parts":[],"_cdmm_p_id":"500744","_company":"Elektron","_gtin":"4057612733044","accessories":[{"id":378033,"mpn":"103544","name":"Universalaufnahme \u00d8 35 mm","description":"Aufnahmebohrung \u00d8 35 mm, geeignet zur Aufnahme verschiedener Werkzeuge, wie z. B. die Getriebeplatte GA Pkw | inkl. Buchse","thumbnail":"https:\/\/dev.codekraft.it\/rotary-2024\/wp-content\/uploads\/brb_media\/00510648_accessory-lifting-tables-103544-universal-mounting-mi-150x150.png","url":"https:\/\/dev.codekraft.it\/rotary-2024\/produkte\/zubehor-hebebuhnen-de\/zubehor-hubtische-de\/universalaufnahme-o-35-mm\/"},{"id":377092,"mpn":"108260","name":"Aggregataufnahme 454 cdi (smart)","description":"Tragf\u00e4higkeit 180 kg","thumbnail":"https:\/\/dev.codekraft.it\/rotary-2024\/wp-content\/uploads\/brb_media\/00023465_aggregataufnahme-454-cdi-108260_web-150x150.png","url":"https:\/\/dev.codekraft.it\/rotary-2024\/produkte\/sonstige-produkte-de\/sonderwerkzeuge-de\/aggregataufnahme-454-cdi-smart\/"},{"id":377111,"mpn":"107856","name":"Aggregataufnahme Universal | f\u00fcr W221, W164, W209, R171, R230, R251","description":"Gewicht 20 kg, Tragf\u00e4higkeit 800 kg","thumbnail":"https:\/\/dev.codekraft.it\/rotary-2024\/wp-content\/uploads\/brb_media\/00510649_accessory-lifting-tables-aggregate-mounting-universal-107856-mi-150x150.png","url":"https:\/\/dev.codekraft.it\/rotary-2024\/produkte\/zubehor-hebebuhnen-de\/zubehor-hubtische-de\/aggregataufnahme-universal-fur-w221-w164-w209-r171-r230-r251\/"},{"id":377192,"mpn":"3136","name":"Getriebeplatte GA Pkw","description":"Verstellwinkel +\/- 10\u00b0, Tragf\u00e4higkeit 400 kg, Zapfen-\u00d8 35 mm, Ma\u00dfe 300 x 240 mm, Spanngurt zum Sichern der Last, gro\u00dfe Auflagefl\u00e4che aus Gummi | Universell einsetzbar f\u00fcr Pkw, besonders geeignet f\u00fcr Mercedes-Benz Automatikgetriebe","thumbnail":"https:\/\/dev.codekraft.it\/rotary-2024\/wp-content\/uploads\/brb_media\/00022512-150x150.png","url":"https:\/\/dev.codekraft.it\/rotary-2024\/produkte\/zubehor-hebebuhnen-de\/getriebeplatten-de\/getriebeplatte-ga-pkw\/"}],"components":[],"related":[],"page_logo_src":"https:\/\/dev.codekraft.it\/rotary-2024\/wp-content\/uploads\/2024\/05\/cropped-rotary-logo-2022.png","lang":"de","translations":{"de":382189,"en":382188,"fr":382190,"it":382191,"es":382192,"ru":382193},"pll_sync_post":[],"_links":{"self":[{"href":"https:\/\/dev.codekraft.it\/rotary-2024\/wp-json\/wp\/v2\/product\/382189","targetHints":{"allow":["GET"]}}],"collection":[{"href":"https:\/\/dev.codekraft.it\/rotary-2024\/wp-json\/wp\/v2\/product"}],"about":[{"href":"https:\/\/dev.codekraft.it\/rotary-2024\/wp-json\/wp\/v2\/types\/product"}],"wp:featuredmedia":[{"embeddable":true,"href":"https:\/\/dev.codekraft.it\/rotary-2024\/wp-json\/wp\/v2\/media\/375865"}],"wp:attachment":[{"href":"https:\/\/dev.codekraft.it\/rotary-2024\/wp-json\/wp\/v2\/media?parent=382189"}],"wp:term":[{"taxonomy":"product_brand","embeddable":true,"href":"https:\/\/dev.codekraft.it\/rotary-2024\/wp-json\/wp\/v2\/product_brand?post=382189"},{"taxonomy":"product_cat","embeddable":true,"href":"https:\/\/dev.codekraft.it\/rotary-2024\/wp-json\/wp\/v2\/product_cat?post=382189"},{"taxonomy":"product_tag","embeddable":true,"href":"https:\/\/dev.codekraft.it\/rotary-2024\/wp-json\/wp\/v2\/product_tag?post=382189"},{"taxonomy":"product_approvals","embeddable":true,"href":"https:\/\/dev.codekraft.it\/rotary-2024\/wp-json\/wp\/v2\/product_approvals?post=382189"},{"taxonomy":"product_application","embeddable":true,"href":"https:\/\/dev.codekraft.it\/rotary-2024\/wp-json\/wp\/v2\/product_application?post=382189"}],"curies":[{"name":"wp","href":"https:\/\/api.w.org\/{rel}","templated":true}]}}