{"id":382184,"date":"2025-12-11T10:10:57","date_gmt":"2025-12-11T10:10:57","guid":{"rendered":"https:\/\/dev.codekraft.it\/rotary-2024\/products\/uncategorized\/table-elevatrice-mge-2-0\/"},"modified":"2025-12-11T10:10:57","modified_gmt":"2025-12-11T10:10:57","slug":"table-elevatrice-mge-2-0","status":"publish","type":"product","link":"https:\/\/dev.codekraft.it\/rotary-2024\/fr\/produits\/ponts-elevateurs-fr\/tables-de-levage-fr\/table-elevatrice-mge-2-0\/","title":{"rendered":"Table \u00e9l\u00e9vatrice MGE 2.0"},"content":{"rendered":"<p>Table \u00e9l\u00e9vatrice universelle d&#8217;une capacit\u00e9 de charge de 2 tonnes. Convient pour le d\u00e9montage et le montage s\u00fbrs et confortables de moteurs, de bo\u00eetes de vitesses, de batteries HV et de composants de ch\u00e2ssis, m\u00eame avec des charges lourdes.\u00a0D\u00e9velopp\u00e9e \u00e0 partir de 20 ans d&#8217;exp\u00e9rience dans la conception et la production de tables \u00e9l\u00e9vatrices en collaboration avec les principaux constructeurs automobiles.<\/p>\n<ul>\n<li>Grande capacit\u00e9 de charge pour les grands composants de v\u00e9hicules<\/li>\n<li>Rangement int\u00e9gr\u00e9 des outils<\/li>\n<li>Manipulation simple et flexible<\/li>\n<\/ul>\n<ul>\n<li>Capacit\u00e9 de charge de 2 t pour travailler m\u00eame sur des v\u00e9hicules de grande taille<\/li>\n<li>Mobilit\u00e9 sur le lieu de travail gr\u00e2ce aux grandes roulettes et aux freins de stationnement<\/li>\n<li>Man\u0153uvres faciles avec la charge gr\u00e2ce aux roulettes en plastique sur roulement \u00e0 billes<\/li>\n<li>Une large gamme d&#8217;accessoires (vendus s\u00e9par\u00e9ment) fait de la table \u00e9l\u00e9vatrice un auxiliaire d&#8217;atelier indispensable et polyvalent<\/li>\n<li>14 trous sur les c\u00f4t\u00e9s gauche et droit du plateau de table offrent de nombreuses possibilit\u00e9s de fixation s\u00fbre et flexible d&#8217;outils<\/li>\n<li>La poign\u00e9e amovible et mobile verticalement permet un positionnement optimal de la table \u00e9l\u00e9vatrice sous le v\u00e9hicule.<\/li>\n<\/ul>\n<ul>\n<li>Plaque de r\u00e9ception fixe avec 2&#215;7 trous pour une fixation s\u00fbre de diff\u00e9rentes prises<\/li>\n<li>Rangement d&#8217;outils int\u00e9gr\u00e9 et extractible sous la plaque de r\u00e9ception pour un travail encore plus efficace &#8211; tous les outils \u00e0 port\u00e9e de main<\/li>\n<li>Des supports de maintenance de s\u00e9rie permettent de travailler en toute s\u00e9curit\u00e9 lors de l&#8217;entretien de la table \u00e9l\u00e9vatrice<\/li>\n<li>Levage de la charge \u00e0 commande hydropneumatique pour un levage rapide et sans effort<\/li>\n<li>Dosage continu et pr\u00e9cis de la vitesse d&#8217;abaissement gr\u00e2ce \u00e0 la soupape de frein d&#8217;abaissement r\u00e9glable<\/li>\n<li>Man\u0153uvre facile et d\u00e9pose s\u00fbre gr\u00e2ce \u00e0 deux roulettes pivotantes avec freins de stationnement int\u00e9gr\u00e9s<\/li>\n<\/ul>\n","protected":false},"excerpt":{"rendered":"<p>2,0 t, course de 1000 mm, pompe hydropneumatique | Gris (RAL 7015)<\/p>\n","protected":false},"featured_media":382180,"template":"","meta":[],"product_brand":[],"product_cat":[1033906],"product_tag":[1034128,1034197,1034180,1034231,1034214,1034163],"product_approvals":[],"product_application":[],"class_list":{"0":"post-382184","1":"product","2":"type-product","3":"status-publish","4":"has-post-thumbnail","6":"product_cat-tables-de-levage-fr","7":"product_tag-trucks-fr","8":"product_tag-motor-homes-fr","9":"product_tag-light-commercial-fr","10":"product_tag-tracked-vehicles-fr","11":"product_tag-agricultural-machines-fr","12":"product_tag-passenger-cars-fr","14":"first","15":"instock","16":"shipping-taxable","17":"product-type-simple"},"approvals":[],"application":[],"brb_media_brochure":[{"id":354510,"url":"https:\/\/dev.codekraft.it\/rotary-2024\/wp-content\/uploads\/brb_media\/00510637_lifting-table-mge-20-br-132429-de-2023-08-screen.pdf","title":"Lifting Table MGE 20 BR 132429 de 2023 08 screen","mpn":"","thumbnail":"https:\/\/dev.codekraft.it\/rotary-2024\/wp-content\/uploads\/brb_media\/00510637_lifting-table-mge-20-br-132429-de-2023-08-screen-pdf-106x150.png","description":""},{"id":354511,"url":"https:\/\/dev.codekraft.it\/rotary-2024\/wp-content\/uploads\/brb_media\/00510638_lifting-table-mge-20-br-132430-en-2023-08-screen.pdf","title":"Lifting Table MGE 20 BR 132430 en 2023 08 screen","mpn":"","thumbnail":"https:\/\/dev.codekraft.it\/rotary-2024\/wp-content\/uploads\/brb_media\/00510638_lifting-table-mge-20-br-132430-en-2023-08-screen-pdf-106x150.png","description":""},{"id":354512,"url":"https:\/\/dev.codekraft.it\/rotary-2024\/wp-content\/uploads\/brb_media\/00510639_lifting-table-mge-20-br-132431-fr-2023-08-screen.pdf","title":"Lifting Table MGE 20 BR 132431 fr 2023 08 screen","mpn":"","thumbnail":"https:\/\/dev.codekraft.it\/rotary-2024\/wp-content\/uploads\/brb_media\/00510639_lifting-table-mge-20-br-132431-fr-2023-08-screen-pdf-106x150.png","description":""},{"id":354513,"url":"https:\/\/dev.codekraft.it\/rotary-2024\/wp-content\/uploads\/brb_media\/00510640_lifting-table-mge-20-br-132433-it-2023-08-screen.pdf","title":"Lifting Table MGE 20 BR 132433 it 2023 08 screen","mpn":"","thumbnail":"https:\/\/dev.codekraft.it\/rotary-2024\/wp-content\/uploads\/brb_media\/00510640_lifting-table-mge-20-br-132433-it-2023-08-screen-pdf-106x150.png","description":""},{"id":354514,"url":"https:\/\/dev.codekraft.it\/rotary-2024\/wp-content\/uploads\/brb_media\/00510641_lifting-table-mge-20-br-132434-es-2023-08-screen.pdf","title":"Lifting Table MGE 20 BR 132434 es 2023 08 screen","mpn":"","thumbnail":"https:\/\/dev.codekraft.it\/rotary-2024\/wp-content\/uploads\/brb_media\/00510641_lifting-table-mge-20-br-132434-es-2023-08-screen-pdf-106x150.png","description":""},{"id":354515,"url":"https:\/\/dev.codekraft.it\/rotary-2024\/wp-content\/uploads\/brb_media\/00510642_lifting-table-mge-20-br-132435-ru-2023-08-screen.pdf","title":"Lifting Table MGE 20 BR 132435 ru 2023 08 screen","mpn":"","thumbnail":"https:\/\/dev.codekraft.it\/rotary-2024\/wp-content\/uploads\/brb_media\/00510642_lifting-table-mge-20-br-132435-ru-2023-08-screen-pdf-106x150.png","description":""},{"id":356550,"url":"https:\/\/dev.codekraft.it\/rotary-2024\/wp-content\/uploads\/brb_media\/00527943_special-tools-br-06-24-de-2024-06-screen.pdf","title":"Special tools BR 06 24 de 2024 06 screen","mpn":"","thumbnail":"https:\/\/dev.codekraft.it\/rotary-2024\/wp-content\/uploads\/brb_media\/00527943_special-tools-br-06-24-de-2024-06-screen-pdf-106x150.png","description":""},{"id":356551,"url":"https:\/\/dev.codekraft.it\/rotary-2024\/wp-content\/uploads\/brb_media\/00527944_special-tools-br-06-24-en-2024-06-screen.pdf","title":"Special tools BR 06 24 en 2024 06 screen","mpn":"","thumbnail":"https:\/\/dev.codekraft.it\/rotary-2024\/wp-content\/uploads\/brb_media\/00527944_special-tools-br-06-24-en-2024-06-screen-pdf-106x150.png","description":""}],"brb_media_drawing":"","brb_media_manuals":[{"id":367701,"url":"https:\/\/dev.codekraft.it\/rotary-2024\/wp-content\/uploads\/brb_media\/00527931_master-gear-mge-20-om-131859-de-en-2024-01-reva.pdf","title":"Master Gear MGE 20 OM 131859 de en 2024 01 RevA","mpn":"","thumbnail":"https:\/\/dev.codekraft.it\/rotary-2024\/wp-content\/uploads\/brb_media\/00527931_master-gear-mge-20-om-131859-de-en-2024-01-reva-pdf-106x150.png","description":""}],"brb_media_safety_datasheets":"","brb_media_spare_parts":[],"_cdmm_p_id":"500743","_company":"Elektron","_gtin":"4057612891935","accessories":[{"id":378034,"mpn":"103544","name":"Fixation universelle \u00d8 35\u00a0mm","description":"Per\u00e7age de \u00d8 35\u00a0mm, pouvant accueillir diff\u00e9rents outils, tels que la plaque \u00e0 bo\u00eete de vitesses GA Pkw | dot\u00e9e d'un coussinet","thumbnail":"https:\/\/dev.codekraft.it\/rotary-2024\/wp-content\/uploads\/brb_media\/00510648_accessory-lifting-tables-103544-universal-mounting-mi-150x150.png","url":"https:\/\/dev.codekraft.it\/rotary-2024\/fr\/produits\/accessoires-ponts-elevateurs-fr\/accessoires-tables-de-levage-fr\/fixation-universelle-o-35-mm\/"},{"id":377093,"mpn":"108260","name":"Support pour groupe 454 cdi (smart)","description":"Capacit\u00e9 de charge 180 kg","thumbnail":"https:\/\/dev.codekraft.it\/rotary-2024\/wp-content\/uploads\/brb_media\/00023465_aggregataufnahme-454-cdi-108260_web-150x150.png","url":"https:\/\/dev.codekraft.it\/rotary-2024\/fr\/produits\/autres-produits-fr\/outils-speciaux-fr\/support-pour-groupe-454-cdi-smart\/"},{"id":377112,"mpn":"107856","name":"Support de groupes moteurs Universel | pour W221, W164, W209, R171, R230, R251","description":"Poids 20\u00a0kg, capacit\u00e9 de charge 800\u00a0kg","thumbnail":"https:\/\/dev.codekraft.it\/rotary-2024\/wp-content\/uploads\/brb_media\/00510649_accessory-lifting-tables-aggregate-mounting-universal-107856-mi-150x150.png","url":"https:\/\/dev.codekraft.it\/rotary-2024\/fr\/produits\/accessoires-ponts-elevateurs-fr\/accessoires-tables-de-levage-fr\/support-de-groupes-moteurs-universel-pour-w221-w164-w209-r171-r230-r251\/"},{"id":377193,"mpn":"3136","name":"Plaque de bo\u00eetes de vitesses GA voiture","description":"Angle d'ajustage +\/- 10\u00b0, capacit\u00e9 de charge 400 kg, \u00d8 de goujon 35 mm, dimensions 300 x 240 mm, sangle de serrage de la charge, grande surface d'appui en caoutchouc | utilisation universelle sur les voitures particuli\u00e8res, convient parfaitement aux bo\u00eetes de Mercedes-Benz vitesses automatiques","thumbnail":"https:\/\/dev.codekraft.it\/rotary-2024\/wp-content\/uploads\/brb_media\/00022512-150x150.png","url":"https:\/\/dev.codekraft.it\/rotary-2024\/fr\/produits\/accessoires-ponts-elevateurs-fr\/plaques-de-transmission-fr\/plaque-de-boites-de-vitesses-ga-voiture\/"}],"components":[],"related":[],"page_logo_src":"https:\/\/dev.codekraft.it\/rotary-2024\/wp-content\/uploads\/2024\/05\/cropped-rotary-logo-2022.png","lang":"fr","translations":{"fr":382184,"en":382179,"de":382183,"it":382185,"es":382186,"ru":382187},"pll_sync_post":[],"_links":{"self":[{"href":"https:\/\/dev.codekraft.it\/rotary-2024\/wp-json\/wp\/v2\/product\/382184","targetHints":{"allow":["GET"]}}],"collection":[{"href":"https:\/\/dev.codekraft.it\/rotary-2024\/wp-json\/wp\/v2\/product"}],"about":[{"href":"https:\/\/dev.codekraft.it\/rotary-2024\/wp-json\/wp\/v2\/types\/product"}],"wp:featuredmedia":[{"embeddable":true,"href":"https:\/\/dev.codekraft.it\/rotary-2024\/wp-json\/wp\/v2\/media\/382180"}],"wp:attachment":[{"href":"https:\/\/dev.codekraft.it\/rotary-2024\/wp-json\/wp\/v2\/media?parent=382184"}],"wp:term":[{"taxonomy":"product_brand","embeddable":true,"href":"https:\/\/dev.codekraft.it\/rotary-2024\/wp-json\/wp\/v2\/product_brand?post=382184"},{"taxonomy":"product_cat","embeddable":true,"href":"https:\/\/dev.codekraft.it\/rotary-2024\/wp-json\/wp\/v2\/product_cat?post=382184"},{"taxonomy":"product_tag","embeddable":true,"href":"https:\/\/dev.codekraft.it\/rotary-2024\/wp-json\/wp\/v2\/product_tag?post=382184"},{"taxonomy":"product_approvals","embeddable":true,"href":"https:\/\/dev.codekraft.it\/rotary-2024\/wp-json\/wp\/v2\/product_approvals?post=382184"},{"taxonomy":"product_application","embeddable":true,"href":"https:\/\/dev.codekraft.it\/rotary-2024\/wp-json\/wp\/v2\/product_application?post=382184"}],"curies":[{"name":"wp","href":"https:\/\/api.w.org\/{rel}","templated":true}]}}