{"id":382183,"date":"2025-12-11T10:04:39","date_gmt":"2025-12-11T10:04:39","guid":{"rendered":"https:\/\/dev.codekraft.it\/rotary-2024\/products\/uncategorized\/aggregathubtisch-mge-2-0\/"},"modified":"2025-12-11T10:04:39","modified_gmt":"2025-12-11T10:04:39","slug":"aggregathubtisch-mge-2-0","status":"publish","type":"product","link":"https:\/\/dev.codekraft.it\/rotary-2024\/produkte\/hebebuhnen-de\/hubtische-de\/aggregathubtisch-mge-2-0\/","title":{"rendered":"Aggregathubtisch MGE 2.0"},"content":{"rendered":"<p>Universell einsetzbarer Hubtisch mit 2 t Tragkraft. Geeignet f\u00fcr den sicheren und komfortablen Aus- und Einbau von Motoren, Getrieben, HV-Batterien und Fahrwerkskomponenten, auch bei schweren Lasten. Entwickelt aus 20 Jahren Erfahrung in der Konstruktion und Produktion von Hubtischen in Zusammenarbeit mit f\u00fchrenden Automobilherstellern.<\/p>\n<ul>\n<li>Gro\u00dfe Tragkraft f\u00fcr Gro\u00dfe Fahrzeugkomponenten<\/li>\n<li>Integrierte Werkzeugablage<\/li>\n<li>Einfaches und flexibles Handling<\/li>\n<\/ul>\n<ul>\n<li>2 t Tragkraft f\u00fcr Arbeiten auch an gro\u00dfen Fahrzeugen<\/li>\n<li>Mobilit\u00e4t am Arbeitsplatz durch gro\u00dfe Rollen und Feststellbremsen<\/li>\n<li>Leichtes Man\u00f6vrieren mit Last dank der kugelgelagerten Kunststoffrollen<\/li>\n<li>Breites Angebot an Zubeh\u00f6r (separat erh\u00e4ltlich) macht den Hubtisch zu einem unverzichtbaren, vielseitig einsetzbaren Werkstatthelfer<\/li>\n<li>14 Bohrungen auf der linken und rechten Seite der Tischplatte bieten reichlich M\u00f6glichkeiten zur sicheren und flexiblen Befestigung von Werkzeugen<\/li>\n<li>Der vertikal bewegliche und abnehmbare Griff erm\u00f6glicht eine optimale Positionierung des Hubtischs unter dem Fahrzeug<\/li>\n<\/ul>\n<ul>\n<li>Feste Aufnahmeplatte mit 2&#215;7 Bohrungen zur sicheren Befestigung von verschiedenen Aufnahmen<\/li>\n<li>Integrierte, ausziehbare Werkzeugablage unter der Aufnahmeplatte f\u00fcr ein noch effizienteres Arbeiten &#8211; alle Werkzeuge griffbereit<\/li>\n<li>Serienm\u00e4\u00dfige Wartungsst\u00fctzen erlauben ein sicheres Arbeiten bei der Wartung des Hubtisches<\/li>\n<li>Lufthydraulisch gesteuerter Lasthub f\u00fcr schnelles und m\u00fcheloses Heben<\/li>\n<li>Stufenlose, exakte Dosierung der Absenkgeschwindigkeit dank des regulierbaren Senkbremsventils<\/li>\n<li>Einfaches Man\u00f6vrieren und sicheres Abstellen dank zwei Schwenkrollen mit integrierten Feststellbremsen<\/li>\n<\/ul>\n","protected":false},"excerpt":{"rendered":"<p>2,0 t, 1000 mm Hub, lufthydraulische Pumpe | Grau (RAL 7015)<\/p>\n","protected":false},"featured_media":382180,"template":"","meta":[],"product_brand":[],"product_cat":[1033902],"product_tag":[1034229,1034212,1034126,1034161,1034178,1034195],"product_approvals":[],"product_application":[],"class_list":{"0":"post-382183","1":"product","2":"type-product","3":"status-publish","4":"has-post-thumbnail","6":"product_cat-hubtische-de","7":"product_tag-tracked-vehicles-de","8":"product_tag-agricultural-machines-de","9":"product_tag-trucks-de","10":"product_tag-passenger-cars-de","11":"product_tag-light-commercial-de","12":"product_tag-motor-homes-de","14":"first","15":"instock","16":"shipping-taxable","17":"product-type-simple"},"approvals":[],"application":[],"brb_media_brochure":[{"id":354510,"url":"https:\/\/dev.codekraft.it\/rotary-2024\/wp-content\/uploads\/brb_media\/00510637_lifting-table-mge-20-br-132429-de-2023-08-screen.pdf","title":"Lifting Table MGE 20 BR 132429 de 2023 08 screen","mpn":"","thumbnail":"https:\/\/dev.codekraft.it\/rotary-2024\/wp-content\/uploads\/brb_media\/00510637_lifting-table-mge-20-br-132429-de-2023-08-screen-pdf-106x150.png","description":""},{"id":354511,"url":"https:\/\/dev.codekraft.it\/rotary-2024\/wp-content\/uploads\/brb_media\/00510638_lifting-table-mge-20-br-132430-en-2023-08-screen.pdf","title":"Lifting Table MGE 20 BR 132430 en 2023 08 screen","mpn":"","thumbnail":"https:\/\/dev.codekraft.it\/rotary-2024\/wp-content\/uploads\/brb_media\/00510638_lifting-table-mge-20-br-132430-en-2023-08-screen-pdf-106x150.png","description":""},{"id":354512,"url":"https:\/\/dev.codekraft.it\/rotary-2024\/wp-content\/uploads\/brb_media\/00510639_lifting-table-mge-20-br-132431-fr-2023-08-screen.pdf","title":"Lifting Table MGE 20 BR 132431 fr 2023 08 screen","mpn":"","thumbnail":"https:\/\/dev.codekraft.it\/rotary-2024\/wp-content\/uploads\/brb_media\/00510639_lifting-table-mge-20-br-132431-fr-2023-08-screen-pdf-106x150.png","description":""},{"id":354513,"url":"https:\/\/dev.codekraft.it\/rotary-2024\/wp-content\/uploads\/brb_media\/00510640_lifting-table-mge-20-br-132433-it-2023-08-screen.pdf","title":"Lifting Table MGE 20 BR 132433 it 2023 08 screen","mpn":"","thumbnail":"https:\/\/dev.codekraft.it\/rotary-2024\/wp-content\/uploads\/brb_media\/00510640_lifting-table-mge-20-br-132433-it-2023-08-screen-pdf-106x150.png","description":""},{"id":354514,"url":"https:\/\/dev.codekraft.it\/rotary-2024\/wp-content\/uploads\/brb_media\/00510641_lifting-table-mge-20-br-132434-es-2023-08-screen.pdf","title":"Lifting Table MGE 20 BR 132434 es 2023 08 screen","mpn":"","thumbnail":"https:\/\/dev.codekraft.it\/rotary-2024\/wp-content\/uploads\/brb_media\/00510641_lifting-table-mge-20-br-132434-es-2023-08-screen-pdf-106x150.png","description":""},{"id":354515,"url":"https:\/\/dev.codekraft.it\/rotary-2024\/wp-content\/uploads\/brb_media\/00510642_lifting-table-mge-20-br-132435-ru-2023-08-screen.pdf","title":"Lifting Table MGE 20 BR 132435 ru 2023 08 screen","mpn":"","thumbnail":"https:\/\/dev.codekraft.it\/rotary-2024\/wp-content\/uploads\/brb_media\/00510642_lifting-table-mge-20-br-132435-ru-2023-08-screen-pdf-106x150.png","description":""},{"id":356550,"url":"https:\/\/dev.codekraft.it\/rotary-2024\/wp-content\/uploads\/brb_media\/00527943_special-tools-br-06-24-de-2024-06-screen.pdf","title":"Special tools BR 06 24 de 2024 06 screen","mpn":"","thumbnail":"https:\/\/dev.codekraft.it\/rotary-2024\/wp-content\/uploads\/brb_media\/00527943_special-tools-br-06-24-de-2024-06-screen-pdf-106x150.png","description":""},{"id":356551,"url":"https:\/\/dev.codekraft.it\/rotary-2024\/wp-content\/uploads\/brb_media\/00527944_special-tools-br-06-24-en-2024-06-screen.pdf","title":"Special tools BR 06 24 en 2024 06 screen","mpn":"","thumbnail":"https:\/\/dev.codekraft.it\/rotary-2024\/wp-content\/uploads\/brb_media\/00527944_special-tools-br-06-24-en-2024-06-screen-pdf-106x150.png","description":""}],"brb_media_drawing":"","brb_media_manuals":[{"id":367701,"url":"https:\/\/dev.codekraft.it\/rotary-2024\/wp-content\/uploads\/brb_media\/00527931_master-gear-mge-20-om-131859-de-en-2024-01-reva.pdf","title":"Master Gear MGE 20 OM 131859 de en 2024 01 RevA","mpn":"","thumbnail":"https:\/\/dev.codekraft.it\/rotary-2024\/wp-content\/uploads\/brb_media\/00527931_master-gear-mge-20-om-131859-de-en-2024-01-reva-pdf-106x150.png","description":""}],"brb_media_safety_datasheets":"","brb_media_spare_parts":[],"_cdmm_p_id":"500743","_company":"Elektron","_gtin":"4057612891935","accessories":[{"id":378033,"mpn":"103544","name":"Universalaufnahme \u00d8 35 mm","description":"Aufnahmebohrung \u00d8 35 mm, geeignet zur Aufnahme verschiedener Werkzeuge, wie z. B. die Getriebeplatte GA Pkw | inkl. Buchse","thumbnail":"https:\/\/dev.codekraft.it\/rotary-2024\/wp-content\/uploads\/brb_media\/00510648_accessory-lifting-tables-103544-universal-mounting-mi-150x150.png","url":"https:\/\/dev.codekraft.it\/rotary-2024\/produkte\/zubehor-hebebuhnen-de\/zubehor-hubtische-de\/universalaufnahme-o-35-mm\/"},{"id":377092,"mpn":"108260","name":"Aggregataufnahme 454 cdi (smart)","description":"Tragf\u00e4higkeit 180 kg","thumbnail":"https:\/\/dev.codekraft.it\/rotary-2024\/wp-content\/uploads\/brb_media\/00023465_aggregataufnahme-454-cdi-108260_web-150x150.png","url":"https:\/\/dev.codekraft.it\/rotary-2024\/produkte\/sonstige-produkte-de\/sonderwerkzeuge-de\/aggregataufnahme-454-cdi-smart\/"},{"id":377111,"mpn":"107856","name":"Aggregataufnahme Universal | f\u00fcr W221, W164, W209, R171, R230, R251","description":"Gewicht 20 kg, Tragf\u00e4higkeit 800 kg","thumbnail":"https:\/\/dev.codekraft.it\/rotary-2024\/wp-content\/uploads\/brb_media\/00510649_accessory-lifting-tables-aggregate-mounting-universal-107856-mi-150x150.png","url":"https:\/\/dev.codekraft.it\/rotary-2024\/produkte\/zubehor-hebebuhnen-de\/zubehor-hubtische-de\/aggregataufnahme-universal-fur-w221-w164-w209-r171-r230-r251\/"},{"id":377192,"mpn":"3136","name":"Getriebeplatte GA Pkw","description":"Verstellwinkel +\/- 10\u00b0, Tragf\u00e4higkeit 400 kg, Zapfen-\u00d8 35 mm, Ma\u00dfe 300 x 240 mm, Spanngurt zum Sichern der Last, gro\u00dfe Auflagefl\u00e4che aus Gummi | Universell einsetzbar f\u00fcr Pkw, besonders geeignet f\u00fcr Mercedes-Benz Automatikgetriebe","thumbnail":"https:\/\/dev.codekraft.it\/rotary-2024\/wp-content\/uploads\/brb_media\/00022512-150x150.png","url":"https:\/\/dev.codekraft.it\/rotary-2024\/produkte\/zubehor-hebebuhnen-de\/getriebeplatten-de\/getriebeplatte-ga-pkw\/"}],"components":[],"related":[],"page_logo_src":"https:\/\/dev.codekraft.it\/rotary-2024\/wp-content\/uploads\/2026\/04\/rotary-negative-logo.png","pll_sync_post":{},"lang":"de","translations":{"de":382183,"en":382179,"fr":382184,"it":382185,"es":382186,"ru":382187},"_links":{"self":[{"href":"https:\/\/dev.codekraft.it\/rotary-2024\/wp-json\/wp\/v2\/product\/382183","targetHints":{"allow":["GET"]}}],"collection":[{"href":"https:\/\/dev.codekraft.it\/rotary-2024\/wp-json\/wp\/v2\/product"}],"about":[{"href":"https:\/\/dev.codekraft.it\/rotary-2024\/wp-json\/wp\/v2\/types\/product"}],"wp:featuredmedia":[{"embeddable":true,"href":"https:\/\/dev.codekraft.it\/rotary-2024\/wp-json\/wp\/v2\/media\/382180"}],"wp:attachment":[{"href":"https:\/\/dev.codekraft.it\/rotary-2024\/wp-json\/wp\/v2\/media?parent=382183"}],"wp:term":[{"taxonomy":"product_brand","embeddable":true,"href":"https:\/\/dev.codekraft.it\/rotary-2024\/wp-json\/wp\/v2\/product_brand?post=382183"},{"taxonomy":"product_cat","embeddable":true,"href":"https:\/\/dev.codekraft.it\/rotary-2024\/wp-json\/wp\/v2\/product_cat?post=382183"},{"taxonomy":"product_tag","embeddable":true,"href":"https:\/\/dev.codekraft.it\/rotary-2024\/wp-json\/wp\/v2\/product_tag?post=382183"},{"taxonomy":"product_approvals","embeddable":true,"href":"https:\/\/dev.codekraft.it\/rotary-2024\/wp-json\/wp\/v2\/product_approvals?post=382183"},{"taxonomy":"product_application","embeddable":true,"href":"https:\/\/dev.codekraft.it\/rotary-2024\/wp-json\/wp\/v2\/product_application?post=382183"}],"curies":[{"name":"wp","href":"https:\/\/api.w.org\/{rel}","templated":true}]}}