{"id":382158,"date":"2025-12-11T10:11:11","date_gmt":"2025-12-11T10:11:11","guid":{"rendered":"https:\/\/dev.codekraft.it\/rotary-2024\/products\/uncategorized\/forcella-ruota-fur-artislift-mrg55\/"},"modified":"2025-12-11T10:11:11","modified_gmt":"2025-12-11T10:11:11","slug":"forcella-ruota-fur-artislift-mrg55","status":"publish","type":"product","link":"https:\/\/dev.codekraft.it\/rotary-2024\/it\/prodotti\/accessori-ponti-sollevatori-it\/accessori-ponti-sollevatori-a-colonne-mobili-it\/forcella-ruota-fur-artislift-mrg55\/","title":{"rendered":"Forcella ruota f\u00fcr ArtisLift MRG55"},"content":{"rendered":"","protected":false},"excerpt":{"rendered":"<p>Regolabile, ruota \u00d8 500 &#8211; 1200 mm | assemblato in fabbrica &#8211; non pu\u00f2 essere adattato | 1 pezzo<\/p>\n","protected":false},"featured_media":375374,"template":"","meta":[],"product_cat":[1033814],"product_tag":[1034148,1034131,1034200,1034183,1034251],"product_approvals":[],"product_application":[],"class_list":{"0":"post-382158","1":"product","2":"type-product","3":"status-publish","4":"has-post-thumbnail","6":"product_cat-accessori-ponti-sollevatori-a-colonne-mobili-it","7":"product_tag-buses-it","8":"product_tag-trucks-it","9":"product_tag-motor-homes-it","10":"product_tag-light-commercial-it","11":"product_tag-trailer-it","13":"first","14":"instock","15":"shipping-taxable","16":"product-type-simple"},"approvals":[],"application":[],"brb_media_brochure":"","brb_media_drawing":"","brb_media_manuals":"","brb_media_safety_datasheets":"","brb_media_spare_parts":[],"_cdmm_p_id":"499829","_company":"Elektron","_gtin":"4057612826234","accessories":[{"id":383691,"cdmm_p_id":"502260","name":"Prolunga per forcella ruota 150 mm","description":"Prolunghe forca registrabile (1 per colonna) | 1 set","thumbnail":"","url":"https:\/\/dev.codekraft.it\/rotary-2024\/it\/prodotti\/accessori-ponti-sollevatori-it\/accessori-ponti-sollevatori-a-colonne-mobili-it\/prolunga-per-forcella-ruota-150-mm-2\/"}],"components":[],"related":[],"similar":[],"lang":"it","translations":{"it":382158,"en":382155,"de":382156,"fr":382157,"es":382159,"ru":382160},"pll_sync_post":[],"_links":{"self":[{"href":"https:\/\/dev.codekraft.it\/rotary-2024\/wp-json\/wp\/v2\/product\/382158","targetHints":{"allow":["GET"]}}],"collection":[{"href":"https:\/\/dev.codekraft.it\/rotary-2024\/wp-json\/wp\/v2\/product"}],"about":[{"href":"https:\/\/dev.codekraft.it\/rotary-2024\/wp-json\/wp\/v2\/types\/product"}],"wp:featuredmedia":[{"embeddable":true,"href":"https:\/\/dev.codekraft.it\/rotary-2024\/wp-json\/wp\/v2\/media\/375374"}],"wp:attachment":[{"href":"https:\/\/dev.codekraft.it\/rotary-2024\/wp-json\/wp\/v2\/media?parent=382158"}],"wp:term":[{"taxonomy":"product_cat","embeddable":true,"href":"https:\/\/dev.codekraft.it\/rotary-2024\/wp-json\/wp\/v2\/product_cat?post=382158"},{"taxonomy":"product_tag","embeddable":true,"href":"https:\/\/dev.codekraft.it\/rotary-2024\/wp-json\/wp\/v2\/product_tag?post=382158"},{"taxonomy":"product_approvals","embeddable":true,"href":"https:\/\/dev.codekraft.it\/rotary-2024\/wp-json\/wp\/v2\/product_approvals?post=382158"},{"taxonomy":"product_application","embeddable":true,"href":"https:\/\/dev.codekraft.it\/rotary-2024\/wp-json\/wp\/v2\/product_application?post=382158"}],"curies":[{"name":"wp","href":"https:\/\/api.w.org\/{rel}","templated":true}]}}