{"id":382157,"date":"2025-12-11T10:10:52","date_gmt":"2025-12-11T10:10:52","guid":{"rendered":"https:\/\/dev.codekraft.it\/rotary-2024\/products\/uncategorized\/fourche-de-roue-fur-artislift-mrg55\/"},"modified":"2025-12-11T10:10:52","modified_gmt":"2025-12-11T10:10:52","slug":"fourche-de-roue-fur-artislift-mrg55","status":"publish","type":"product","link":"https:\/\/dev.codekraft.it\/rotary-2024\/fr\/produits\/accessoires-ponts-elevateurs-fr\/accessoires-ponts-elevateurs-a-colonnes-mobiles-fr\/fourche-de-roue-fur-artislift-mrg55\/","title":{"rendered":"Fourche de roue f\u00fcr ArtisLift MRG55"},"content":{"rendered":"","protected":false},"excerpt":{"rendered":"<p>R\u00e9glable, roues \u00d8 500 &#8211; 1200 mm | assembl\u00e9 en usine &#8211; ne peut pas \u00eatre install\u00e9 ult\u00e9rieurement | 1 piece<\/p>\n","protected":false},"featured_media":375374,"template":"","meta":[],"product_cat":[1033810],"product_tag":[1034145,1034128,1034197,1034262,1034180],"product_approvals":[],"product_application":[],"class_list":{"0":"post-382157","1":"product","2":"type-product","3":"status-publish","4":"has-post-thumbnail","6":"product_cat-accessoires-ponts-elevateurs-a-colonnes-mobiles-fr","7":"product_tag-buses-fr","8":"product_tag-trucks-fr","9":"product_tag-motor-homes-fr","10":"product_tag-remorques-fr","11":"product_tag-light-commercial-fr","13":"first","14":"instock","15":"shipping-taxable","16":"product-type-simple"},"approvals":[],"application":[],"brb_media_brochure":"","brb_media_drawing":"","brb_media_manuals":"","brb_media_safety_datasheets":"","brb_media_spare_parts":[],"_cdmm_p_id":"499829","_company":"Elektron","_gtin":"4057612826234","accessories":[{"id":383690,"cdmm_p_id":"502260","name":"Extension de fourche de roue 150 mm","description":"Rallonges fourche r\u00e8glable (1 par colonne) | 1 jeu","thumbnail":"","url":"https:\/\/dev.codekraft.it\/rotary-2024\/fr\/produits\/accessoires-ponts-elevateurs-fr\/accessoires-ponts-elevateurs-a-colonnes-mobiles-fr\/extension-de-fourche-de-roue-150-mm\/"}],"components":[],"related":[],"similar":[],"lang":"fr","translations":{"fr":382157,"en":382155,"de":382156,"it":382158,"es":382159,"ru":382160},"pll_sync_post":[],"_links":{"self":[{"href":"https:\/\/dev.codekraft.it\/rotary-2024\/wp-json\/wp\/v2\/product\/382157","targetHints":{"allow":["GET"]}}],"collection":[{"href":"https:\/\/dev.codekraft.it\/rotary-2024\/wp-json\/wp\/v2\/product"}],"about":[{"href":"https:\/\/dev.codekraft.it\/rotary-2024\/wp-json\/wp\/v2\/types\/product"}],"wp:featuredmedia":[{"embeddable":true,"href":"https:\/\/dev.codekraft.it\/rotary-2024\/wp-json\/wp\/v2\/media\/375374"}],"wp:attachment":[{"href":"https:\/\/dev.codekraft.it\/rotary-2024\/wp-json\/wp\/v2\/media?parent=382157"}],"wp:term":[{"taxonomy":"product_cat","embeddable":true,"href":"https:\/\/dev.codekraft.it\/rotary-2024\/wp-json\/wp\/v2\/product_cat?post=382157"},{"taxonomy":"product_tag","embeddable":true,"href":"https:\/\/dev.codekraft.it\/rotary-2024\/wp-json\/wp\/v2\/product_tag?post=382157"},{"taxonomy":"product_approvals","embeddable":true,"href":"https:\/\/dev.codekraft.it\/rotary-2024\/wp-json\/wp\/v2\/product_approvals?post=382157"},{"taxonomy":"product_application","embeddable":true,"href":"https:\/\/dev.codekraft.it\/rotary-2024\/wp-json\/wp\/v2\/product_application?post=382157"}],"curies":[{"name":"wp","href":"https:\/\/api.w.org\/{rel}","templated":true}]}}