{"id":382137,"date":"2025-12-11T10:10:52","date_gmt":"2025-12-11T10:10:52","guid":{"rendered":"https:\/\/dev.codekraft.it\/rotary-2024\/products\/uncategorized\/reduction-de-fourche-de-roue-pour-ponts-elevateurs-a-colonnes-mobiles-pneus-o-800-700-mm\/"},"modified":"2025-12-11T10:10:52","modified_gmt":"2025-12-11T10:10:52","slug":"reduction-de-fourche-de-roue-pour-ponts-elevateurs-a-colonnes-mobiles-pneus-o-800-700-mm","status":"publish","type":"product","link":"https:\/\/dev.codekraft.it\/rotary-2024\/fr\/produits\/accessoires-ponts-elevateurs-fr\/accessoires-ponts-elevateurs-a-colonnes-mobiles-fr\/reduction-de-fourche-de-roue-pour-ponts-elevateurs-a-colonnes-mobiles-pneus-o-800-700-mm\/","title":{"rendered":"R\u00e9duction de fourche de roue pour ponts \u00e9l\u00e9vateurs \u00e0 colonnes mobiles | pneus \u00d8 800 &#8211; 700 mm"},"content":{"rendered":"","protected":false},"excerpt":{"rendered":"<p>R\u00e9duction de la fourche de roue pour pneus de \u00d8 800 mm \u00e0 \u00d8 700 mm | 1 pi\u00e8ce\/par colonne<\/p>\n","protected":false},"featured_media":382135,"template":"","meta":[],"product_cat":[1033810],"product_tag":[1034145,1034128,1034197,1034262,1034180],"product_approvals":[],"product_application":[],"class_list":{"0":"post-382137","1":"product","2":"type-product","3":"status-publish","4":"has-post-thumbnail","6":"product_cat-accessoires-ponts-elevateurs-a-colonnes-mobiles-fr","7":"product_tag-buses-fr","8":"product_tag-trucks-fr","9":"product_tag-motor-homes-fr","10":"product_tag-remorques-fr","11":"product_tag-light-commercial-fr","13":"first","14":"instock","15":"shipping-taxable","16":"product-type-simple"},"approvals":[],"application":[],"brb_media_brochure":"","brb_media_drawing":"","brb_media_manuals":"","brb_media_safety_datasheets":"","brb_media_spare_parts":[],"_cdmm_p_id":"499828","_company":"VSG","_gtin":"4057612820256","accessories":[],"components":[],"related":[],"similar":[],"lang":"fr","translations":{"fr":382137,"en":382134,"de":382136,"it":382138,"es":382139,"ru":382140},"pll_sync_post":[],"_links":{"self":[{"href":"https:\/\/dev.codekraft.it\/rotary-2024\/wp-json\/wp\/v2\/product\/382137","targetHints":{"allow":["GET"]}}],"collection":[{"href":"https:\/\/dev.codekraft.it\/rotary-2024\/wp-json\/wp\/v2\/product"}],"about":[{"href":"https:\/\/dev.codekraft.it\/rotary-2024\/wp-json\/wp\/v2\/types\/product"}],"wp:featuredmedia":[{"embeddable":true,"href":"https:\/\/dev.codekraft.it\/rotary-2024\/wp-json\/wp\/v2\/media\/382135"}],"wp:attachment":[{"href":"https:\/\/dev.codekraft.it\/rotary-2024\/wp-json\/wp\/v2\/media?parent=382137"}],"wp:term":[{"taxonomy":"product_cat","embeddable":true,"href":"https:\/\/dev.codekraft.it\/rotary-2024\/wp-json\/wp\/v2\/product_cat?post=382137"},{"taxonomy":"product_tag","embeddable":true,"href":"https:\/\/dev.codekraft.it\/rotary-2024\/wp-json\/wp\/v2\/product_tag?post=382137"},{"taxonomy":"product_approvals","embeddable":true,"href":"https:\/\/dev.codekraft.it\/rotary-2024\/wp-json\/wp\/v2\/product_approvals?post=382137"},{"taxonomy":"product_application","embeddable":true,"href":"https:\/\/dev.codekraft.it\/rotary-2024\/wp-json\/wp\/v2\/product_application?post=382137"}],"curies":[{"name":"wp","href":"https:\/\/api.w.org\/{rel}","templated":true}]}}