{"id":381970,"date":"2025-12-11T10:10:44","date_gmt":"2025-12-11T10:10:44","guid":{"rendered":"https:\/\/dev.codekraft.it\/rotary-2024\/products\/uncategorized\/pont-elevateur-a-2-colonnes-spoa3ts-eh2-ev-2\/"},"modified":"2025-12-11T10:10:44","modified_gmt":"2025-12-11T10:10:44","slug":"pont-elevateur-a-2-colonnes-spoa3ts-eh2-ev-2","status":"publish","type":"product","link":"https:\/\/dev.codekraft.it\/rotary-2024\/fr\/produits\/ponts-elevateurs-fr\/ponts-elevateurs-a-2-colonnes-fr\/pont-elevateur-a-2-colonnes-spoa3ts-eh2-ev-2\/","title":{"rendered":"Pont \u00e9l\u00e9vateur \u00e0 2 colonnes SPOA3TS-EH2-EV"},"content":{"rendered":"<p>Le pont \u00e9l\u00e9vateur \u00e0 2 colonnes \u00e9lectro-hydraulique SPOA3TS- EH2-EV est la solution id\u00e9ale pour installer un poste de\u00a0travail universel. Les bras \u00e0 profil bas innovants, dot\u00e9s d&#8217;un terminal rotatif,\u00a0permettent une utilisation incroyablement flexible, rendant le pont utilisable\u00a0avec tous les types de v\u00e9hicules &#8211; des citadines classiques aux voitures\u00a0de sport &#8211; y compris les v\u00e9hicules \u00e9lectriques derni\u00e8re g\u00e9n\u00e9ration &#8211; en passant berlines \u00e0 long empattement.<\/p>\n<ul>\n<li>Haute fonctionnalit\u00e9\u00a0: convient pour tout type de v\u00e9hicules<\/li>\n<li>Haute polyvalence\u00a0: acc\u00e8s facile \u00e0 toutes les pi\u00e8ces du v\u00e9hicule<\/li>\n<li>S\u00e9curit\u00e9 totale\u00a0: des mouvements s\u00fbrs et stables<\/li>\n<\/ul>\n<ul>\n<li>Encombrement minimum sur le\u00a0dessous de caisse<\/li>\n<li>Possibilit\u00e9 d&#8217;utiliser le bras droit ou inclin\u00e9\u00a0jusqu&#8217;\u00e0 90\u00b0<\/li>\n<li>Le terminal rotatif est facile \u00e0 ajuster\u00a0selon le type de v\u00e9hicule trait\u00e9<\/li>\n<li>G\u00e9om\u00e9trie innovante des bras asym\u00e9triques\u00a0avec le terminal rotatif<\/li>\n<li>Parfait pour les voitures \u00e9lectriques<\/li>\n<li>Encombrement minimum sur le dessous de caisse<\/li>\n<li>Id\u00e9al pour les voitures de sport \u00e0 profil bas<\/li>\n<li>Plage de levage large<\/li>\n<\/ul>\n<ul>\n<li>La flexibilit\u00e9 de mouvement des bras donne un acc\u00e8s direct au module de batterie pour les op\u00e9rations de d\u00e9pose. Le syst\u00e8me d&#8217;arr\u00eat automatique du bras garantit une parfaite s\u00e9curit\u00e9 et stabilit\u00e9 \u00e0 l&#8217;op\u00e9rateur.<\/li>\n<li>Le tr\u00e8s faible encombrement du bras permet de travailler sur le dessous de caisse sans obstacles, m\u00eame sur les pi\u00e8ces du v\u00e9hicule telles que les roues, les freins et la suspension.<\/li>\n<li>Gain d&#8217;espace sur le poste de travail. Bloc d&#8217;alimentation plac\u00e9 sur la partie sup\u00e9rieure de la colonne.<\/li>\n<li>But\u00e9e CE\u00a0: protection m\u00e9canique des pieds remplac\u00e9e par une but\u00e9e \u00e0 signal sonore CE<\/li>\n<li>Le terminal rotatif permet d&#8217;atteindre facilement les points de levage en \u00e9cartant le corps du bras du ch\u00e2ssis; cela \u00e9vite tout contact entre le v\u00e9hicule et le bras.<\/li>\n<\/ul>\n","protected":false},"excerpt":{"rendered":"<p>3,5 t, \u00e9lectrohydraulique, bras EV<\/p>\n","protected":false},"featured_media":354245,"template":"","meta":[],"product_cat":[1033380],"product_tag":[1034180,1034163],"product_approvals":[],"product_application":[],"class_list":{"0":"post-381970","1":"product","2":"type-product","3":"status-publish","4":"has-post-thumbnail","6":"product_cat-ponts-elevateurs-a-2-colonnes-fr","7":"product_tag-light-commercial-fr","8":"product_tag-passenger-cars-fr","10":"first","11":"instock","12":"shipping-taxable","13":"product-type-simple"},"approvals":[],"application":[],"brb_media_brochure":[{"id":354246,"url":"https:\/\/dev.codekraft.it\/rotary-2024\/wp-content\/uploads\/brb_media\/00522056_2-post-lift-spoa3ts-ev-eh2-br-131248-de-2024-02-screen.pdf","title":"2 Post Lift SPOA3TS EV EH2 BR 131248 de 2024 02 screen","thumbnail":"https:\/\/dev.codekraft.it\/rotary-2024\/wp-content\/uploads\/brb_media\/00522056_2-post-lift-spoa3ts-ev-eh2-br-131248-de-2024-02-screen-pdf-106x150.png","description":""},{"id":354247,"url":"https:\/\/dev.codekraft.it\/rotary-2024\/wp-content\/uploads\/brb_media\/00522057_2-post-lift-spoa3ts-ev-eh2-br-131249-en-2024-02-screen.pdf","title":"2 Post Lift SPOA3TS EV EH2 BR 131249 en 2024 02 screen","thumbnail":"https:\/\/dev.codekraft.it\/rotary-2024\/wp-content\/uploads\/brb_media\/00522057_2-post-lift-spoa3ts-ev-eh2-br-131249-en-2024-02-screen-pdf-106x150.png","description":""},{"id":354248,"url":"https:\/\/dev.codekraft.it\/rotary-2024\/wp-content\/uploads\/brb_media\/00522058_2-post-lift-spoa3ts-ev-eh2-br-131250-fr-2024-02-screen.pdf","title":"2 Post Lift SPOA3TS EV EH2 BR 131250 fr 2024 02 screen","thumbnail":"https:\/\/dev.codekraft.it\/rotary-2024\/wp-content\/uploads\/brb_media\/00522058_2-post-lift-spoa3ts-ev-eh2-br-131250-fr-2024-02-screen-pdf-106x150.png","description":""},{"id":354249,"url":"https:\/\/dev.codekraft.it\/rotary-2024\/wp-content\/uploads\/brb_media\/00522059_2-post-lift-spoa3ts-ev-eh2-br-131251-it-2024-02-screen.pdf","title":"2 Post Lift SPOA3TS EV EH2 BR 131251 it 2024 02 screen","thumbnail":"https:\/\/dev.codekraft.it\/rotary-2024\/wp-content\/uploads\/brb_media\/00522059_2-post-lift-spoa3ts-ev-eh2-br-131251-it-2024-02-screen-pdf-106x150.png","description":""},{"id":354250,"url":"https:\/\/dev.codekraft.it\/rotary-2024\/wp-content\/uploads\/brb_media\/00522060_2-post-lift-spoa3ts-ev-eh2-br-131252-es-2024-02-screen.pdf","title":"2 Post Lift SPOA3TS EV EH2 BR 131252 es 2024 02 screen","thumbnail":"https:\/\/dev.codekraft.it\/rotary-2024\/wp-content\/uploads\/brb_media\/00522060_2-post-lift-spoa3ts-ev-eh2-br-131252-es-2024-02-screen-pdf-106x150.png","description":""},{"id":354251,"url":"https:\/\/dev.codekraft.it\/rotary-2024\/wp-content\/uploads\/brb_media\/00522061_2-post-lift-spoa3ts-ev-eh2-br-131253-ru-2024-02-screen.pdf","title":"2 Post Lift SPOA3TS EV EH2 BR 131253 ru 2024 02 screen","thumbnail":"https:\/\/dev.codekraft.it\/rotary-2024\/wp-content\/uploads\/brb_media\/00522061_2-post-lift-spoa3ts-ev-eh2-br-131253-ru-2024-02-screen-pdf-106x150.png","description":""}],"brb_media_drawing":[{"id":354252,"url":"https:\/\/dev.codekraft.it\/rotary-2024\/wp-content\/uploads\/brb_media\/00510091_2-post-lift-spoa3t-ev-pickup-matrix-en-2022-10.pdf","title":"2 post lift SPOA3T EV Pickup matrix en 2022 10","thumbnail":"https:\/\/dev.codekraft.it\/rotary-2024\/wp-content\/uploads\/brb_media\/00510091_2-post-lift-spoa3t-ev-pickup-matrix-en-2022-10-pdf-150x106.png","description":""},{"id":354253,"url":"https:\/\/dev.codekraft.it\/rotary-2024\/wp-content\/uploads\/brb_media\/00507226_datasheet-spoa3t-eh2-ev.pdf","title":"Datasheet SPOA3T EH2 EV","thumbnail":"https:\/\/dev.codekraft.it\/rotary-2024\/wp-content\/uploads\/brb_media\/00507226_datasheet-spoa3t-eh2-ev-pdf-150x106.png","description":""}],"brb_media_manuals":[{"id":378489,"url":"https:\/\/dev.codekraft.it\/rotary-2024\/wp-content\/uploads\/brb_media\/00550427_2-post-lift-spoa3t_om-sp-tb_spo-3-de_2025-03-rev-g.pdf","title":"2 Post Lift SPOA3T OM SP TB SPO 3 DE 2025 03 Rev G","thumbnail":"https:\/\/dev.codekraft.it\/rotary-2024\/wp-content\/uploads\/brb_media\/00550427_2-post-lift-spoa3t_om-sp-tb_spo-3-de_2025-03-rev-g-pdf-106x150.png","description":""},{"id":349856,"url":"https:\/\/dev.codekraft.it\/rotary-2024\/wp-content\/uploads\/brb_media\/00470985_2-post-lift-om-spo-3\uff08reva1en.pdf","title":"2 Post Lift OM SPO 3\uff08revA1)(en)","thumbnail":"https:\/\/dev.codekraft.it\/rotary-2024\/wp-content\/uploads\/brb_media\/00470985_2-post-lift-om-spo-3\uff08reva1en-pdf-116x150.png","description":""},{"id":349857,"url":"https:\/\/dev.codekraft.it\/rotary-2024\/wp-content\/uploads\/brb_media\/00466373_2-post-lift-om-spo-3-ef-bc-88reva1-fr-.pdf","title":"2 post lift om spo 3 EF BC 88reva1 fr","thumbnail":"https:\/\/dev.codekraft.it\/rotary-2024\/wp-content\/uploads\/brb_media\/00466373_2-post-lift-om-spo-3-ef-bc-88reva1-fr--pdf-116x150.png","description":""},{"id":349859,"url":"https:\/\/dev.codekraft.it\/rotary-2024\/wp-content\/uploads\/brb_media\/00466375_2-post-lift-om-spo-3-ef-bc-88reva1-it-.pdf","title":"2 post lift om spo 3 EF BC 88reva1 it","thumbnail":"https:\/\/dev.codekraft.it\/rotary-2024\/wp-content\/uploads\/brb_media\/00466375_2-post-lift-om-spo-3-ef-bc-88reva1-it--pdf-116x150.png","description":""},{"id":349858,"url":"https:\/\/dev.codekraft.it\/rotary-2024\/wp-content\/uploads\/brb_media\/00466372_2-post-lift-om-spo-3-ef-bc-88reva1-es-.pdf","title":"2 post lift om spo 3 EF BC 88reva1 es","thumbnail":"https:\/\/dev.codekraft.it\/rotary-2024\/wp-content\/uploads\/brb_media\/00466372_2-post-lift-om-spo-3-ef-bc-88reva1-es--pdf-116x150.png","description":""},{"id":349860,"url":"https:\/\/dev.codekraft.it\/rotary-2024\/wp-content\/uploads\/brb_media\/00466376_2-post-lift-om-spo-3-ef-bc-88reva1-rus-.pdf","title":"2 post lift om spo 3 EF BC 88reva1 rus","thumbnail":"https:\/\/dev.codekraft.it\/rotary-2024\/wp-content\/uploads\/brb_media\/00466376_2-post-lift-om-spo-3-ef-bc-88reva1-rus--pdf-116x150.png","description":""},{"id":349861,"url":"https:\/\/dev.codekraft.it\/rotary-2024\/wp-content\/uploads\/brb_media\/00466369_2-post-lift-om-spo-3-ef-bc-88reva1-cz-.pdf","title":"2 post lift om spo 3 EF BC 88reva1 cz","thumbnail":"https:\/\/dev.codekraft.it\/rotary-2024\/wp-content\/uploads\/brb_media\/00466369_2-post-lift-om-spo-3-ef-bc-88reva1-cz--pdf-116x150.png","description":""},{"id":349862,"url":"https:\/\/dev.codekraft.it\/rotary-2024\/wp-content\/uploads\/brb_media\/00466370_2-post-lift-om-spo-3-ef-bc-88reva1-dutch-.pdf","title":"2 post lift om spo 3 EF BC 88reva1 dutch","thumbnail":"https:\/\/dev.codekraft.it\/rotary-2024\/wp-content\/uploads\/brb_media\/00466370_2-post-lift-om-spo-3-ef-bc-88reva1-dutch--pdf-116x150.png","description":""},{"id":349863,"url":"https:\/\/dev.codekraft.it\/rotary-2024\/wp-content\/uploads\/brb_media\/00466378_2-post-lift-om-spo-3-ef-bc-88reva1-sw-.pdf","title":"2 post lift om spo 3 EF BC 88reva1 sw","thumbnail":"https:\/\/dev.codekraft.it\/rotary-2024\/wp-content\/uploads\/brb_media\/00466378_2-post-lift-om-spo-3-ef-bc-88reva1-sw--pdf-116x150.png","description":""},{"id":349864,"url":"https:\/\/dev.codekraft.it\/rotary-2024\/wp-content\/uploads\/brb_media\/00466377_2-post-lift-om-spo-3-ef-bc-88reva1-slov-.pdf","title":"2 post lift om spo 3 EF BC 88reva1 slov","thumbnail":"https:\/\/dev.codekraft.it\/rotary-2024\/wp-content\/uploads\/brb_media\/00466377_2-post-lift-om-spo-3-ef-bc-88reva1-slov--pdf-116x150.png","description":""}],"brb_media_safety_datasheets":"","brb_media_spare_parts":[],"_cdmm_p_id":"499629","_company":"Elektron","_gtin":"4057612887358","accessories":[{"id":381088,"cdmm_p_id":"497214","name":"Kit tampons","description":"Plaque de support, support en caoutchouc, rond | \u00d8 80 mm | 1 jeu \/ 4 pi\u00e8ces","thumbnail":"https:\/\/dev.codekraft.it\/rotary-2024\/wp-content\/uploads\/brb_media\/00535980_2-post-lift-fj6216c-mi-150x150.png","url":"https:\/\/dev.codekraft.it\/rotary-2024\/fr\/produits\/accessoires-ponts-elevateurs-fr\/systemes-de-transport-prise-de-charge-fr\/kit-tampons-7\/"},{"id":381256,"cdmm_p_id":"497248","name":"Arceau auxiliaire","description":"Pour plaque de base SPO3T | 1 jeu \/ 2 pi\u00e8ces","thumbnail":"https:\/\/dev.codekraft.it\/rotary-2024\/wp-content\/uploads\/brb_media\/00524052_2-post-lift-gp-spoa3t-mi-150x150.png","url":"https:\/\/dev.codekraft.it\/rotary-2024\/fr\/produits\/accessoires-ponts-elevateurs-fr\/accessoires-ponts-elevateurs-a-2-colonnes-fr\/arceau-auxiliaire\/"},{"id":378448,"cdmm_p_id":"40650","name":"Entretoises pour tampons pour \u00e9l\u00e9vateurs \u00e9lectrohydrauliques","description":"4 x 89 mm, 4 x 127 mm, y compris 2 supports pour le montage sur les colonnes | 1 jeu \/ 8 pi\u00e8ces","thumbnail":"https:\/\/dev.codekraft.it\/rotary-2024\/wp-content\/uploads\/brb_media\/00495751_2-post-lift-spoa3ts-ev-adapter-extension-89-127-di-150x150.png","url":"https:\/\/dev.codekraft.it\/rotary-2024\/fr\/produits\/accessoires-ponts-elevateurs-fr\/accessoires-ponts-elevateurs-a-2-colonnes-fr\/entretoises-pour-tampons-pour-elevateurs-electrohydrauliques\/"},{"id":383984,"cdmm_p_id":"502815","name":"Bac pour les outils","description":"Aimant\u00e9es | ensemble de plateaux | 1 jeu \/ 4 pi\u00e8ces","thumbnail":"https:\/\/dev.codekraft.it\/rotary-2024\/wp-content\/uploads\/brb_media\/00509504_2-post-lift-vsg2call902641-mi-150x150.png","url":"https:\/\/dev.codekraft.it\/rotary-2024\/fr\/produits\/accessoires-ponts-elevateurs-fr\/accessoires-ponts-elevateurs-a-2-colonnes-fr\/bac-pour-les-outils\/"},{"id":382528,"cdmm_p_id":"500905","name":"Kit tampons","description":"Plaque de support, support en caoutchouc, rectangulaire | pour Tesla | 1 jeu \/ 4 pi\u00e8ces","thumbnail":"https:\/\/dev.codekraft.it\/rotary-2024\/wp-content\/uploads\/brb_media\/00505100_2-post-lift-vsg2call901538-mi-150x150.png","url":"https:\/\/dev.codekraft.it\/rotary-2024\/fr\/produits\/accessoires-ponts-elevateurs-fr\/systemes-de-transport-prise-de-charge-fr\/kit-tampons-8\/"},{"id":382534,"cdmm_p_id":"500906","name":"Kit tampons","description":"Plateau, champignon de centrage | pour Fiat 500E, 500 ABARTH | 2 niveaux | 1 jeu \/ 4 pi\u00e8ces","thumbnail":"https:\/\/dev.codekraft.it\/rotary-2024\/wp-content\/uploads\/brb_media\/00505105_2-post-lift-vsg2call902023-mi-150x150.png","url":"https:\/\/dev.codekraft.it\/rotary-2024\/fr\/produits\/accessoires-ponts-elevateurs-fr\/systemes-de-transport-prise-de-charge-fr\/kit-tampons-9\/"},{"id":382540,"cdmm_p_id":"500907","name":"Kit tampons","description":"Prisme | pour VW-MEB-Platform-V\u00e9hicules \u00e9lectriques | 1 jeu \/ 4 pi\u00e8ce","thumbnail":"https:\/\/dev.codekraft.it\/rotary-2024\/wp-content\/uploads\/brb_media\/00509505_2-post-lift-vsg2call902146-mi-150x150.png","url":"https:\/\/dev.codekraft.it\/rotary-2024\/fr\/produits\/accessoires-ponts-elevateurs-fr\/systemes-de-transport-prise-de-charge-fr\/kit-tampons-10\/"},{"id":382564,"cdmm_p_id":"500912","name":"Kit tampons","description":"Plateau, logement en U | 1 jeu \/ 4 pi\u00e8ces","thumbnail":"https:\/\/dev.codekraft.it\/rotary-2024\/wp-content\/uploads\/brb_media\/00505104_2-post-lift-vsg2call901330-mi-150x150.png","url":"https:\/\/dev.codekraft.it\/rotary-2024\/fr\/produits\/accessoires-ponts-elevateurs-fr\/systemes-de-transport-prise-de-charge-fr\/kit-tampons-11\/"},{"id":384184,"cdmm_p_id":"503070","name":"Kit tampons","description":"Prisme | pour Mercedes Classe G - l'avant et l'arri\u00e8re | 1 jeu \/ 4 pi\u00e8ces","thumbnail":"https:\/\/dev.codekraft.it\/rotary-2024\/wp-content\/uploads\/brb_media\/00511001_2-post-lift-vsg2call901859-mi-150x150.png","url":"https:\/\/dev.codekraft.it\/rotary-2024\/fr\/produits\/accessoires-ponts-elevateurs-fr\/systemes-de-transport-prise-de-charge-fr\/kit-tampons-14\/"},{"id":384178,"cdmm_p_id":"503068","name":"Kit tampons","description":"Mandrin | pour Fiat Ducato, Peugeot Boxer, Citro\u00ebn Jumper - avant et arri\u00e8re | 1 jeu \/ 4 pi\u00e8ces","thumbnail":"https:\/\/dev.codekraft.it\/rotary-2024\/wp-content\/uploads\/brb_media\/00510999_2-post-lift-vsg2call901606-mi-150x150.png","url":"https:\/\/dev.codekraft.it\/rotary-2024\/fr\/produits\/accessoires-ponts-elevateurs-fr\/systemes-de-transport-prise-de-charge-fr\/kit-tampons-13\/"},{"id":384172,"cdmm_p_id":"503067","name":"Kit tampons","description":"Prisme, mandrin | pour Mercedes Sprinter, VW Crafter | 1 jeu \/ 6 pi\u00e8ces","thumbnail":"https:\/\/dev.codekraft.it\/rotary-2024\/wp-content\/uploads\/brb_media\/00511000_2-post-lift-vsg2call901712-mi-150x150.png","url":"https:\/\/dev.codekraft.it\/rotary-2024\/fr\/produits\/accessoires-ponts-elevateurs-fr\/systemes-de-transport-prise-de-charge-fr\/kit-tampons-12\/"},{"id":382558,"cdmm_p_id":"500910","name":"Kit adaptateurs","description":"Kit adaptateurs pour tampons pour prise chassis \u00d8 120 mm (1 jeu, 2 pi\u00e8ces), pour plateau tournant","thumbnail":"https:\/\/dev.codekraft.it\/rotary-2024\/wp-content\/uploads\/brb_media\/00524050_2-post-lift-fj6353-1-mi-150x150.png","url":"https:\/\/dev.codekraft.it\/rotary-2024\/fr\/produits\/accessoires-ponts-elevateurs-fr\/accessoires-ponts-elevateurs-a-2-colonnes-fr\/kit-adaptateurs\/"},{"id":384313,"cdmm_p_id":"503612","name":"Deuxi\u00e8me unit\u00e9 de commande","description":"Pour SPOA3TS-EH2-EV | 1 pi\u00e8ce","thumbnail":"https:\/\/dev.codekraft.it\/rotary-2024\/wp-content\/uploads\/brb_media\/00312548-150x150.png","url":"https:\/\/dev.codekraft.it\/rotary-2024\/fr\/produits\/accessoires-ponts-elevateurs-fr\/accessoires-ponts-elevateurs-a-2-colonnes-fr\/deuxieme-unite-de-commande-2\/"},{"id":382552,"cdmm_p_id":"500909","name":"Entretoises pour tampons","description":"4 x 200 mm, y compris support pour le montage sur les colonnes | 1 jeu \/ 4 pi\u00e8ces","thumbnail":"https:\/\/dev.codekraft.it\/rotary-2024\/wp-content\/uploads\/brb_media\/00505099_2-post-lift-vsg2call901248-mi-150x150.png","url":"https:\/\/dev.codekraft.it\/rotary-2024\/fr\/produits\/accessoires-ponts-elevateurs-fr\/accessoires-ponts-elevateurs-a-2-colonnes-fr\/entretoises-pour-tampons\/"},{"id":383972,"cdmm_p_id":"502811","name":"Kit de supports pour rehausser les v\u00e9hicules","description":"Hauteur de rampe 60 mm, pour v\u00e9hicules extr\u00eamement bas | 1 jeu \/ 2 pi\u00e8ces","thumbnail":"https:\/\/dev.codekraft.it\/rotary-2024\/wp-content\/uploads\/brb_media\/00509501_2-post-lift-vsg2call902818-mi-150x150.png","url":"https:\/\/dev.codekraft.it\/rotary-2024\/fr\/produits\/accessoires-ponts-elevateurs-fr\/accessoires-ponts-elevateurs-a-2-colonnes-fr\/kit-de-supports-pour-rehausser-les-vehicules\/"},{"id":383978,"cdmm_p_id":"502814","name":"Kit de supports pour le contr\u00f4le de g\u00e9om\u00e9trie","description":"1 jeu \/ 4 pi\u00e8ces","thumbnail":"https:\/\/dev.codekraft.it\/rotary-2024\/wp-content\/uploads\/brb_media\/00509503_2-post-lift-vsg2call902085-mi-150x150.png","url":"https:\/\/dev.codekraft.it\/rotary-2024\/fr\/produits\/accessoires-ponts-elevateurs-fr\/accessoires-ponts-elevateurs-a-2-colonnes-fr\/kit-de-supports-pour-le-controle-de-geometrie\/"},{"id":384190,"cdmm_p_id":"503071","name":"Support d&#039;outil","description":"Support pour outillage pneumatique, ergonomique","thumbnail":"https:\/\/dev.codekraft.it\/rotary-2024\/wp-content\/uploads\/brb_media\/00511003_2-post-lift-vsg2call902511-mi-150x150.png","url":"https:\/\/dev.codekraft.it\/rotary-2024\/fr\/produits\/accessoires-ponts-elevateurs-fr\/accessoires-ponts-elevateurs-a-2-colonnes-fr\/support-doutil\/"}],"components":[],"related":[],"similar":[{"id":378497,"cdmm_p_id":"177354","name":"Pont \u00e9l\u00e9vateur \u00e0 2 colonnes SPOA3TS-5-EH2","description":"3,5 t, \u00e9lectrohydraulique, fonctionnement par bouton-poussoir, bras porteurs 3-pi\u00e8ces \u00e0 l'avant, asym\u00e9trique, hauteur totale de 4170 mm","thumbnail":"https:\/\/dev.codekraft.it\/rotary-2024\/wp-content\/uploads\/brb_media\/00448014_2-post-lift-spoa-3t-e-control-mi-150x150.png","url":"https:\/\/dev.codekraft.it\/rotary-2024\/fr\/produits\/ponts-elevateurs-fr\/ponts-elevateurs-a-2-colonnes-fr\/pont-elevateur-a-2-colonnes-spoa3ts-5-eh2\/"},{"id":379544,"cdmm_p_id":"471162","name":"Pont \u00e9l\u00e9vateur \u00e0 2 colonnes SPOA3TS-5SC-EH2","description":"3,5 t, \u00e9lectrohydraulique, fonctionnement par bouton-poussoir, bras porteurs 3-pi\u00e8ces \u00e0 l'avant, asym\u00e9trique, hauteur totale de 4080 mm","thumbnail":"https:\/\/dev.codekraft.it\/rotary-2024\/wp-content\/uploads\/brb_media\/00448014_2-post-lift-spoa-3t-e-control-mi-150x150.png","url":"https:\/\/dev.codekraft.it\/rotary-2024\/fr\/produits\/ponts-elevateurs-fr\/ponts-elevateurs-a-2-colonnes-fr\/pont-elevateur-a-2-colonnes-spoa3ts-5sc-eh2\/"},{"id":384072,"cdmm_p_id":"502953","name":"Pont \u00e9l\u00e9vateur \u00e0 2 colonnes SPMA35-XEV","description":"3,5 t, \u00e9lectrom\u00e9canique, asym\u00e9trique, double panneau de commande, colonnes tourn\u00e9es \u00e0 45\u00b0, bras EV, TEq-Link, kit d'\u00e9nergie","thumbnail":"https:\/\/dev.codekraft.it\/rotary-2024\/wp-content\/uploads\/brb_media\/00510247_2-post-lift-spma35-xev-mi-150x150.png","url":"https:\/\/dev.codekraft.it\/rotary-2024\/fr\/produits\/ponts-elevateurs-fr\/ponts-elevateurs-a-2-colonnes-fr\/pont-elevateur-a-2-colonnes-spma35-xev\/"}],"lang":"fr","translations":{"fr":381970,"en":381966,"de":381967,"it":381972,"es":381974,"ru":381975},"pll_sync_post":[],"_links":{"self":[{"href":"https:\/\/dev.codekraft.it\/rotary-2024\/wp-json\/wp\/v2\/product\/381970","targetHints":{"allow":["GET"]}}],"collection":[{"href":"https:\/\/dev.codekraft.it\/rotary-2024\/wp-json\/wp\/v2\/product"}],"about":[{"href":"https:\/\/dev.codekraft.it\/rotary-2024\/wp-json\/wp\/v2\/types\/product"}],"wp:featuredmedia":[{"embeddable":true,"href":"https:\/\/dev.codekraft.it\/rotary-2024\/wp-json\/wp\/v2\/media\/354245"}],"wp:attachment":[{"href":"https:\/\/dev.codekraft.it\/rotary-2024\/wp-json\/wp\/v2\/media?parent=381970"}],"wp:term":[{"taxonomy":"product_cat","embeddable":true,"href":"https:\/\/dev.codekraft.it\/rotary-2024\/wp-json\/wp\/v2\/product_cat?post=381970"},{"taxonomy":"product_tag","embeddable":true,"href":"https:\/\/dev.codekraft.it\/rotary-2024\/wp-json\/wp\/v2\/product_tag?post=381970"},{"taxonomy":"product_approvals","embeddable":true,"href":"https:\/\/dev.codekraft.it\/rotary-2024\/wp-json\/wp\/v2\/product_approvals?post=381970"},{"taxonomy":"product_application","embeddable":true,"href":"https:\/\/dev.codekraft.it\/rotary-2024\/wp-json\/wp\/v2\/product_application?post=381970"}],"curies":[{"name":"wp","href":"https:\/\/api.w.org\/{rel}","templated":true}]}}