{"id":381943,"date":"2025-12-11T10:04:36","date_gmt":"2025-12-11T10:04:36","guid":{"rendered":"https:\/\/dev.codekraft.it\/rotary-2024\/products\/uncategorized\/lkw-scherenhebebuhne-s90-60i\/"},"modified":"2025-12-11T10:04:36","modified_gmt":"2025-12-11T10:04:36","slug":"lkw-scherenhebebuhne-s90-60i","status":"publish","type":"product","link":"https:\/\/dev.codekraft.it\/rotary-2024\/produkte\/hebebuhnen-de\/scheren-hebebuhnen-de\/lkw-scherenhebebuhne-s90-60i\/","title":{"rendered":"Lkw-Scherenhebeb\u00fchne S90-60I"},"content":{"rendered":"<p>Robuste Scherenhebeb\u00fchne f\u00fcr die problemlose Aufnahme von Transportern, Wohnmobilen und kleinen Lkw. Die Hebeb\u00fchne ist wahlweise mit 9 oder 13 t Tragkraft lieferbar. Fahrbahnl\u00e4ngen 6 oder 7 m.<\/p>\n<ul>\n<li>Platzsparend<\/li>\n<li>Perfekter Gleichlauf bei automatischem Ausgleich<\/li>\n<li>Stabile Konstruktion mit Leistungsreserven<\/li>\n<\/ul>\n<ul>\n<li>Hydraulische Steuerung des Gleichlaufs beider Fahrschienen, unabh\u00e4ngig der Lastverteilung. Automatischer Ausgleich des hydraulischen Systems in der Nullstellung.<\/li>\n<li>Starkes Hydraulikaggregat f\u00fcr schnelle Hub- und Senkzeiten.<\/li>\n<li>Auffahrschienen-Oberfl\u00e4chen aus rutschfestem Tr\u00e4nenblech.<\/li>\n<li>Zuverl\u00e4ssige Gew\u00e4hrleisung des Fu\u00dfschutzes durch serienm\u00e4\u00dfigen CE-Stop.<\/li>\n<li>Optimaler Korrosionsschutz der Plattformen durch spezielle Grundierung und robusten Decklack. Bodenlager und Scherenelemente sind kataphorese- und pulverbeschichtet.<\/li>\n<li>\u00dcber- und R\u00fcckrollsicherungen an den Enden der Fahrschienen sch\u00fctzen das Fahrzeug sicher gegen Herabrollen.<\/li>\n<li>Die Gelenkbolzen der Hebeb\u00fchne sind mit selbstschmierenden Lagern ausgestattet.<\/li>\n<li>Das Bedienpult besitzt ein werkseitig vormontiertes, mit der Hebeb\u00fchne verbundenes Hydraulikaggregat und tr\u00e4gt damit ma\u00dfgeblich zu einem geringen Installationsaufwand bei. Die Platzierung ist links oder rechts m\u00f6glich.<\/li>\n<li>Dokumente oder auch Tablet-Computer finden ihren Platz auf der integrierten Ablagefl\u00e4che. Auch als Schreibunterlage perfekt geeignet.<\/li>\n<li>Stabile Drucktasten sorgen f\u00fcr eine sichere Bedienung der Hebeb\u00fchne.<\/li>\n<\/ul>\n<ul>\n<li>Es besteht die M\u00f6glichkeit, zwei Hebeb\u00fchnen miteinander zu koppeln, um diese synchron zu schalten. So k\u00f6nnen alle Fahrschienen immer auf einer H\u00f6he oder einzeln gefahren und zwei unabh\u00e4ngige Arbeitspl\u00e4tze gestaltet werden.<\/li>\n<li>Pneumatisch bet\u00e4tigbare, mechanische Sicherheitsklinken mit Mehrfachverzahnung garantieren eine maximale Sicherheit f\u00fcr Fahrzeug und Anwender im angehobenen Zustand.<\/li>\n<\/ul>\n","protected":false},"excerpt":{"rendered":"<p>9 t, elektrohydraulisch, Plattforml\u00e4nge 6000 mm, Unterflur<\/p>\n","protected":false},"featured_media":354172,"template":"","meta":[],"product_cat":[1033756],"product_tag":[1034161,1034178,1034195],"product_approvals":[],"product_application":[],"class_list":{"0":"post-381943","1":"product","2":"type-product","3":"status-publish","4":"has-post-thumbnail","6":"product_cat-scheren-hebebuhnen-de","7":"product_tag-passenger-cars-de","8":"product_tag-light-commercial-de","9":"product_tag-motor-homes-de","11":"first","12":"instock","13":"shipping-taxable","14":"product-type-simple"},"approvals":[],"application":[],"brb_media_brochure":[{"id":354173,"url":"https:\/\/dev.codekraft.it\/rotary-2024\/wp-content\/uploads\/brb_media\/00495728_scissor-lift-s90-s130-br-130387-de-2022-05-screen.pdf","title":"Scissor Lift S90 S130 BR 130387 de 2022 05 screen","thumbnail":"https:\/\/dev.codekraft.it\/rotary-2024\/wp-content\/uploads\/brb_media\/00495728_scissor-lift-s90-s130-br-130387-de-2022-05-screen-pdf-106x150.png","description":""},{"id":354174,"url":"https:\/\/dev.codekraft.it\/rotary-2024\/wp-content\/uploads\/brb_media\/00495729_scissor-lift-s90-s130-br-130388-en-2022-05-screen.pdf","title":"Scissor Lift S90 S130 BR 130388 en 2022 05 screen","thumbnail":"https:\/\/dev.codekraft.it\/rotary-2024\/wp-content\/uploads\/brb_media\/00495729_scissor-lift-s90-s130-br-130388-en-2022-05-screen-pdf-106x150.png","description":""},{"id":354175,"url":"https:\/\/dev.codekraft.it\/rotary-2024\/wp-content\/uploads\/brb_media\/00495730_scissor-lift-s90-s130-br-130389-fr-2022-04-screen.pdf","title":"Scissor Lift S90 S130 BR 130389 fr 2022 04 screen","thumbnail":"https:\/\/dev.codekraft.it\/rotary-2024\/wp-content\/uploads\/brb_media\/00495730_scissor-lift-s90-s130-br-130389-fr-2022-04-screen-pdf-106x150.png","description":""},{"id":354176,"url":"https:\/\/dev.codekraft.it\/rotary-2024\/wp-content\/uploads\/brb_media\/00495731_scissor-lift-s90-s130-br-130390-it-2022-04-screen.pdf","title":"Scissor Lift S90 S130 BR 130390 it 2022 04 screen","thumbnail":"https:\/\/dev.codekraft.it\/rotary-2024\/wp-content\/uploads\/brb_media\/00495731_scissor-lift-s90-s130-br-130390-it-2022-04-screen-pdf-106x150.png","description":""},{"id":354177,"url":"https:\/\/dev.codekraft.it\/rotary-2024\/wp-content\/uploads\/brb_media\/00495732_scissor-lift-s90-s130-br-130391-es-2022-04-screen.pdf","title":"Scissor Lift S90 S130 BR 130391 es 2022 04 screen","thumbnail":"https:\/\/dev.codekraft.it\/rotary-2024\/wp-content\/uploads\/brb_media\/00495732_scissor-lift-s90-s130-br-130391-es-2022-04-screen-pdf-106x150.png","description":""},{"id":354178,"url":"https:\/\/dev.codekraft.it\/rotary-2024\/wp-content\/uploads\/brb_media\/00495733_scissor-lift-s90-s130-br-130392-ru-2022-04-screen.pdf","title":"Scissor Lift S90 S130 BR 130392 ru 2022 04 screen","thumbnail":"https:\/\/dev.codekraft.it\/rotary-2024\/wp-content\/uploads\/brb_media\/00495733_scissor-lift-s90-s130-br-130392-ru-2022-04-screen-pdf-106x150.png","description":""}],"brb_media_drawing":[{"id":354224,"url":"https:\/\/dev.codekraft.it\/rotary-2024\/wp-content\/uploads\/brb_media\/00495734_scissor-lift-s90-60i-td-ds.pdf","title":"Scissor Lift S90 60I TD DS","thumbnail":"https:\/\/dev.codekraft.it\/rotary-2024\/wp-content\/uploads\/brb_media\/00495734_scissor-lift-s90-60i-td-ds-pdf-150x106.png","description":""}],"brb_media_manuals":"","brb_media_safety_datasheets":"","brb_media_spare_parts":[],"_cdmm_p_id":"499626","_company":"Elektron","_gtin":"4057612874860","accessories":[{"id":381883,"cdmm_p_id":"499619","name":"Achsfreiheber J50PHT","description":"5 t, 392 mm Hub, lufthydraulisch, Teleskopstempelheber, rollengelagert in der Fahrbahn, Luftversorgung bauseits","thumbnail":"https:\/\/dev.codekraft.it\/rotary-2024\/wp-content\/uploads\/brb_media\/00511153_jacking-beam-j50pht-mi-150x150.png","url":"https:\/\/dev.codekraft.it\/rotary-2024\/produkte\/hebebuhnen-de\/achsfreiheber-de\/achsfreiheber-j50pht\/"},{"id":381303,"cdmm_p_id":"497509","name":"Auffahrrampen-Kit \u00dcberflur | 2950 mm | lackiert","description":"2950 mm, lackierte Ausf\u00fchrung, zum Verd\u00fcbeln auf dem Boden (Befestigungsmaterial exklusive) | inkl. Abdeckbleche f\u00fcr Hydraulikschl\u00e4uche | 1 Satz \/ 2 St\u00fcck","thumbnail":"https:\/\/dev.codekraft.it\/rotary-2024\/wp-content\/uploads\/brb_media\/00506537_s601a4-150x150.png","url":"https:\/\/dev.codekraft.it\/rotary-2024\/produkte\/zubehor-hebebuhnen-de\/zubehor-scheren-hebebuhnen-de\/auffahrrampen-kit-uberflur-2950-mm-lackiert\/"},{"id":381309,"cdmm_p_id":"497510","name":"Auffahrrampen-Kit \u00dcberflur | 3700 mm | lackiert","description":"3700 mm, lackierte Ausf\u00fchrung, zum Verd\u00fcbeln auf dem Boden (Befestigungsmaterial exklusive) | inkl. Abdeckbleche f\u00fcr Hydraulikschl\u00e4uche | 1 Satz \/ 2 St\u00fcck","thumbnail":"https:\/\/dev.codekraft.it\/rotary-2024\/wp-content\/uploads\/brb_media\/00506537_s601a4-150x150.png","url":"https:\/\/dev.codekraft.it\/rotary-2024\/produkte\/zubehor-hebebuhnen-de\/zubehor-scheren-hebebuhnen-de\/auffahrrampen-kit-uberflur-3700-mm-lackiert\/"},{"id":381895,"cdmm_p_id":"499620","name":"\u00dcberfahrrampen-Kit 2510 mm | lackiert","description":"2510 mm, lackierte Ausf\u00fchrung, zum Verd\u00fcbeln auf dem Boden (Befestigungsmaterial exklusive) | 1 Satz \/ 2 St\u00fcck","thumbnail":"https:\/\/dev.codekraft.it\/rotary-2024\/wp-content\/uploads\/brb_media\/00506537_s601a4-150x150.png","url":"https:\/\/dev.codekraft.it\/rotary-2024\/produkte\/zubehor-hebebuhnen-de\/zubehor-scheren-hebebuhnen-de\/uberfahrrampen-kit-2510-mm-lackiert\/"},{"id":381908,"cdmm_p_id":"499621","name":"\u00dcberfahrrampen-Kit 3300 mm | lackiert","description":"3300 mm, lackierte Ausf\u00fchrung, zum Verd\u00fcbeln auf dem Boden (Befestigungsmaterial exklusive) | 1 Satz \/ 2 St\u00fcck","thumbnail":"https:\/\/dev.codekraft.it\/rotary-2024\/wp-content\/uploads\/brb_media\/00506537_s601a4-150x150.png","url":"https:\/\/dev.codekraft.it\/rotary-2024\/produkte\/zubehor-hebebuhnen-de\/zubehor-scheren-hebebuhnen-de\/uberfahrrampen-kit-3300-mm-lackiert\/"},{"id":381919,"cdmm_p_id":"499624","name":"Gleichlaufsteuerung Twin | f\u00fcr S90\/S130","description":"2 Hebeb\u00fchnen synchronisiert oder einzeln fahrbar | inkl. 2 separate V2A Bedienk\u00e4sten mit Bedienelementen und Kabel mit Stecker","thumbnail":"https:\/\/dev.codekraft.it\/rotary-2024\/wp-content\/uploads\/brb_media\/00495727_scissor-lift-exalift-hdvl-twin-operating-unit-washing-hall-di-150x150.png","url":"https:\/\/dev.codekraft.it\/rotary-2024\/produkte\/zubehor-hebebuhnen-de\/zubehor-scheren-hebebuhnen-de\/gleichlaufsteuerung-twin-fur-s90-s130\/"},{"id":381931,"cdmm_p_id":"499625","name":"Energie-Kit f\u00fcr Scherenhebeb\u00fchnen","description":"Kasten mit 1x 230-V-Steckdose und 1x Druckluftanschluss, IP54","thumbnail":"","url":"https:\/\/dev.codekraft.it\/rotary-2024\/produkte\/zubehor-hebebuhnen-de\/zubehor-scheren-hebebuhnen-de\/energie-kit-fur-scherenhebebuhnen\/"}],"components":[],"related":[],"similar":[],"page_logo_src":"https:\/\/dev.codekraft.it\/rotary-2024\/wp-content\/uploads\/2024\/05\/cropped-rotary-logo-2022.png","lang":"de","translations":{"de":381943,"en":381941,"fr":381946,"it":381947,"es":381949,"ru":381951},"pll_sync_post":[],"_links":{"self":[{"href":"https:\/\/dev.codekraft.it\/rotary-2024\/wp-json\/wp\/v2\/product\/381943","targetHints":{"allow":["GET"]}}],"collection":[{"href":"https:\/\/dev.codekraft.it\/rotary-2024\/wp-json\/wp\/v2\/product"}],"about":[{"href":"https:\/\/dev.codekraft.it\/rotary-2024\/wp-json\/wp\/v2\/types\/product"}],"wp:featuredmedia":[{"embeddable":true,"href":"https:\/\/dev.codekraft.it\/rotary-2024\/wp-json\/wp\/v2\/media\/354172"}],"wp:attachment":[{"href":"https:\/\/dev.codekraft.it\/rotary-2024\/wp-json\/wp\/v2\/media?parent=381943"}],"wp:term":[{"taxonomy":"product_cat","embeddable":true,"href":"https:\/\/dev.codekraft.it\/rotary-2024\/wp-json\/wp\/v2\/product_cat?post=381943"},{"taxonomy":"product_tag","embeddable":true,"href":"https:\/\/dev.codekraft.it\/rotary-2024\/wp-json\/wp\/v2\/product_tag?post=381943"},{"taxonomy":"product_approvals","embeddable":true,"href":"https:\/\/dev.codekraft.it\/rotary-2024\/wp-json\/wp\/v2\/product_approvals?post=381943"},{"taxonomy":"product_application","embeddable":true,"href":"https:\/\/dev.codekraft.it\/rotary-2024\/wp-json\/wp\/v2\/product_application?post=381943"}],"curies":[{"name":"wp","href":"https:\/\/api.w.org\/{rel}","templated":true}]}}