{"id":381889,"date":"2025-12-11T10:11:26","date_gmt":"2025-12-11T10:11:26","guid":{"rendered":"https:\/\/dev.codekraft.it\/rotary-2024\/products\/uncategorized\/elevador-para-liberar-ejes-j50pht\/"},"modified":"2025-12-11T10:11:26","modified_gmt":"2025-12-11T10:11:26","slug":"elevador-para-liberar-ejes-j50pht","status":"publish","type":"product","link":"https:\/\/dev.codekraft.it\/rotary-2024\/es\/productos\/elevadores-es\/gatos-traviesas-es\/elevador-para-liberar-ejes-j50pht\/","title":{"rendered":"Elevador para liberar ejes J50PHT"},"content":{"rendered":"<ul>\n<li>Grande altura de elevaci\u00f3n<\/li>\n<li>Montable s\u00f3lo en los elevadores da tijera para vehiculos industriales<\/li>\n<\/ul>\n","protected":false},"excerpt":{"rendered":"<p>5 t, 392 mm carrera, neumohidr\u00e1ulico, gato de pist\u00f3n telesc\u00f3pico, rodamientos de rodillos en la v\u00eda, suministro de aire en el lugar de instalaci\u00f3n<\/p>\n","protected":false},"featured_media":354188,"template":"","meta":[],"product_cat":[1033888],"product_tag":[1034169,1034186],"product_approvals":[],"product_application":[],"class_list":{"0":"post-381889","1":"product","2":"type-product","3":"status-publish","4":"has-post-thumbnail","6":"product_cat-gatos-traviesas-es","7":"product_tag-passenger-cars-es","8":"product_tag-light-commercial-es","10":"first","11":"instock","12":"shipping-taxable","13":"product-type-simple"},"approvals":[],"application":[],"brb_media_brochure":[{"id":354189,"url":"https:\/\/dev.codekraft.it\/rotary-2024\/wp-content\/uploads\/brb_media\/00521416_jacking-beams-catalogue-br-multi-2023-09-screen.pdf","title":"Jacking beams catalogue BR multi 2023 09 screen","thumbnail":"https:\/\/dev.codekraft.it\/rotary-2024\/wp-content\/uploads\/brb_media\/00521416_jacking-beams-catalogue-br-multi-2023-09-screen-pdf-106x150.png","description":""}],"brb_media_drawing":[{"id":354191,"url":"https:\/\/dev.codekraft.it\/rotary-2024\/wp-content\/uploads\/brb_media\/00510429_jacking-beam-j50pht-td-043107051-it-2023-01.pdf","title":"Jacking beam J50PHT TD 043107051 it 2023 01","thumbnail":"https:\/\/dev.codekraft.it\/rotary-2024\/wp-content\/uploads\/brb_media\/00510429_jacking-beam-j50pht-td-043107051-it-2023-01-pdf-107x150.png","description":""}],"brb_media_manuals":[{"id":354190,"url":"https:\/\/dev.codekraft.it\/rotary-2024\/wp-content\/uploads\/brb_media\/00510426_jacking-beams-j50he-phe-ht-pht-ha-pha-im-0431-m001-2-rev6-multi-2023-06.pdf","title":"Jacking beams J50HE PHE HT PHT HA PHA IM 0431 M001 2 rev6 multi 2023 06","thumbnail":"https:\/\/dev.codekraft.it\/rotary-2024\/wp-content\/uploads\/brb_media\/00510426_jacking-beams-j50he-phe-ht-pht-ha-pha-im-0431-m001-2-rev6-multi-2023-06-pdf-106x150.png","description":""}],"brb_media_safety_datasheets":"","brb_media_spare_parts":[],"_cdmm_p_id":"499619","_company":"VSG","_gtin":"5063084902238","accessories":[],"components":[],"related":[],"similar":[],"page_logo_src":"https:\/\/dev.codekraft.it\/rotary-2024\/wp-content\/uploads\/2024\/05\/cropped-rotary-logo-2022.png","lang":"es","translations":{"es":381889,"en":381879,"de":381883,"fr":381885,"it":381888,"ru":381891},"pll_sync_post":[],"_links":{"self":[{"href":"https:\/\/dev.codekraft.it\/rotary-2024\/wp-json\/wp\/v2\/product\/381889","targetHints":{"allow":["GET"]}}],"collection":[{"href":"https:\/\/dev.codekraft.it\/rotary-2024\/wp-json\/wp\/v2\/product"}],"about":[{"href":"https:\/\/dev.codekraft.it\/rotary-2024\/wp-json\/wp\/v2\/types\/product"}],"wp:featuredmedia":[{"embeddable":true,"href":"https:\/\/dev.codekraft.it\/rotary-2024\/wp-json\/wp\/v2\/media\/354188"}],"wp:attachment":[{"href":"https:\/\/dev.codekraft.it\/rotary-2024\/wp-json\/wp\/v2\/media?parent=381889"}],"wp:term":[{"taxonomy":"product_cat","embeddable":true,"href":"https:\/\/dev.codekraft.it\/rotary-2024\/wp-json\/wp\/v2\/product_cat?post=381889"},{"taxonomy":"product_tag","embeddable":true,"href":"https:\/\/dev.codekraft.it\/rotary-2024\/wp-json\/wp\/v2\/product_tag?post=381889"},{"taxonomy":"product_approvals","embeddable":true,"href":"https:\/\/dev.codekraft.it\/rotary-2024\/wp-json\/wp\/v2\/product_approvals?post=381889"},{"taxonomy":"product_application","embeddable":true,"href":"https:\/\/dev.codekraft.it\/rotary-2024\/wp-json\/wp\/v2\/product_application?post=381889"}],"curies":[{"name":"wp","href":"https:\/\/api.w.org\/{rel}","templated":true}]}}