{"id":381869,"date":"2025-12-11T10:04:35","date_gmt":"2025-12-11T10:04:35","guid":{"rendered":"https:\/\/dev.codekraft.it\/rotary-2024\/products\/uncategorized\/2-saulen-hebebuhne-sgl35m-230-v-1-ph-50-60-hz\/"},"modified":"2025-12-11T10:04:35","modified_gmt":"2025-12-11T10:04:35","slug":"2-saulen-hebebuhne-sgl35m-230-v-1-ph-50-60-hz","status":"publish","type":"product","link":"https:\/\/dev.codekraft.it\/rotary-2024\/produkte\/hebebuhnen-de\/2-saulen-hebebuhnen-de\/2-saulen-hebebuhne-sgl35m-230-v-1-ph-50-60-hz\/","title":{"rendered":"2-S\u00e4ulen-Hebeb\u00fchne SGL35M 230 V &#8211; 1 Ph &#8211; 50-60 Hz"},"content":{"rendered":"<p>DIE SGL35M IST DIE HOCHEFFEKTIVE HYDRAULISCHE 2-S\u00c4ULEN-HEBEB\u00dcHNE<\/p>\n<p>Mit der Br\u00fccken-\/Portal-Konstruktion und den kompakten Abmessungen spart sie Platz in der Werkstatt und ist zugleich optimal f\u00fcr Bereiche mit niedrigen Deckenh\u00f6hen. Die manuelle Absenkung gew\u00e4hrleistet maximale Genauigkeit f\u00fcr den t\u00e4glichen Betrieb. Die symmetrischen 3-stufigen Arme und die Tragf\u00e4higkeit von 3,5 t erm\u00f6glichen das Heben einer Vielzahl unterschiedlicher Fahrzeuge (von Kleinstwagen bis zu Limousinen mit langem Radstand).<\/p>\n<ul>\n<li>Maximale Sicherheit: automatische Tragarmarretierung<\/li>\n<li>Niedrige H\u00f6he: optimale Nutzung bei niedrigen Deckenh\u00f6hen<\/li>\n<\/ul>\n<ul>\n<li>Mindestdeckenh\u00f6he: 3200 mm<\/li>\n<li>Schnellpassung und Teleskopauflagen gew\u00e4hrleisten\u00a0eine pr\u00e4zise H\u00f6heneinstellung.<\/li>\n<li>Die elektrohydraulische Ausf\u00fchrung mit nur einem Antriebsaggregat sorgt f\u00fcr einen energiesparenden Betrieb, einen niedrigen Ger\u00e4uschpegel und effektives Arbeiten.<\/li>\n<li>Die stabilen Arme werden w\u00e4hrend des Hebevorgangs automatisch arretiert. Wenn die Plattform vollst\u00e4ndig abgesenkt ist, wird der Arretiermechanismus automatisch entriegelt. Der besonders pr\u00e4zise Arretiermechanismus und eine manuelle Entriegelungsfunktion sorgen f\u00fcr einen hohen Bedienungskomfort.<\/li>\n<li>Durch die Br\u00fcckenkonstruktion ist die Hebeb\u00fchne ideal geeignet f\u00fcr Werkst\u00e4tten mit niedrigen Deckenh\u00f6hen.<\/li>\n<\/ul>\n<ul>\n<li>Die manuelle Bedienung gew\u00e4hrleistet ein Absenken mit maximaler Arbeitsgenauigkeit<\/li>\n<li>Bodengef\u00fchrte, hochwertige Synchronisierungsseilz\u00fcge gew\u00e4hrleisten die Synchronisierung der Tragarme<\/li>\n<li>Einfache Wartung<\/li>\n<li>Die beidseitig integrierten automatischen mechanischen Sicherheitsverriegelungen arretieren den Hubwagen im Notfall und gew\u00e4hrleisten so maximale Sicherheit am Arbeitsplatz.<\/li>\n<li>Die elektrohydraulische Ausf\u00fchrung gew\u00e4hrleistet einen leisen und effektiven Betrieb.<\/li>\n<li>Jede Hubs\u00e4ule enth\u00e4lt einen hochwertigen, wartungsfreien Hochdruckzylinder und eine Kette.<\/li>\n<\/ul>\n","protected":false},"excerpt":{"rendered":"<p>3,5 t, elektrohydraulisch, symmetrisch | 1 x 230 V \/ 50 &#8211; 60 Hz<\/p>\n","protected":false},"featured_media":354096,"template":"","meta":[],"product_cat":[1033360],"product_tag":[1034161,1034178],"product_approvals":[],"product_application":[],"class_list":{"0":"post-381869","1":"product","2":"type-product","3":"status-publish","4":"has-post-thumbnail","6":"product_cat-2-saulen-hebebuhnen-de","7":"product_tag-passenger-cars-de","8":"product_tag-light-commercial-de","10":"first","11":"instock","12":"shipping-taxable","13":"product-type-simple"},"approvals":[],"application":[],"brb_media_brochure":[{"id":354097,"url":"https:\/\/dev.codekraft.it\/rotary-2024\/wp-content\/uploads\/brb_media\/00495671_2-post-lift-sgl35m-br-131254-de-2022-09-screen.pdf","title":"2 Post Lift SGL35M BR 131254 de 2022 09 screen","thumbnail":"https:\/\/dev.codekraft.it\/rotary-2024\/wp-content\/uploads\/brb_media\/00495671_2-post-lift-sgl35m-br-131254-de-2022-09-screen-pdf-106x150.png","description":""},{"id":354098,"url":"https:\/\/dev.codekraft.it\/rotary-2024\/wp-content\/uploads\/brb_media\/00495672_2-post-lift-sgl35m-br-131256-en-2022-09-screen.pdf","title":"2 Post Lift SGL35M BR 131256 en 2022 09 screen","thumbnail":"https:\/\/dev.codekraft.it\/rotary-2024\/wp-content\/uploads\/brb_media\/00495672_2-post-lift-sgl35m-br-131256-en-2022-09-screen-pdf-106x150.png","description":""},{"id":354099,"url":"https:\/\/dev.codekraft.it\/rotary-2024\/wp-content\/uploads\/brb_media\/00495673_2-post-lift-sgl35m-br-131257-fr-2022-09-screen.pdf","title":"2 Post Lift SGL35M BR 131257 fr 2022 09 screen","thumbnail":"https:\/\/dev.codekraft.it\/rotary-2024\/wp-content\/uploads\/brb_media\/00495673_2-post-lift-sgl35m-br-131257-fr-2022-09-screen-pdf-106x150.png","description":""},{"id":354100,"url":"https:\/\/dev.codekraft.it\/rotary-2024\/wp-content\/uploads\/brb_media\/00495674_2-post-lift-sgl35m-br-131258-it-2022-09-screen.pdf","title":"2 Post Lift SGL35M BR 131258 it 2022 09 screen","thumbnail":"https:\/\/dev.codekraft.it\/rotary-2024\/wp-content\/uploads\/brb_media\/00495674_2-post-lift-sgl35m-br-131258-it-2022-09-screen-pdf-106x150.png","description":""},{"id":354101,"url":"https:\/\/dev.codekraft.it\/rotary-2024\/wp-content\/uploads\/brb_media\/00495675_2-post-lift-sgl35m-br-131260-es-2022-09-screen.pdf","title":"2 Post Lift SGL35M BR 131260 es 2022 09 screen","thumbnail":"https:\/\/dev.codekraft.it\/rotary-2024\/wp-content\/uploads\/brb_media\/00495675_2-post-lift-sgl35m-br-131260-es-2022-09-screen-pdf-106x150.png","description":""},{"id":354102,"url":"https:\/\/dev.codekraft.it\/rotary-2024\/wp-content\/uploads\/brb_media\/00495676_2-post-lift-sgl35m-br-131261-ru-2022-09-screen.pdf","title":"2 Post Lift SGL35M BR 131261 ru 2022 09 screen","thumbnail":"https:\/\/dev.codekraft.it\/rotary-2024\/wp-content\/uploads\/brb_media\/00495676_2-post-lift-sgl35m-br-131261-ru-2022-09-screen-pdf-106x150.png","description":""}],"brb_media_drawing":"","brb_media_manuals":[{"id":381843,"url":"https:\/\/dev.codekraft.it\/rotary-2024\/wp-content\/uploads\/brb_media\/00548773_2-post-lift-sgl35m-im-en-2024-01.pdf","title":"2 post lift SGL35M IM en 2024 01","thumbnail":"https:\/\/dev.codekraft.it\/rotary-2024\/wp-content\/uploads\/brb_media\/00548773_2-post-lift-sgl35m-im-en-2024-01-pdf-106x150.png","description":""}],"brb_media_safety_datasheets":"","brb_media_spare_parts":[],"_cdmm_p_id":"499604","_company":"Elektron","_gtin":"4057612870305","accessories":[{"id":381087,"cdmm_p_id":"497214","name":"Aufnahmeadapter","description":"Tragteller, Gummiauflage, rund | \u00d8 80 mm | 1 Satz \/ 4 St\u00fcck","thumbnail":"https:\/\/dev.codekraft.it\/rotary-2024\/wp-content\/uploads\/brb_media\/00535980_2-post-lift-fj6216c-mi-150x150.png","url":"https:\/\/dev.codekraft.it\/rotary-2024\/produkte\/zubehor-hebebuhnen-de\/lastaufnahmemittel-de\/aufnahmeadapter-7\/"},{"id":381857,"cdmm_p_id":"499602","name":"Grundplatten","description":"F\u00fcr 2-S\u00e4ulen-Hebeb\u00fchnen SGL35 | Grau (RAL 7040) | 1 Satz \/ 2 St\u00fcck","thumbnail":"","url":"https:\/\/dev.codekraft.it\/rotary-2024\/produkte\/zubehor-hebebuhnen-de\/zubehor-2-saulen-hebebuhnen-de\/grundplatten\/"},{"id":378447,"cdmm_p_id":"40650","name":"Adapterverl\u00e4ngerungen f\u00fcr elektrohydraulische Hebeb\u00fchnen","description":"4 x 89 mm, 4 x 127 mm, inkl. 2 Halterungen zur Montage an den S\u00e4ulen | 1 Satz \/ 8 St\u00fcck","thumbnail":"https:\/\/dev.codekraft.it\/rotary-2024\/wp-content\/uploads\/brb_media\/00495751_2-post-lift-spoa3ts-ev-adapter-extension-89-127-di-150x150.png","url":"https:\/\/dev.codekraft.it\/rotary-2024\/produkte\/zubehor-hebebuhnen-de\/zubehor-2-saulen-hebebuhnen-de\/adapterverlangerungen-fur-elektrohydraulische-hebebuhnen\/"},{"id":383983,"cdmm_p_id":"502815","name":"Werkzeug-Ablageschalen","description":"Magnetisch | 1 Satz \/ 2 St\u00fcck","thumbnail":"https:\/\/dev.codekraft.it\/rotary-2024\/wp-content\/uploads\/brb_media\/00509504_2-post-lift-vsg2call902641-mi-150x150.png","url":"https:\/\/dev.codekraft.it\/rotary-2024\/produkte\/zubehor-hebebuhnen-de\/zubehor-2-saulen-hebebuhnen-de\/werkzeug-ablageschalen\/"},{"id":382527,"cdmm_p_id":"500905","name":"Aufnahmeadapter","description":"Tragteller, Gummiauflage, rechteckig | f\u00fcr Tesla | 1 Satz \/ 4 St\u00fcck","thumbnail":"https:\/\/dev.codekraft.it\/rotary-2024\/wp-content\/uploads\/brb_media\/00505100_2-post-lift-vsg2call901538-mi-150x150.png","url":"https:\/\/dev.codekraft.it\/rotary-2024\/produkte\/zubehor-hebebuhnen-de\/lastaufnahmemittel-de\/aufnahmeadapter-8\/"},{"id":382533,"cdmm_p_id":"500906","name":"Aufnahmeadapter","description":"Tragteller, Zentrierpilz | f\u00fcr Fiat 500E, 500 ABARTH | 2-stufig | 1 Satz \/ 4 St\u00fcck","thumbnail":"https:\/\/dev.codekraft.it\/rotary-2024\/wp-content\/uploads\/brb_media\/00505105_2-post-lift-vsg2call902023-mi-150x150.png","url":"https:\/\/dev.codekraft.it\/rotary-2024\/produkte\/zubehor-hebebuhnen-de\/lastaufnahmemittel-de\/aufnahmeadapter-9\/"},{"id":382539,"cdmm_p_id":"500907","name":"Aufnahmeadapter","description":"Prisma | f\u00fcr VW-MEB-Plattform-E-Fahrzeuge | 1 Satz \/ 4 St\u00fcck","thumbnail":"https:\/\/dev.codekraft.it\/rotary-2024\/wp-content\/uploads\/brb_media\/00509505_2-post-lift-vsg2call902146-mi-150x150.png","url":"https:\/\/dev.codekraft.it\/rotary-2024\/produkte\/zubehor-hebebuhnen-de\/lastaufnahmemittel-de\/aufnahmeadapter-10\/"},{"id":382563,"cdmm_p_id":"500912","name":"Aufnahmeadapter","description":"Tragteller, U-Aufnahme | 1 Satz \/ 4 St\u00fcck","thumbnail":"https:\/\/dev.codekraft.it\/rotary-2024\/wp-content\/uploads\/brb_media\/00505104_2-post-lift-vsg2call901330-mi-150x150.png","url":"https:\/\/dev.codekraft.it\/rotary-2024\/produkte\/zubehor-hebebuhnen-de\/lastaufnahmemittel-de\/aufnahmeadapter-11\/"},{"id":384183,"cdmm_p_id":"503070","name":"Aufnahmeadapter","description":"Prisma | f\u00fcr Mercedes G-Klasse - vorn und hinten | 1 Satz \/ 4 St\u00fcck","thumbnail":"https:\/\/dev.codekraft.it\/rotary-2024\/wp-content\/uploads\/brb_media\/00511001_2-post-lift-vsg2call901859-mi-150x150.png","url":"https:\/\/dev.codekraft.it\/rotary-2024\/produkte\/zubehor-hebebuhnen-de\/lastaufnahmemittel-de\/aufnahmeadapter-14\/"},{"id":384177,"cdmm_p_id":"503068","name":"Aufnahmeadapter","description":"Dorn | f\u00fcr Fiat Ducato, Peugeot Boxer, Citro\u00ebn Jumper - vorn und hinten | 1 Satz \/ 4 St\u00fcck","thumbnail":"https:\/\/dev.codekraft.it\/rotary-2024\/wp-content\/uploads\/brb_media\/00510999_2-post-lift-vsg2call901606-mi-150x150.png","url":"https:\/\/dev.codekraft.it\/rotary-2024\/produkte\/zubehor-hebebuhnen-de\/lastaufnahmemittel-de\/aufnahmeadapter-13\/"},{"id":384171,"cdmm_p_id":"503067","name":"Aufnahmeadapter","description":"Prisma, Dorn | f\u00fcr Mercedes Sprinter, VW Crafter | 1 Satz \/ 6 St\u00fcck","thumbnail":"https:\/\/dev.codekraft.it\/rotary-2024\/wp-content\/uploads\/brb_media\/00511000_2-post-lift-vsg2call901712-mi-150x150.png","url":"https:\/\/dev.codekraft.it\/rotary-2024\/produkte\/zubehor-hebebuhnen-de\/lastaufnahmemittel-de\/aufnahmeadapter-12\/"},{"id":382557,"cdmm_p_id":"500910","name":"Adapter-Satz","description":"Adapter-Satz f\u00fcr Tragteller zur Rahmenaufnahme \u00d8 120 mm (1 Satz, 2 St.)","thumbnail":"https:\/\/dev.codekraft.it\/rotary-2024\/wp-content\/uploads\/brb_media\/00524050_2-post-lift-fj6353-1-mi-150x150.png","url":"https:\/\/dev.codekraft.it\/rotary-2024\/produkte\/zubehor-hebebuhnen-de\/zubehor-2-saulen-hebebuhnen-de\/adapter-satz\/"},{"id":382551,"cdmm_p_id":"500909","name":"Adapterverl\u00e4ngerungen","description":"4 x 200 mm, inkl. Halterung zur Montage an den S\u00e4ulen | 1 Satz \/ 4 St\u00fcck","thumbnail":"https:\/\/dev.codekraft.it\/rotary-2024\/wp-content\/uploads\/brb_media\/00505099_2-post-lift-vsg2call901248-mi-150x150.png","url":"https:\/\/dev.codekraft.it\/rotary-2024\/produkte\/zubehor-hebebuhnen-de\/zubehor-2-saulen-hebebuhnen-de\/adapterverlangerungen-3\/"},{"id":383971,"cdmm_p_id":"502811","name":"Rampen","description":"Rampenh\u00f6he 60 mm, f\u00fcr extrem niedrige Fahrzeuge | 1 Satz \/ 4 St\u00fcck","thumbnail":"https:\/\/dev.codekraft.it\/rotary-2024\/wp-content\/uploads\/brb_media\/00509501_2-post-lift-vsg2call902818-mi-150x150.png","url":"https:\/\/dev.codekraft.it\/rotary-2024\/produkte\/zubehor-hebebuhnen-de\/zubehor-2-saulen-hebebuhnen-de\/rampen\/"},{"id":383977,"cdmm_p_id":"502814","name":"Achsmessb\u00f6cke","description":"1 Satz \/ 4 St\u00fcck","thumbnail":"https:\/\/dev.codekraft.it\/rotary-2024\/wp-content\/uploads\/brb_media\/00509503_2-post-lift-vsg2call902085-mi-150x150.png","url":"https:\/\/dev.codekraft.it\/rotary-2024\/produkte\/zubehor-hebebuhnen-de\/zubehor-2-saulen-hebebuhnen-de\/achsmessbocke\/"},{"id":384189,"cdmm_p_id":"503071","name":"Werkzeughalterung","description":"Ergonomische Halterung f\u00fcr Druckluftschrauber","thumbnail":"https:\/\/dev.codekraft.it\/rotary-2024\/wp-content\/uploads\/brb_media\/00511003_2-post-lift-vsg2call902511-mi-150x150.png","url":"https:\/\/dev.codekraft.it\/rotary-2024\/produkte\/zubehor-hebebuhnen-de\/zubehor-2-saulen-hebebuhnen-de\/werkzeughalterung\/"}],"components":[],"related":[],"similar":[{"id":381846,"cdmm_p_id":"499601","name":"2-S\u00e4ulen-Hebeb\u00fchne SGL35M 400 V &#8211; 3 Ph &#8211; 50 Hz","description":"3,5 t, elektrohydraulisch, symmetrisch | 3 x 400 V \/ 50 Hz","thumbnail":"https:\/\/dev.codekraft.it\/rotary-2024\/wp-content\/uploads\/brb_media\/00495677_2-post-lift-sgl35m-cover-image-mi-150x150.png","url":"https:\/\/dev.codekraft.it\/rotary-2024\/produkte\/hebebuhnen-de\/2-saulen-hebebuhnen-de\/2-saulen-hebebuhne-sgl35m-400-v-3-ph-50-hz-2\/"}],"lang":"de","translations":{"de":381869,"en":381868,"fr":381872,"it":381873,"es":381875,"ru":381878},"pll_sync_post":[],"_links":{"self":[{"href":"https:\/\/dev.codekraft.it\/rotary-2024\/wp-json\/wp\/v2\/product\/381869","targetHints":{"allow":["GET"]}}],"collection":[{"href":"https:\/\/dev.codekraft.it\/rotary-2024\/wp-json\/wp\/v2\/product"}],"about":[{"href":"https:\/\/dev.codekraft.it\/rotary-2024\/wp-json\/wp\/v2\/types\/product"}],"wp:featuredmedia":[{"embeddable":true,"href":"https:\/\/dev.codekraft.it\/rotary-2024\/wp-json\/wp\/v2\/media\/354096"}],"wp:attachment":[{"href":"https:\/\/dev.codekraft.it\/rotary-2024\/wp-json\/wp\/v2\/media?parent=381869"}],"wp:term":[{"taxonomy":"product_cat","embeddable":true,"href":"https:\/\/dev.codekraft.it\/rotary-2024\/wp-json\/wp\/v2\/product_cat?post=381869"},{"taxonomy":"product_tag","embeddable":true,"href":"https:\/\/dev.codekraft.it\/rotary-2024\/wp-json\/wp\/v2\/product_tag?post=381869"},{"taxonomy":"product_approvals","embeddable":true,"href":"https:\/\/dev.codekraft.it\/rotary-2024\/wp-json\/wp\/v2\/product_approvals?post=381869"},{"taxonomy":"product_application","embeddable":true,"href":"https:\/\/dev.codekraft.it\/rotary-2024\/wp-json\/wp\/v2\/product_application?post=381869"}],"curies":[{"name":"wp","href":"https:\/\/api.w.org\/{rel}","templated":true}]}}